{"id":1720,"date":"2020-02-11T09:10:43","date_gmt":"2020-02-11T08:10:43","guid":{"rendered":"http:\/\/agora.xtec.cat\/insrosetamauri\/?page_id=1720"},"modified":"2021-06-17T12:18:16","modified_gmt":"2021-06-17T10:18:16","slug":"graduat-en-educacio-secundaria-obligatoria-alumnes-que-no-lhan-obtingut-en-finalitzar-letapa","status":"publish","type":"page","link":"https:\/\/agora.xtec.cat\/insrosetamauri\/secretaria-2\/graduat-en-educacio-secundaria-obligatoria-alumnes-que-no-lhan-obtingut-en-finalitzar-letapa\/","title":{"rendered":"Graduat en Educaci\u00f3 Secund\u00e0ria Obligat\u00f2ria (alumnes que no l\u2019han obtingut en finalitzar l\u2019etapa)"},"content":{"rendered":"<div class=\"gs\">\n<div class=\"\">\n<div id=\":12h\" class=\"ii gt\">\n<div id=\":12g\" class=\"a3s aXjCH \">\n<div dir=\"ltr\">\n<div>\n<div class=\"gmail_quote\">\n<div dir=\"ltr\">\n<div>\n<div>\n<h6><span style=\"font-size: large;\">Inscripci\u00f3 i realitzaci\u00f3 de la prova<\/span><\/h6>\n<\/div>\n<div id=\"m_-1768216274878785883m_-9222458298990406956gmail-bloc2\">\n<div>\n<div>\n<p>La\u00a0<b>sol\u00b7licitud<\/b>\u00a0per fer les proves s\u2019ha de presentar durant el curs 2019-20 del 3 al 14\u00a0<b>de febrer<\/b>\u00a0a la secretaria del centre on la persona sol\u00b7licitant va estar matriculada de quart d\u2019ESO per \u00faltima vegada.<\/p>\n<p>El centre publica el\u00a0<b>calendari de les proves<\/b>\u00a0i les\u00a0<b>llistes<\/b>\u00a0de persones admeses i excloses entre el 17 i el 21 de febrer. Del 24 al 26 de febrer, els aspirants exclosos poden presentar una\u00a0<b>reclamaci\u00f3<\/b>\u00a0davant la direcci\u00f3 del centre.<\/p>\n<p>El\u00a0<b>dia de la prova<\/b>\u00a0al mes de mar\u00e7, els alumnes han de portar l\u2019original del DNI, targeta de resid\u00e8ncia, passaport o qualsevol altre document identificatiu oficial en vigor. El temps m\u00ednim per fer-la \u00e9s de 60 minuts per a cada mat\u00e8ria. Es poden portar diccionaris i\/o calculadora.<\/p>\n<p>Link d&#8217; ensenyament \u00a0\u00a0<a href=\"http:\/\/educacio.gencat.cat\/portal\/page\/portal\/Educacio\/PCentrePrivat\/PCPInici\/PCPGestioAcademica\/PCPProvesAnualsESO\" target=\"_blank\" rel=\"noopener noreferrer\" data-saferedirecturl=\"https:\/\/www.google.com\/url?q=http:\/\/educacio.gencat.cat\/portal\/page\/portal\/Educacio\/PCentrePrivat\/PCPInici\/PCPGestioAcademica\/PCPProvesAnualsESO&amp;source=gmail&amp;ust=1581492683755000&amp;usg=AFQjCNHFJcwH-UYAOmWmDNprcyJ-tST1uQ\">http:\/\/educacio.gencat.cat\/<wbr \/>portal\/page\/portal\/Educacio\/<wbr \/>PCentrePrivat\/PCPInici\/<wbr \/>PCPGestioAcademica\/<wbr \/>PCPProvesAnualsESO<\/a><\/p>\n<hr \/>\n<\/div>\n<\/div>\n<div>\n<div>\n<p>Criteris Avaluaci\u00f3:<\/p>\n<p><a href=\"http:\/\/agora.xtec.cat\/insrosetamauri\/wp-content\/uploads\/usu605\/2018\/01\/Tecnologies.pdf\" target=\"_blank\" rel=\"noopener noreferrer\" data-saferedirecturl=\"https:\/\/www.google.com\/url?q=http:\/\/agora.xtec.cat\/insrosetamauri\/wp-content\/uploads\/usu605\/2018\/01\/Tecnologies.pdf&amp;source=gmail&amp;ust=1581492683755000&amp;usg=AFQjCNF7E4JdkSD9T7rRSmg8x5bTubaKsg\">Tecnologies<\/a><\/p>\n<p><a href=\"http:\/\/agora.xtec.cat\/insrosetamauri\/wp-content\/uploads\/usu605\/2018\/01\/Socials.pdf\" target=\"_blank\" rel=\"noopener noreferrer\" data-saferedirecturl=\"https:\/\/www.google.com\/url?q=http:\/\/agora.xtec.cat\/insrosetamauri\/wp-content\/uploads\/usu605\/2018\/01\/Socials.pdf&amp;source=gmail&amp;ust=1581492683755000&amp;usg=AFQjCNF7fI-seSPR8Pv3i1dOkjTF7hD_Sg\">Socials<\/a><\/p>\n<p><a href=\"http:\/\/agora.xtec.cat\/insrosetamauri\/wp-content\/uploads\/usu605\/2018\/01\/Llengua-Catalana.pdf\" target=\"_blank\" rel=\"noopener noreferrer\" data-saferedirecturl=\"https:\/\/www.google.com\/url?q=http:\/\/agora.xtec.cat\/insrosetamauri\/wp-content\/uploads\/usu605\/2018\/01\/Llengua-Catalana.pdf&amp;source=gmail&amp;ust=1581492683755000&amp;usg=AFQjCNFphM66u1njsKCFTyot2niKUAWBSQ\">Llengua Catalana<\/a><\/p>\n<p><a href=\"http:\/\/agora.xtec.cat\/insrosetamauri\/wp-content\/uploads\/usu605\/2018\/01\/Llengua-Castellana.pdf\" target=\"_blank\" rel=\"noopener noreferrer\" data-saferedirecturl=\"https:\/\/www.google.com\/url?q=http:\/\/agora.xtec.cat\/insrosetamauri\/wp-content\/uploads\/usu605\/2018\/01\/Llengua-Castellana.pdf&amp;source=gmail&amp;ust=1581492683755000&amp;usg=AFQjCNGGHPqTzWlqKCFb6ZzrStyOcW_whw\">Llengua Castellana<\/a><\/p>\n<p><a href=\"http:\/\/agora.xtec.cat\/insrosetamauri\/wp-content\/uploads\/usu605\/2018\/01\/Llengua-Anglesa.pdf\" target=\"_blank\" rel=\"noopener noreferrer\" data-saferedirecturl=\"https:\/\/www.google.com\/url?q=http:\/\/agora.xtec.cat\/insrosetamauri\/wp-content\/uploads\/usu605\/2018\/01\/Llengua-Anglesa.pdf&amp;source=gmail&amp;ust=1581492683755000&amp;usg=AFQjCNHEh5YKx6u8eAM5v9tddUkeENXxiA\">Llengua Anglesa<\/a><\/p>\n<p><a href=\"http:\/\/agora.xtec.cat\/insrosetamauri\/wp-content\/uploads\/usu605\/2018\/01\/Educacio%CC%81-Visual-i-Pla%CC%80stica.pdf\" target=\"_blank\" rel=\"noopener noreferrer\" data-saferedirecturl=\"https:\/\/www.google.com\/url?q=http:\/\/agora.xtec.cat\/insrosetamauri\/wp-content\/uploads\/usu605\/2018\/01\/Educacio%CC%81-Visual-i-Pla%CC%80stica.pdf&amp;source=gmail&amp;ust=1581492683755000&amp;usg=AFQjCNF5-yW7szB4FB1b7dIcBqJVbqjp0Q\">Educacio\u0301 Visual i Pla\u0300stica<\/a><\/p>\n<p><a href=\"http:\/\/agora.xtec.cat\/insrosetamauri\/wp-content\/uploads\/usu605\/2018\/01\/Cie%CC%80ncies.pdf\" target=\"_blank\" rel=\"noopener noreferrer\" data-saferedirecturl=\"https:\/\/www.google.com\/url?q=http:\/\/agora.xtec.cat\/insrosetamauri\/wp-content\/uploads\/usu605\/2018\/01\/Cie%CC%80ncies.pdf&amp;source=gmail&amp;ust=1581492683755000&amp;usg=AFQjCNHjQrhBvGBuDWrk8Yuep4uRkKannw\">Cie\u0300ncies<\/a><\/p>\n<p><a href=\"http:\/\/agora.xtec.cat\/insrosetamauri\/wp-content\/uploads\/usu605\/2018\/01\/Matema%CC%80tiques.pdf\" target=\"_blank\" rel=\"noopener noreferrer\" data-saferedirecturl=\"https:\/\/www.google.com\/url?q=http:\/\/agora.xtec.cat\/insrosetamauri\/wp-content\/uploads\/usu605\/2018\/01\/Matema%CC%80tiques.pdf&amp;source=gmail&amp;ust=1581492683755000&amp;usg=AFQjCNHU93erKraL4m9Tl4Gtqod1EFsv7A\">Matema\u0300tiques<\/a><\/p>\n<\/div>\n<\/div>\n<\/div>\n<\/div>\n<\/div>\n<\/div>\n<\/div>\n<\/div>\n<\/div>\n<\/div>\n<\/div>\n<\/div>\n","protected":false},"excerpt":{"rendered":"<p>Inscripci\u00f3 i realitzaci\u00f3 de la prova<\/p>\n<p>La\u00a0sol\u00b7licitud\u00a0per fer les proves s\u2019ha de presentar durant el curs 2019-20 del 3 al 14\u00a0de febrer\u00a0a la secretaria del centre on la persona sol\u00b7licitant va estar matriculada de quart d\u2019ESO per \u00faltima vegada.<br \/>\nEl centre publica el\u00a0calendari de les proves\u00a0i les\u00a0llistes\u00a0de&hellip;  <a href=\"https:\/\/agora.xtec.cat\/insrosetamauri\/secretaria-2\/graduat-en-educacio-secundaria-obligatoria-alumnes-que-no-lhan-obtingut-en-finalitzar-letapa\/\" title=\"Read Graduat en Educaci\u00f3 Secund\u00e0ria Obligat\u00f2ria (alumnes que no l\u2019han obtingut en finalitzar l\u2019etapa)\">Llegeix m\u00e9s\u00bb<\/a><\/p>\n","protected":false},"author":3,"featured_media":0,"parent":2499,"menu_order":5,"comment_status":"closed","ping_status":"closed","template":"page-templates\/side-menu.php","meta":{"_bbp_topic_count":0,"_bbp_reply_count":0,"_bbp_total_topic_count":0,"_bbp_total_reply_count":0,"_bbp_voice_count":0,"_bbp_anonymous_reply_count":0,"_bbp_topic_count_hidden":0,"_bbp_reply_count_hidden":0,"_bbp_forum_subforum_count":0,"footnotes":""},"class_list":["post-1720","page","type-page","status-publish","hentry"],"post_mailing_queue_ids":[],"_links":{"self":[{"href":"https:\/\/agora.xtec.cat\/insrosetamauri\/wp-json\/wp\/v2\/pages\/1720","targetHints":{"allow":["GET"]}}],"collection":[{"href":"https:\/\/agora.xtec.cat\/insrosetamauri\/wp-json\/wp\/v2\/pages"}],"about":[{"href":"https:\/\/agora.xtec.cat\/insrosetamauri\/wp-json\/wp\/v2\/types\/page"}],"author":[{"embeddable":true,"href":"https:\/\/agora.xtec.cat\/insrosetamauri\/wp-json\/wp\/v2\/users\/3"}],"replies":[{"embeddable":true,"href":"https:\/\/agora.xtec.cat\/insrosetamauri\/wp-json\/wp\/v2\/comments?post=1720"}],"version-history":[{"count":2,"href":"https:\/\/agora.xtec.cat\/insrosetamauri\/wp-json\/wp\/v2\/pages\/1720\/revisions"}],"predecessor-version":[{"id":2518,"href":"https:\/\/agora.xtec.cat\/insrosetamauri\/wp-json\/wp\/v2\/pages\/1720\/revisions\/2518"}],"up":[{"embeddable":true,"href":"https:\/\/agora.xtec.cat\/insrosetamauri\/wp-json\/wp\/v2\/pages\/2499"}],"wp:attachment":[{"href":"https:\/\/agora.xtec.cat\/insrosetamauri\/wp-json\/wp\/v2\/media?parent=1720"}],"curies":[{"name":"wp","href":"https:\/\/api.w.org\/{rel}","templated":true}]}}