{"id":1013,"date":"2018-11-20T19:47:55","date_gmt":"2018-11-20T18:47:55","guid":{"rendered":"http:\/\/agora.xtec.cat\/insrosetamauri\/?page_id=1013"},"modified":"2020-12-06T18:45:42","modified_gmt":"2020-12-06T17:45:42","slug":"erasmus-clil","status":"publish","type":"page","link":"https:\/\/agora.xtec.cat\/insrosetamauri\/projecte-educatiu\/erasmus-clil\/","title":{"rendered":"Erasmus +"},"content":{"rendered":"<p>El nostre centre ha iniciat un proc\u00e9s d&#8217;internacionalitzaci\u00f3 amb l&#8217;objectiu que els nostres alumnes adquireixin una dimensi\u00f3 europea en el seu aprenentatge. Amb aquesta finalitat, es dur\u00e0 a terme el seg\u00fcent projecte:<strong>\u00a0KA1<\/strong><\/p>\n<p><strong>PROJECTE ERASMUS + 2019-2021: LEARNING TOGETHER<\/strong><\/p>\n<p>L\u2019Institut Roseta Mauri ha gaudit de la beca Erasmus + amb 12 mobilitats: 9 formacions i 3 job-shadowing.<\/p>\n<p>12 professors\/es gaudiran de la beca i tindran l&#8217;oportunitat d&#8217;anar a fer un curs relacionat amb la inclusi\u00f3 i necessitats educatives especials a la Uni\u00f3 Europea amb la finalitat de millorar la pr\u00e0ctica educativa relacionada amb la\u00a0 inclusi\u00f3.<\/p>\n<p>&nbsp;<\/p>\n<p><strong>KA1 2018-2020:<\/strong><\/p>\n<p>Aquest projecte que t\u00e9 per nom &#8220;Working With CLIL Together&#8221;, \u00e9s un projecte de formaci\u00f3 del professorat, doc\u00e8ncia i observacions aprovat i finan\u00e7at\u00a0per la Uni\u00f3 Europea dins del projecte d&#8217;Erasmus+.<\/p>\n<p>L&#8217;objectiu d&#8217;aquest projecte KA1 \u00e9s adquirir noves<span style=\"color: #0000ff;\">\u00a0<a href=\"https:\/\/agora.xtec.cat\/insrosetamauri\/wp-content\/uploads\/usu605\/2018\/11\/Erasmus-CLIL-presentation.pdf\">eines metodol\u00f2giques<\/a><\/span>\u00a0per treballar a l&#8217;aula.<\/p>\n<p>El projecte consta de 2 mobilitats europees i 3 job-shadowings a pa\u00efsos europeus.<\/p>\n<p>&nbsp;<\/p>\n<p><strong>CURS 2018-2019<\/strong><\/p>\n<p><strong>&#8211; Mobilitat 1: Finland, January 2019<\/strong><\/p>\n<p>Dues professores de l&#8217;institut han gaudit d&#8217;una beca Erasmus + i han anat a fer dues mobilitats a Finl\u00e0ndia sobre una formaci\u00f3 en CLIL (noves metodologies aprenentatge).<\/p>\n<p style=\"text-align: center;\"><\/p>\n<p><strong>&#8211; Mobilitat 2: UK, February 2019<\/strong><\/p>\n","protected":false},"excerpt":{"rendered":"<p>El nostre centre ha iniciat un proc\u00e9s d&#8217;internacionalitzaci\u00f3 amb l&#8217;objectiu que els nostres alumnes adquireixin una dimensi\u00f3 europea en el seu aprenentatge. Amb aquesta finalitat, es dur\u00e0 a terme el seg\u00fcent projecte:\u00a0KA1<br \/>\nPROJECTE ERASMUS + 2019-2021: LEARNING TOGETHER<br \/>\nL\u2019Institut Roseta Mauri ha gaudit de la beca Erasmus&hellip;  <a href=\"https:\/\/agora.xtec.cat\/insrosetamauri\/projecte-educatiu\/erasmus-clil\/\" title=\"Read Erasmus +\">Llegeix m\u00e9s\u00bb<\/a><\/p>\n","protected":false},"author":3,"featured_media":0,"parent":57,"menu_order":11,"comment_status":"closed","ping_status":"closed","template":"page-templates\/side-menu.php","meta":{"_bbp_topic_count":0,"_bbp_reply_count":0,"_bbp_total_topic_count":0,"_bbp_total_reply_count":0,"_bbp_voice_count":0,"_bbp_anonymous_reply_count":0,"_bbp_topic_count_hidden":0,"_bbp_reply_count_hidden":0,"_bbp_forum_subforum_count":0,"footnotes":""},"class_list":["post-1013","page","type-page","status-publish","hentry"],"post_mailing_queue_ids":[],"_links":{"self":[{"href":"https:\/\/agora.xtec.cat\/insrosetamauri\/wp-json\/wp\/v2\/pages\/1013","targetHints":{"allow":["GET"]}}],"collection":[{"href":"https:\/\/agora.xtec.cat\/insrosetamauri\/wp-json\/wp\/v2\/pages"}],"about":[{"href":"https:\/\/agora.xtec.cat\/insrosetamauri\/wp-json\/wp\/v2\/types\/page"}],"author":[{"embeddable":true,"href":"https:\/\/agora.xtec.cat\/insrosetamauri\/wp-json\/wp\/v2\/users\/3"}],"replies":[{"embeddable":true,"href":"https:\/\/agora.xtec.cat\/insrosetamauri\/wp-json\/wp\/v2\/comments?post=1013"}],"version-history":[{"count":3,"href":"https:\/\/agora.xtec.cat\/insrosetamauri\/wp-json\/wp\/v2\/pages\/1013\/revisions"}],"predecessor-version":[{"id":2334,"href":"https:\/\/agora.xtec.cat\/insrosetamauri\/wp-json\/wp\/v2\/pages\/1013\/revisions\/2334"}],"up":[{"embeddable":true,"href":"https:\/\/agora.xtec.cat\/insrosetamauri\/wp-json\/wp\/v2\/pages\/57"}],"wp:attachment":[{"href":"https:\/\/agora.xtec.cat\/insrosetamauri\/wp-json\/wp\/v2\/media?parent=1013"}],"curies":[{"name":"wp","href":"https:\/\/api.w.org\/{rel}","templated":true}]}}