{"id":7444,"date":"2019-02-13T12:20:24","date_gmt":"2019-02-13T11:20:24","guid":{"rendered":"http:\/\/agora.xtec.cat\/insrocagrossa\/?page_id=7444"},"modified":"2019-09-27T14:08:32","modified_gmt":"2019-09-27T12:08:32","slug":"acreditat","status":"publish","type":"page","link":"https:\/\/agora.xtec.cat\/insrocagrossa\/projecte-educatiu\/acreditat\/","title":{"rendered":"Acredita&#8217;t!"},"content":{"rendered":"<h3><a href=\"http:\/\/acreditat.gencat.cat\/ca\/\" target=\"_blank\" rel=\"noopener noreferrer\"><img loading=\"lazy\" decoding=\"async\" class=\"alignnone size-full wp-image-7513\" src=\"https:\/\/agora.xtec.cat\/insrocagrossa\/wp-content\/uploads\/usu1281\/2019\/02\/acreditat-Logo-2018.jpg\" alt=\"\" width=\"595\" height=\"80\" srcset=\"https:\/\/agora.xtec.cat\/insrocagrossa\/wp-content\/uploads\/usu1281\/2019\/02\/acreditat-Logo-2018.jpg 595w, https:\/\/agora.xtec.cat\/insrocagrossa\/wp-content\/uploads\/usu1281\/2019\/02\/acreditat-Logo-2018-300x40.jpg 300w\" sizes=\"auto, (max-width: 595px) 100vw, 595px\" \/><\/a><\/h3>\n<h3><img loading=\"lazy\" decoding=\"async\" class=\"wp-image-8104 alignleft\" src=\"https:\/\/agora.xtec.cat\/insrocagrossa\/wp-content\/uploads\/usu1281\/2019\/05\/Captura-de-pantalla-2019-05-12-a-las-19.49.26.png\" alt=\"\" width=\"244\" height=\"202\" \/><\/h3>\n<p>&nbsp;<\/p>\n<p>&nbsp;<\/p>\n<p>&nbsp;<\/p>\n<p>&nbsp;<\/p>\n<p>&nbsp;<\/p>\n<p><span style=\"text-decoration: underline;\"><strong>DIVENDRES 27 DE SETEMBRE: NOVETATS ACREDITA&#8217;T 2019<\/strong><\/span><\/p>\n<ul>\n<li><a href=\"https:\/\/agora.xtec.cat\/insrocagrossa\/wp-content\/uploads\/usu1281\/2019\/09\/resultats-definitius-avaluacio-evidencies.pdf\" target=\"_blank\" rel=\"noopener noreferrer\">Resultat definitiu avaluaci\u00f3 d&#8217;evid\u00e8ncies<\/a><\/li>\n<\/ul>\n<blockquote><p>-Recollida de certificats (a la consergeria de l&#8217;institut): A partir del 4 d&#8217;Octubre<\/p><\/blockquote>\n<p>________________________________________________________<\/p>\n<p><span style=\"text-decoration: underline;\"><strong>DILLUNS 23 DE SETEMBRE: NOVETATS ACREDITA&#8217;T 2019<\/strong><\/span><\/p>\n<ul>\n<li><a href=\"https:\/\/agora.xtec.cat\/insrocagrossa\/wp-content\/uploads\/usu1281\/2019\/09\/resultat-provisional-av-evidencies.pdf\" target=\"_blank\" rel=\"noopener noreferrer\">Resultat provisional avaluaci\u00f3 d&#8217;evid\u00e8ncies<\/a><\/li>\n<\/ul>\n<blockquote><p>-Termini per presentar al\u00b7legacions (a la secretaria de l&#8217;institut): Del 24 al 26 de Setembre<\/p>\n<p>-Publicaci\u00f3 resultats definitius: 27 de setembre<\/p>\n<p>-Recollida de certificats (a la consergeria de l&#8217;institut): A partir del 4 d&#8217;Octubre<\/p><\/blockquote>\n<p><span style=\"text-decoration: underline;\"><strong>DIMARTS 10 DE SETEMBRE: NOVETATS ACREDITA&#8217;T 2019<\/strong><\/span><\/p>\n<ul>\n<li><a href=\"https:\/\/agora.xtec.cat\/insrocagrossa\/wp-content\/uploads\/usu1281\/2019\/09\/Dictament-documental-definitiu.pdf\" target=\"_blank\" rel=\"noopener noreferrer\">Resultat definitiu dictamen documental<\/a><\/li>\n<li><a href=\"https:\/\/agora.xtec.cat\/insrocagrossa\/wp-content\/uploads\/usu1281\/2019\/09\/Calendari-avaluaci\u00f3.pdf\" target=\"_blank\" rel=\"noopener noreferrer\">Calendari fase d&#8217;avaluaci\u00f3 evid\u00e8ncies directes<\/a><\/li>\n<\/ul>\n<blockquote><p>Tribunals d&#8217;avaluaci\u00f3: del 12 al 19 de setembre del 2019<\/p><\/blockquote>\n<p><span style=\"text-decoration: underline;\"><strong>DIMECRES 4 DE SETEMBRE: NOVETATS ACREDITA&#8217;T 2019<\/strong><\/span><\/p>\n<ul>\n<li><a href=\"https:\/\/agora.xtec.cat\/insrocagrossa\/wp-content\/uploads\/usu1281\/2019\/09\/resultat-provisional-dictamen.pdf\" target=\"_blank\" rel=\"noopener noreferrer\">Llista provisional dictamen documental <span style=\"font-weight: 400;\">d<\/span><span style=\"font-weight: 400;\">&#8216;<\/span><span style=\"font-weight: 400;\">avaluaci\u00f3 <\/span><span style=\"font-weight: 400;\">d<\/span><span style=\"font-weight: 400;\">&#8216;<\/span><span style=\"font-weight: 400;\">evid\u00e8ncies\u00a0<\/span><span style=\"font-weight: 400;\">indirectes<\/span><\/a><\/li>\n<\/ul>\n<p>-Termini per presentar al\u00b7legacions: <span style=\"text-decoration: underline;\">del 5 al 9 de setembre<\/span><\/p>\n<p><span style=\"font-weight: 400;\">&#8211; <\/span><span style=\"font-weight: 400;\">Publicaci\u00f3 <\/span><span style=\"font-weight: 400;\">DEFINITIVA <\/span><span style=\"font-weight: 400;\">dictamen <\/span><span style=\"font-weight: 400;\">d<\/span><span style=\"font-weight: 400;\">&#8216;<\/span><span style=\"font-weight: 400;\">avaluaci\u00f3 <\/span><span style=\"font-weight: 400;\">d<\/span><span style=\"font-weight: 400;\">&#8216;<\/span><span style=\"font-weight: 400;\">evid\u00e8ncies\u00a0<\/span><span style=\"font-weight: 400;\">indirectes <\/span><span style=\"font-weight: 400;\">i <\/span><span style=\"font-weight: 400;\">convocat\u00f2ria <\/span><span style=\"font-weight: 400;\">als <\/span><span style=\"font-weight: 400;\">tribunals <\/span><span style=\"font-weight: 400;\">d<\/span><span style=\"font-weight: 400;\">&#8216;<\/span><span style=\"font-weight: 400;\">avaluaci\u00f3 <\/span><span style=\"font-weight: 400;\">presencial <\/span><span style=\"font-weight: 400;\">al <\/span><span style=\"font-weight: 400;\">centre<\/span><span style=\"font-weight: 400;\">: <span style=\"text-decoration: underline;\">d<\/span><\/span><span style=\"text-decoration: underline;\"><i><span style=\"font-weight: 400;\">imarts <\/span><\/i><i><span style=\"font-weight: 400;\">10 <\/span><\/i><i><span style=\"font-weight: 400;\">de <\/span><\/i><i><span style=\"font-weight: 400;\">setembre <\/span><\/i><i><span style=\"font-weight: 400;\">2019\u00a0<\/span><\/i><\/span><\/p>\n<p><span style=\"font-weight: 400;\">&#8211;<\/span><span style=\"font-weight: 400;\">T<\/span><span style=\"font-weight: 400;\">r<\/span><span style=\"font-weight: 400;\">ibunals <\/span><span style=\"font-weight: 400;\">d<\/span><span style=\"font-weight: 400;\">&#8216;<\/span><span style=\"font-weight: 400;\">avaluaci\u00f3<\/span><span style=\"font-weight: 400;\">: d<i>el <\/i><i>12 <\/i><i>al <\/i><i>19 <\/i><i>de <\/i><i>setembre <\/i><i>2019<\/i><i>, <\/i><i>en <\/i><i>horari <\/i><i>de <\/i><i>tarda<\/i><\/span><\/p>\n<p><span style=\"text-decoration: underline;\"><strong>DIVENDRES 19 DE JULIOL: NOVETATS ACREDITA&#8217;T 2019<\/strong><\/span><\/p>\n<ul>\n<li style=\"text-align: left;\"><a href=\"https:\/\/agora.xtec.cat\/insrocagrossa\/wp-content\/uploads\/usu1281\/2019\/07\/llistatdefinitiuadmesosiexclosos.pdf\" target=\"_blank\" rel=\"noopener noreferrer\">Llista definitiva d&#8217;admesos i exclosos a la fase d&#8217;avaluaci\u00f3<\/a><\/li>\n<\/ul>\n<p><span style=\"text-decoration: underline;\"><strong>DIVENDRES 12 DE JULIOL: NOVETATS ACREDITA&#8217;T 2019<\/strong><\/span><\/p>\n<ul>\n<li style=\"text-align: left;\"><a href=\"https:\/\/agora.xtec.cat\/insrocagrossa\/wp-content\/uploads\/usu1281\/2019\/07\/llista-provisional-admesos-i-exclosos-fase-davaluacio.pdf\" target=\"_blank\" rel=\"noopener noreferrer\">Llista provisional d&#8217;admesos i exclosos a la fase d&#8217;avaluaci\u00f3<\/a><\/li>\n<\/ul>\n<p><span style=\"text-decoration: underline;\"><strong>DIMECRES 3 DE JULIOL: NOVETATS ACREDITA&#8217;T 2019<\/strong><\/span><\/p>\n<p>1. S&#8217;adjunta 2\u00aa part del CALENDARI D&#8217;ACTUACIONS<\/p>\n<p>2. Els aspirants que desitgin passar a la fase d&#8217;avaluaci\u00f3 cal que es descarreguin i omplin el RESGUARD D&#8217;INSCRIPCI\u00d3 seguint les INSTRUCCIONS DE PAGAMENT<\/p>\n<div>\n<p>*Cal recordar que qualsevol aspirant pot apuntar-se a les UC que cregui que vol\u00a0acreditar tot i que no hagin sigut recomanades pel seu assessor.<\/p>\n<\/div>\n<ul>\n<li><a href=\"https:\/\/agora.xtec.cat\/insrocagrossa\/wp-content\/uploads\/usu1281\/2019\/07\/calendari-1-acreditat.pdf\" target=\"_blank\" rel=\"noopener noreferrer\">Calendari d&#8217;actuacions ( segona part ) (P\u00e0gina 1 de 2)<\/a><\/li>\n<li><a href=\"https:\/\/agora.xtec.cat\/insrocagrossa\/wp-content\/uploads\/usu1281\/2019\/07\/calendari-2-acreditat.pdf\" target=\"_blank\" rel=\"noopener noreferrer\">Calendari d&#8217;actuacions ( segona part ) (P\u00e0gina 2 de 2)<\/a><\/li>\n<li><a style=\"font-family: inherit; font-size: 1em;\" href=\"https:\/\/agora.xtec.cat\/insrocagrossa\/wp-content\/uploads\/usu1281\/2019\/07\/fase-avaluacio-acreditat.pdf\" target=\"_blank\" rel=\"noopener noreferrer\">Sol\u00b7licitud d&#8217;inscripci\u00f3 al procediment d&#8217;avaluaci\u00f3 i acreditaci\u00f3 de compet\u00e8ncies professionals adquirides a trav\u00e9s de l&#8217;experi\u00e8ncia laboral o de vies no formals de formaci\u00f3. Fase d&#8217;avaluaci\u00f3<\/a><\/li>\n<li><a href=\"https:\/\/agora.xtec.cat\/insrocagrossa\/wp-content\/uploads\/usu1281\/2019\/07\/Instruccions_Pagament-Avaluaci\u00f3-acreditat.pdf\" target=\"_blank\" rel=\"noopener noreferrer\">Instruccions de pagament. Fase d&#8217;avaluaci\u00f3<\/a><\/li>\n<\/ul>\n<div class=\"page\" title=\"Page 1\"><span style=\"font-family: inherit; font-size: 1em;\">_________________________________________<\/span><\/div>\n<div title=\"Page 1\"><\/div>\n<div title=\"Page 1\"><\/div>\n<ul>\n<li><a href=\"https:\/\/agora.xtec.cat\/insrocagrossa\/wp-content\/uploads\/usu1281\/2019\/05\/Llistat-admesos-Acreditat.pdf\" target=\"_blank\" rel=\"noopener noreferrer\">LLISTAT FINAL D&#8217;ADMESOS I EXCLOSOS A LA FASE D&#8217;ASSESSORAMENT.<\/a><\/li>\n<li>Durant els propers dies es posar\u00e0 en contacte cada assessor amb els seus aspirants. Mireu el correu brossa si no us arriba cap mail. Si passada una setmana no ha contactat ning\u00fa amb vosaltres, notifiqueu-lo al correu <a href=\"mailto:acreditat@iesrocagrossa.cat\" target=\"_blank\" rel=\"noopener noreferrer\">acreditat@iesrocagrossa.cat<\/a><\/li>\n<li><a href=\"https:\/\/agora.xtec.cat\/insrocagrossa\/wp-content\/uploads\/usu1281\/2019\/05\/LLISTA-ACREDITAT.pdf\" target=\"_blank\" rel=\"noopener noreferrer\" data-saferedirecturl=\"https:\/\/www.google.com\/url?q=https:\/\/drive.google.com\/file\/d\/1kF6vT5_wEpEgEM955ki4kniiib1Px134\/view?usp%3Dsharing&amp;source=gmail&amp;ust=1558540608262000&amp;usg=AFQjCNGsx4gvjE3xKlyGVaRQjddTIf8T1Q\">LLISTAT PROVISIONAL D\u2019ADMESOS A LA FASE D\u2019ASSESSORAMENT<\/a><\/li>\n<li><a href=\"https:\/\/agora.xtec.cat\/insrocagrossa\/wp-content\/uploads\/usu1281\/2019\/05\/Sol_licitud_reclamacio_preinscripcio_i_inscripcio-2.pdf\" target=\"_blank\" rel=\"noopener noreferrer\" data-saferedirecturl=\"https:\/\/www.google.com\/url?q=https:\/\/drive.google.com\/file\/d\/1kF6vT5_wEpEgEM955ki4kniiib1Px134\/view?usp%3Dsharing&amp;source=gmail&amp;ust=1558540608262000&amp;usg=AFQjCNGsx4gvjE3xKlyGVaRQjddTIf8T1Q\">SOL\u00b7LICITUD DE RECLAMACI\u00d3<\/a><\/li>\n<li><strong>Per\u00edode de<\/strong>\u00a0<strong>reclamacions: dies 22, 23 i 24 de maig<\/strong>.<\/li>\n<li><strong>Publicaci\u00f3 de les llistes definitives de persones admeses: 28 de maig.<\/strong><\/li>\n<li><a href=\"https:\/\/agora.xtec.cat\/insrocagrossa\/wp-content\/uploads\/usu1281\/2019\/05\/Sessi\u00f3-informativa-INS-Rocagrossa_Acreditat_2019.pdf\" target=\"_blank\" rel=\"noopener noreferrer\">PRESENTACI\u00d3 SESSI\u00d3 INFORMATIVA<\/a><\/li>\n<li><a href=\"https:\/\/agora.xtec.cat\/insrocagrossa\/wp-content\/uploads\/usu1281\/2019\/05\/Full-dinscripci\u00f3-assessorament.pdf\" target=\"_blank\" rel=\"noopener noreferrer\">FULL D&#8217;INSCRIPCI\u00d3 ASSESSORAMENT<\/a><\/li>\n<li><a href=\"https:\/\/agora.xtec.cat\/insrocagrossa\/wp-content\/uploads\/usu1281\/2019\/05\/Pagament-assessorament.pdf\" target=\"_blank\" rel=\"noopener noreferrer\">PAGAMENT ASSESSORAMENT<\/a><\/li>\n<\/ul>\n<p><strong>__________________________________________________________________________________________________________________<\/strong><\/p>\n<blockquote><p><em>Benvolguts aspirants,<\/em><\/p>\n<div><\/div>\n<div><em>A partir d&#8217;avui dilluns 29 d&#8217;abril tenim publicat al nostre web del centre el <a href=\"https:\/\/agora.xtec.cat\/insrocagrossa\/wp-content\/uploads\/usu1281\/2019\/04\/Acreditat-calendari-dactuacions.pdf\" target=\"_blank\" rel=\"noopener noreferrer\">CALENDARI OFICIAL D&#8217;ACTUACIONS<\/a>, i seran les seg\u00fcents:<\/em><\/div>\n<div><\/div>\n<div><em>La primera actuaci\u00f3 ser\u00e0 una reuni\u00f3 informativa d&#8217;obligada assist\u00e8ncia (tindreu 2 dies per escollir), on es tractaran els seg\u00fcents temes:<\/em><\/div>\n<div><\/div>\n<div>\n<div><em>&#8211; Explicaci\u00f3 del proc\u00e9s d&#8217;acreditaci\u00f3 de compet\u00e8ncies.<\/em><\/div>\n<div><\/div>\n<div><em>&#8211; Explicaci\u00f3 del proc\u00e9s d\u2019inscripci\u00f3 i pagament del preu p\u00fablic a la fase d&#8217;assessorament.<\/em><\/div>\n<div><\/div>\n<div><em>&#8211; Calendari aproximat d\u2019actuacions.<\/em><\/div>\n<div><\/div>\n<div><em>&#8211; Documentaci\u00f3 necess\u00e0ria.<\/em><\/div>\n<div><\/div>\n<div><em>A partir d&#8217;aquests moments, tota la informaci\u00f3 ser\u00e0 penjada al web del centre i no respondrem dubtes individuals per email. A la sessi\u00f3 informativa podrem resoldre tots els vostres dubtes. A posteriori se us assignar\u00e0 un assessor\/a, amb el qual podreu anar resolent dubtes.<\/em><\/div>\n<\/div>\n<\/blockquote>\n<ul>\n<li><a href=\"https:\/\/agora.xtec.cat\/insrocagrossa\/wp-content\/uploads\/usu1281\/2019\/04\/Acreditat-definitiva.pdf\" target=\"_blank\" rel=\"noopener noreferrer\">LLISTA DEFINITIVA D&#8217;ADMESOS I EXCLOSOS A LA FASE D&#8217;INSCRIPCI\u00d3 ACREDITA&#8217;T<\/a><\/li>\n<li><a href=\"https:\/\/agora.xtec.cat\/insrocagrossa\/wp-content\/uploads\/usu1281\/2019\/04\/Acreditat-admesos_compressed.pdf\" target=\"_blank\" rel=\"noopener noreferrer\">LLISTA PROVISIONAL D&#8217;ADMESOS I EXCLOSOS A L&#8217;ACREDITA&#8217;T<\/a><\/li>\n<li><a href=\"https:\/\/agora.xtec.cat\/insrocagrossa\/wp-content\/uploads\/usu1281\/2019\/04\/Sol_licitud_reclamacio_preinscripcio_i_inscripcio-2.pdf\" target=\"_blank\" rel=\"noopener noreferrer\">MODEL DE SOL\u00b7LICITUD DE RECLAMACI\u00d3<\/a> (Reclamacions: del 5 al 10 d&#8217;Abril)<\/li>\n<\/ul>\n<p>&nbsp;<\/p>\n<ul>\n<li><u><\/u><a href=\"https:\/\/agora.xtec.cat\/insrocagrossa\/wp-content\/uploads\/usu1281\/2019\/03\/Assignats-i-assignats-en-llista-despera-Condicionament-f\u00edsic-i-ioga.pdf\">Llista de persones assignades i assignades en llista d\u2019espera i el centre on han de portar la documentaci\u00f3 justificativa<\/a><\/li>\n<li><a href=\"https:\/\/agora.xtec.cat\/insrocagrossa\/wp-content\/uploads\/usu1281\/2019\/03\/Exclosos-per-manca-de-vacant-Condicionament-f\u00edsic-i-Ioga.pdf\">Llista de persones excloses per manca de vacant<\/a><\/li>\n<li><a href=\"http:\/\/acreditat.gencat.cat\/ca\/condicionament-fisic-ioga-dependencia-teleassistencia\/requisits-documentacio\/\">Requisits de participaci\u00f3 i documentaci\u00f3<\/a><\/li>\n<li><a href=\"https:\/\/agora.xtec.cat\/insrocagrossa\/wp-content\/uploads\/usu1281\/2019\/03\/Presentaci\u00f3-documentaci\u00f3.pdf\" target=\"_blank\" rel=\"noopener noreferrer\" data-saferedirecturl=\"https:\/\/www.google.com\/url?q=http:\/\/educacio.gencat.cat\/documents\/FormularisModels\/GestioServeisFP\/A489.pdf&amp;source=gmail&amp;ust=1552733645220000&amp;usg=AFQjCNEXUfE18O3pLndQBLKCgT6dcW-dsg\">Impr\u00e8s per adjuntar la documentaci\u00f3<\/a>\u00a0 (presentaci\u00f3 de la documentaci\u00f3 justificativa dels requisits de participaci\u00f3 del procediment d\u2019avaluaci\u00f3 i acreditaci\u00f3 de les compet\u00e8ncies professionals)<\/li>\n<\/ul>\n<p><strong style=\"font-family: inherit; font-size: 1em; text-align: center;\">\u00a0 \u00a0 \u00a0 \u00a0 \u00a0 \u00a0 \u00a0 \u00a0 \u00a0 \u00a0 \u00a0 \u00a0 \u00a0Important! cal portar original i fotoc\u00f2pia de tots els documents que s\u2019hagin de lliurar<\/strong><span style=\"font-family: inherit; font-size: 1em; text-align: center;\">\u00a0\u00a0<\/span><\/p>\n<p style=\"text-align: center;\">\u00a0 \u00a0(horari de secretaria: de 8:30 a 14:30)<\/p>\n<p>Termini de presentaci\u00f3: del 15 al 22 de Mar\u00e7 del 2019<\/p>\n<ul>\n<li style=\"text-align: left;\"><a href=\"http:\/\/acreditat.gencat.cat\/ca\/\" target=\"_blank\" rel=\"noopener noreferrer\">ACC\u00c9S A LA P\u00c0GINA OFICIAL ACREDITA&#8217;T DE LA GENERALITAT<\/a><\/li>\n<\/ul>\n<h3><\/h3>\n<h3 style=\"text-align: center;\">Avaluaci\u00f3 i acreditaci\u00f3 de compet\u00e8ncies professionals<\/h3>\n<div class=\"FW_sArticleFoto\">\n<div class=\"FW_sFlotaEsqu\"><\/div>\n<\/div>\n<div class=\"FW_sEditPro\">\n<p>Moltes persones han adquirit compet\u00e8ncies professionals en el lloc de treball, mitjan\u00e7ant l&#8217;experi\u00e8ncia professional o formaci\u00f3 no oficial, amb la qual cosa tenen les compet\u00e8ncies, per\u00f2 no l&#8217;acreditaci\u00f3 oficial. El proc\u00e9s d&#8217;avaluaci\u00f3 i acreditaci\u00f3 permet que aquestes persones puguin obtenir la certificaci\u00f3 oficial.<\/p>\n<\/div>\n<p style=\"font-weight: 400;\">Aquest curs l&#8217;Institut Rocagrossa torna a ser centre de l&#8217;Acredita&#8217;t. En pocs dies es publicar\u00e0 en el DOGC la primera convocat\u00f2ria d\u2019acreditaci\u00f3 de compet\u00e8ncies de 2019.<\/p>\n<p style=\"font-weight: 400;\">At\u00e8s que es convoca per a l\u2019\u00e0mbit de l\u2019esport, a la part lateral us facilitem la informaci\u00f3 corresponent.<\/p>\n","protected":false},"excerpt":{"rendered":"<p><a href=\"http:\/\/acreditat.gencat.cat\/ca\/\" target=\"_blank\" rel=\"noopener noreferrer\"><\/a><\/p>\n<p>&nbsp;<br \/>\n&nbsp;<br \/>\n&nbsp;<br \/>\n&nbsp;<br \/>\n&nbsp;<br \/>\nDIVENDRES 27 DE SETEMBRE: NOVETATS ACREDITA&#8217;T 2019<\/p>\n<ul>\n<li><a href=\"https:\/\/agora.xtec.cat\/insrocagrossa\/wp-content\/uploads\/usu1281\/2019\/09\/resultats-definitius-avaluacio-evidencies.pdf\" target=\"_blank\" rel=\"noopener noreferrer\">Resultat definitiu avaluaci\u00f3 d&#8217;evid\u00e8ncies<\/a><\/li>\n<\/ul>\n<p>-Recollida de certificats (a la consergeria de l&#8217;institut): A partir del 4 d&#8217;Octubre<br \/>\n________________________________________________________<br \/>\nDILLUNS 23 DE SETEMBRE: NOVETATS ACREDITA&#8217;T 2019<\/p>\n<ul>\n<li><a href=\"https:\/\/agora.xtec.cat\/insrocagrossa\/wp-content\/uploads\/usu1281\/2019\/09\/resultat-provisional-av-evidencies.pdf\" target=\"_blank\" rel=\"noopener noreferrer\">Resultat provisional avaluaci\u00f3 d&#8217;evid\u00e8ncies<\/a><\/li>\n<\/ul>\n<p>-Termini per presentar&hellip;  <a href=\"https:\/\/agora.xtec.cat\/insrocagrossa\/projecte-educatiu\/acreditat\/\" title=\"Read Acredita&#8217;t!\">Llegeix m\u00e9s\u00bb<\/a><\/p>\n","protected":false},"author":1,"featured_media":0,"parent":57,"menu_order":0,"comment_status":"closed","ping_status":"closed","template":"","meta":{"_bbp_topic_count":0,"_bbp_reply_count":0,"_bbp_total_topic_count":0,"_bbp_total_reply_count":0,"_bbp_voice_count":0,"_bbp_anonymous_reply_count":0,"_bbp_topic_count_hidden":0,"_bbp_reply_count_hidden":0,"_bbp_forum_subforum_count":0,"footnotes":""},"class_list":["post-7444","page","type-page","status-publish","hentry"],"post_mailing_queue_ids":[],"_links":{"self":[{"href":"https:\/\/agora.xtec.cat\/insrocagrossa\/wp-json\/wp\/v2\/pages\/7444","targetHints":{"allow":["GET"]}}],"collection":[{"href":"https:\/\/agora.xtec.cat\/insrocagrossa\/wp-json\/wp\/v2\/pages"}],"about":[{"href":"https:\/\/agora.xtec.cat\/insrocagrossa\/wp-json\/wp\/v2\/types\/page"}],"author":[{"embeddable":true,"href":"https:\/\/agora.xtec.cat\/insrocagrossa\/wp-json\/wp\/v2\/users\/1"}],"replies":[{"embeddable":true,"href":"https:\/\/agora.xtec.cat\/insrocagrossa\/wp-json\/wp\/v2\/comments?post=7444"}],"version-history":[{"count":4,"href":"https:\/\/agora.xtec.cat\/insrocagrossa\/wp-json\/wp\/v2\/pages\/7444\/revisions"}],"predecessor-version":[{"id":8587,"href":"https:\/\/agora.xtec.cat\/insrocagrossa\/wp-json\/wp\/v2\/pages\/7444\/revisions\/8587"}],"up":[{"embeddable":true,"href":"https:\/\/agora.xtec.cat\/insrocagrossa\/wp-json\/wp\/v2\/pages\/57"}],"wp:attachment":[{"href":"https:\/\/agora.xtec.cat\/insrocagrossa\/wp-json\/wp\/v2\/media?parent=7444"}],"curies":[{"name":"wp","href":"https:\/\/api.w.org\/{rel}","templated":true}]}}