{"id":39,"date":"2014-09-17T16:36:44","date_gmt":"2014-09-17T16:36:44","guid":{"rendered":"http:\/\/agora.xtec.cat\/insrocagrossa\/?page_id=39"},"modified":"2017-05-09T13:21:38","modified_gmt":"2017-05-09T11:21:38","slug":"instal%c2%b7lacions","status":"publish","type":"page","link":"https:\/\/agora.xtec.cat\/insrocagrossa\/linstitut\/instal%c2%b7lacions\/","title":{"rendered":"Instal\u00b7lacions"},"content":{"rendered":"<p>&nbsp;<\/p>\n\r\n\t<div class=\"slideshow_container slideshow_container_style-light\" style=\"height: 300px; \" data-slideshow-id=\"3263\" data-style-name=\"style-light\" data-style-version=\"2.3.1\" >\r\n\r\n\t\t\t\t\t<div class=\"slideshow_loading_icon\"><\/div>\r\n\t\t\r\n\t\t<div class=\"slideshow_content\" style=\"display: none;\">\r\n\r\n\t\t\t<div class=\"slideshow_view\">\r\n\t\t\t\t<div class=\"slideshow_slide slideshow_slide_image\">\r\n\t\t\t\t\t\t\t\t\t\t\t<img src=\"https:\/\/agora.xtec.cat\/insrocagrossa\/wp-content\/uploads\/usu1281\/2017\/05\/interior_passadis.jpg\" alt=\"interior_passadis\" width=\"709\" height=\"531\" \/>\r\n\t\t\t\t\t\t\t\t\t\t<div class=\"slideshow_description_box slideshow_transparent\">\r\n\t\t\t\t\t\t<div class=\"slideshow_title\">interior_passadis<\/div>\t\t\t\t\t\t\t\t\t\t\t<\/div>\r\n\t\t\t\t<\/div>\r\n\r\n\t\t\t\t\t\t<div style=\"clear: both;\"><\/div><\/div><div class=\"slideshow_view\">\r\n\t\t\t\t<div class=\"slideshow_slide slideshow_slide_image\">\r\n\t\t\t\t\t\t\t\t\t\t\t<img src=\"https:\/\/agora.xtec.cat\/insrocagrossa\/wp-content\/uploads\/usu1281\/2017\/05\/interior_bar_1.jpg\" alt=\"interior_bar_1\" width=\"709\" height=\"531\" \/>\r\n\t\t\t\t\t\t\t\t\t\t<div class=\"slideshow_description_box slideshow_transparent\">\r\n\t\t\t\t\t\t<div class=\"slideshow_title\">interior_bar_1<\/div>\t\t\t\t\t\t\t\t\t\t\t<\/div>\r\n\t\t\t\t<\/div>\r\n\r\n\t\t\t\t\t\t<div style=\"clear: both;\"><\/div><\/div><div class=\"slideshow_view\">\r\n\t\t\t\t<div class=\"slideshow_slide slideshow_slide_image\">\r\n\t\t\t\t\t\t\t\t\t\t\t<img src=\"https:\/\/agora.xtec.cat\/insrocagrossa\/wp-content\/uploads\/usu1281\/2017\/05\/instal_taller_1.jpg\" alt=\"instal_taller_1\" width=\"711\" height=\"535\" \/>\r\n\t\t\t\t\t\t\t\t\t\t<div class=\"slideshow_description_box slideshow_transparent\">\r\n\t\t\t\t\t\t<div class=\"slideshow_title\">instal_taller_1<\/div>\t\t\t\t\t\t\t\t\t\t\t<\/div>\r\n\t\t\t\t<\/div>\r\n\r\n\t\t\t\t\t\t<div style=\"clear: both;\"><\/div><\/div><div class=\"slideshow_view\">\r\n\t\t\t\t<div class=\"slideshow_slide slideshow_slide_image\">\r\n\t\t\t\t\t\t\t\t\t\t\t<img src=\"https:\/\/agora.xtec.cat\/insrocagrossa\/wp-content\/uploads\/usu1281\/2017\/05\/instal_gimnas_1.jpg\" alt=\"instal_gimnas_1\" width=\"709\" height=\"531\" \/>\r\n\t\t\t\t\t\t\t\t\t\t<div class=\"slideshow_description_box slideshow_transparent\">\r\n\t\t\t\t\t\t<div class=\"slideshow_title\">instal_gimnas_1<\/div>\t\t\t\t\t\t\t\t\t\t\t<\/div>\r\n\t\t\t\t<\/div>\r\n\r\n\t\t\t\t\t\t<div style=\"clear: both;\"><\/div><\/div><div class=\"slideshow_view\">\r\n\t\t\t\t<div class=\"slideshow_slide slideshow_slide_image\">\r\n\t\t\t\t\t\t\t\t\t\t\t<img src=\"https:\/\/agora.xtec.cat\/insrocagrossa\/wp-content\/uploads\/usu1281\/2017\/05\/instal_biblioteca_1.jpg\" alt=\"instal_biblioteca_1\" width=\"709\" height=\"460\" \/>\r\n\t\t\t\t\t\t\t\t\t\t<div class=\"slideshow_description_box slideshow_transparent\">\r\n\t\t\t\t\t\t<div class=\"slideshow_title\">instal_biblioteca_1<\/div>\t\t\t\t\t\t\t\t\t\t\t<\/div>\r\n\t\t\t\t<\/div>\r\n\r\n\t\t\t\t\t\t<div style=\"clear: both;\"><\/div><\/div>\r\n\t\t<\/div>\r\n\r\n\t\t<div class=\"slideshow_controlPanel slideshow_transparent\" style=\"display: none;\"><ul><li class=\"slideshow_togglePlay\" data-play-text=\"Visualitza\" data-pause-text=\"Pausa\"><\/li><\/ul><\/div>\r\n\r\n\t\t<div class=\"slideshow_button slideshow_previous slideshow_transparent\" role=\"button\" data-previous-text=\"Anterior\" style=\"display: none;\"><\/div>\r\n\t\t<div class=\"slideshow_button slideshow_next slideshow_transparent\" role=\"button\" data-next-text=\"Seg\u00fcent\" style=\"display: none;\"><\/div>\r\n\r\n\t\t<div class=\"slideshow_pagination\" style=\"display: none;\" data-go-to-text=\"V\u00e9s a la diapositiva\"><div class=\"slideshow_pagination_center\"><\/div><\/div>\r\n\r\n\t\t<!-- WordPress Slideshow Version 2.3.1 -->\r\n\r\n\t\t\t<\/div>\r\n\r\n\n<ul>\n<li>Connexi\u00f3 sense fils a Internet (WIFI) a tots els espais del centre.<\/li>\n<li>Plataforma educativa d\u2019interacci\u00f3 i comunicaci\u00f3 amb les fam\u00edlies.<\/li>\n<li>Intranet i p\u00e0gina web del centre:<\/li>\n<li>Estudi de gravaci\u00f3 audiovisual \u201cTelevisi\u00f3 Rocagrossa.\u201d<\/li>\n<li>Laboratoris espec\u00edfics: m\u00fasica, idiomes, f\u00edsica i qu\u00edmica i biologia i geologia<\/li>\n<li>Dues aules especifiques d\u2019inform\u00e0tica.<\/li>\n<li>Aula multilog (experimentaci\u00f3 assistida per ordinador).<\/li>\n<li>Aula de dibuix<\/li>\n<li>Aula-taller de tecnologia.<\/li>\n<li>Aula d\u2019acollida<\/li>\n<li>Aula oberta<\/li>\n<li>Aula USEE<\/li>\n<li>Gimn\u00e0s cobert amb vestidors i dutxes.<\/li>\n<li>Diferents pistes esportives: b\u00e0squet, handbol, futbol i voleibol.<\/li>\n<li>Servei de bar-cafeteria.<\/li>\n<\/ul>\n","protected":false},"excerpt":{"rendered":"<p>&nbsp;<\/p>\n<p>\t\t\t\t\t\tinterior_passadis\t\t\t\t\t\t\t\t\t\t\t<\/p>\n<p>\t\t\t\t\t\tinterior_bar_1\t\t\t\t\t\t\t\t\t\t\t<\/p>\n<p>\t\t\t\t\t\tinstal_taller_1\t\t\t\t\t\t\t\t\t\t\t<\/p>\n<p>\t\t\t\t\t\tinstal_gimnas_1\t\t\t\t\t\t\t\t\t\t\t<\/p>\n<p>\t\t\t\t\t\tinstal_biblioteca_1\t\t\t\t\t\t\t\t\t\t\t<\/p>\n<ul>\n<li class=\"slideshow_togglePlay\" data-play-text=\"Visualitza\" data-pause-text=\"Pausa\"><\/li>\n<\/ul>\n<ul>\n<li>Connexi\u00f3 sense fils a Internet (WIFI) a tots els espais del centre.<\/li>\n<li>Plataforma educativa d\u2019interacci\u00f3 i comunicaci\u00f3 amb les fam\u00edlies.<\/li>\n<li>Intranet i p\u00e0gina web del centre:<\/li>\n<li>Estudi de gravaci\u00f3 audiovisual \u201cTelevisi\u00f3 Rocagrossa.\u201d<\/li>\n<li>Laboratoris espec\u00edfics: m\u00fasica, idiomes, f\u00edsica i qu\u00edmica i biologia i geologia<\/li>\n<li>Dues aules especifiques d\u2019inform\u00e0tica.<\/li>\n<li>Aula&hellip;  <a href=\"https:\/\/agora.xtec.cat\/insrocagrossa\/linstitut\/instal%c2%b7lacions\/\" title=\"Read Instal\u00b7lacions\">Llegeix m\u00e9s\u00bb<\/a><br \/>\n","protected":false},"author":1,"featured_media":0,"parent":19,"menu_order":30,"comment_status":"closed","ping_status":"closed","template":"page-templates\/side-menu.php","meta":{"_bbp_topic_count":0,"_bbp_reply_count":0,"_bbp_total_topic_count":0,"_bbp_total_reply_count":0,"_bbp_voice_count":0,"_bbp_anonymous_reply_count":0,"_bbp_topic_count_hidden":0,"_bbp_reply_count_hidden":0,"_bbp_forum_subforum_count":0,"footnotes":""},"class_list":["post-39","page","type-page","status-publish","hentry"],"post_mailing_queue_ids":[],"_links":{"self":[{"href":"https:\/\/agora.xtec.cat\/insrocagrossa\/wp-json\/wp\/v2\/pages\/39","targetHints":{"allow":["GET"]}}],"collection":[{"href":"https:\/\/agora.xtec.cat\/insrocagrossa\/wp-json\/wp\/v2\/pages"}],"about":[{"href":"https:\/\/agora.xtec.cat\/insrocagrossa\/wp-json\/wp\/v2\/types\/page"}],"author":[{"embeddable":true,"href":"https:\/\/agora.xtec.cat\/insrocagrossa\/wp-json\/wp\/v2\/users\/1"}],"replies":[{"embeddable":true,"href":"https:\/\/agora.xtec.cat\/insrocagrossa\/wp-json\/wp\/v2\/comments?post=39"}],"version-history":[{"count":3,"href":"https:\/\/agora.xtec.cat\/insrocagrossa\/wp-json\/wp\/v2\/pages\/39\/revisions"}],"predecessor-version":[{"id":3269,"href":"https:\/\/agora.xtec.cat\/insrocagrossa\/wp-json\/wp\/v2\/pages\/39\/revisions\/3269"}],"up":[{"embeddable":true,"href":"https:\/\/agora.xtec.cat\/insrocagrossa\/wp-json\/wp\/v2\/pages\/19"}],"wp:attachment":[{"href":"https:\/\/agora.xtec.cat\/insrocagrossa\/wp-json\/wp\/v2\/media?parent=39"}],"curies":[{"name":"wp","href":"https:\/\/api.w.org\/{rel}","templated":true}]}}