{"id":2509,"date":"2016-11-25T13:54:48","date_gmt":"2016-11-25T12:54:48","guid":{"rendered":"http:\/\/agora.xtec.cat\/insrocagrossa\/?page_id=2509"},"modified":"2016-12-06T18:55:16","modified_gmt":"2016-12-06T17:55:16","slug":"radio-rocagrossa","status":"publish","type":"page","link":"https:\/\/agora.xtec.cat\/insrocagrossa\/projecte-educatiu\/radio-rocagrossa\/","title":{"rendered":"R\u00e0dio Rocagrossa"},"content":{"rendered":"<div id=\"m_6154587744655668195gmail-post-body-3957966998851863818\" class=\"m_6154587744655668195gmail-post-body m_6154587744655668195entry-content\">L&#8217;alumnat de l&#8217;assignatura optativa &#8220;R\u00e0dio Rocagrossa&#8221; de 2n ESO us donem la benvinguda!<\/div>\n<div id=\"m_6154587744655668195gmail-post-body-3957966998851863818\" class=\"m_6154587744655668195gmail-post-body m_6154587744655668195entry-content\"><\/div>\n<div id=\"m_6154587744655668195gmail-post-body-3957966998851863818\" class=\"m_6154587744655668195gmail-post-body m_6154587744655668195entry-content\">\n<p>Els companys i companyes de la R\u00e0dio Rocagrossa poc a poc anirem omplint continguts, programes de m\u00fasica que us encantaran i us animaran, not\u00edcies d&#8217;actualitat que us mantindran al dia i reportatges que us informaran de coses d&#8217;all\u00f2 m\u00e9s interessants!<\/p>\n<p>Us animem a seguir-nos i a surfejar les ones amb nosaltres! Nom\u00e9s has de clicar l&#8217;enlla\u00e7 del lateral esquerre.<\/p>\n<p>La R\u00e0dio Rocagrossa et deixar\u00e0 l&#8217;orella grossa!<\/p>\n<\/div>\n","protected":false},"excerpt":{"rendered":"<p>L&#8217;alumnat de l&#8217;assignatura optativa &#8220;R\u00e0dio Rocagrossa&#8221; de 2n ESO us donem la benvinguda!<\/p>\n<p>Els companys i companyes de la R\u00e0dio Rocagrossa poc a poc anirem omplint continguts, programes de m\u00fasica que us encantaran i us animaran, not\u00edcies d&#8217;actualitat que us mantindran al dia i reportatges que&hellip;  <a href=\"https:\/\/agora.xtec.cat\/insrocagrossa\/projecte-educatiu\/radio-rocagrossa\/\" title=\"Read R\u00e0dio Rocagrossa\">Llegeix m\u00e9s\u00bb<\/a><\/p>\n","protected":false},"author":1,"featured_media":0,"parent":57,"menu_order":0,"comment_status":"closed","ping_status":"closed","template":"","meta":{"_bbp_topic_count":0,"_bbp_reply_count":0,"_bbp_total_topic_count":0,"_bbp_total_reply_count":0,"_bbp_voice_count":0,"_bbp_anonymous_reply_count":0,"_bbp_topic_count_hidden":0,"_bbp_reply_count_hidden":0,"_bbp_forum_subforum_count":0,"footnotes":""},"class_list":["post-2509","page","type-page","status-publish","hentry"],"post_mailing_queue_ids":[],"_links":{"self":[{"href":"https:\/\/agora.xtec.cat\/insrocagrossa\/wp-json\/wp\/v2\/pages\/2509","targetHints":{"allow":["GET"]}}],"collection":[{"href":"https:\/\/agora.xtec.cat\/insrocagrossa\/wp-json\/wp\/v2\/pages"}],"about":[{"href":"https:\/\/agora.xtec.cat\/insrocagrossa\/wp-json\/wp\/v2\/types\/page"}],"author":[{"embeddable":true,"href":"https:\/\/agora.xtec.cat\/insrocagrossa\/wp-json\/wp\/v2\/users\/1"}],"replies":[{"embeddable":true,"href":"https:\/\/agora.xtec.cat\/insrocagrossa\/wp-json\/wp\/v2\/comments?post=2509"}],"version-history":[{"count":3,"href":"https:\/\/agora.xtec.cat\/insrocagrossa\/wp-json\/wp\/v2\/pages\/2509\/revisions"}],"predecessor-version":[{"id":2565,"href":"https:\/\/agora.xtec.cat\/insrocagrossa\/wp-json\/wp\/v2\/pages\/2509\/revisions\/2565"}],"up":[{"embeddable":true,"href":"https:\/\/agora.xtec.cat\/insrocagrossa\/wp-json\/wp\/v2\/pages\/57"}],"wp:attachment":[{"href":"https:\/\/agora.xtec.cat\/insrocagrossa\/wp-json\/wp\/v2\/media?parent=2509"}],"curies":[{"name":"wp","href":"https:\/\/api.w.org\/{rel}","templated":true}]}}