{"id":2497,"date":"2016-11-24T11:27:13","date_gmt":"2016-11-24T10:27:13","guid":{"rendered":"http:\/\/agora.xtec.cat\/insrocagrossa\/?page_id=2497"},"modified":"2023-07-12T17:36:37","modified_gmt":"2023-07-12T15:36:37","slug":"projecte-linguistic-de-centre","status":"publish","type":"page","link":"https:\/\/agora.xtec.cat\/insrocagrossa\/projecte-educatiu\/projecte-linguistic-de-centre\/","title":{"rendered":"Projecte Ling\u00fc\u00edstic de Centre"},"content":{"rendered":"<p style=\"text-align: left;\">L\u2019estudiant ling\u00fc\u00edsticament sostenible valora les persones, i per aix\u00f2 no espera que se subordinin. Valora la diversitat, perqu\u00e8 \u00e9s una persona lliure i sap que la llibertat implica no renunciar a ser qui ets. Valora el coneixement, perqu\u00e8 el fa m\u00e9s lliure i hum\u00e0. L\u2019estudiant ling\u00fc\u00edsticament sostenible \u00e9s conseq\u00fcent, i per aix\u00f2 el seu comportament ling\u00fc\u00edstic va a favor de les persones, de la diversitat i del coneixement.<\/p>\n<p>Fragment extret del dec\u00e0leg\u00a0<em>Sigues ling\u00fc\u00edsticament sostenible<\/em><\/p>\n<p><a href=\"https:\/\/agora.xtec.cat\/insrocagrossa\/wp-content\/uploads\/usu1281\/2023\/07\/22_23-El-PROJECTE-LINGUISTIC-DEL-CENTRE-Rocagrossa-22_23-1.pdf\">VISUALITZEU-LO<\/a><\/p>\n<p><a href=\"https:\/\/agora.xtec.cat\/insrocagrossa\/wp-content\/uploads\/usu1281\/2023\/07\/Guia-de-comunicacio-inclusiva-Grup-Alba-1.pdf\">GUIA DE LLENGUATGE INCLUSIU<\/a><\/p>\n","protected":false},"excerpt":{"rendered":"<p>L\u2019estudiant ling\u00fc\u00edsticament sostenible valora les persones, i per aix\u00f2 no espera que se subordinin. Valora la diversitat, perqu\u00e8 \u00e9s una persona lliure i sap que la llibertat implica no renunciar a ser qui ets. Valora el coneixement, perqu\u00e8 el fa m\u00e9s lliure i hum\u00e0. L\u2019estudiant&hellip;  <a href=\"https:\/\/agora.xtec.cat\/insrocagrossa\/projecte-educatiu\/projecte-linguistic-de-centre\/\" title=\"Read Projecte Ling\u00fc\u00edstic de Centre\">Llegeix m\u00e9s\u00bb<\/a><\/p>\n","protected":false},"author":1,"featured_media":0,"parent":57,"menu_order":0,"comment_status":"closed","ping_status":"closed","template":"","meta":{"_bbp_topic_count":0,"_bbp_reply_count":0,"_bbp_total_topic_count":0,"_bbp_total_reply_count":0,"_bbp_voice_count":0,"_bbp_anonymous_reply_count":0,"_bbp_topic_count_hidden":0,"_bbp_reply_count_hidden":0,"_bbp_forum_subforum_count":0,"footnotes":""},"class_list":["post-2497","page","type-page","status-publish","hentry"],"post_mailing_queue_ids":[],"_links":{"self":[{"href":"https:\/\/agora.xtec.cat\/insrocagrossa\/wp-json\/wp\/v2\/pages\/2497","targetHints":{"allow":["GET"]}}],"collection":[{"href":"https:\/\/agora.xtec.cat\/insrocagrossa\/wp-json\/wp\/v2\/pages"}],"about":[{"href":"https:\/\/agora.xtec.cat\/insrocagrossa\/wp-json\/wp\/v2\/types\/page"}],"author":[{"embeddable":true,"href":"https:\/\/agora.xtec.cat\/insrocagrossa\/wp-json\/wp\/v2\/users\/1"}],"replies":[{"embeddable":true,"href":"https:\/\/agora.xtec.cat\/insrocagrossa\/wp-json\/wp\/v2\/comments?post=2497"}],"version-history":[{"count":3,"href":"https:\/\/agora.xtec.cat\/insrocagrossa\/wp-json\/wp\/v2\/pages\/2497\/revisions"}],"predecessor-version":[{"id":13999,"href":"https:\/\/agora.xtec.cat\/insrocagrossa\/wp-json\/wp\/v2\/pages\/2497\/revisions\/13999"}],"up":[{"embeddable":true,"href":"https:\/\/agora.xtec.cat\/insrocagrossa\/wp-json\/wp\/v2\/pages\/57"}],"wp:attachment":[{"href":"https:\/\/agora.xtec.cat\/insrocagrossa\/wp-json\/wp\/v2\/media?parent=2497"}],"curies":[{"name":"wp","href":"https:\/\/api.w.org\/{rel}","templated":true}]}}