{"id":2456,"date":"2016-11-17T11:05:31","date_gmt":"2016-11-17T10:05:31","guid":{"rendered":"http:\/\/agora.xtec.cat\/insrocagrossa\/?page_id=2456"},"modified":"2022-03-08T11:18:19","modified_gmt":"2022-03-08T10:18:19","slug":"servei-comunitari-el-roca-es-mou","status":"publish","type":"page","link":"https:\/\/agora.xtec.cat\/insrocagrossa\/serveis\/servei-comunitari-el-roca-es-mou\/","title":{"rendered":"Servei comunitari &#8220;El Roca es mou&#8221;"},"content":{"rendered":"<div>\n<p dir=\"ltr\"><span style=\"font-family: tahoma, sans-serif;\">El S<\/span><span style=\"font-family: tahoma, sans-serif;\">ervei Comunitari per a l&#8217;alumnat de secund\u00e0ria \u00e9s una acci\u00f3 educativa dins del curr\u00edculum obligatori, que vol promoure que els nois i noies experimentin i protagonitzin accions de comprom\u00eds c\u00edvic i aprengui en l&#8217;ex<\/span><span style=\"font-family: tahoma, sans-serif;\">ercici actiu de la ciutadania.<\/span><\/p>\n<p><span style=\"font-family: tahoma, sans-serif;\">\u00a0<\/span><span style=\"font-family: tahoma, sans-serif;\">Al nostre institut el portem a terme a 3r d&#8217;ESO en <\/span>hores de les mat\u00e8ries de m\u00fasica i catal\u00e0. L&#8217;alumnat est\u00e0 preparant dues obres de teatre amb l&#8217;objectiu de poder-la representar a col\u00b7lectius del municipi (alumnat de 6\u00e8, gent gran de Lloret, fam\u00edlies de l&#8217;institut).<\/p>\n<p>En el\u00a0marc del servei comunitari els grups van participar en un taller per donar a con\u00e8ixer aquesta activitat de teatre i altres accions de l&#8217;institut a l&#8217;alumnat de 6\u00e8 de les diferents escoles de prim\u00e0ria de Lloret que ens han visitat.<\/p>\n<\/div>\n<p style=\"text-align: center;\"><iframe loading=\"lazy\" title=\"YouTube video player\" src=\"https:\/\/www.youtube.com\/embed\/8AHPue1Jqrw\" width=\"560\" height=\"315\" frameborder=\"0\" allowfullscreen=\"allowfullscreen\"><\/iframe><\/p>\n<div><\/div>\n<p>&nbsp;<\/p>\n<p>&nbsp;<\/p>\n","protected":false},"excerpt":{"rendered":"<p>El Servei Comunitari per a l&#8217;alumnat de secund\u00e0ria \u00e9s una acci\u00f3 educativa dins del curr\u00edculum obligatori, que vol promoure que els nois i noies experimentin i protagonitzin accions de comprom\u00eds c\u00edvic i aprengui en l&#8217;exercici actiu de la ciutadania.<br \/>\n\u00a0Al nostre institut el portem a terme&hellip;  <a href=\"https:\/\/agora.xtec.cat\/insrocagrossa\/serveis\/servei-comunitari-el-roca-es-mou\/\" title=\"Read Servei comunitari &#8220;El Roca es mou&#8221;\">Llegeix m\u00e9s\u00bb<\/a><\/p>\n","protected":false},"author":1,"featured_media":0,"parent":63,"menu_order":1,"comment_status":"closed","ping_status":"closed","template":"","meta":{"_bbp_topic_count":0,"_bbp_reply_count":0,"_bbp_total_topic_count":0,"_bbp_total_reply_count":0,"_bbp_voice_count":0,"_bbp_anonymous_reply_count":0,"_bbp_topic_count_hidden":0,"_bbp_reply_count_hidden":0,"_bbp_forum_subforum_count":0,"footnotes":""},"class_list":["post-2456","page","type-page","status-publish","hentry"],"post_mailing_queue_ids":[],"_links":{"self":[{"href":"https:\/\/agora.xtec.cat\/insrocagrossa\/wp-json\/wp\/v2\/pages\/2456","targetHints":{"allow":["GET"]}}],"collection":[{"href":"https:\/\/agora.xtec.cat\/insrocagrossa\/wp-json\/wp\/v2\/pages"}],"about":[{"href":"https:\/\/agora.xtec.cat\/insrocagrossa\/wp-json\/wp\/v2\/types\/page"}],"author":[{"embeddable":true,"href":"https:\/\/agora.xtec.cat\/insrocagrossa\/wp-json\/wp\/v2\/users\/1"}],"replies":[{"embeddable":true,"href":"https:\/\/agora.xtec.cat\/insrocagrossa\/wp-json\/wp\/v2\/comments?post=2456"}],"version-history":[{"count":3,"href":"https:\/\/agora.xtec.cat\/insrocagrossa\/wp-json\/wp\/v2\/pages\/2456\/revisions"}],"predecessor-version":[{"id":11941,"href":"https:\/\/agora.xtec.cat\/insrocagrossa\/wp-json\/wp\/v2\/pages\/2456\/revisions\/11941"}],"up":[{"embeddable":true,"href":"https:\/\/agora.xtec.cat\/insrocagrossa\/wp-json\/wp\/v2\/pages\/63"}],"wp:attachment":[{"href":"https:\/\/agora.xtec.cat\/insrocagrossa\/wp-json\/wp\/v2\/media?parent=2456"}],"curies":[{"name":"wp","href":"https:\/\/api.w.org\/{rel}","templated":true}]}}