{"id":12038,"date":"2022-03-29T09:49:49","date_gmt":"2022-03-29T07:49:49","guid":{"rendered":"https:\/\/agora.xtec.cat\/insrocagrossa\/?page_id=12038"},"modified":"2022-04-01T09:46:52","modified_gmt":"2022-04-01T07:46:52","slug":"beques-estudis-postobligatoris","status":"publish","type":"page","link":"https:\/\/agora.xtec.cat\/insrocagrossa\/beques-estudis-postobligatoris\/","title":{"rendered":"Beques estudis postobligatoris"},"content":{"rendered":"<p style=\"font-weight: 400;\"><img loading=\"lazy\" decoding=\"async\" class=\"wp-image-12037 alignleft\" src=\"https:\/\/agora.xtec.cat\/insrocagrossa\/wp-content\/uploads\/usu1281\/2022\/03\/beques-postobligatoris-22-23.png\" alt=\"\" width=\"259\" height=\"259\" srcset=\"https:\/\/agora.xtec.cat\/insrocagrossa\/wp-content\/uploads\/usu1281\/2022\/03\/beques-postobligatoris-22-23.png 564w, https:\/\/agora.xtec.cat\/insrocagrossa\/wp-content\/uploads\/usu1281\/2022\/03\/beques-postobligatoris-22-23-300x300.png 300w, https:\/\/agora.xtec.cat\/insrocagrossa\/wp-content\/uploads\/usu1281\/2022\/03\/beques-postobligatoris-22-23-150x150.png 150w\" sizes=\"auto, (max-width: 259px) 100vw, 259px\" \/>Com ja deveu saber, aquest any, el Ministeri d\u2019Educaci\u00f3 i Formaci\u00f3 Professional ha avan\u00e7at el termini de presentaci\u00f3 de sol\u00b7licituds de la beca de car\u00e0cter general per al curs 2022-23, que ser\u00e0 <strong><u>del 30 de mar\u00e7 al 12 de maig<\/u><\/strong>. Cal que aquesta beca es demani dins del termini indicat tant si l\u2019estudiant encara no sap el que estudiar\u00e0 o, fins i tot, encara que no s\u00e0piga si estudiar\u00e0 o no, ja que un cop tancat el termini no tindr\u00e0 cap m\u00e9s possibilitat de sol\u00b7licitar-la.<\/p>\n<p style=\"font-weight: 400;\">Tamb\u00e9 us informem que la Universitat de Girona convoca l\u2019ajut \u201cBeca Salari\u201d, que consisteix en un ajut de 6000\u20ac en pagaments mensuals de 600\u20ac durant els mesos que dura el curs acad\u00e8mic (de setembre a juny) i que es podr\u00e0 demanar a partir del mes d\u2019abril.<\/p>\n<p style=\"font-weight: 400;\">Si hi esteu interessats, la Secci\u00f3 de Beques i Ajuts als Estudiants s\u2019ofereix la possibilitat de fer sessions informatives per grups via videoconfer\u00e8ncia.<\/p>\n<p style=\"font-weight: 400;\">Trobareu tota la informaci\u00f3 relativa a beques i ajuts i les dades contacte \u00a0a la p\u00e0gina:\u00a0<a href=\"http:\/\/www.udg.edu\/beques\" data-saferedirecturl=\"https:\/\/www.google.com\/url?q=http:\/\/www.udg.edu\/beques&amp;source=gmail&amp;ust=1648625475117000&amp;usg=AOvVaw3WlTKDuJALjE49_YnZhD3h\">www.udg.edu\/beques<\/a>\u00a0i en aquestes p\u00e0gines<\/p>\n<p>https:\/\/educacio.gencat.cat\/ca\/tramits\/tramits-temes\/247-beques-ministerio-postobligatoris<\/p>\n","protected":false},"excerpt":{"rendered":"<p>Com ja deveu saber, aquest any, el Ministeri d\u2019Educaci\u00f3 i Formaci\u00f3 Professional ha avan\u00e7at el termini de presentaci\u00f3 de sol\u00b7licituds de la beca de car\u00e0cter general per al curs 2022-23, que ser\u00e0 del 30 de mar\u00e7 al 12 de maig. Cal que aquesta beca es&hellip;  <a href=\"https:\/\/agora.xtec.cat\/insrocagrossa\/beques-estudis-postobligatoris\/\" title=\"Read Beques estudis postobligatoris\">Llegeix m\u00e9s\u00bb<\/a><\/p>\n","protected":false},"author":1,"featured_media":0,"parent":0,"menu_order":0,"comment_status":"closed","ping_status":"closed","template":"","meta":{"_bbp_topic_count":0,"_bbp_reply_count":0,"_bbp_total_topic_count":0,"_bbp_total_reply_count":0,"_bbp_voice_count":0,"_bbp_anonymous_reply_count":0,"_bbp_topic_count_hidden":0,"_bbp_reply_count_hidden":0,"_bbp_forum_subforum_count":0,"footnotes":""},"class_list":["post-12038","page","type-page","status-publish","hentry"],"post_mailing_queue_ids":[],"_links":{"self":[{"href":"https:\/\/agora.xtec.cat\/insrocagrossa\/wp-json\/wp\/v2\/pages\/12038","targetHints":{"allow":["GET"]}}],"collection":[{"href":"https:\/\/agora.xtec.cat\/insrocagrossa\/wp-json\/wp\/v2\/pages"}],"about":[{"href":"https:\/\/agora.xtec.cat\/insrocagrossa\/wp-json\/wp\/v2\/types\/page"}],"author":[{"embeddable":true,"href":"https:\/\/agora.xtec.cat\/insrocagrossa\/wp-json\/wp\/v2\/users\/1"}],"replies":[{"embeddable":true,"href":"https:\/\/agora.xtec.cat\/insrocagrossa\/wp-json\/wp\/v2\/comments?post=12038"}],"version-history":[{"count":3,"href":"https:\/\/agora.xtec.cat\/insrocagrossa\/wp-json\/wp\/v2\/pages\/12038\/revisions"}],"predecessor-version":[{"id":12072,"href":"https:\/\/agora.xtec.cat\/insrocagrossa\/wp-json\/wp\/v2\/pages\/12038\/revisions\/12072"}],"wp:attachment":[{"href":"https:\/\/agora.xtec.cat\/insrocagrossa\/wp-json\/wp\/v2\/media?parent=12038"}],"curies":[{"name":"wp","href":"https:\/\/api.w.org\/{rel}","templated":true}]}}