{"id":10116,"date":"2020-06-22T21:16:30","date_gmt":"2020-06-22T19:16:30","guid":{"rendered":"http:\/\/agora.xtec.cat\/insrocagrossa\/?page_id=10116"},"modified":"2020-09-02T13:42:13","modified_gmt":"2020-09-02T11:42:13","slug":"matricula-curs-2020-21","status":"publish","type":"page","link":"https:\/\/agora.xtec.cat\/insrocagrossa\/matricula-curs-2020-21\/","title":{"rendered":"Matr\u00edcula Curs 2020-21"},"content":{"rendered":"<p><img loading=\"lazy\" decoding=\"async\" class=\" wp-image-9934 aligncenter\" src=\"https:\/\/agora.xtec.cat\/insrocagrossa\/wp-content\/uploads\/usu1281\/2020\/06\/Captura-de-pantalla-2020-06-22-a-las-20.54.40.png\" alt=\"\" width=\"462\" height=\"244\" \/><\/p>\n<h1 style=\"text-align: center;\">CLICA AQUELL ESTUDI QUE T&#8217;INTERESSI PER OBTENIR LA INFORMACI\u00d3 NECESS\u00c0RIA (documents per imprimir)<\/h1>\n<p>&nbsp;<\/p>\n<table align=\"center\">\n<tbody>\n<tr style=\"border: hidden;\">\n<td style=\"border: hidden;\"><a href=\"https:\/\/agora.xtec.cat\/insrocagrossa\/wp-content\/uploads\/usu1281\/2020\/07\/MATRICULA-ESO-OK-2.pdf\" target=\"_blank\" rel=\"noopener noreferrer\"><img decoding=\"async\" src=\"https:\/\/agora.xtec.cat\/insrocagrossa\/wp-content\/uploads\/usu1281\/2020\/06\/ESO.png\" height=\"198\" \/><\/a><\/td>\n<td style=\"border: hidden;\"><a href=\"https:\/\/agora.xtec.cat\/insrocagrossa\/wp-content\/uploads\/usu1281\/2020\/07\/MATRICULA-BATXILLERAT-OK.pdf\" target=\"_blank\" rel=\"noopener noreferrer\"><img decoding=\"async\" src=\"https:\/\/agora.xtec.cat\/insrocagrossa\/wp-content\/uploads\/usu1281\/2020\/05\/batxillerat.png\" \/><\/a><\/td>\n<\/tr>\n<\/tbody>\n<\/table>\n<p>&nbsp;<\/p>\n<table align=\"center\">\n<tbody>\n<tr style=\"border: hidden;\">\n<td style=\"border: hidden;\"><a href=\"https:\/\/agora.xtec.cat\/insrocagrossa\/wp-content\/uploads\/usu1281\/2020\/07\/CAFEMN-WEB.pdf\" target=\"_blank\" rel=\"noopener noreferrer\"><img decoding=\"async\" src=\"https:\/\/agora.xtec.cat\/insrocagrossa\/wp-content\/uploads\/usu1281\/2020\/05\/CAFEMN-menu.png\" height=\"198\" \/><\/a><\/td>\n<td style=\"border: hidden;\"><a href=\"https:\/\/agora.xtec.cat\/insrocagrossa\/wp-content\/uploads\/usu1281\/2020\/09\/FUTBOL-WEB.pdf\" target=\"_blank\" rel=\"noopener noreferrer\"><img decoding=\"async\" src=\"https:\/\/agora.xtec.cat\/insrocagrossa\/wp-content\/uploads\/usu1281\/2020\/05\/FUTBOL-MENU.png\" \/><\/a><\/td>\n<td style=\"border: hidden;\"><a href=\"https:\/\/agora.xtec.cat\/insrocagrossa\/wp-content\/uploads\/usu1281\/2020\/09\/SOS-WEB.pdf\" target=\"_blank\" rel=\"noopener noreferrer\"><img decoding=\"async\" src=\"https:\/\/agora.xtec.cat\/insrocagrossa\/wp-content\/uploads\/usu1281\/2020\/05\/SOS-menu.png\" \/><\/a><\/td>\n<\/tr>\n<\/tbody>\n<\/table>\n<p>&nbsp;<\/p>\n<table align=\"center\">\n<tbody>\n<tr style=\"border: hidden;\">\n<td style=\"border: hidden;\"><a href=\"https:\/\/agora.xtec.cat\/insrocagrossa\/wp-content\/uploads\/usu1281\/2020\/07\/1R-EAS.pdf\" target=\"_blank\" rel=\"noopener noreferrer\"><img decoding=\"async\" src=\"https:\/\/agora.xtec.cat\/insrocagrossa\/wp-content\/uploads\/usu1281\/2020\/07\/1r-EAS.png\" height=\"198\" \/><\/a><\/td>\n<td style=\"border: hidden;\"><a href=\"https:\/\/agora.xtec.cat\/insrocagrossa\/wp-content\/uploads\/usu1281\/2020\/07\/2N-EAS.pdf\" target=\"_blank\" rel=\"noopener noreferrer\"><img decoding=\"async\" src=\"https:\/\/agora.xtec.cat\/insrocagrossa\/wp-content\/uploads\/usu1281\/2020\/07\/2n-EAS.png\" \/><\/a><\/td>\n<td style=\"border: hidden;\"><a href=\"https:\/\/agora.xtec.cat\/insrocagrossa\/wp-content\/uploads\/usu1281\/2020\/07\/1-CF-WEB.pdf\" target=\"_blank\" rel=\"noopener noreferrer\"><img decoding=\"async\" src=\"https:\/\/agora.xtec.cat\/insrocagrossa\/wp-content\/uploads\/usu1281\/2020\/07\/1r-CF.png\" \/><\/a><\/td>\n<td style=\"border: hidden;\"><a href=\"https:\/\/agora.xtec.cat\/insrocagrossa\/wp-content\/uploads\/usu1281\/2020\/07\/2N-CF-WEB.pdf\" target=\"_blank\" rel=\"noopener noreferrer\"><img decoding=\"async\" src=\"https:\/\/agora.xtec.cat\/insrocagrossa\/wp-content\/uploads\/usu1281\/2020\/07\/2n-CF.png\" \/><\/a><\/td>\n<\/tr>\n<\/tbody>\n<\/table>\n<ul>\n<li><strong>M\u00c9S DOCUMENTS PER ENTREGAR A LA MATR\u00cdCULA:<\/strong>\n<ul>\n<li style=\"list-style-type: none;\">\n<ul>\n<li><a href=\"https:\/\/agora.xtec.cat\/insrocagrossa\/wp-content\/uploads\/usu1281\/2020\/07\/menors-14.pdf\" target=\"_blank\" rel=\"noopener noreferrer\">Autoritzaci\u00f3 \u00fas de serveis i recursos digitals a internet per treballar a l&#8217;aula (MENORS DE 14 ANYS)<\/a><\/li>\n<li><a href=\"https:\/\/agora.xtec.cat\/insrocagrossa\/wp-content\/uploads\/usu1281\/2020\/07\/m\u00e9s-de-14.pdf\" target=\"_blank\" rel=\"noopener noreferrer\">Autoritzaci\u00f3 \u00fas de serveis i recursos digitals a internet per treballar a l&#8217;aula (MAJORS DE 14 ANYS)<\/a><\/li>\n<li><a href=\"https:\/\/agora.xtec.cat\/insrocagrossa\/wp-content\/uploads\/usu1281\/2020\/07\/majors-dedat.pdf\" target=\"_blank\" rel=\"noopener noreferrer\">Autoritzaci\u00f3 \u00fas de serveis i recursos digitals a internet per treballar a l&#8217;aula (MAJORS D&#8217;EDAT)<\/a><\/li>\n<\/ul>\n<\/li>\n<\/ul>\n<\/li>\n<\/ul>\n<ul>\n<li>\n<h5><a href=\"https:\/\/aplicacions.gestioeducativa.gencat.cat\/pls\/apex\/f?p=CITA_PREVIA:4::::4:P4_TIPUS_CALENDARI,P4_DOMINI:03_Oblig,17006770\" target=\"_blank\" rel=\"noopener noreferrer\">ACC\u00c9S A LA CITA PR\u00c8VIA MATR\u00cdCULA ESO<\/a><\/h5>\n<\/li>\n<li>\n<h5><a href=\"https:\/\/aplicacions.gestioeducativa.gencat.cat\/pls\/apex\/f?p=CITA_PREVIA:4::::4:P4_TIPUS_CALENDARI,P4_DOMINI:03_BATX,17006770\" target=\"_blank\" rel=\"noopener noreferrer\">ACC\u00c9S A LA CITA PR\u00c8VIA MATRICULA BATXILLERAT<\/a><\/h5>\n<\/li>\n<\/ul>\n<p><strong>*En cas de no poder accedir a l&#8217;aplicatiu, truqueu al tel\u00e8fon del centre (972 36 74 89) en HORARI DE MATINS.<\/strong><\/p>\n<p>&nbsp;<\/p>\n<h4><strong><span style=\"color: black;\">*\u00daLTIMA HORA! \u00a0(ESO)<\/span><\/strong><\/h4>\n<ul>\n<li><strong><a href=\"https:\/\/agora.xtec.cat\/insrocagrossa\/wp-content\/uploads\/usu1281\/2020\/07\/INFORME_PREINSCRITES_OME_INFORME_PREINSCRITES_OME-8.pdf\" target=\"_blank\" rel=\"noopener noreferrer\">LLISTAT ALUMNES PREINSCRITS AL CENTRE A ESO<\/a> (actualitzat el 07 de Juliol)<\/strong><\/li>\n<li><strong><a href=\"https:\/\/agora.xtec.cat\/insrocagrossa\/wp-content\/uploads\/usu1281\/2020\/07\/INFORME_ASSIGNADES_INFORME_ASSIGNADES-9.pdf\" target=\"_blank\" rel=\"noopener noreferrer\">LLISTAT ALUMNES ASSIGNATS AL CENTRE AMB INDICACI\u00d3 DE LA PRIMERA PETICI\u00d3 A ESO<\/a> (actualitzat el 07 de Juliol)<\/strong><\/li>\n<li><strong><a href=\"https:\/\/agora.xtec.cat\/insrocagrossa\/wp-content\/uploads\/usu1281\/2020\/07\/INFORME_LLISTA_ESPERA_OME_LLISTA_ESPERA-11.pdf\" target=\"_blank\" rel=\"noopener noreferrer\">PUBLICACI\u00d3 DEL LLISTAT D&#8217;ALUMNES EN LLISTA D&#8217;ESPERA<\/a> (actualitzat el 07 de Juliol)<\/strong><\/li>\n<\/ul>\n<h4><strong><span style=\"color: black;\">*\u00daLTIMA HORA! \u00a0(BATXILLERAT)<\/span><\/strong><\/h4>\n<ul>\n<li><strong><a href=\"https:\/\/agora.xtec.cat\/insrocagrossa\/wp-content\/uploads\/usu1281\/2020\/06\/INFORME_BAREM_DEFINITIU_BAREM-13.pdf\" target=\"_blank\" rel=\"noopener noreferrer\">LLISTA DEFINITIVA ORDENADA DE SOL\u00b7LICITUDS DE BATXILLERAT EN PRIMERA OPCI\u00d3 AL CENTRE<\/a><\/strong><\/li>\n<\/ul>\n<h4><strong><span style=\"color: black;\">*\u00daLTIMA HORA! \u00a0(CICLES FORMATIUS)<\/span><\/strong><\/h4>\n<ul>\n<li><strong>CICLES DE GRAU MITJ\u00c0:<\/strong>\n<ul>\n<li style=\"list-style-type: none;\">\n<ul>\n<li><strong><span style=\"text-decoration: underline;\">CAFEMN:<\/span> <a href=\"https:\/\/agora.xtec.cat\/insrocagrossa\/wp-content\/uploads\/usu1281\/2020\/07\/CAFEMN-20_21-INFORME_ASSIGNADES_INFORME_ASSIGNADES.pdf\" target=\"_blank\" rel=\"noopener noreferrer\">LLISTAT DELS ALUMNES ASSIGNATS AL CENTRE AMB INDICACI\u00d3 DE LA PRIMERA PETICI\u00d3<\/a> (actualitzat el 30 de Juliol)<\/strong><\/li>\n<li>\n<div class=\"page\" title=\"Page 1\">\n<div class=\"layoutArea\"><\/div>\n<\/div>\n<p><strong><span style=\"text-decoration: underline;\">CAFEMN:<\/span> <a href=\"https:\/\/agora.xtec.cat\/insrocagrossa\/wp-content\/uploads\/usu1281\/2020\/07\/CAFEMN-20-21-INFORME_LLISTA_ESPERA_OME_LLISTA_ESPERA.pdf\" target=\"_blank\" rel=\"noopener noreferrer\">PUBLICACI\u00d3 DE LA LLISTA D&#8217;ESPERA DEL CENTRE<\/a> (actualitzat el 30 de Juliol) \u00a0 \u00a0 \u00a0 \u00a0<\/strong><\/li>\n<li><strong><span style=\"text-decoration: underline;\">FUTBOL:<\/span> <a href=\"https:\/\/agora.xtec.cat\/insrocagrossa\/wp-content\/uploads\/usu1281\/2020\/07\/Llista-Baremada-Futbol.pdf\" target=\"_blank\" rel=\"noopener noreferrer\">LLISTA BAREMADA DE L&#8217;ALUMNAT PREINSCRIT\u00a0<\/a><\/strong><\/li>\n<li><strong><span style=\"text-decoration: underline;\">SOS:<\/span> <a href=\"https:\/\/agora.xtec.cat\/insrocagrossa\/wp-content\/uploads\/usu1281\/2020\/07\/Llista-Baremada-SOS.pdf\" target=\"_blank\" rel=\"noopener noreferrer\">LLISTA BAREMADA DE L&#8217;ALUMNAT PREINSCRIT <\/a><\/strong><\/li>\n<li><strong><span style=\"text-decoration: underline;\">CAFEMN:<\/span> <a href=\"https:\/\/agora.xtec.cat\/insrocagrossa\/wp-content\/uploads\/usu1281\/2020\/07\/INFORME_BAREM_RESOLTES_BAREM_CAFEMN.pdf\" target=\"_blank\" rel=\"noopener noreferrer\">SOL\u00b7LICITUDS QUE HAN DEMANAT ESTUDIAR CAFEMN AL CENTRE UN COP RESOLTES LES RECLAMACIONS<\/a><\/strong>\u00a0<strong>(actualitzat el 15 de Juliol)<\/strong><\/li>\n<li><strong><span style=\"text-decoration: underline;\">CAFEMN:<\/span> <a href=\"https:\/\/agora.xtec.cat\/insrocagrossa\/wp-content\/uploads\/usu1281\/2020\/07\/INFORME_BAREM_DEFINITIU_BAREM-4.pdf\" target=\"_blank\" rel=\"noopener noreferrer\">LLISTAT DEFINITIU DE LES SOL\u00b7LICITUDS QUE HAN DEMANAT CURSAR CAFEMN AL CENTRE I HAN ESTAT ADMESOS<\/a><\/strong> <strong>(actualitzat el 20 de Juliol)<\/strong><\/li>\n<\/ul>\n<\/li>\n<\/ul>\n<\/li>\n<\/ul>\n<ul>\n<li><strong>CICLES DE GRAU SUPERIOR:<\/strong>\n<ul>\n<li style=\"list-style-type: none;\">\n<ul>\n<li><strong><span style=\"text-decoration: underline;\">EAS i CF:<\/span> <a href=\"https:\/\/agora.xtec.cat\/insrocagrossa\/wp-content\/uploads\/usu1281\/2020\/07\/1r-EAS-20-21-INFORME_ASSIGNADES_INFORME_ASSIGNADES-GS.pdf\" target=\"_blank\" rel=\"noopener noreferrer\">LLISTAT DELS ALUMNES ASSIGNATS AL CENTRE AMB INDICACI\u00d3 DE LA PRIMERA PETICI\u00d3<\/a> (actualitzat el 30 de Juliol)<\/strong><\/li>\n<li><strong><span style=\"text-decoration: underline;\">EAS i CF:<\/span> <a href=\"https:\/\/agora.xtec.cat\/insrocagrossa\/wp-content\/uploads\/usu1281\/2020\/07\/1r-EAS-20-21-INFORME_LLISTA_ESPERA_OME_LLISTA_ESPERA-GS.pdf\" target=\"_blank\" rel=\"noopener noreferrer\">PUBLICACI\u00d3 DE LA LLISTA D&#8217;ESPERA DEL CENTRE<\/a> (actualitzat el 30 de Juliol) \u00a0 \u00a0<\/strong><strong> \u00a0<\/strong><\/li>\n<li><strong><span style=\"font-family: inherit; font-size: 1em;\"><span style=\"text-decoration: underline;\">EAS i CF:<\/span> <a href=\"https:\/\/agora.xtec.cat\/insrocagrossa\/wp-content\/uploads\/usu1281\/2020\/07\/Llista-ordenada-definitiva-EAS-i-CF.pdf\" target=\"_blank\" rel=\"noopener noreferrer\">PUBLICACI\u00d3 DE LA LLISTA DE SOL\u00b7LICITUSDS QUE HAN DEMANAT EL CENTRE I L&#8217;ENSENYAMENT EAS I CF EN PRIMERA OPCI\u00d3 ORDENADA DEFINITIVA<\/a> (actualitzat el 23 de Juliol)<\/span><\/strong><\/li>\n<li><strong><a href=\"https:\/\/agora.xtec.cat\/insrocagrossa\/wp-content\/uploads\/usu1281\/2020\/07\/llistes-barem-CFGS.pdf\" target=\"_blank\" rel=\"noopener noreferrer\">LLISTA DE SOL\u00b7LICITUDS QUE HAN DEMANAT EL CENTRE i L&#8217;ENSENYAMENT EN PRIMERA PETICI\u00d3 AMB EL BAREM PROVISIONAL<\/a> (actualitzat el 13 de Juliol)<\/strong><\/li>\n<\/ul>\n<\/li>\n<\/ul>\n<\/li>\n<\/ul>\n<h4><strong><span style=\"color: black;\">*\u00daLTIMA HORA! \u00a0(PTT)<\/span><\/strong><\/h4>\n<div class=\"page\" title=\"Page 1\">\n<div class=\"layoutArea\">\n<div class=\"column\">\n<ul>\n<li style=\"list-style-type: none;\">\n<ul>\n<li style=\"list-style-type: none;\">\n<ul>\n<li><strong><a href=\"https:\/\/agora.xtec.cat\/insrocagrossa\/wp-content\/uploads\/usu1281\/2020\/07\/preinscrits_al_centre_amb_assignaci\u00f3.pdf\" target=\"_blank\" rel=\"noopener noreferrer\">RESULTAT DEL PROC\u00c9S DE PREINSCRIPCI\u00d3 AMB ASSIGNACI\u00d3 A PROGRAMES DE FORMACI\u00d3 I INSERCI\u00d3 ORGANITZATS PEL DEPARTAMENT D&#8217;EDUCACI\u00d3 &#8211;<\/a><\/strong><span style=\"font-family: inherit; font-size: 1em;\"><strong>CURS 2020\/2021 PFI-<\/strong> <strong>(actualitzat el 20 de Juliol)<\/strong><\/span><\/li>\n<li>\n<div class=\"page\" title=\"Page 1\">\n<div class=\"layoutArea\">\n<div class=\"column\">\n<p><strong><a href=\"https:\/\/agora.xtec.cat\/insrocagrossa\/wp-content\/uploads\/usu1281\/2020\/07\/asignats_al_centre.pdf\" target=\"_blank\" rel=\"noopener noreferrer\">RELACI\u00d3 D&#8217;ALUMNES ADMESOS AL CENTRE. PREINSCRIPCI\u00d3 A PROGRAMES DE FORMACI\u00d3 I INSERCI\u00d3 ORGANITZATS PEL DEPARTAMENT D&#8217;EDUCACI\u00d3<\/a> (actualitzat el 20 de Juliol)<\/strong><\/p>\n<\/div>\n<\/div>\n<\/div>\n<\/li>\n<\/ul>\n<\/li>\n<\/ul>\n<\/li>\n<\/ul>\n<\/div>\n<\/div>\n<\/div>\n<p><strong>________________________________________________________________________________________________________________<\/strong><\/p>\n<div class=\"page\" title=\"Page 1\">\n<div class=\"layoutArea\">\n<div class=\"column\">\n<ul>\n<li><strong><a href=\"https:\/\/agora.xtec.cat\/insrocagrossa\/wp-content\/uploads\/usu1281\/2020\/07\/Prestacions-i-FAQS-ordinador.pdf\" target=\"_blank\" rel=\"noopener noreferrer\">ORDINADORS PER L&#8217;ALUMNAT: REQUISITS M\u00cdNIMS I PREGUNTES FREQ\u00dcENTS<\/a><\/strong><\/li>\n<\/ul>\n<\/div>\n<\/div>\n<\/div>\n","protected":false},"excerpt":{"rendered":"<p>CLICA AQUELL ESTUDI QUE T&#8217;INTERESSI PER OBTENIR LA INFORMACI\u00d3 NECESS\u00c0RIA (documents per imprimir)<br \/>\n&nbsp;<\/p>\n<p><a href=\"https:\/\/agora.xtec.cat\/insrocagrossa\/wp-content\/uploads\/usu1281\/2020\/07\/MATRICULA-ESO-OK-2.pdf\" target=\"_blank\" rel=\"noopener noreferrer\"><\/a><br \/>\n<a href=\"https:\/\/agora.xtec.cat\/insrocagrossa\/wp-content\/uploads\/usu1281\/2020\/07\/MATRICULA-BATXILLERAT-OK.pdf\" target=\"_blank\" rel=\"noopener noreferrer\"><\/a><\/p>\n<p>&nbsp;<\/p>\n<p><a href=\"https:\/\/agora.xtec.cat\/insrocagrossa\/wp-content\/uploads\/usu1281\/2020\/07\/CAFEMN-WEB.pdf\" target=\"_blank\" rel=\"noopener noreferrer\"><\/a><br \/>\n<a href=\"https:\/\/agora.xtec.cat\/insrocagrossa\/wp-content\/uploads\/usu1281\/2020\/09\/FUTBOL-WEB.pdf\" target=\"_blank\" rel=\"noopener noreferrer\"><\/a><br \/>\n<a href=\"https:\/\/agora.xtec.cat\/insrocagrossa\/wp-content\/uploads\/usu1281\/2020\/09\/SOS-WEB.pdf\" target=\"_blank\" rel=\"noopener noreferrer\"><\/a><\/p>\n<p>&nbsp;<\/p>\n<p><a href=\"https:\/\/agora.xtec.cat\/insrocagrossa\/wp-content\/uploads\/usu1281\/2020\/07\/1R-EAS.pdf\" target=\"_blank\" rel=\"noopener noreferrer\"><\/a><br \/>\n<a href=\"https:\/\/agora.xtec.cat\/insrocagrossa\/wp-content\/uploads\/usu1281\/2020\/07\/2N-EAS.pdf\" target=\"_blank\" rel=\"noopener noreferrer\"><\/a><br \/>\n<a href=\"https:\/\/agora.xtec.cat\/insrocagrossa\/wp-content\/uploads\/usu1281\/2020\/07\/1-CF-WEB.pdf\" target=\"_blank\" rel=\"noopener noreferrer\"><\/a><br \/>\n<a&hellip;  <a href=\"https:\/\/agora.xtec.cat\/insrocagrossa\/matricula-curs-2020-21\/\" title=\"Read Matr\u00edcula Curs 2020-21\">Llegeix m\u00e9s\u00bb<\/a><\/p>\n","protected":false},"author":1,"featured_media":0,"parent":0,"menu_order":0,"comment_status":"closed","ping_status":"closed","template":"","meta":{"_bbp_topic_count":0,"_bbp_reply_count":0,"_bbp_total_topic_count":0,"_bbp_total_reply_count":0,"_bbp_voice_count":0,"_bbp_anonymous_reply_count":0,"_bbp_topic_count_hidden":0,"_bbp_reply_count_hidden":0,"_bbp_forum_subforum_count":0,"footnotes":""},"class_list":["post-10116","page","type-page","status-publish","hentry"],"post_mailing_queue_ids":[],"_links":{"self":[{"href":"https:\/\/agora.xtec.cat\/insrocagrossa\/wp-json\/wp\/v2\/pages\/10116","targetHints":{"allow":["GET"]}}],"collection":[{"href":"https:\/\/agora.xtec.cat\/insrocagrossa\/wp-json\/wp\/v2\/pages"}],"about":[{"href":"https:\/\/agora.xtec.cat\/insrocagrossa\/wp-json\/wp\/v2\/types\/page"}],"author":[{"embeddable":true,"href":"https:\/\/agora.xtec.cat\/insrocagrossa\/wp-json\/wp\/v2\/users\/1"}],"replies":[{"embeddable":true,"href":"https:\/\/agora.xtec.cat\/insrocagrossa\/wp-json\/wp\/v2\/comments?post=10116"}],"version-history":[{"count":4,"href":"https:\/\/agora.xtec.cat\/insrocagrossa\/wp-json\/wp\/v2\/pages\/10116\/revisions"}],"predecessor-version":[{"id":10172,"href":"https:\/\/agora.xtec.cat\/insrocagrossa\/wp-json\/wp\/v2\/pages\/10116\/revisions\/10172"}],"wp:attachment":[{"href":"https:\/\/agora.xtec.cat\/insrocagrossa\/wp-json\/wp\/v2\/media?parent=10116"}],"curies":[{"name":"wp","href":"https:\/\/api.w.org\/{rel}","templated":true}]}}