{"id":81,"date":"2014-09-18T10:38:05","date_gmt":"2014-09-18T10:38:05","guid":{"rendered":"http:\/\/agora.xtec.cat\/insramondelatorre\/?page_id=81"},"modified":"2023-03-07T12:22:24","modified_gmt":"2023-03-07T11:22:24","slug":"secretaria","status":"publish","type":"page","link":"https:\/\/agora.xtec.cat\/insramondelatorre\/secretaria\/","title":{"rendered":"Secretaria"},"content":{"rendered":"<h4><strong>Horari d&#8217;atenci\u00f3<\/strong><\/h4>\n<ul>\n<li><strong>Durant el curs<\/strong>:\n<ul>\n<li>de dilluns a divendres de 10h a 16h<\/li>\n<\/ul>\n<\/li>\n<li><strong>Preinscripci\u00f3 i matr\u00edcula<\/strong>:\n<ul>\n<li>de dilluns a divendres de 9h a 16h<\/li>\n<\/ul>\n<\/li>\n<li><strong>Juliol<\/strong>:\n<ul>\n<li>de dilluns a divendres de 10h a 13h<\/li>\n<\/ul>\n<\/li>\n<\/ul>\n<p><span style=\"font-family: arial, helvetica, sans-serif;\" data-blogger-escaped-style=\"font-family: &quot;arial&quot; , &quot;helvetica&quot; , sans-serif;\"><span style=\"font-size: medium;\" data-blogger-escaped-style=\"font-size: small;\">A Secretaria hi podreu trobar:\u00a0<\/span><\/span><\/p>\n<p><span style=\"font-family: arial, helvetica, sans-serif;\" data-blogger-escaped-style=\"font-family: &quot;arial&quot; , &quot;helvetica&quot; , sans-serif;\"><span style=\"font-size: medium;\" data-blogger-escaped-style=\"font-size: small;\">Anna Carceller<br \/>\n<\/span><\/span><span style=\"font-family: arial, helvetica, sans-serif;\" data-blogger-escaped-style=\"font-family: &quot;arial&quot; , &quot;helvetica&quot; , sans-serif;\"><span style=\"font-size: medium;\" data-blogger-escaped-style=\"font-size: small;\">Gerard Ruiz<\/span><\/span><\/p>\n<p>(Consergeria oberta fins a les 20.00 h excepte divendres fins a les 19.00h per a recollir impresos)<\/p>\n","protected":false},"excerpt":{"rendered":"<p>Horari d&#8217;atenci\u00f3 Durant el curs: de dilluns a divendres de 10h a 16h Preinscripci\u00f3 i matr\u00edcula: de dilluns a divendres de 9h a 16h Juliol: de dilluns a divendres de 10h a 13h A Secretaria hi podreu trobar:\u00a0 Anna Carceller Gerard Ruiz (Consergeria oberta fins a les 20.00 h excepte divendres fins a les 19.00h [&hellip;]<\/p>\n","protected":false},"author":1,"featured_media":0,"parent":0,"menu_order":0,"comment_status":"closed","ping_status":"closed","template":"","meta":{"_bbp_topic_count":0,"_bbp_reply_count":0,"_bbp_total_topic_count":0,"_bbp_total_reply_count":0,"_bbp_voice_count":0,"_bbp_anonymous_reply_count":0,"_bbp_topic_count_hidden":0,"_bbp_reply_count_hidden":0,"_bbp_forum_subforum_count":0,"site-sidebar-layout":"default","site-content-layout":"","ast-site-content-layout":"","site-content-style":"default","site-sidebar-style":"default","ast-global-header-display":"","ast-banner-title-visibility":"","ast-main-header-display":"","ast-hfb-above-header-display":"","ast-hfb-below-header-display":"","ast-hfb-mobile-header-display":"","site-post-title":"","ast-breadcrumbs-content":"","ast-featured-img":"","footer-sml-layout":"","theme-transparent-header-meta":"","adv-header-id-meta":"","stick-header-meta":"","header-above-stick-meta":"","header-main-stick-meta":"","header-below-stick-meta":"","astra-migrate-meta-layouts":"default","ast-page-background-enabled":"default","ast-page-background-meta":{"desktop":{"background-color":"var(--ast-global-color-4)","background-image":"","background-repeat":"repeat","background-position":"center center","background-size":"auto","background-attachment":"scroll","background-type":"","background-media":"","overlay-type":"","overlay-color":"","overlay-opacity":"","overlay-gradient":""},"tablet":{"background-color":"","background-image":"","background-repeat":"repeat","background-position":"center center","background-size":"auto","background-attachment":"scroll","background-type":"","background-media":"","overlay-type":"","overlay-color":"","overlay-opacity":"","overlay-gradient":""},"mobile":{"background-color":"","background-image":"","background-repeat":"repeat","background-position":"center center","background-size":"auto","background-attachment":"scroll","background-type":"","background-media":"","overlay-type":"","overlay-color":"","overlay-opacity":"","overlay-gradient":""}},"ast-content-background-meta":{"desktop":{"background-color":"var(--ast-global-color-5)","background-image":"","background-repeat":"repeat","background-position":"center center","background-size":"auto","background-attachment":"scroll","background-type":"","background-media":"","overlay-type":"","overlay-color":"","overlay-opacity":"","overlay-gradient":""},"tablet":{"background-color":"var(--ast-global-color-5)","background-image":"","background-repeat":"repeat","background-position":"center center","background-size":"auto","background-attachment":"scroll","background-type":"","background-media":"","overlay-type":"","overlay-color":"","overlay-opacity":"","overlay-gradient":""},"mobile":{"background-color":"var(--ast-global-color-5)","background-image":"","background-repeat":"repeat","background-position":"center center","background-size":"auto","background-attachment":"scroll","background-type":"","background-media":"","overlay-type":"","overlay-color":"","overlay-opacity":"","overlay-gradient":""}},"footnotes":""},"class_list":["post-81","page","type-page","status-publish","hentry"],"post_mailing_queue_ids":[],"_links":{"self":[{"href":"https:\/\/agora.xtec.cat\/insramondelatorre\/wp-json\/wp\/v2\/pages\/81","targetHints":{"allow":["GET"]}}],"collection":[{"href":"https:\/\/agora.xtec.cat\/insramondelatorre\/wp-json\/wp\/v2\/pages"}],"about":[{"href":"https:\/\/agora.xtec.cat\/insramondelatorre\/wp-json\/wp\/v2\/types\/page"}],"author":[{"embeddable":true,"href":"https:\/\/agora.xtec.cat\/insramondelatorre\/wp-json\/wp\/v2\/users\/1"}],"replies":[{"embeddable":true,"href":"https:\/\/agora.xtec.cat\/insramondelatorre\/wp-json\/wp\/v2\/comments?post=81"}],"version-history":[{"count":4,"href":"https:\/\/agora.xtec.cat\/insramondelatorre\/wp-json\/wp\/v2\/pages\/81\/revisions"}],"predecessor-version":[{"id":6108,"href":"https:\/\/agora.xtec.cat\/insramondelatorre\/wp-json\/wp\/v2\/pages\/81\/revisions\/6108"}],"wp:attachment":[{"href":"https:\/\/agora.xtec.cat\/insramondelatorre\/wp-json\/wp\/v2\/media?parent=81"}],"curies":[{"name":"wp","href":"https:\/\/api.w.org\/{rel}","templated":true}]}}