{"id":6790,"date":"2023-12-13T11:57:16","date_gmt":"2023-12-13T10:57:16","guid":{"rendered":"https:\/\/agora.xtec.cat\/insramondelatorre\/?page_id=6790"},"modified":"2023-12-13T15:41:26","modified_gmt":"2023-12-13T14:41:26","slug":"projecte-cete","status":"publish","type":"page","link":"https:\/\/agora.xtec.cat\/insramondelatorre\/erasmus-de-la-unio-europea\/projecte-cete\/","title":{"rendered":"projecte CETE +"},"content":{"rendered":"<p style=\"text-align: center;\">CETE + \u00e9s l&#8217;acr\u00f2nim del Consorci Europeu per a la Transformaci\u00f3 Educativa. Aquest \u00e9s el nom que rep l&#8217;acreditaci\u00f3 Erasmus + KA120 del Departament d&#8217;Educaci\u00f3 de Catalunya en l&#8217;\u00e0mbit d&#8217;Educaci\u00f3 Escolar.<\/p>\n<p style=\"text-align: center;\"><iframe loading=\"lazy\" src=\"https:\/\/docs.google.com\/presentation\/d\/e\/2PACX-1vRBMqRetqR4vxqMBZ8DrLtMxUu6UhS1TB61EUXzDUGTDzLI9bf_YHSal03NRI_DpU3T2uIvm9YJGHKf\/embed?start=false&amp;loop=false&amp;delayms=3000\" width=\"960\" height=\"569\" frameborder=\"0\" allowfullscreen=\"allowfullscreen\"><\/iframe><\/p>\n<p><a href=\"https:\/\/projectes.xtec.cat\/cete\/\" target=\"_blank\" rel=\"noopener\">Enlla\u00e7 projecte CETE +<\/a><\/p>\n<p><a href=\"https:\/\/docs.google.com\/presentation\/d\/1ou0DxZpSQs3PbgfcJ8Mf-nmucIpoRtfLJSp3Tay4NCo\/edit?usp=sharing\" target=\"_blank\" rel=\"noopener\">Enlla\u00e7 projecte CETE + Ramon de la Torre<\/a><\/p>\n<p><a href=\"https:\/\/drive.google.com\/file\/d\/11OBHjPkhgaC0SHTYagDg-_Rx-uBkpsiQ\/view\" target=\"_blank\" rel=\"noopener\">Mem\u00f2ria mobilitat CETE + Alemanya<\/a><\/p>\n<p><a href=\"https:\/\/www.canva.com\/design\/DAFeACXH6FI\/daJ9h2ADpGJBZ6XFyZCMVw\/watch?utm_content=DAFeACXH6FI&amp;utm_campaign=designshare&amp;utm_medium=link&amp;utm_source=publishsharelink\" target=\"_blank\" rel=\"noopener\">Mem\u00f2ria mobilitat CETE + Irlanda<\/a><\/p>\n","protected":false},"excerpt":{"rendered":"<p>CETE + \u00e9s l&#8217;acr\u00f2nim del Consorci Europeu per a la Transformaci\u00f3 Educativa. Aquest \u00e9s el nom que rep l&#8217;acreditaci\u00f3 Erasmus + KA120 del Departament d&#8217;Educaci\u00f3 de Catalunya en l&#8217;\u00e0mbit d&#8217;Educaci\u00f3 Escolar. Enlla\u00e7 projecte CETE + Enlla\u00e7 projecte CETE + Ramon de la Torre Mem\u00f2ria mobilitat CETE + Alemanya Mem\u00f2ria mobilitat CETE + Irlanda<\/p>\n","protected":false},"author":4,"featured_media":0,"parent":1533,"menu_order":0,"comment_status":"closed","ping_status":"closed","template":"page-templates\/side-menu.php","meta":{"_bbp_topic_count":0,"_bbp_reply_count":0,"_bbp_total_topic_count":0,"_bbp_total_reply_count":0,"_bbp_voice_count":0,"_bbp_anonymous_reply_count":0,"_bbp_topic_count_hidden":0,"_bbp_reply_count_hidden":0,"_bbp_forum_subforum_count":0,"site-sidebar-layout":"default","site-content-layout":"","ast-site-content-layout":"","site-content-style":"default","site-sidebar-style":"default","ast-global-header-display":"","ast-banner-title-visibility":"","ast-main-header-display":"","ast-hfb-above-header-display":"","ast-hfb-below-header-display":"","ast-hfb-mobile-header-display":"","site-post-title":"","ast-breadcrumbs-content":"","ast-featured-img":"","footer-sml-layout":"","theme-transparent-header-meta":"","adv-header-id-meta":"","stick-header-meta":"","header-above-stick-meta":"","header-main-stick-meta":"","header-below-stick-meta":"","astra-migrate-meta-layouts":"default","ast-page-background-enabled":"default","ast-page-background-meta":{"desktop":{"background-color":"var(--ast-global-color-4)","background-image":"","background-repeat":"repeat","background-position":"center center","background-size":"auto","background-attachment":"scroll","background-type":"","background-media":"","overlay-type":"","overlay-color":"","overlay-opacity":"","overlay-gradient":""},"tablet":{"background-color":"","background-image":"","background-repeat":"repeat","background-position":"center center","background-size":"auto","background-attachment":"scroll","background-type":"","background-media":"","overlay-type":"","overlay-color":"","overlay-opacity":"","overlay-gradient":""},"mobile":{"background-color":"","background-image":"","background-repeat":"repeat","background-position":"center center","background-size":"auto","background-attachment":"scroll","background-type":"","background-media":"","overlay-type":"","overlay-color":"","overlay-opacity":"","overlay-gradient":""}},"ast-content-background-meta":{"desktop":{"background-color":"var(--ast-global-color-5)","background-image":"","background-repeat":"repeat","background-position":"center center","background-size":"auto","background-attachment":"scroll","background-type":"","background-media":"","overlay-type":"","overlay-color":"","overlay-opacity":"","overlay-gradient":""},"tablet":{"background-color":"var(--ast-global-color-5)","background-image":"","background-repeat":"repeat","background-position":"center center","background-size":"auto","background-attachment":"scroll","background-type":"","background-media":"","overlay-type":"","overlay-color":"","overlay-opacity":"","overlay-gradient":""},"mobile":{"background-color":"var(--ast-global-color-5)","background-image":"","background-repeat":"repeat","background-position":"center center","background-size":"auto","background-attachment":"scroll","background-type":"","background-media":"","overlay-type":"","overlay-color":"","overlay-opacity":"","overlay-gradient":""}},"footnotes":""},"class_list":["post-6790","page","type-page","status-publish","hentry"],"post_mailing_queue_ids":[],"_links":{"self":[{"href":"https:\/\/agora.xtec.cat\/insramondelatorre\/wp-json\/wp\/v2\/pages\/6790","targetHints":{"allow":["GET"]}}],"collection":[{"href":"https:\/\/agora.xtec.cat\/insramondelatorre\/wp-json\/wp\/v2\/pages"}],"about":[{"href":"https:\/\/agora.xtec.cat\/insramondelatorre\/wp-json\/wp\/v2\/types\/page"}],"author":[{"embeddable":true,"href":"https:\/\/agora.xtec.cat\/insramondelatorre\/wp-json\/wp\/v2\/users\/4"}],"replies":[{"embeddable":true,"href":"https:\/\/agora.xtec.cat\/insramondelatorre\/wp-json\/wp\/v2\/comments?post=6790"}],"version-history":[{"count":6,"href":"https:\/\/agora.xtec.cat\/insramondelatorre\/wp-json\/wp\/v2\/pages\/6790\/revisions"}],"predecessor-version":[{"id":6800,"href":"https:\/\/agora.xtec.cat\/insramondelatorre\/wp-json\/wp\/v2\/pages\/6790\/revisions\/6800"}],"up":[{"embeddable":true,"href":"https:\/\/agora.xtec.cat\/insramondelatorre\/wp-json\/wp\/v2\/pages\/1533"}],"wp:attachment":[{"href":"https:\/\/agora.xtec.cat\/insramondelatorre\/wp-json\/wp\/v2\/media?parent=6790"}],"curies":[{"name":"wp","href":"https:\/\/api.w.org\/{rel}","templated":true}]}}