{"id":6148,"date":"2023-03-15T07:42:58","date_gmt":"2023-03-15T06:42:58","guid":{"rendered":"https:\/\/agora.xtec.cat\/insramondelatorre\/?page_id=6148"},"modified":"2026-03-26T08:24:06","modified_gmt":"2026-03-26T07:24:06","slug":"cfgm-manteniment-dembarcacions-desbarjo","status":"publish","type":"page","link":"https:\/\/agora.xtec.cat\/insramondelatorre\/estudis\/cicles-formatius\/cfgm-manteniment-dembarcacions-desbarjo\/","title":{"rendered":"CFGM MANTENIMENT D&#8217;EMBARCACIONS D&#8217;ESBARJO"},"content":{"rendered":"<p><strong>T\u00edtol<\/strong>: T\u00e8cnic\/a en Manteniment d&#8217;Embarcacions d&#8217;Esbarjo<\/p>\n<p><strong>Durada:<\/strong> 2.000 hores. 1.485 hores en el centre educatiu o port i 515 hores en centres de treball (Estada a l&#8217;empresa). 2 cursos acad\u00e8mics.<\/p>\n<p><b>DUAL<\/b>: PR\u00c0CTIQUES REMUNERADES AMB CONTRACTE LABORAL (614 hores en centres de treball).<\/p>\n<p>CONVENI AMB EL PORT DE TORREDEMBARRA<\/p>\n<p><strong>Compet\u00e8ncia General:\u00a0<\/strong>Mantenir en bon estat, \u00fas i funcionament el casc, estructures, elements i sistemes que conformen les embarcacions d\u2019esbarjo, utilitzant procediments establerts, complint amb les especificacions de seguretat, prevenci\u00f3 de riscos laborals i mediambientals requerides.<\/p>\n<p>Les <strong>principals ocupacions i llocs de treball<\/strong> s\u00f3n de M<span style=\"font-family: inherit; font-size: 1em;\">antenidor o mantenidora generalista d&#8217;embarcacions d&#8217;esbarjo<\/span><\/p>\n<p>M\u00e9s informaci\u00f3 <strong><a href=\"https:\/\/agora.xtec.cat\/insramondelatorre\/wp-content\/uploads\/usu1829\/2026\/03\/diptic_CFGM_MEE_2026.pdf\" target=\"_blank\" rel=\"noopener\">AQU\u00cd<\/a><\/strong><\/p>\n","protected":false},"excerpt":{"rendered":"<p>T\u00edtol: T\u00e8cnic\/a en Manteniment d&#8217;Embarcacions d&#8217;Esbarjo Durada: 2.000 hores. 1.485 hores en el centre educatiu o port i 515 hores en centres de treball (Estada a l&#8217;empresa). 2 cursos acad\u00e8mics. DUAL: PR\u00c0CTIQUES REMUNERADES AMB CONTRACTE LABORAL (614 hores en centres de treball). CONVENI AMB EL PORT DE TORREDEMBARRA Compet\u00e8ncia General:\u00a0Mantenir en bon estat, \u00fas i [&hellip;]<\/p>\n","protected":false},"author":4,"featured_media":0,"parent":1487,"menu_order":1,"comment_status":"closed","ping_status":"closed","template":"","meta":{"_bbp_topic_count":0,"_bbp_reply_count":0,"_bbp_total_topic_count":0,"_bbp_total_reply_count":0,"_bbp_voice_count":0,"_bbp_anonymous_reply_count":0,"_bbp_topic_count_hidden":0,"_bbp_reply_count_hidden":0,"_bbp_forum_subforum_count":0,"site-sidebar-layout":"default","site-content-layout":"","ast-site-content-layout":"default","site-content-style":"default","site-sidebar-style":"default","ast-global-header-display":"","ast-banner-title-visibility":"","ast-main-header-display":"","ast-hfb-above-header-display":"","ast-hfb-below-header-display":"","ast-hfb-mobile-header-display":"","site-post-title":"","ast-breadcrumbs-content":"","ast-featured-img":"","footer-sml-layout":"","theme-transparent-header-meta":"default","adv-header-id-meta":"","stick-header-meta":"","header-above-stick-meta":"","header-main-stick-meta":"","header-below-stick-meta":"","astra-migrate-meta-layouts":"set","ast-page-background-enabled":"default","ast-page-background-meta":{"desktop":{"background-color":"var(--ast-global-color-4)","background-image":"","background-repeat":"repeat","background-position":"center center","background-size":"auto","background-attachment":"scroll","background-type":"","background-media":"","overlay-type":"","overlay-color":"","overlay-opacity":"","overlay-gradient":""},"tablet":{"background-color":"","background-image":"","background-repeat":"repeat","background-position":"center center","background-size":"auto","background-attachment":"scroll","background-type":"","background-media":"","overlay-type":"","overlay-color":"","overlay-opacity":"","overlay-gradient":""},"mobile":{"background-color":"","background-image":"","background-repeat":"repeat","background-position":"center center","background-size":"auto","background-attachment":"scroll","background-type":"","background-media":"","overlay-type":"","overlay-color":"","overlay-opacity":"","overlay-gradient":""}},"ast-content-background-meta":{"desktop":{"background-color":"var(--ast-global-color-5)","background-image":"","background-repeat":"repeat","background-position":"center center","background-size":"auto","background-attachment":"scroll","background-type":"","background-media":"","overlay-type":"","overlay-color":"","overlay-opacity":"","overlay-gradient":""},"tablet":{"background-color":"var(--ast-global-color-5)","background-image":"","background-repeat":"repeat","background-position":"center center","background-size":"auto","background-attachment":"scroll","background-type":"","background-media":"","overlay-type":"","overlay-color":"","overlay-opacity":"","overlay-gradient":""},"mobile":{"background-color":"var(--ast-global-color-5)","background-image":"","background-repeat":"repeat","background-position":"center center","background-size":"auto","background-attachment":"scroll","background-type":"","background-media":"","overlay-type":"","overlay-color":"","overlay-opacity":"","overlay-gradient":""}},"footnotes":""},"class_list":["post-6148","page","type-page","status-publish","hentry"],"post_mailing_queue_ids":[],"_links":{"self":[{"href":"https:\/\/agora.xtec.cat\/insramondelatorre\/wp-json\/wp\/v2\/pages\/6148","targetHints":{"allow":["GET"]}}],"collection":[{"href":"https:\/\/agora.xtec.cat\/insramondelatorre\/wp-json\/wp\/v2\/pages"}],"about":[{"href":"https:\/\/agora.xtec.cat\/insramondelatorre\/wp-json\/wp\/v2\/types\/page"}],"author":[{"embeddable":true,"href":"https:\/\/agora.xtec.cat\/insramondelatorre\/wp-json\/wp\/v2\/users\/4"}],"replies":[{"embeddable":true,"href":"https:\/\/agora.xtec.cat\/insramondelatorre\/wp-json\/wp\/v2\/comments?post=6148"}],"version-history":[{"count":7,"href":"https:\/\/agora.xtec.cat\/insramondelatorre\/wp-json\/wp\/v2\/pages\/6148\/revisions"}],"predecessor-version":[{"id":8742,"href":"https:\/\/agora.xtec.cat\/insramondelatorre\/wp-json\/wp\/v2\/pages\/6148\/revisions\/8742"}],"up":[{"embeddable":true,"href":"https:\/\/agora.xtec.cat\/insramondelatorre\/wp-json\/wp\/v2\/pages\/1487"}],"wp:attachment":[{"href":"https:\/\/agora.xtec.cat\/insramondelatorre\/wp-json\/wp\/v2\/media?parent=6148"}],"curies":[{"name":"wp","href":"https:\/\/api.w.org\/{rel}","templated":true}]}}