{"id":5976,"date":"2023-02-01T16:06:53","date_gmt":"2023-02-01T15:06:53","guid":{"rendered":"https:\/\/agora.xtec.cat\/insramondelatorre\/?page_id=5976"},"modified":"2026-04-13T10:53:35","modified_gmt":"2026-04-13T08:53:35","slug":"beques-i-ajuts","status":"publish","type":"page","link":"https:\/\/agora.xtec.cat\/insramondelatorre\/secretaria\/beques-i-ajuts\/","title":{"rendered":"BEQUES I AJUTS"},"content":{"rendered":"<p><strong>Us informem que s\u2019ha obert el termini per sol\u00b7licitar les beques de la Generalitat de Catalunya per estudis postobligatoris per al curs 2026 &#8211; 2027.<\/strong><\/p>\n<p>Termini de presentaci\u00f3: <strong>del 07 d&#8217;abril al 18 de maig de 2025, ambd\u00f3s inclosos.<\/strong><\/p>\n<p>La sol\u00b7licitud de la beca s&#8217;ha de fer a trav\u00e9s de la seu electr\u00f2nica de la Generalitat de Catalunya.<\/p>\n<p>Podeu obtenir tota la informaci\u00f3 i iniciar la sol\u00b7licitud en aquest enlla\u00e7, en cas d&#8217;<strong>estudis no universitaris<\/strong>:<\/p>\n<p><a href=\"https:\/\/tramits.gencat.cat\/ca\/tramits\/tramits-temes\/beques-estudis-no-universitaris?category=a4272bff-0c0b-11f1-bbc1-005056ba51b2&amp;moda=1\" target=\"_blank\" rel=\"noopener\">https:\/\/tramits.gencat.cat\/ca\/tramits\/tramits-temes\/beques-estudis-no-universitaris?category=a4272bff-0c0b-11f1-bbc1-005056ba51b2&amp;moda=1<\/a><\/p>\n<p>Podeu obtenir tota la informaci\u00f3 i iniciar la sol\u00b7licitud en aquest enlla\u00e7, en cas d&#8217;<strong>estudis universitaris (en aquest cas el termini acaba el 18 de maig a les 15:00)<\/strong>:<\/p>\n<p><a href=\"https:\/\/tramits.gencat.cat\/ca\/tramits\/tramits-temes\/Beca-general-de-la-Generalitat-GRAL\" target=\"_blank\" rel=\"noopener\">https:\/\/tramits.gencat.cat\/ca\/tramits\/tramits-temes\/Beca-general-de-la-Generalitat-GRAL<\/a><\/p>\n<p>&nbsp;<\/p>\n<p><strong>Us informem que s\u2019ha obert el termini per sol\u00b7licitar les beques del Ministerio de Educaci\u00f3n y Formaci\u00f3n Profesional per l&#8217;alumnat amb necessitats espec\u00edfiques de recolzament educatiu, per al curs 2025 &#8211; 2026.<\/strong><\/p>\n<p>Termini de presentaci\u00f3: <strong>del 30 d&#8217;abril al 11 de setembre de 2025, ambd\u00f3s inclosos<\/strong>.<\/p>\n<p>La sol\u00b7licitud de la beca s&#8217;ha de fer a trav\u00e9s de la seu electr\u00f2nica del Ministeri d&#8217;Educaci\u00f3 i Formaci\u00f3 Professional.<\/p>\n<p>Podeu iniciar la sol\u00b7licitud en aquest enlla\u00e7:<\/p>\n<p><a href=\"https:\/\/sede.educacion.gob.es\/sede\/login\/inicio.jjsp?idConvocatoria=2286\">https:\/\/sede.educacion.gob.es\/sede\/login\/inicio.jjsp?idConvocatoria=2109<\/a><\/p>\n<p>&nbsp;<\/p>\n","protected":false},"excerpt":{"rendered":"<p>Us informem que s\u2019ha obert el termini per sol\u00b7licitar les beques de la Generalitat de Catalunya per estudis postobligatoris per al curs 2026 &#8211; 2027. Termini de presentaci\u00f3: del 07 d&#8217;abril al 18 de maig de 2025, ambd\u00f3s inclosos. La sol\u00b7licitud de la beca s&#8217;ha de fer a trav\u00e9s de la seu electr\u00f2nica de la [&hellip;]<\/p>\n","protected":false},"author":4,"featured_media":0,"parent":81,"menu_order":3,"comment_status":"closed","ping_status":"closed","template":"","meta":{"_bbp_topic_count":0,"_bbp_reply_count":0,"_bbp_total_topic_count":0,"_bbp_total_reply_count":0,"_bbp_voice_count":0,"_bbp_anonymous_reply_count":0,"_bbp_topic_count_hidden":0,"_bbp_reply_count_hidden":0,"_bbp_forum_subforum_count":0,"site-sidebar-layout":"default","site-content-layout":"","ast-site-content-layout":"default","site-content-style":"default","site-sidebar-style":"default","ast-global-header-display":"","ast-banner-title-visibility":"","ast-main-header-display":"","ast-hfb-above-header-display":"","ast-hfb-below-header-display":"","ast-hfb-mobile-header-display":"","site-post-title":"","ast-breadcrumbs-content":"","ast-featured-img":"","footer-sml-layout":"","theme-transparent-header-meta":"default","adv-header-id-meta":"","stick-header-meta":"","header-above-stick-meta":"","header-main-stick-meta":"","header-below-stick-meta":"","astra-migrate-meta-layouts":"set","ast-page-background-enabled":"default","ast-page-background-meta":{"desktop":{"background-color":"var(--ast-global-color-4)","background-image":"","background-repeat":"repeat","background-position":"center center","background-size":"auto","background-attachment":"scroll","background-type":"","background-media":"","overlay-type":"","overlay-color":"","overlay-opacity":"","overlay-gradient":""},"tablet":{"background-color":"","background-image":"","background-repeat":"repeat","background-position":"center center","background-size":"auto","background-attachment":"scroll","background-type":"","background-media":"","overlay-type":"","overlay-color":"","overlay-opacity":"","overlay-gradient":""},"mobile":{"background-color":"","background-image":"","background-repeat":"repeat","background-position":"center center","background-size":"auto","background-attachment":"scroll","background-type":"","background-media":"","overlay-type":"","overlay-color":"","overlay-opacity":"","overlay-gradient":""}},"ast-content-background-meta":{"desktop":{"background-color":"var(--ast-global-color-5)","background-image":"","background-repeat":"repeat","background-position":"center center","background-size":"auto","background-attachment":"scroll","background-type":"","background-media":"","overlay-type":"","overlay-color":"","overlay-opacity":"","overlay-gradient":""},"tablet":{"background-color":"var(--ast-global-color-5)","background-image":"","background-repeat":"repeat","background-position":"center center","background-size":"auto","background-attachment":"scroll","background-type":"","background-media":"","overlay-type":"","overlay-color":"","overlay-opacity":"","overlay-gradient":""},"mobile":{"background-color":"var(--ast-global-color-5)","background-image":"","background-repeat":"repeat","background-position":"center center","background-size":"auto","background-attachment":"scroll","background-type":"","background-media":"","overlay-type":"","overlay-color":"","overlay-opacity":"","overlay-gradient":""}},"footnotes":""},"class_list":["post-5976","page","type-page","status-publish","hentry"],"post_mailing_queue_ids":[],"_links":{"self":[{"href":"https:\/\/agora.xtec.cat\/insramondelatorre\/wp-json\/wp\/v2\/pages\/5976","targetHints":{"allow":["GET"]}}],"collection":[{"href":"https:\/\/agora.xtec.cat\/insramondelatorre\/wp-json\/wp\/v2\/pages"}],"about":[{"href":"https:\/\/agora.xtec.cat\/insramondelatorre\/wp-json\/wp\/v2\/types\/page"}],"author":[{"embeddable":true,"href":"https:\/\/agora.xtec.cat\/insramondelatorre\/wp-json\/wp\/v2\/users\/4"}],"replies":[{"embeddable":true,"href":"https:\/\/agora.xtec.cat\/insramondelatorre\/wp-json\/wp\/v2\/comments?post=5976"}],"version-history":[{"count":6,"href":"https:\/\/agora.xtec.cat\/insramondelatorre\/wp-json\/wp\/v2\/pages\/5976\/revisions"}],"predecessor-version":[{"id":8755,"href":"https:\/\/agora.xtec.cat\/insramondelatorre\/wp-json\/wp\/v2\/pages\/5976\/revisions\/8755"}],"up":[{"embeddable":true,"href":"https:\/\/agora.xtec.cat\/insramondelatorre\/wp-json\/wp\/v2\/pages\/81"}],"wp:attachment":[{"href":"https:\/\/agora.xtec.cat\/insramondelatorre\/wp-json\/wp\/v2\/media?parent=5976"}],"curies":[{"name":"wp","href":"https:\/\/api.w.org\/{rel}","templated":true}]}}