{"id":5682,"date":"2022-07-06T09:51:15","date_gmt":"2022-07-06T07:51:15","guid":{"rendered":"https:\/\/agora.xtec.cat\/insramondelatorre\/?page_id=5682"},"modified":"2024-07-01T14:28:56","modified_gmt":"2024-07-01T12:28:56","slug":"edc","status":"publish","type":"page","link":"https:\/\/agora.xtec.cat\/insramondelatorre\/edc\/","title":{"rendered":"Estrat\u00e8gia Digital del Centre"},"content":{"rendered":"<p>L\u2019EDC t\u00e9, b\u00e0sicament dues parts. Una primera part que \u00e9s m\u00e9s\u00a0<strong>estrat\u00e8gica<\/strong>\u00a0(objectius, activitats, planificaci\u00f3, etc.), on es defineix on vol arribar el centre digitalment parlant. La segona part mostra la\u00a0<strong>cultura digital,<\/strong>\u00a0ja que \u00e9s on es va recollint el que el centre ja t\u00e9 establert en aquest sentit.<\/p>\n<table style=\"width: 99.8177%; height: 293px;\">\n<tbody>\n<tr>\n<td><strong>Estrat\u00e8gia digital<\/strong><\/td>\n<td><strong>Cultura digital<\/strong><\/td>\n<\/tr>\n<tr>\n<td><a href=\"https:\/\/agora.xtec.cat\/insramondelatorre\/diagnosi\/\">Diagnosi<\/a><\/p>\n<p><a href=\"https:\/\/agora.xtec.cat\/insramondelatorre\/edc\/objectius-edc\/\">Objectius<\/a><\/p>\n<p><a href=\"https:\/\/agora.xtec.cat\/insramondelatorre\/actuacions-i-seguiment\/\">Actuacions i seguiment<\/a><\/p>\n<p><a href=\"https:\/\/agora.xtec.cat\/insramondelatorre\/avaluacio\/\">Avaluaci\u00f3<\/a><\/td>\n<td>Pla de comunicaci\u00f3<\/p>\n<p><a href=\"https:\/\/docs.google.com\/document\/d\/1vHSTaD8Za0I4RphKMZXvyG5vi5SUt2zRkstfywzcexc\/edit?usp=sharing\" target=\"_blank\" rel=\"noopener\">Pla d\u2019acollida digital del professorat<\/a><\/p>\n<p><a href=\"https:\/\/docs.google.com\/document\/d\/10PFrLGHePIBVPfYcBU0z9hQStEPY9SpcvlNjdnb2M3k\/edit?usp=sharing\" target=\"_blank\" rel=\"noopener\">Pla d&#8217;acollida digital de l&#8217;alumnat<\/a><\/p>\n<p><a href=\"https:\/\/docs.google.com\/document\/d\/1PogDunAkFf-Y4c6VmC1uy7o4N0T4nUR1tgoGCGWJuZI\/edit?usp=sharing\" target=\"_blank\" rel=\"noopener\">Pla d&#8217;acollida digital de les fam\u00edlies<\/a><\/td>\n<\/tr>\n<\/tbody>\n<\/table>\n","protected":false},"excerpt":{"rendered":"<p>L\u2019EDC t\u00e9, b\u00e0sicament dues parts. Una primera part que \u00e9s m\u00e9s\u00a0estrat\u00e8gica\u00a0(objectius, activitats, planificaci\u00f3, etc.), on es defineix on vol arribar el centre digitalment parlant. La segona part mostra la\u00a0cultura digital,\u00a0ja que \u00e9s on es va recollint el que el centre ja t\u00e9 establert en aquest sentit. Estrat\u00e8gia digital Cultura digital Diagnosi Objectius Actuacions i seguiment [&hellip;]<\/p>\n","protected":false},"author":4,"featured_media":0,"parent":0,"menu_order":0,"comment_status":"closed","ping_status":"closed","template":"page-templates\/side-menu.php","meta":{"_bbp_topic_count":0,"_bbp_reply_count":0,"_bbp_total_topic_count":0,"_bbp_total_reply_count":0,"_bbp_voice_count":0,"_bbp_anonymous_reply_count":0,"_bbp_topic_count_hidden":0,"_bbp_reply_count_hidden":0,"_bbp_forum_subforum_count":0,"site-sidebar-layout":"default","site-content-layout":"","ast-site-content-layout":"","site-content-style":"default","site-sidebar-style":"default","ast-global-header-display":"","ast-banner-title-visibility":"","ast-main-header-display":"","ast-hfb-above-header-display":"","ast-hfb-below-header-display":"","ast-hfb-mobile-header-display":"","site-post-title":"","ast-breadcrumbs-content":"","ast-featured-img":"","footer-sml-layout":"","theme-transparent-header-meta":"","adv-header-id-meta":"","stick-header-meta":"","header-above-stick-meta":"","header-main-stick-meta":"","header-below-stick-meta":"","astra-migrate-meta-layouts":"default","ast-page-background-enabled":"default","ast-page-background-meta":{"desktop":{"background-color":"var(--ast-global-color-4)","background-image":"","background-repeat":"repeat","background-position":"center center","background-size":"auto","background-attachment":"scroll","background-type":"","background-media":"","overlay-type":"","overlay-color":"","overlay-opacity":"","overlay-gradient":""},"tablet":{"background-color":"","background-image":"","background-repeat":"repeat","background-position":"center center","background-size":"auto","background-attachment":"scroll","background-type":"","background-media":"","overlay-type":"","overlay-color":"","overlay-opacity":"","overlay-gradient":""},"mobile":{"background-color":"","background-image":"","background-repeat":"repeat","background-position":"center center","background-size":"auto","background-attachment":"scroll","background-type":"","background-media":"","overlay-type":"","overlay-color":"","overlay-opacity":"","overlay-gradient":""}},"ast-content-background-meta":{"desktop":{"background-color":"var(--ast-global-color-5)","background-image":"","background-repeat":"repeat","background-position":"center center","background-size":"auto","background-attachment":"scroll","background-type":"","background-media":"","overlay-type":"","overlay-color":"","overlay-opacity":"","overlay-gradient":""},"tablet":{"background-color":"var(--ast-global-color-5)","background-image":"","background-repeat":"repeat","background-position":"center center","background-size":"auto","background-attachment":"scroll","background-type":"","background-media":"","overlay-type":"","overlay-color":"","overlay-opacity":"","overlay-gradient":""},"mobile":{"background-color":"var(--ast-global-color-5)","background-image":"","background-repeat":"repeat","background-position":"center center","background-size":"auto","background-attachment":"scroll","background-type":"","background-media":"","overlay-type":"","overlay-color":"","overlay-opacity":"","overlay-gradient":""}},"footnotes":""},"class_list":["post-5682","page","type-page","status-publish","hentry"],"post_mailing_queue_ids":[],"_links":{"self":[{"href":"https:\/\/agora.xtec.cat\/insramondelatorre\/wp-json\/wp\/v2\/pages\/5682","targetHints":{"allow":["GET"]}}],"collection":[{"href":"https:\/\/agora.xtec.cat\/insramondelatorre\/wp-json\/wp\/v2\/pages"}],"about":[{"href":"https:\/\/agora.xtec.cat\/insramondelatorre\/wp-json\/wp\/v2\/types\/page"}],"author":[{"embeddable":true,"href":"https:\/\/agora.xtec.cat\/insramondelatorre\/wp-json\/wp\/v2\/users\/4"}],"replies":[{"embeddable":true,"href":"https:\/\/agora.xtec.cat\/insramondelatorre\/wp-json\/wp\/v2\/comments?post=5682"}],"version-history":[{"count":5,"href":"https:\/\/agora.xtec.cat\/insramondelatorre\/wp-json\/wp\/v2\/pages\/5682\/revisions"}],"predecessor-version":[{"id":7478,"href":"https:\/\/agora.xtec.cat\/insramondelatorre\/wp-json\/wp\/v2\/pages\/5682\/revisions\/7478"}],"wp:attachment":[{"href":"https:\/\/agora.xtec.cat\/insramondelatorre\/wp-json\/wp\/v2\/media?parent=5682"}],"curies":[{"name":"wp","href":"https:\/\/api.w.org\/{rel}","templated":true}]}}