{"id":5087,"date":"2022-02-09T18:18:13","date_gmt":"2022-02-09T17:18:13","guid":{"rendered":"https:\/\/agora.xtec.cat\/insramondelatorre\/?page_id=5087"},"modified":"2025-03-11T12:14:27","modified_gmt":"2025-03-11T11:14:27","slug":"preinscripcio-curs-2024-2025","status":"publish","type":"page","link":"https:\/\/agora.xtec.cat\/insramondelatorre\/preinscripcio-curs-2024-2025\/","title":{"rendered":"PREINSCRIPCI\u00d3 CURS 2024-2025"},"content":{"rendered":"<h3><strong><span style=\"color: #000000;\">FAM\u00cdLIES NOVES<\/span><\/strong><\/h3>\n<h4><strong>ESO<\/strong> (del 08 al 20 de mar\u00e7 de 2024)<\/h4>\n<ul style=\"list-style-type: disc;\">\n<li><a href=\"https:\/\/agora.xtec.cat\/insramondelatorre\/wp-content\/uploads\/usu1829\/2024\/03\/INFORME_OFERTA_OME_INFORME_OFERTA-1.pdf\" target=\"_blank\" rel=\"noopener\">OFERTA INICIAL<\/a><\/li>\n<li><a href=\"https:\/\/educacio.gencat.cat\/ca\/tramits\/tramits-temes\/20483-obligatoris?moda=3\" target=\"_blank\" rel=\"noopener\">SOL\u00b7LICITUD PREINSCRIPCI\u00d3<\/a><\/li>\n<li><a href=\"https:\/\/agora.xtec.cat\/insramondelatorre\/wp-content\/uploads\/usu1829\/2024\/04\/INFORME_BAREM_PROVISIONAL_BAREM.pdf\" target=\"_blank\" rel=\"noopener\">LLISTAT BAREM PROVISIONAL<\/a><\/li>\n<li><a href=\"https:\/\/agora.xtec.cat\/insramondelatorre\/wp-content\/uploads\/usu1829\/2024\/04\/INFORME_BAREM_RESOLTES_BAREM.pdf\" target=\"_blank\" rel=\"noopener\">LLISTAT BAREM RESOLTES RECLAMACIONS<\/a><\/li>\n<li><a href=\"https:\/\/agora.xtec.cat\/insramondelatorre\/wp-content\/uploads\/usu1829\/2024\/05\/INFORME_BAREM_DEFINITIU_BAREM.pdf\" target=\"_blank\" rel=\"noopener\">LLISTA ORDENADA<\/a><\/li>\n<li><a href=\"https:\/\/agora.xtec.cat\/insramondelatorre\/wp-content\/uploads\/usu1829\/2024\/06\/INFORME_OFERTA_OME_INFORME_OFERTA-7.pdf\" target=\"_blank\" rel=\"noopener\">OFERTA FINAL<\/a><\/li>\n<li><a href=\"https:\/\/agora.xtec.cat\/insramondelatorre\/wp-content\/uploads\/usu1829\/2024\/06\/INFORME_ASSIGNADES_INFORME_ASSIGNADES.pdf\" target=\"_blank\" rel=\"noopener\">LLISTAT ASSIGNACIONS<\/a><\/li>\n<li><a href=\"https:\/\/agora.xtec.cat\/insramondelatorre\/wp-content\/uploads\/usu1829\/2024\/06\/INFORME_PREINSCRITES_OME_INFORME_PREINSCRITES_OME.pdf\" target=\"_blank\" rel=\"noopener\">LLISTAT PREINSCRIPCIONS<\/a><\/li>\n<li><a href=\"https:\/\/agora.xtec.cat\/insramondelatorre\/wp-content\/uploads\/usu1829\/2024\/06\/INFORME_LLISTA_ESPERA_OME_LLISTA_ESPERA.pdf\" target=\"_blank\" rel=\"noopener\">LLISTA D&#8217;ESPERA<\/a><\/li>\n<\/ul>\n<p><a href=\"https:\/\/agora.xtec.cat\/insramondelatorre\/estudis\/batxillerat\/\" target=\"_blank\" rel=\"noopener\"><strong style=\"font-size: 1.4375em;\">BATXILLERAT (del 18 al 25 d&#8217;abril)<\/strong><\/a><\/p>\n<ul style=\"list-style-type: disc;\">\n<li><a href=\"https:\/\/agora.xtec.cat\/insramondelatorre\/wp-content\/uploads\/usu1829\/2024\/04\/INFORME_OFERTA_OME_INFORME_OFERTA-1.pdf\" target=\"_blank\" rel=\"noopener\">OFERTA INICIAL<\/a><\/li>\n<li><a href=\"https:\/\/educacio.gencat.cat\/ca\/tramits\/tramits-temes\/9388-batxillerat?moda=1\" target=\"_blank\" rel=\"noopener\">SOL\u00b7LICITUD PREINSCRIPCI\u00d3<\/a><\/li>\n<li><a href=\"https:\/\/agora.xtec.cat\/insramondelatorre\/wp-content\/uploads\/usu1829\/2024\/05\/INFORME_BAREM_PROVISIONAL_BAREM-1.pdf\" target=\"_blank\" rel=\"noopener\">LLISTAT BAREM PROVISIONAL<\/a><\/li>\n<li><a href=\"https:\/\/agora.xtec.cat\/insramondelatorre\/wp-content\/uploads\/usu1829\/2024\/05\/INFORME_BAREM_RESOLTES_BAREM-1.pdf\" target=\"_blank\" rel=\"noopener\">LLISTAT BAREM RESOLTES RECLAMACIONS<\/a><\/li>\n<li><a href=\"https:\/\/agora.xtec.cat\/insramondelatorre\/wp-content\/uploads\/usu1829\/2024\/06\/INFORME_BAREM_DEFINITIU_BAREM-1.pdf\" target=\"_blank\" rel=\"noopener\">LLISTA ORDENADA<\/a><\/li>\n<li><a href=\"https:\/\/agora.xtec.cat\/insramondelatorre\/wp-content\/uploads\/usu1829\/2024\/06\/INFORME_OFERTA_OME_INFORME_OFERTA-8.pdf\" target=\"_blank\" rel=\"noopener\">OFERTA FINAL<\/a><\/li>\n<li><a href=\"https:\/\/agora.xtec.cat\/insramondelatorre\/wp-content\/uploads\/usu1829\/2024\/06\/INFORME_ASSIGNADES_INFORME_ASSIGNADES-1.pdf\" target=\"_blank\" rel=\"noopener\">LLISTAT ASSIGNACIONS<\/a><\/li>\n<li><a href=\"https:\/\/agora.xtec.cat\/insramondelatorre\/wp-content\/uploads\/usu1829\/2024\/06\/INFORME_PREINSCRITES_OME_INFORME_PREINSCRITES_OME-1.pdf\" target=\"_blank\" rel=\"noopener\">LLISTAT PREINSCRIPCIONS<\/a><\/li>\n<li><a href=\"https:\/\/agora.xtec.cat\/insramondelatorre\/wp-content\/uploads\/usu1829\/2024\/06\/INFORME_LLISTA_ESPERA_OME_LLISTA_ESPERA-1.pdf\" target=\"_blank\" rel=\"noopener\">LLISTA D&#8217;ESPERA<\/a><\/li>\n<\/ul>\n<h4><strong>CICLES FORMATIUS (del 24 al 30 de maig de 2024)<br \/>\n<\/strong><\/h4>\n<h5><a href=\"https:\/\/agora.xtec.cat\/insramondelatorre\/estudis\/cicles-formatius\/cfgm-gestio-administrativa\/\" target=\"_blank\" rel=\"noopener noreferrer\">CFPM Gesti\u00f3 Administrativa\u00a0<\/a><\/h5>\n<ul style=\"list-style-type: disc;\">\n<li><a href=\"https:\/\/agora.xtec.cat\/insramondelatorre\/wp-content\/uploads\/usu1829\/2024\/05\/INFORME_OFERTA_OME_INFORME_OFERTA-5.pdf\" target=\"_blank\" rel=\"noopener\">OFERTA INICIAL<\/a><\/li>\n<li><a href=\"https:\/\/educacio.gencat.cat\/ca\/tramits\/tramits-temes\/preinscripcio-fp-vacants\" target=\"_blank\" rel=\"noopener\">SOL\u00b7LICITUD PREINSCRIPCI\u00d3<\/a><\/li>\n<li><a href=\"https:\/\/agora.xtec.cat\/insramondelatorre\/wp-content\/uploads\/usu1829\/2024\/06\/INFORME_BAREM_PROVISIONAL_BAREM-6.pdf\" target=\"_blank\" rel=\"noopener\">LLISTAT BAREM PROVISIONAL<\/a><\/li>\n<li><a href=\"https:\/\/agora.xtec.cat\/insramondelatorre\/wp-content\/uploads\/usu1829\/2024\/07\/INFORME_BAREM_RESOLTES_BAREM-4.pdf\" target=\"_blank\" rel=\"noopener\">LLISTAT BAREM RESOLTES RECLAMACIONS<\/a><\/li>\n<li><a href=\"https:\/\/agora.xtec.cat\/insramondelatorre\/wp-content\/uploads\/usu1829\/2024\/07\/INFORME_ASSIGNADES_INFORME_ASSIGNADES-5.pdf\" target=\"_blank\" rel=\"noopener\">LLISTAT ASSIGNACIONS PRIMERA TANDA<\/a><\/li>\n<li><a href=\"https:\/\/agora.xtec.cat\/insramondelatorre\/wp-content\/uploads\/usu1829\/2024\/07\/INFORME_PREINSCRITES_OME_INFORME_PREINSCRITES_OME-4.pdf\" target=\"_blank\" rel=\"noopener\">LLISTAT PREINSCRIPCIONS<\/a><\/li>\n<li><a href=\"https:\/\/agora.xtec.cat\/insramondelatorre\/wp-content\/uploads\/usu1829\/2024\/07\/INFORME_ASSIGNADES_INFORME_ASSIGNADES-10.pdf\" target=\"_blank\" rel=\"noopener\">LLISTAT ASSIGNACIONS SEGONA TANDA<\/a><\/li>\n<li><a href=\"https:\/\/agora.xtec.cat\/insramondelatorre\/wp-content\/uploads\/usu1829\/2024\/07\/INFORME_PREINSCRITES_OME_INFORME_PREINSCRITES_OME-6.pdf\" target=\"_blank\" rel=\"noopener\">LLISTAT PREINSCRIPCIONS<\/a><\/li>\n<li><a href=\"https:\/\/agora.xtec.cat\/insramondelatorre\/wp-content\/uploads\/usu1829\/2024\/09\/INFORME_VACANTS_OME_VACANTS.pdf\" target=\"_blank\" rel=\"noopener\">LLISTAT VACANTS<\/a><\/li>\n<li><a href=\"https:\/\/agora.xtec.cat\/insramondelatorre\/wp-content\/uploads\/usu1829\/2024\/09\/INFORME_BAREM_GESTIO_VACANTS_.pdf\" target=\"_blank\" rel=\"noopener\">LLISTAT BAREM VACANTS<\/a><\/li>\n<li><a href=\"https:\/\/agora.xtec.cat\/insramondelatorre\/wp-content\/uploads\/usu1829\/2024\/09\/INFORME_ASSIGNADES_INFORME_ASSIGNADES-2.pdf\" target=\"_blank\" rel=\"noopener\">LLISTAT ASSIGNACIONS VACANTS<\/a><\/li>\n<\/ul>\n<h5><a href=\"https:\/\/agora.xtec.cat\/insramondelatorre\/estudis\/cicles-formatius\/cfgm-manteniment-dembarcacions-desbarjo\/\" target=\"_blank\" rel=\"noopener noreferrer\">CFPM Manteniment d&#8217;Embarcacions d&#8217;Esbarjo<\/a><\/h5>\n<ul style=\"list-style-type: disc;\">\n<li><a href=\"https:\/\/agora.xtec.cat\/insramondelatorre\/wp-content\/uploads\/usu1829\/2024\/05\/INFORME_OFERTA_OME_INFORME_OFERTA-5.pdf\" target=\"_blank\" rel=\"noopener\">OFERTA INICIAL<\/a><\/li>\n<li><a href=\"https:\/\/educacio.gencat.cat\/ca\/tramits\/tramits-temes\/preinscripcio-fp-vacants\" target=\"_blank\" rel=\"noopener\">SOL\u00b7LICITUD PREINSCRIPCI\u00d3<\/a><\/li>\n<li><a href=\"https:\/\/agora.xtec.cat\/insramondelatorre\/wp-content\/uploads\/usu1829\/2024\/06\/INFORME_BAREM_PROVISIONAL_BAREM-6.pdf\" target=\"_blank\" rel=\"noopener\">LLISTAT BAREM PROVISIONAL<\/a><\/li>\n<li><a href=\"https:\/\/agora.xtec.cat\/insramondelatorre\/wp-content\/uploads\/usu1829\/2024\/07\/INFORME_BAREM_RESOLTES_BAREM-4.pdf\" target=\"_blank\" rel=\"noopener\">LLISTAT BAREM RESOLTES RECLAMACIONS<\/a><\/li>\n<li><a href=\"https:\/\/agora.xtec.cat\/insramondelatorre\/wp-content\/uploads\/usu1829\/2024\/07\/INFORME_ASSIGNADES_INFORME_ASSIGNADES-5.pdf\" target=\"_blank\" rel=\"noopener\">LLISTAT ASSIGNACIONS PRIMERA TANDA<\/a><\/li>\n<li><a href=\"https:\/\/agora.xtec.cat\/insramondelatorre\/wp-content\/uploads\/usu1829\/2024\/07\/INFORME_PREINSCRITES_OME_INFORME_PREINSCRITES_OME-4.pdf\" target=\"_blank\" rel=\"noopener\">LLISTAT PREINSCRIPCIONS<\/a><\/li>\n<li><a href=\"https:\/\/agora.xtec.cat\/insramondelatorre\/wp-content\/uploads\/usu1829\/2024\/07\/INFORME_ASSIGNADES_INFORME_ASSIGNADES-11.pdf\" target=\"_blank\" rel=\"noopener\">LLISTAT ASSIGNACIONS SEGONA TANDA<\/a><\/li>\n<li><a href=\"https:\/\/agora.xtec.cat\/insramondelatorre\/wp-content\/uploads\/usu1829\/2024\/09\/INFORME_VACANTS_OME_VACANTS.pdf\" target=\"_blank\" rel=\"noopener\">LLISTAT VACANTS<\/a><\/li>\n<li><a href=\"https:\/\/agora.xtec.cat\/insramondelatorre\/wp-content\/uploads\/usu1829\/2024\/09\/INFORME_BAREM_GESTIO_VACANTS_.pdf\" target=\"_blank\" rel=\"noopener\">LLISTAT BAREM VACANTS<\/a><\/li>\n<li><a href=\"https:\/\/agora.xtec.cat\/insramondelatorre\/wp-content\/uploads\/usu1829\/2024\/09\/INFORME_ASSIGNADES_INFORME_ASSIGNADES-2.pdf\" target=\"_blank\" rel=\"noopener\">LLISTAT ASSIGNACIONS VACANTS<\/a><\/li>\n<\/ul>\n<h4><a href=\"https:\/\/agora.xtec.cat\/insramondelatorre\/estudis\/cicles-formatius\/cfgs-administracio-i-finances\/\" target=\"_blank\" rel=\"noopener noreferrer\">CFPS Administraci\u00f3 i Finances<\/a><\/h4>\n<ul style=\"list-style-type: disc;\">\n<li><a href=\"https:\/\/agora.xtec.cat\/insramondelatorre\/wp-content\/uploads\/usu1829\/2024\/05\/INFORME_OFERTA_OME_INFORME_OFERTA-6.pdf\" target=\"_blank\" rel=\"noopener\">OFERTA INICIAL<\/a><\/li>\n<li><a href=\"https:\/\/educacio.gencat.cat\/ca\/tramits\/tramits-temes\/preinscripcio-fp-vacants\" target=\"_blank\" rel=\"noopener\">SOL\u00b7LICITUD PREINSCRIPCI\u00d3<\/a><\/li>\n<li><a href=\"https:\/\/agora.xtec.cat\/insramondelatorre\/wp-content\/uploads\/usu1829\/2024\/06\/INFORME_BAREM_PROVISIONAL_BAREM-5.pdf\" target=\"_blank\" rel=\"noopener\">LLISTAT BAREM PROVISIONAL<\/a><\/li>\n<li><a href=\"https:\/\/agora.xtec.cat\/insramondelatorre\/wp-content\/uploads\/usu1829\/2024\/07\/INFORME_BAREM_RESOLTES_BAREM-3.pdf\" target=\"_blank\" rel=\"noopener\">LLISTAT BAREM RESOLTES RECLAMACIONS<\/a><\/li>\n<li><a href=\"https:\/\/agora.xtec.cat\/insramondelatorre\/wp-content\/uploads\/usu1829\/2024\/07\/INFORME_OFERTA_OME_INFORME_OFERTA-10.pdf\" target=\"_blank\" rel=\"noopener\">OFERTA FINAL<\/a><\/li>\n<li><a href=\"https:\/\/agora.xtec.cat\/insramondelatorre\/wp-content\/uploads\/usu1829\/2024\/07\/INFORME_ASSIGNADES_INFORME_ASSIGNADES-4.pdf\" target=\"_blank\" rel=\"noopener\">LLISTAT ASSIGNACIONS PRIMERA TANDA<\/a><\/li>\n<li><a href=\"https:\/\/agora.xtec.cat\/insramondelatorre\/wp-content\/uploads\/usu1829\/2024\/07\/INFORME_PREINSCRITES_OME_INFORME_PREINSCRITES_OME-3.pdf\" target=\"_blank\" rel=\"noopener\">LLISTAT PREINSCRIPCIONS<\/a><\/li>\n<li><a href=\"https:\/\/agora.xtec.cat\/insramondelatorre\/wp-content\/uploads\/usu1829\/2024\/07\/INFORME_ASSIGNADES_INFORME_ASSIGNADES-9.pdf\" target=\"_blank\" rel=\"noopener\">LLISTAT ASSIGNACIONS SEGONA TANDA<\/a><\/li>\n<li><a href=\"https:\/\/agora.xtec.cat\/insramondelatorre\/wp-content\/uploads\/usu1829\/2024\/07\/INFORME_PREINSCRITES_OME_INFORME_PREINSCRITES_OME-5.pdf\" target=\"_blank\" rel=\"noopener\">LLISTAT PREINSCRIPCIONS<\/a><\/li>\n<li><a href=\"https:\/\/agora.xtec.cat\/insramondelatorre\/wp-content\/uploads\/usu1829\/2024\/09\/INFORME_VACANTS_OME_VACANTS-1.pdf\" target=\"_blank\" rel=\"noopener\">LLISTAT VACANTS<\/a><\/li>\n<li><a href=\"https:\/\/agora.xtec.cat\/insramondelatorre\/wp-content\/uploads\/usu1829\/2024\/09\/INFORME_BAREM_GESTIO_VACANTS_-1.pdf\" target=\"_blank\" rel=\"noopener\">LLISTAT BAREM VACANTS<\/a><\/li>\n<li><a href=\"https:\/\/agora.xtec.cat\/insramondelatorre\/wp-content\/uploads\/usu1829\/2024\/09\/INFORME_ASSIGNADES_INFORME_ASSIGNADES-3.pdf\" target=\"_blank\" rel=\"noopener\">LLISTAT ASSIGNACIONS VACANTS<\/a><\/li>\n<\/ul>\n<h4><strong>PFI PROGRAMES DE FORMACI\u00d3 I INSERCI\u00d3 (del 02 al 09 de maig de 2024)<br \/>\n<\/strong><\/h4>\n<h4><a href=\"https:\/\/agora.xtec.cat\/insramondelatorre\/estudis\/pfi\/ptt-comerc\/\" target=\"_blank\" rel=\"noopener\">PTT Auxiliar de comer\u00e7 i atenci\u00f3 al p\u00fablic<\/a><\/h4>\n<ul style=\"list-style-type: disc;\">\n<li><a href=\"https:\/\/agora.xtec.cat\/insramondelatorre\/wp-content\/uploads\/usu1829\/2024\/04\/INFORME_OFERTA_OME_INFORME_OFERTA-2.pdf\" target=\"_blank\" rel=\"noopener\">OFERTA INICIAL<\/a><\/li>\n<li><a href=\"https:\/\/educacio.gencat.cat\/ca\/tramits\/tramits-temes\/pfi-tramit\" target=\"_blank\" rel=\"noopener\">SOL\u00b7LICITUD PREINSCRIPCI\u00d3<\/a><\/li>\n<li><a href=\"https:\/\/agora.xtec.cat\/insramondelatorre\/wp-content\/uploads\/usu1829\/2024\/05\/INFORME_BAREM_PROVISIONAL_BAREM-2.pdf\" target=\"_blank\" rel=\"noopener\">LLISTAT BAREM PROVISIONAL<\/a><\/li>\n<li><a href=\"https:\/\/agora.xtec.cat\/insramondelatorre\/wp-content\/uploads\/usu1829\/2024\/06\/INFORME_BAREM_DEFINITIU_BAREM-2.pdf\" target=\"_blank\" rel=\"noopener\">LLISTA ORDENADA<\/a><\/li>\n<li><a href=\"https:\/\/agora.xtec.cat\/insramondelatorre\/wp-content\/uploads\/usu1829\/2024\/07\/INFORME_OFERTA_OME_INFORME_OFERTA-9.pdf\" target=\"_blank\" rel=\"noopener\">OFERTA FINAL<\/a><\/li>\n<li><a href=\"https:\/\/agora.xtec.cat\/insramondelatorre\/wp-content\/uploads\/usu1829\/2024\/07\/INFORME_ASSIGNADES_INFORME_ASSIGNADES-2.pdf\" target=\"_blank\" rel=\"noopener\">LLISTAT ASSIGNACIONS<\/a><\/li>\n<li><a href=\"https:\/\/agora.xtec.cat\/insramondelatorre\/wp-content\/uploads\/usu1829\/2024\/07\/INFORME_PREINSCRITES_OME_INFORME_PREINSCRITES_OME-2.pdf\" target=\"_blank\" rel=\"noopener\">LLISTAT PREINSCRIPCIONS<\/a><\/li>\n<li><a href=\"https:\/\/agora.xtec.cat\/insramondelatorre\/wp-content\/uploads\/usu1829\/2024\/07\/INFORME_LLISTA_ESPERA_OME_LLISTA_ESPERA-2.pdf\" target=\"_blank\" rel=\"noopener\">LLISTA D&#8217;ESPERA<\/a><\/li>\n<\/ul>\n<h4><a href=\"https:\/\/agora.xtec.cat\/insramondelatorre\/estudis\/pfi\/ptt-electricitat\/\" target=\"_blank\" rel=\"noopener\">PTT Auxiliar en muntatge d\u2019instal\u00b7lacions electrot\u00e8cniques en edificis<\/a><\/h4>\n<ul style=\"list-style-type: disc;\">\n<li><a href=\"https:\/\/agora.xtec.cat\/insramondelatorre\/wp-content\/uploads\/usu1829\/2024\/04\/INFORME_OFERTA_OME_INFORME_OFERTA-2.pdf\" target=\"_blank\" rel=\"noopener\">OFERTA INICIAL<\/a><\/li>\n<li><a href=\"https:\/\/educacio.gencat.cat\/ca\/tramits\/tramits-temes\/pfi-tramit\" target=\"_blank\" rel=\"noopener\">SOL\u00b7LICITUD PREINSCRIPCI\u00d3<\/a><\/li>\n<li><a href=\"https:\/\/agora.xtec.cat\/insramondelatorre\/wp-content\/uploads\/usu1829\/2024\/05\/INFORME_BAREM_PROVISIONAL_BAREM-2.pdf\" target=\"_blank\" rel=\"noopener\">LLISTAT BAREM PROVISIONAL<\/a><\/li>\n<li><a href=\"https:\/\/agora.xtec.cat\/insramondelatorre\/wp-content\/uploads\/usu1829\/2024\/06\/INFORME_BAREM_DEFINITIU_BAREM-2.pdf\" target=\"_blank\" rel=\"noopener\">LLISTA ORDENADA<\/a><\/li>\n<li><a href=\"https:\/\/agora.xtec.cat\/insramondelatorre\/wp-content\/uploads\/usu1829\/2024\/07\/INFORME_OFERTA_OME_INFORME_OFERTA-9.pdf\" target=\"_blank\" rel=\"noopener\">OFERTA FINAL<\/a><\/li>\n<li><a href=\"https:\/\/agora.xtec.cat\/insramondelatorre\/wp-content\/uploads\/usu1829\/2024\/07\/INFORME_ASSIGNADES_INFORME_ASSIGNADES-2.pdf\" target=\"_blank\" rel=\"noopener\">LLISTAT ASSIGNACIONS<\/a><\/li>\n<li><a href=\"https:\/\/agora.xtec.cat\/insramondelatorre\/wp-content\/uploads\/usu1829\/2024\/07\/INFORME_PREINSCRITES_OME_INFORME_PREINSCRITES_OME-2.pdf\" target=\"_blank\" rel=\"noopener\">LLISTAT PREINSCRIPCIONS<\/a><\/li>\n<li><a href=\"https:\/\/agora.xtec.cat\/insramondelatorre\/wp-content\/uploads\/usu1829\/2024\/07\/INFORME_LLISTA_ESPERA_OME_LLISTA_ESPERA-2.pdf\" target=\"_blank\" rel=\"noopener\">LLISTA D&#8217;ESPERA<\/a><\/li>\n<\/ul>\n<h4><a href=\"https:\/\/agora.xtec.cat\/insramondelatorre\/estudis\/pfi\/nautic\/\" target=\"_blank\" rel=\"noopener\">PIP Auxiliar de manteniment d\u2019embarcacions esportives i d\u2019esbarjo<\/a><\/h4>\n<ul style=\"list-style-type: disc;\">\n<li><a href=\"https:\/\/agora.xtec.cat\/insramondelatorre\/wp-content\/uploads\/usu1829\/2024\/04\/INFORME_OFERTA_OME_INFORME_OFERTA-2.pdf\" target=\"_blank\" rel=\"noopener\">OFERTA INICIAL<\/a><\/li>\n<li><a href=\"https:\/\/educacio.gencat.cat\/ca\/tramits\/tramits-temes\/pfi-tramit\" target=\"_blank\" rel=\"noopener\">SOL\u00b7LICITUD PREINSCRIPCI\u00d3<\/a><\/li>\n<li><a href=\"https:\/\/agora.xtec.cat\/insramondelatorre\/wp-content\/uploads\/usu1829\/2024\/05\/INFORME_BAREM_PROVISIONAL_BAREM-2.pdf\" target=\"_blank\" rel=\"noopener\">LLISTAT BAREM PROVISIONAL<\/a><\/li>\n<li><a href=\"https:\/\/agora.xtec.cat\/insramondelatorre\/wp-content\/uploads\/usu1829\/2024\/06\/INFORME_BAREM_DEFINITIU_BAREM-2.pdf\" target=\"_blank\" rel=\"noopener\">LLISTA ORDENADA<\/a><\/li>\n<li><a href=\"https:\/\/agora.xtec.cat\/insramondelatorre\/wp-content\/uploads\/usu1829\/2024\/07\/INFORME_OFERTA_OME_INFORME_OFERTA-9.pdf\" target=\"_blank\" rel=\"noopener\">OFERTA FINAL<\/a><\/li>\n<li><a href=\"https:\/\/agora.xtec.cat\/insramondelatorre\/wp-content\/uploads\/usu1829\/2024\/07\/INFORME_ASSIGNADES_INFORME_ASSIGNADES-2.pdf\" target=\"_blank\" rel=\"noopener\">LLISTAT ASSIGNACIONS<\/a><\/li>\n<li><a href=\"https:\/\/agora.xtec.cat\/insramondelatorre\/wp-content\/uploads\/usu1829\/2024\/07\/INFORME_PREINSCRITES_OME_INFORME_PREINSCRITES_OME-2.pdf\" target=\"_blank\" rel=\"noopener\">LLISTAT PREINSCRIPCIONS<\/a><\/li>\n<li><a href=\"https:\/\/agora.xtec.cat\/insramondelatorre\/wp-content\/uploads\/usu1829\/2024\/07\/INFORME_LLISTA_ESPERA_OME_LLISTA_ESPERA-2.pdf\" target=\"_blank\" rel=\"noopener\">LLISTA D&#8217;ESPERA<\/a><\/li>\n<\/ul>\n<p>&nbsp;<\/p>\n<p><span style=\"font-family: inherit; font-size: 1em;\">ENLLA\u00c7 A LA WEB DEL DEPARTAMENT D&#8217;EDUCACI\u00d3 <\/span><strong style=\"font-family: inherit; font-size: 1em;\"><a href=\"https:\/\/preinscripcio.gencat.cat\/ca\/inici\/\" target=\"_blank\" rel=\"noopener noreferrer\">https:\/\/preinscripcio.gencat.cat\/ca\/inici\/<\/a><\/strong><\/p>\n","protected":false},"excerpt":{"rendered":"<p>FAM\u00cdLIES NOVES ESO (del 08 al 20 de mar\u00e7 de 2024) OFERTA INICIAL SOL\u00b7LICITUD PREINSCRIPCI\u00d3 LLISTAT BAREM PROVISIONAL LLISTAT BAREM RESOLTES RECLAMACIONS LLISTA ORDENADA OFERTA FINAL LLISTAT ASSIGNACIONS LLISTAT PREINSCRIPCIONS LLISTA D&#8217;ESPERA BATXILLERAT (del 18 al 25 d&#8217;abril) OFERTA INICIAL SOL\u00b7LICITUD PREINSCRIPCI\u00d3 LLISTAT BAREM PROVISIONAL LLISTAT BAREM RESOLTES RECLAMACIONS LLISTA ORDENADA OFERTA FINAL LLISTAT ASSIGNACIONS [&hellip;]<\/p>\n","protected":false},"author":4,"featured_media":0,"parent":0,"menu_order":0,"comment_status":"closed","ping_status":"closed","template":"","meta":{"_bbp_topic_count":0,"_bbp_reply_count":0,"_bbp_total_topic_count":0,"_bbp_total_reply_count":0,"_bbp_voice_count":0,"_bbp_anonymous_reply_count":0,"_bbp_topic_count_hidden":0,"_bbp_reply_count_hidden":0,"_bbp_forum_subforum_count":0,"site-sidebar-layout":"default","site-content-layout":"","ast-site-content-layout":"","site-content-style":"default","site-sidebar-style":"default","ast-global-header-display":"","ast-banner-title-visibility":"","ast-main-header-display":"","ast-hfb-above-header-display":"","ast-hfb-below-header-display":"","ast-hfb-mobile-header-display":"","site-post-title":"","ast-breadcrumbs-content":"","ast-featured-img":"","footer-sml-layout":"","theme-transparent-header-meta":"","adv-header-id-meta":"","stick-header-meta":"","header-above-stick-meta":"","header-main-stick-meta":"","header-below-stick-meta":"","astra-migrate-meta-layouts":"default","ast-page-background-enabled":"default","ast-page-background-meta":{"desktop":{"background-color":"var(--ast-global-color-4)","background-image":"","background-repeat":"repeat","background-position":"center center","background-size":"auto","background-attachment":"scroll","background-type":"","background-media":"","overlay-type":"","overlay-color":"","overlay-opacity":"","overlay-gradient":""},"tablet":{"background-color":"","background-image":"","background-repeat":"repeat","background-position":"center center","background-size":"auto","background-attachment":"scroll","background-type":"","background-media":"","overlay-type":"","overlay-color":"","overlay-opacity":"","overlay-gradient":""},"mobile":{"background-color":"","background-image":"","background-repeat":"repeat","background-position":"center center","background-size":"auto","background-attachment":"scroll","background-type":"","background-media":"","overlay-type":"","overlay-color":"","overlay-opacity":"","overlay-gradient":""}},"ast-content-background-meta":{"desktop":{"background-color":"var(--ast-global-color-5)","background-image":"","background-repeat":"repeat","background-position":"center center","background-size":"auto","background-attachment":"scroll","background-type":"","background-media":"","overlay-type":"","overlay-color":"","overlay-opacity":"","overlay-gradient":""},"tablet":{"background-color":"var(--ast-global-color-5)","background-image":"","background-repeat":"repeat","background-position":"center center","background-size":"auto","background-attachment":"scroll","background-type":"","background-media":"","overlay-type":"","overlay-color":"","overlay-opacity":"","overlay-gradient":""},"mobile":{"background-color":"var(--ast-global-color-5)","background-image":"","background-repeat":"repeat","background-position":"center center","background-size":"auto","background-attachment":"scroll","background-type":"","background-media":"","overlay-type":"","overlay-color":"","overlay-opacity":"","overlay-gradient":""}},"footnotes":""},"class_list":["post-5087","page","type-page","status-publish","hentry"],"post_mailing_queue_ids":[],"_links":{"self":[{"href":"https:\/\/agora.xtec.cat\/insramondelatorre\/wp-json\/wp\/v2\/pages\/5087","targetHints":{"allow":["GET"]}}],"collection":[{"href":"https:\/\/agora.xtec.cat\/insramondelatorre\/wp-json\/wp\/v2\/pages"}],"about":[{"href":"https:\/\/agora.xtec.cat\/insramondelatorre\/wp-json\/wp\/v2\/types\/page"}],"author":[{"embeddable":true,"href":"https:\/\/agora.xtec.cat\/insramondelatorre\/wp-json\/wp\/v2\/users\/4"}],"replies":[{"embeddable":true,"href":"https:\/\/agora.xtec.cat\/insramondelatorre\/wp-json\/wp\/v2\/comments?post=5087"}],"version-history":[{"count":7,"href":"https:\/\/agora.xtec.cat\/insramondelatorre\/wp-json\/wp\/v2\/pages\/5087\/revisions"}],"predecessor-version":[{"id":7609,"href":"https:\/\/agora.xtec.cat\/insramondelatorre\/wp-json\/wp\/v2\/pages\/5087\/revisions\/7609"}],"wp:attachment":[{"href":"https:\/\/agora.xtec.cat\/insramondelatorre\/wp-json\/wp\/v2\/media?parent=5087"}],"curies":[{"name":"wp","href":"https:\/\/api.w.org\/{rel}","templated":true}]}}