{"id":46,"date":"2014-09-17T16:53:45","date_gmt":"2014-09-17T16:53:45","guid":{"rendered":"http:\/\/agora.xtec.cat\/insramondelatorre\/?page_id=46"},"modified":"2025-09-08T09:45:50","modified_gmt":"2025-09-08T07:45:50","slug":"organigrama","status":"publish","type":"page","link":"https:\/\/agora.xtec.cat\/insramondelatorre\/linstitut\/organigrama\/","title":{"rendered":"Organigrama"},"content":{"rendered":"<h4><strong style=\"font-family: inherit; font-size: 1em;\">La direcci\u00f3 del centre<\/strong><\/h4>\n<table width=\"716\">\n<tbody>\n<tr>\n<td width=\"291\"><strong>DIRECTORA<\/strong><\/td>\n<td width=\"425\">Fern\u00e1ndez Redecillas, Cristina &#8211; <a href=\"https:\/\/es.linkedin.com\/in\/cristina-fern%C3%A1ndez-redecillas-a3604958\">perfil<\/a><\/td>\n<\/tr>\n<tr>\n<td width=\"291\"><strong>CAP D&#8217;ESTUDIS<\/strong><\/td>\n<td width=\"425\">Nieto Cebri\u00e1n, Antonio<\/td>\n<\/tr>\n<tr>\n<td width=\"291\"><strong>SECRETARI<\/strong><\/td>\n<td width=\"425\">Plans Carbonell, Pau<\/td>\n<\/tr>\n<tr>\n<td width=\"291\"><strong>COORDINACI\u00d3 PEDAG\u00d2GICA<\/strong><\/td>\n<td width=\"425\">Valdepe\u00f1as G\u00f3mez, Mireia<\/td>\n<\/tr>\n<tr>\n<td width=\"291\"><strong>CAP D&#8217;ESTUDIS ADJUNT<\/strong><\/td>\n<td width=\"425\">Serra Vilalta, Francesc<\/td>\n<\/tr>\n<\/tbody>\n<\/table>\n<h4><strong style=\"font-family: inherit; font-size: 1em;\">Caps dels departaments did\u00e0ctics<\/strong><\/h4>\n<table width=\"716\">\n<tbody>\n<tr>\n<td width=\"291\"><strong>DEP. ADMINISTRATIU<\/strong><\/td>\n<td width=\"425\">Cruz Padilla, M\u00f2nica<\/td>\n<\/tr>\n<tr>\n<td width=\"291\"><strong>DEP. CI\u00c8NCIES NATURALS<\/strong><\/td>\n<td width=\"425\">Pulido Cordero, Al\u00edcia<\/td>\n<\/tr>\n<tr>\n<td width=\"291\"><strong>DEP. CI\u00c8NCIES SOCIALS<\/strong><\/td>\n<td width=\"425\">Mont\u00eda Guti\u00e9rrez, \u00c0ngels<\/td>\n<\/tr>\n<tr>\n<td width=\"291\"><strong>DEP. EDUCACI\u00d3 F\u00cdSICA<\/strong><\/td>\n<td width=\"425\">Mercad\u00e9 Serra, Jordi<\/td>\n<\/tr>\n<tr>\n<td width=\"291\"><strong>DEP. EDUCACI\u00d3 VISUAL I PL\u00c0STICA<\/strong><\/td>\n<td width=\"425\">Mercad\u00e9 Vi\u00f1as, Laia<\/td>\n<\/tr>\n<tr>\n<td width=\"291\"><strong>DEP. LLENGUA I LIT. CASTELLANA<\/strong><\/td>\n<td width=\"425\">Pozo Castillo, Montserrat<\/td>\n<\/tr>\n<tr>\n<td width=\"291\"><strong>DEP. LLENGUA I LIT. CATALANA<\/strong><\/td>\n<td width=\"425\">Sol\u00e9 Gras, M. Dolors<\/td>\n<\/tr>\n<tr>\n<td width=\"291\"><strong>DEP. LLENG\u00dcES ESTRANGERES<\/strong><\/td>\n<td width=\"425\">Mir\u00f3 Bargall\u00f3, N\u00faria<\/td>\n<\/tr>\n<tr>\n<td width=\"291\"><strong>DEP. MATEM\u00c0TIQUES<\/strong><\/td>\n<td width=\"425\">Calvo Arn\u00e1iz, F\u00e1tima<\/td>\n<\/tr>\n<tr>\n<td width=\"291\"><strong>DEP. M\u00daSICA<\/strong><\/td>\n<td width=\"425\">Marchena Targa, Carme<\/td>\n<\/tr>\n<tr>\n<td width=\"291\"><strong>DEP. ORIENTACI\u00d3<\/strong><\/td>\n<td width=\"425\">Bravo Mart\u00edn, \u00c1lvaro<\/td>\n<\/tr>\n<tr>\n<td width=\"291\"><strong>DEP. TECNOLOGIA<\/strong><\/td>\n<td width=\"425\">Pi\u00f1ol Tarragona, Pere<\/td>\n<\/tr>\n<\/tbody>\n<\/table>\n<h4><strong>\u00d2rgans de coordinaci\u00f3<\/strong><\/h4>\n<table style=\"height: 186px;\" width=\"716\">\n<tbody>\n<tr style=\"height: 31px;\">\n<td style=\"height: 31px; width: 288px;\"><strong>ESO i BATXILLERAT<\/strong><\/td>\n<td style=\"height: 31px; width: 420px;\">Ram\u00edrez Garc\u00eda, Raquel<\/td>\n<\/tr>\n<tr style=\"height: 31px;\">\n<td style=\"height: 31px; width: 288px;\"><strong>FORMACI\u00d3 PROFESSIONAL<\/strong><\/td>\n<td style=\"height: 31px; width: 420px;\">Timoneda Ferrer, Mar\u00eda Jos\u00e9<\/td>\n<\/tr>\n<tr style=\"height: 31px;\">\n<td style=\"height: 31px; width: 288px;\"><strong>INFORM\u00c0TICA<\/strong><\/td>\n<td style=\"height: 31px; width: 420px;\">Tortajada Mart\u00ednez, Juan Ramon<\/td>\n<\/tr>\n<tr style=\"height: 31px;\">\n<td style=\"height: 31px; width: 288px;\"><strong>LLENGUA I COHESI\u00d3 SOCIAL<\/strong><\/td>\n<td style=\"height: 31px; width: 420px;\">Rovira Palau,\u00a0 Aina<\/td>\n<\/tr>\n<tr style=\"height: 31px;\">\n<td style=\"height: 31px; width: 288px;\"><strong>PREVENCI\u00d3 RISCOS LABORALS<\/strong><\/td>\n<td style=\"height: 31px; width: 420px;\">Rovira Sol\u00e9, Meritxell<\/td>\n<\/tr>\n<tr style=\"height: 31px;\">\n<td style=\"height: 31px; width: 288px;\"><strong>ACTIVITATS I SERVEIS ESCOLARS <\/strong><\/td>\n<td style=\"height: 31px; width: 420px;\">Ruiz Aguilera, Lourdes<\/td>\n<\/tr>\n<\/tbody>\n<\/table>\n<h4><strong>Coordinacions complement\u00e0ries<\/strong><\/h4>\n<table style=\"height: 433px;\" width=\"716\">\n<tbody>\n<tr style=\"height: 31px;\">\n<td style=\"height: 31px; width: 288px;\"><strong>BIBLIOTECA &#8211; BIBLIONAUTES<\/strong><\/td>\n<td style=\"height: 31px; width: 420px;\">March\u00e1n Armenta, Dolors<\/td>\n<\/tr>\n<tr style=\"height: 31px;\">\n<td style=\"height: 31px; width: 288px;\"><strong>CONJUNT INSTRUMENTAL I CORAL<\/strong><\/td>\n<td style=\"height: 31px; width: 420px;\">Marchena Targa, Carme<\/td>\n<\/tr>\n<tr style=\"height: 31px;\">\n<td style=\"height: 31px; width: 288px;\"><strong>M\u00c0STER FORMACI\u00d3 PROFESSORAT<\/strong><\/td>\n<td style=\"height: 31px; width: 420px;\">Plans Carbonell, Pau<\/td>\n<\/tr>\n<tr style=\"height: 31px;\">\n<td style=\"height: 31px; width: 288px;\"><strong>COEDUCACI\u00d3, CONVIV\u00c8NCIA I BENESTAR<\/strong><\/td>\n<td style=\"height: 31px; width: 420px;\">Mercad\u00e9 Serra, Jordi<\/td>\n<\/tr>\n<tr style=\"height: 31px;\">\n<td style=\"height: 31px; width: 288px;\"><strong>P\u00c0GINA WEB I XARXES &#8211; PROJECCI\u00d3 EXTERNA<\/strong><\/td>\n<td style=\"height: 31px; width: 420px;\">March\u00e1n Armenta, Dolors<\/td>\n<\/tr>\n<tr style=\"height: 46px;\">\n<td style=\"height: 46px; width: 288px;\"><strong>TUTORIA T\u00c8CNICA SUPORT I DISCIPLINA <\/strong><\/td>\n<td style=\"height: 46px; width: 420px;\">Font G\u00f3mez, Helena &#8211; Burrut For\u00e9s, Albert<\/td>\n<\/tr>\n<tr style=\"height: 31px;\">\n<td style=\"height: 31px; width: 288px;\"><strong>QUALITAT DE CICLES FORMATIUS<\/strong><\/td>\n<td style=\"height: 31px; width: 420px;\">Cruz Padilla, M\u00f2nica<\/td>\n<\/tr>\n<tr style=\"height: 31px;\">\n<td style=\"height: 31px; width: 288px;\"><strong>RELACIONS INTERNACIONALS<\/strong><\/td>\n<td style=\"height: 31px; width: 420px;\">Daura Jord\u00e0, Andreu<\/td>\n<\/tr>\n<tr style=\"height: 46px;\">\n<td style=\"height: 46px; width: 288px;\"><strong>ERASMUS+<\/strong><\/td>\n<td style=\"height: 46px; width: 420px;\">Mir\u00f3 Bargall\u00f3, N\u00faria &#8211; Carretero Gonz\u00e1lez, Ana Isabel<\/td>\n<\/tr>\n<tr style=\"height: 31px;\">\n<td style=\"height: 31px; width: 288px;\"><strong>ESCOLA VERDA<\/strong><\/td>\n<td style=\"height: 31px; width: 420px;\">Dols Domingo, Albert &#8211; Escudero Puntos, Ingrid &#8211; Font G\u00f3mez, Helena &#8211; Nieto Cebri\u00e1n, Antonio<\/td>\n<\/tr>\n<tr style=\"height: 31px;\">\n<td style=\"height: 31px; width: 288px;\"><strong>PLA CATAL\u00c0 DE L\u2019ESPORT<\/strong><\/td>\n<td style=\"height: 31px; width: 420px;\">Mercad\u00e9 Serra, Jordi<\/td>\n<\/tr>\n<tr style=\"height: 31px;\">\n<td style=\"height: 31px; width: 288px;\"><strong>ApS \u2013 EXPLICA\u2019T<\/strong><\/td>\n<td style=\"height: 31px; width: 420px;\">Nieto Cebri\u00e1n, Antonio<\/td>\n<\/tr>\n<\/tbody>\n<\/table>\n<h4><strong>Tutories<\/strong><\/h4>\n<table style=\"height: 342px; width: 95.0351%;\" width=\"716\">\n<tbody>\n<tr style=\"height: 31px;\">\n<td style=\"height: 31px; width: 98.2979%;\" colspan=\"4\"><strong>ESO<\/strong><\/td>\n<\/tr>\n<tr style=\"height: 31px;\">\n<td style=\"height: 31px; width: 12.4823%;\"><strong>1r ESO A<\/strong><\/td>\n<td style=\"height: 31px; width: 32.1986%;\">Garcia Barahona, Rosal\u00eda<\/td>\n<td style=\"height: 31px; width: 12.3404%;\"><strong>2n ESO A<\/strong><\/td>\n<td style=\"height: 31px; width: 41.2766%;\">Escudero Puntos, Ingrid<\/td>\n<\/tr>\n<tr style=\"height: 31px;\">\n<td style=\"height: 31px; width: 12.4823%;\"><strong>1r ESO B<\/strong><\/td>\n<td style=\"height: 31px; width: 32.1986%;\">Hern\u00e1ndez Alcoceba, M\u00edriam<\/td>\n<td style=\"height: 31px; width: 12.3404%;\"><strong>2n ESO B<\/strong><\/td>\n<td style=\"height: 31px; width: 41.2766%;\">Carretero Gonz\u00e1lez, Ana Isabel<\/td>\n<\/tr>\n<tr style=\"height: 31px;\">\n<td style=\"height: 31px; width: 12.4823%;\"><strong>1r ESO C<\/strong><\/td>\n<td style=\"height: 31px; width: 32.1986%;\">Bravo Mart\u00edn, \u00c1lvaro<\/td>\n<td style=\"height: 31px; width: 12.3404%;\"><strong>2n ESO C<\/strong><\/td>\n<td style=\"height: 31px; width: 41.2766%;\">Coloma Llorens, Enric<\/td>\n<\/tr>\n<tr style=\"height: 31px;\">\n<td style=\"height: 31px; width: 12.4823%;\"><strong>1r ESO D<\/strong><\/td>\n<td style=\"height: 31px; width: 32.1986%;\">Garc\u00eda P\u00e9rez, Jos\u00e9 Vicente<\/td>\n<td style=\"height: 31px; width: 12.3404%;\"><strong>2n ESO D<\/strong><\/td>\n<td style=\"height: 31px; width: 41.2766%;\">Pallej\u00e0 Bov\u00e9, Clara<\/td>\n<\/tr>\n<tr style=\"height: 31px;\">\n<td style=\"height: 31px; width: 12.4823%;\"><strong>1r ESO E<\/strong><\/td>\n<td style=\"height: 31px; width: 32.1986%;\">Lapieza Men\u00e9, Ignacio<\/td>\n<td style=\"height: 31px; width: 12.3404%;\"><strong>2n ESO E<\/strong><\/td>\n<td style=\"height: 31px; width: 41.2766%;\">Villanueva Puerto, Pere Salvador<\/td>\n<\/tr>\n<tr style=\"height: 31px;\">\n<td style=\"height: 31px; width: 12.4823%;\"><strong>3r ESO A<\/strong><\/td>\n<td style=\"height: 31px; width: 32.1986%;\">Robert Mir\u00f3, Xavier<\/td>\n<td style=\"height: 31px; width: 12.3404%;\"><strong>4t ESO A<\/strong><\/td>\n<td style=\"height: 31px; width: 41.2766%;\">Gil Leonar, Javier<\/td>\n<\/tr>\n<tr style=\"height: 31px;\">\n<td style=\"height: 31px; width: 12.4823%;\"><strong>3r ESO B<\/strong><\/td>\n<td style=\"height: 31px; width: 32.1986%;\">Rovira Palau, Aina<\/td>\n<td style=\"height: 31px; width: 12.3404%;\"><strong>4t ESO B<\/strong><\/td>\n<td style=\"height: 31px; width: 41.2766%;\">Ram\u00edrez Garc\u00eda, Raquel<\/td>\n<\/tr>\n<tr style=\"height: 31px;\">\n<td style=\"height: 31px; width: 12.4823%;\"><strong>3r ESO C<\/strong><\/td>\n<td style=\"height: 31px; width: 32.1986%;\">Mu\u00f1oz Magall\u00f3n, Susana<\/td>\n<td style=\"height: 31px; width: 12.3404%;\"><strong>4t ESO C<\/strong><\/td>\n<td style=\"height: 31px; width: 41.2766%;\">Garc\u00eda Gancedo, Patricia<\/td>\n<\/tr>\n<tr style=\"height: 31px;\">\n<td style=\"height: 31px; width: 12.4823%;\"><strong>3r ESO D<\/strong><\/td>\n<td style=\"height: 31px; width: 32.1986%;\">Dols Domingo, Albert<\/td>\n<td style=\"height: 31px; width: 12.3404%;\"><strong>4t ESO D<\/strong><\/td>\n<td style=\"height: 31px; width: 41.2766%;\">Espin\u00f3s Ferrer, Sara<\/td>\n<\/tr>\n<\/tbody>\n<\/table>\n<p>&nbsp;<\/p>\n<table width=\"716\">\n<tbody>\n<tr>\n<td colspan=\"4\" width=\"716\"><strong>BAT<\/strong><\/td>\n<\/tr>\n<tr>\n<td width=\"91\"><strong>1r BAT A<\/strong><\/td>\n<td width=\"235\">Lupi\u00f3n Buhigas, Daniel<\/td>\n<td width=\"88\"><strong>2n BAT A<\/strong><\/td>\n<td width=\"302\">Moratinos S\u00e1nchez, Cristina<\/td>\n<\/tr>\n<tr>\n<td width=\"91\"><strong>1r BAT B<\/strong><\/td>\n<td width=\"235\">Men\u00e9ndez Rodr\u00edguez, Pilar<\/td>\n<td width=\"88\"><strong>2n BAT B<\/strong><\/td>\n<td width=\"302\">Sol\u00e9 Gras, Dolors<\/td>\n<\/tr>\n<\/tbody>\n<\/table>\n<p>&nbsp;<\/p>\n<table style=\"width: 113.525%; height: 351px;\" width=\"716\">\n<tbody>\n<tr style=\"height: 32px;\">\n<td style=\"height: 32px;\" colspan=\"7\" width=\"716\"><strong>Cicles Formatius<\/strong><\/td>\n<\/tr>\n<tr style=\"height: 64px;\">\n<td style=\"height: 64px;\" colspan=\"2\" width=\"151\"><strong>1r CFGM GESTI\u00d3 ADMINISTRATIVA<\/strong><\/td>\n<td style=\"height: 64px;\" colspan=\"2\" width=\"215\">Puig Mart\u00edn, Gabriel<\/td>\n<td style=\"height: 64px;\" width=\"134\"><strong>2n CFGM GESTI\u00d3<\/strong> <strong>ADMINISTRATIVA<\/strong><\/td>\n<td style=\"height: 64px;\" colspan=\"2\" width=\"215\">Guijarro \u00c1lvarez, David<\/td>\n<\/tr>\n<tr>\n<td colspan=\"2\"><strong>1r CFGM de MANTENIMENT D&#8217;EMBARCACIONS<\/strong><\/td>\n<td colspan=\"2\">Luque G\u00f3mez, Rafael<\/td>\n<td><strong>2n CFGM de MANTENIMENT D&#8217;EMBARCACIONS<\/strong><\/td>\n<td colspan=\"2\">Pel\u00e1ez Ca\u00f1adas, Bibiana<\/td>\n<\/tr>\n<tr style=\"height: 48px;\">\n<td style=\"height: 48px;\" colspan=\"2\" width=\"151\"><strong>1r CFGS ADMIN. I FINANCES<\/strong><\/td>\n<td style=\"height: 48px;\" colspan=\"2\" width=\"215\">Vives Gonz\u00e1lez de Alaiza, Mart\u00ed<\/td>\n<td style=\"height: 48px;\" width=\"134\"><strong>2n CFGS ADMIN. I FINANCES<\/strong><\/td>\n<td style=\"height: 48px;\" colspan=\"2\" width=\"215\">Chaves Ventura, Marc<\/td>\n<\/tr>\n<tr style=\"height: 32px;\">\n<td style=\"height: 32px;\" width=\"7\"><\/td>\n<td style=\"height: 32px;\" colspan=\"6\" width=\"709\"><strong>Programa de Formaci\u00f3 i Inserci\u00f3 \u2013 Pla Transici\u00f3 Treball (PFI \u2013 PTT)<\/strong><\/td>\n<\/tr>\n<tr style=\"height: 95px;\">\n<td style=\"height: 95px;\" width=\"7\"><\/td>\n<td style=\"height: 95px;\" colspan=\"2\" width=\"161\"><strong>AUX. MUNTATGE D\u2019INSTAL\u00b7LACIONS EL\u00c8CTRIQUES EN EDIFICIS<\/strong><\/td>\n<td style=\"height: 95px;\" width=\"199\">Pla Iglesias, Jessica<\/td>\n<td style=\"height: 95px;\" colspan=\"2\" width=\"151\"><strong>AUX. DE COMER\u00c7 I ATENCI\u00d3 AL P\u00daBLIC<\/strong><\/td>\n<td style=\"height: 95px;\" width=\"198\">Laguna Trote, Laura<\/td>\n<\/tr>\n<tr style=\"height: 32px;\">\n<td style=\"height: 32px;\" width=\"7\"><\/td>\n<td style=\"height: 32px;\" colspan=\"6\" width=\"709\"><strong>Programa de Formaci\u00f3 i Inserci\u00f3 \u2013 Pla d\u2019Iniciaci\u00f3 Professional (PFI \u2013 PIP)<\/strong><\/td>\n<\/tr>\n<tr style=\"height: 48px;\">\n<td style=\"height: 48px;\" width=\"7\"><\/td>\n<td style=\"height: 48px;\" colspan=\"3\" width=\"359\"><strong>AUXILIAR DE MANTENIMENT D\u2019EMBARCACIONS ESPORTIVES I ESBARJO<\/strong><\/td>\n<td style=\"height: 48px;\" colspan=\"3\" width=\"350\">Mallofr\u00e9 Morera, Maria<\/td>\n<\/tr>\n<\/tbody>\n<\/table>\n<h4>Personal d\u2019administraci\u00f3 i serveis (PAS)<\/h4>\n<table width=\"406\">\n<tbody>\n<tr>\n<td width=\"216\"><strong>PERSONAL ADMINISTRATIU<\/strong><\/td>\n<td width=\"191\">Esperanza Navarrete L\u00f3pez<br \/>\nGerard Ruiz Mill\u00f3n<\/td>\n<\/tr>\n<tr>\n<td width=\"216\"><strong>PERSONAL SUBALTERN <\/strong><\/td>\n<td width=\"191\">Alba M\u00aa Coll Boada<br \/>\nMerc\u00e8 Sallas Teruel<\/td>\n<\/tr>\n<\/tbody>\n<\/table>\n","protected":false},"excerpt":{"rendered":"<p>La direcci\u00f3 del centre DIRECTORA Fern\u00e1ndez Redecillas, Cristina &#8211; perfil CAP D&#8217;ESTUDIS Nieto Cebri\u00e1n, Antonio SECRETARI Plans Carbonell, Pau COORDINACI\u00d3 PEDAG\u00d2GICA Valdepe\u00f1as G\u00f3mez, Mireia CAP D&#8217;ESTUDIS ADJUNT Serra Vilalta, Francesc Caps dels departaments did\u00e0ctics DEP. ADMINISTRATIU Cruz Padilla, M\u00f2nica DEP. CI\u00c8NCIES NATURALS Pulido Cordero, Al\u00edcia DEP. CI\u00c8NCIES SOCIALS Mont\u00eda Guti\u00e9rrez, \u00c0ngels DEP. EDUCACI\u00d3 F\u00cdSICA Mercad\u00e9 [&hellip;]<\/p>\n","protected":false},"author":1,"featured_media":0,"parent":19,"menu_order":4,"comment_status":"closed","ping_status":"closed","template":"page-templates\/side-menu.php","meta":{"_bbp_topic_count":0,"_bbp_reply_count":0,"_bbp_total_topic_count":0,"_bbp_total_reply_count":0,"_bbp_voice_count":0,"_bbp_anonymous_reply_count":0,"_bbp_topic_count_hidden":0,"_bbp_reply_count_hidden":0,"_bbp_forum_subforum_count":0,"site-sidebar-layout":"default","site-content-layout":"","ast-site-content-layout":"","site-content-style":"default","site-sidebar-style":"default","ast-global-header-display":"","ast-banner-title-visibility":"","ast-main-header-display":"","ast-hfb-above-header-display":"","ast-hfb-below-header-display":"","ast-hfb-mobile-header-display":"","site-post-title":"","ast-breadcrumbs-content":"","ast-featured-img":"","footer-sml-layout":"","theme-transparent-header-meta":"","adv-header-id-meta":"","stick-header-meta":"","header-above-stick-meta":"","header-main-stick-meta":"","header-below-stick-meta":"","astra-migrate-meta-layouts":"default","ast-page-background-enabled":"default","ast-page-background-meta":{"desktop":{"background-color":"var(--ast-global-color-4)","background-image":"","background-repeat":"repeat","background-position":"center center","background-size":"auto","background-attachment":"scroll","background-type":"","background-media":"","overlay-type":"","overlay-color":"","overlay-opacity":"","overlay-gradient":""},"tablet":{"background-color":"","background-image":"","background-repeat":"repeat","background-position":"center center","background-size":"auto","background-attachment":"scroll","background-type":"","background-media":"","overlay-type":"","overlay-color":"","overlay-opacity":"","overlay-gradient":""},"mobile":{"background-color":"","background-image":"","background-repeat":"repeat","background-position":"center center","background-size":"auto","background-attachment":"scroll","background-type":"","background-media":"","overlay-type":"","overlay-color":"","overlay-opacity":"","overlay-gradient":""}},"ast-content-background-meta":{"desktop":{"background-color":"var(--ast-global-color-5)","background-image":"","background-repeat":"repeat","background-position":"center center","background-size":"auto","background-attachment":"scroll","background-type":"","background-media":"","overlay-type":"","overlay-color":"","overlay-opacity":"","overlay-gradient":""},"tablet":{"background-color":"var(--ast-global-color-5)","background-image":"","background-repeat":"repeat","background-position":"center center","background-size":"auto","background-attachment":"scroll","background-type":"","background-media":"","overlay-type":"","overlay-color":"","overlay-opacity":"","overlay-gradient":""},"mobile":{"background-color":"var(--ast-global-color-5)","background-image":"","background-repeat":"repeat","background-position":"center center","background-size":"auto","background-attachment":"scroll","background-type":"","background-media":"","overlay-type":"","overlay-color":"","overlay-opacity":"","overlay-gradient":""}},"footnotes":""},"class_list":["post-46","page","type-page","status-publish","hentry"],"post_mailing_queue_ids":[],"_links":{"self":[{"href":"https:\/\/agora.xtec.cat\/insramondelatorre\/wp-json\/wp\/v2\/pages\/46","targetHints":{"allow":["GET"]}}],"collection":[{"href":"https:\/\/agora.xtec.cat\/insramondelatorre\/wp-json\/wp\/v2\/pages"}],"about":[{"href":"https:\/\/agora.xtec.cat\/insramondelatorre\/wp-json\/wp\/v2\/types\/page"}],"author":[{"embeddable":true,"href":"https:\/\/agora.xtec.cat\/insramondelatorre\/wp-json\/wp\/v2\/users\/1"}],"replies":[{"embeddable":true,"href":"https:\/\/agora.xtec.cat\/insramondelatorre\/wp-json\/wp\/v2\/comments?post=46"}],"version-history":[{"count":6,"href":"https:\/\/agora.xtec.cat\/insramondelatorre\/wp-json\/wp\/v2\/pages\/46\/revisions"}],"predecessor-version":[{"id":8189,"href":"https:\/\/agora.xtec.cat\/insramondelatorre\/wp-json\/wp\/v2\/pages\/46\/revisions\/8189"}],"up":[{"embeddable":true,"href":"https:\/\/agora.xtec.cat\/insramondelatorre\/wp-json\/wp\/v2\/pages\/19"}],"wp:attachment":[{"href":"https:\/\/agora.xtec.cat\/insramondelatorre\/wp-json\/wp\/v2\/media?parent=46"}],"curies":[{"name":"wp","href":"https:\/\/api.w.org\/{rel}","templated":true}]}}