{"id":43,"date":"2014-09-17T16:45:07","date_gmt":"2014-09-17T16:45:07","guid":{"rendered":"http:\/\/agora.xtec.cat\/insramondelatorre\/?page_id=43"},"modified":"2025-11-24T10:32:06","modified_gmt":"2025-11-24T09:32:06","slug":"consell-escolar","status":"publish","type":"page","link":"https:\/\/agora.xtec.cat\/insramondelatorre\/linstitut\/consell-escolar\/","title":{"rendered":"Consell escolar"},"content":{"rendered":"<p>El Consell Escolar de l&#8217;Institut Ramon de la Torre est\u00e0 format per 3 membres de l&#8217;equip directiu, 8 membres del sector del professorat, 4 membres del sector de l&#8217;alumnat, 1 representant del PAS, 3 representants del sector de pares i mares, 1 representant de l&#8217;AFA i 1 representant de l&#8217;ajuntament de Torredembarra.<\/p>\n<p><strong><em>Equip directiu<br \/>\n<\/em><\/strong>CRISTINA\u00a0 FERN\u00c1NDEZ REDECILLAS<br \/>\nANTONIO NIETO CEBRI\u00c1N<br \/>\nPAU PLANS CARBONELL<\/p>\n<p><strong><em>Professorat<br \/>\n<\/em><\/strong><\/p>\n<p>MIRIAM HERNANDEZ ALCOCEBA<br \/>\nJER\u00d3NIMO L\u00d3PEZ GARC\u00cdA<br \/>\nM. \u00c0NGELS MONT\u00cdA GUT\u00cdERREZ<br \/>\nTRINITAT ORTEGA ROCA<br \/>\nMIREIA ORTEGA ROCA<br \/>\nAINA ROVIRA PALAU<br \/>\nRAQUEL RAM\u00cdREZ GARC\u00cdA<\/p>\n<p>&nbsp;<\/p>\n<p><strong><em>PAS<br \/>\n<\/em><\/strong>MERCEDES SALLAS TERUEL<\/p>\n<p><strong><em>Pares\/Mares<\/em><\/strong><br \/>\nJESSICA SAAVEDRA CONESA<\/p>\n<p><strong><em>Alumnes<br \/>\n<\/em><\/strong><br \/>\nPERE FORTUNY MASS\u00d3<br \/>\nRAMON GALLARDO LLERENA<br \/>\nERIC DEL CAMPO AYUSO<br \/>\nMARIONA MART\u00cdN PU\u00c9RTOLAS<\/p>\n<p>&nbsp;<\/p>\n<p><strong><em>Regidora d\u2019ensenyament<br \/>\n<\/em><\/strong>JOS\u00c9 GARC\u00cdA GONZ\u00c1LEZ<\/p>\n<h5><a href=\"https:\/\/agora.xtec.cat\/insramondelatorre\/linstitut\/consell-escolar\/eleccions-consell-escolar-2025\/\"><strong>ELECCIONS CONSELL ESCOLAR 2025<\/strong><\/a><\/h5>\n<h5><strong>ACORDS DE CONSELL ESCOLAR<\/strong><\/h5>\n<ul>\n<li>Aprovaci\u00f3 de la PGA<\/li>\n<li>Aprovaci\u00f3 de la previsi\u00f3 d&#8217;activitats complement\u00e0ries i extraescolars.<\/li>\n<li>Liquidaci\u00f3 pressupost exercici any anterior<\/li>\n<li>Pressupost exercici any actual<\/li>\n<\/ul>\n","protected":false},"excerpt":{"rendered":"<p>El Consell Escolar de l&#8217;Institut Ramon de la Torre est\u00e0 format per 3 membres de l&#8217;equip directiu, 8 membres del sector del professorat, 4 membres del sector de l&#8217;alumnat, 1 representant del PAS, 3 representants del sector de pares i mares, 1 representant de l&#8217;AFA i 1 representant de l&#8217;ajuntament de Torredembarra. Equip directiu CRISTINA\u00a0 [&hellip;]<\/p>\n","protected":false},"author":1,"featured_media":0,"parent":19,"menu_order":3,"comment_status":"closed","ping_status":"closed","template":"page-templates\/side-menu.php","meta":{"_bbp_topic_count":0,"_bbp_reply_count":0,"_bbp_total_topic_count":0,"_bbp_total_reply_count":0,"_bbp_voice_count":0,"_bbp_anonymous_reply_count":0,"_bbp_topic_count_hidden":0,"_bbp_reply_count_hidden":0,"_bbp_forum_subforum_count":0,"site-sidebar-layout":"default","site-content-layout":"","ast-site-content-layout":"","site-content-style":"default","site-sidebar-style":"default","ast-global-header-display":"","ast-banner-title-visibility":"","ast-main-header-display":"","ast-hfb-above-header-display":"","ast-hfb-below-header-display":"","ast-hfb-mobile-header-display":"","site-post-title":"","ast-breadcrumbs-content":"","ast-featured-img":"","footer-sml-layout":"","theme-transparent-header-meta":"","adv-header-id-meta":"","stick-header-meta":"","header-above-stick-meta":"","header-main-stick-meta":"","header-below-stick-meta":"","astra-migrate-meta-layouts":"default","ast-page-background-enabled":"default","ast-page-background-meta":{"desktop":{"background-color":"var(--ast-global-color-4)","background-image":"","background-repeat":"repeat","background-position":"center center","background-size":"auto","background-attachment":"scroll","background-type":"","background-media":"","overlay-type":"","overlay-color":"","overlay-opacity":"","overlay-gradient":""},"tablet":{"background-color":"","background-image":"","background-repeat":"repeat","background-position":"center center","background-size":"auto","background-attachment":"scroll","background-type":"","background-media":"","overlay-type":"","overlay-color":"","overlay-opacity":"","overlay-gradient":""},"mobile":{"background-color":"","background-image":"","background-repeat":"repeat","background-position":"center center","background-size":"auto","background-attachment":"scroll","background-type":"","background-media":"","overlay-type":"","overlay-color":"","overlay-opacity":"","overlay-gradient":""}},"ast-content-background-meta":{"desktop":{"background-color":"var(--ast-global-color-5)","background-image":"","background-repeat":"repeat","background-position":"center center","background-size":"auto","background-attachment":"scroll","background-type":"","background-media":"","overlay-type":"","overlay-color":"","overlay-opacity":"","overlay-gradient":""},"tablet":{"background-color":"var(--ast-global-color-5)","background-image":"","background-repeat":"repeat","background-position":"center center","background-size":"auto","background-attachment":"scroll","background-type":"","background-media":"","overlay-type":"","overlay-color":"","overlay-opacity":"","overlay-gradient":""},"mobile":{"background-color":"var(--ast-global-color-5)","background-image":"","background-repeat":"repeat","background-position":"center center","background-size":"auto","background-attachment":"scroll","background-type":"","background-media":"","overlay-type":"","overlay-color":"","overlay-opacity":"","overlay-gradient":""}},"footnotes":""},"class_list":["post-43","page","type-page","status-publish","hentry"],"post_mailing_queue_ids":[],"_links":{"self":[{"href":"https:\/\/agora.xtec.cat\/insramondelatorre\/wp-json\/wp\/v2\/pages\/43","targetHints":{"allow":["GET"]}}],"collection":[{"href":"https:\/\/agora.xtec.cat\/insramondelatorre\/wp-json\/wp\/v2\/pages"}],"about":[{"href":"https:\/\/agora.xtec.cat\/insramondelatorre\/wp-json\/wp\/v2\/types\/page"}],"author":[{"embeddable":true,"href":"https:\/\/agora.xtec.cat\/insramondelatorre\/wp-json\/wp\/v2\/users\/1"}],"replies":[{"embeddable":true,"href":"https:\/\/agora.xtec.cat\/insramondelatorre\/wp-json\/wp\/v2\/comments?post=43"}],"version-history":[{"count":6,"href":"https:\/\/agora.xtec.cat\/insramondelatorre\/wp-json\/wp\/v2\/pages\/43\/revisions"}],"predecessor-version":[{"id":8447,"href":"https:\/\/agora.xtec.cat\/insramondelatorre\/wp-json\/wp\/v2\/pages\/43\/revisions\/8447"}],"up":[{"embeddable":true,"href":"https:\/\/agora.xtec.cat\/insramondelatorre\/wp-json\/wp\/v2\/pages\/19"}],"wp:attachment":[{"href":"https:\/\/agora.xtec.cat\/insramondelatorre\/wp-json\/wp\/v2\/media?parent=43"}],"curies":[{"name":"wp","href":"https:\/\/api.w.org\/{rel}","templated":true}]}}