{"id":2965,"date":"2020-06-05T13:35:50","date_gmt":"2020-06-05T11:35:50","guid":{"rendered":"https:\/\/agora.xtec.cat\/insramondelatorre\/?page_id=2965"},"modified":"2024-06-19T11:57:45","modified_gmt":"2024-06-19T09:57:45","slug":"activitats-de-6e-de-primaria","status":"publish","type":"page","link":"https:\/\/agora.xtec.cat\/insramondelatorre\/activitats-de-6e-de-primaria\/","title":{"rendered":"ACTIVITATS DE 6\u00e8 DE PRIM\u00c0RIA"},"content":{"rendered":"<table style=\"width: 501px;\">\n<tbody>\n<tr>\n<td style=\"width: 105px;\"><a href=\"https:\/\/drive.google.com\/file\/d\/1sIzU4_G74RbaKqHMENFPDh5QBUN7ddpS\/view\"><b data-blogger-escaped-style=\"background-color: transparent; font-family: arial, helvetica, sans-serif;\">Catal\u00e0\u00a0<\/b><\/a><\/td>\n<td style=\"width: 119px;\"><a href=\"https:\/\/drive.google.com\/file\/d\/14H6apluEnsRoJIPOqjc3OkwsSsRVjTKg\/view\"><b data-blogger-escaped-style=\"background-color: transparent; font-family: arial, helvetica, sans-serif;\">Castell\u00e0<\/b><\/a><\/td>\n<td style=\"width: 114px;\"><a href=\"https:\/\/drive.google.com\/file\/d\/11k9_xyC9eiuwQx4LgFQdPpXVQHSpyCrW\/view\"><b data-blogger-escaped-style=\"background-color: transparent; font-family: arial, helvetica, sans-serif;\">Angl\u00e8s<\/b><\/a><\/td>\n<td style=\"width: 151px;\"><a href=\"https:\/\/drive.google.com\/file\/d\/1Wr1pHLg7HboXyG8E4vwOfIlYmUtDFZgR\/view\"><b data-blogger-escaped-style=\"background-color: transparent; font-family: arial, helvetica, sans-serif;\">Matem\u00e0tiques<\/b><\/a><\/td>\n<\/tr>\n<\/tbody>\n<\/table>\n","protected":false},"excerpt":{"rendered":"<p>Catal\u00e0\u00a0 Castell\u00e0 Angl\u00e8s Matem\u00e0tiques<\/p>\n","protected":false},"author":4,"featured_media":0,"parent":0,"menu_order":0,"comment_status":"closed","ping_status":"closed","template":"","meta":{"_bbp_topic_count":0,"_bbp_reply_count":0,"_bbp_total_topic_count":0,"_bbp_total_reply_count":0,"_bbp_voice_count":0,"_bbp_anonymous_reply_count":0,"_bbp_topic_count_hidden":0,"_bbp_reply_count_hidden":0,"_bbp_forum_subforum_count":0,"site-sidebar-layout":"default","site-content-layout":"","ast-site-content-layout":"","site-content-style":"default","site-sidebar-style":"default","ast-global-header-display":"","ast-banner-title-visibility":"","ast-main-header-display":"","ast-hfb-above-header-display":"","ast-hfb-below-header-display":"","ast-hfb-mobile-header-display":"","site-post-title":"","ast-breadcrumbs-content":"","ast-featured-img":"","footer-sml-layout":"","theme-transparent-header-meta":"","adv-header-id-meta":"","stick-header-meta":"","header-above-stick-meta":"","header-main-stick-meta":"","header-below-stick-meta":"","astra-migrate-meta-layouts":"default","ast-page-background-enabled":"default","ast-page-background-meta":{"desktop":{"background-color":"var(--ast-global-color-4)","background-image":"","background-repeat":"repeat","background-position":"center center","background-size":"auto","background-attachment":"scroll","background-type":"","background-media":"","overlay-type":"","overlay-color":"","overlay-opacity":"","overlay-gradient":""},"tablet":{"background-color":"","background-image":"","background-repeat":"repeat","background-position":"center center","background-size":"auto","background-attachment":"scroll","background-type":"","background-media":"","overlay-type":"","overlay-color":"","overlay-opacity":"","overlay-gradient":""},"mobile":{"background-color":"","background-image":"","background-repeat":"repeat","background-position":"center center","background-size":"auto","background-attachment":"scroll","background-type":"","background-media":"","overlay-type":"","overlay-color":"","overlay-opacity":"","overlay-gradient":""}},"ast-content-background-meta":{"desktop":{"background-color":"var(--ast-global-color-5)","background-image":"","background-repeat":"repeat","background-position":"center center","background-size":"auto","background-attachment":"scroll","background-type":"","background-media":"","overlay-type":"","overlay-color":"","overlay-opacity":"","overlay-gradient":""},"tablet":{"background-color":"var(--ast-global-color-5)","background-image":"","background-repeat":"repeat","background-position":"center center","background-size":"auto","background-attachment":"scroll","background-type":"","background-media":"","overlay-type":"","overlay-color":"","overlay-opacity":"","overlay-gradient":""},"mobile":{"background-color":"var(--ast-global-color-5)","background-image":"","background-repeat":"repeat","background-position":"center center","background-size":"auto","background-attachment":"scroll","background-type":"","background-media":"","overlay-type":"","overlay-color":"","overlay-opacity":"","overlay-gradient":""}},"footnotes":""},"class_list":["post-2965","page","type-page","status-publish","hentry"],"post_mailing_queue_ids":[],"_links":{"self":[{"href":"https:\/\/agora.xtec.cat\/insramondelatorre\/wp-json\/wp\/v2\/pages\/2965","targetHints":{"allow":["GET"]}}],"collection":[{"href":"https:\/\/agora.xtec.cat\/insramondelatorre\/wp-json\/wp\/v2\/pages"}],"about":[{"href":"https:\/\/agora.xtec.cat\/insramondelatorre\/wp-json\/wp\/v2\/types\/page"}],"author":[{"embeddable":true,"href":"https:\/\/agora.xtec.cat\/insramondelatorre\/wp-json\/wp\/v2\/users\/4"}],"replies":[{"embeddable":true,"href":"https:\/\/agora.xtec.cat\/insramondelatorre\/wp-json\/wp\/v2\/comments?post=2965"}],"version-history":[{"count":4,"href":"https:\/\/agora.xtec.cat\/insramondelatorre\/wp-json\/wp\/v2\/pages\/2965\/revisions"}],"predecessor-version":[{"id":7427,"href":"https:\/\/agora.xtec.cat\/insramondelatorre\/wp-json\/wp\/v2\/pages\/2965\/revisions\/7427"}],"wp:attachment":[{"href":"https:\/\/agora.xtec.cat\/insramondelatorre\/wp-json\/wp\/v2\/media?parent=2965"}],"curies":[{"name":"wp","href":"https:\/\/api.w.org\/{rel}","templated":true}]}}