{"id":2522,"date":"2020-04-23T13:27:28","date_gmt":"2020-04-23T11:27:28","guid":{"rendered":"https:\/\/agora.xtec.cat\/insramondelatorre\/?page_id=2522"},"modified":"2025-06-04T09:40:42","modified_gmt":"2025-06-04T07:40:42","slug":"feina-estiu","status":"publish","type":"page","link":"https:\/\/agora.xtec.cat\/insramondelatorre\/material-alumnat\/feina-estiu\/","title":{"rendered":"FEINA ESTIU"},"content":{"rendered":"<h4>ACTIVITATS DE RECUPERACI\u00d3<\/h4>\n<p>Per a aquelles mat\u00e8ries No Assolides, cal fer les <a href=\"https:\/\/agora.xtec.cat\/insramondelatorre\/material-alumnat\/feina-estiu\/activitats-de-recuperacio-curs-19-20\/\">activitats de recuperaci\u00f3<\/a>.<\/p>\n<h4>ACTIVITATS DE CONSOLIDACI\u00d3<\/h4>\n<p>Aquestes activitats s\u00f3n per a l&#8217;alumnat que ha Assolit la mat\u00e8ria: <a href=\"https:\/\/agora.xtec.cat\/insramondelatorre\/material-alumnat\/feina-estiu\/activitats-de-consolidacio\/\">activitats de consolidaci\u00f3<\/a>.<\/p>\n<h4>ACTIVITATS DE 6\u00e8 DE PRIM\u00c0RIA<\/h4>\n<p>Les 5 escoles adscrites al nostre centre tenen unificada la feina d&#8217;estiu que trobareu en aquest enlla\u00e7: <a href=\"https:\/\/agora.xtec.cat\/insramondelatorre\/activitats-de-6e-de-primaria\/\">activitats 6\u00e8 prim\u00e0ria<\/a>.<\/p>\n<h4>ACTIVITATS RECOMANADES PER A TOTS ELS NIVELLS<\/h4>\n<p><a href=\"https:\/\/agora.xtec.cat\/insramondelatorre\/wp-content\/uploads\/usu1829\/2020\/06\/Recomanacions-per-a-tots-els-nivells-.pdf\" target=\"_blank\" rel=\"noopener noreferrer\">Enlla\u00e7 activitats.<\/a><\/p>\n<h4>ACTIVITATS DE CAL\u00b7LIGRAFIA<\/h4>\n<p><a href=\"https:\/\/drive.google.com\/drive\/folders\/1rkJUTUajrohCmu5LeLvQVSWiZQ8Uktd5?usp=sharing\">Enlla\u00e7 activitats.<\/a><\/p>\n<h4>ACTIVITATS D&#8217;ESTIU DE L&#8217;AULA D&#8217;ACOLLIDA<\/h4>\n<p><a href=\"https:\/\/drive.google.com\/file\/d\/1YuSj7G8XjC57CwgRMv0_P8Vznrjj1bSl\/view?usp=sharing\">Enlla\u00e7 activitats<\/a><\/p>\n","protected":false},"excerpt":{"rendered":"<p>ACTIVITATS DE RECUPERACI\u00d3 Per a aquelles mat\u00e8ries No Assolides, cal fer les activitats de recuperaci\u00f3. ACTIVITATS DE CONSOLIDACI\u00d3 Aquestes activitats s\u00f3n per a l&#8217;alumnat que ha Assolit la mat\u00e8ria: activitats de consolidaci\u00f3. ACTIVITATS DE 6\u00e8 DE PRIM\u00c0RIA Les 5 escoles adscrites al nostre centre tenen unificada la feina d&#8217;estiu que trobareu en aquest enlla\u00e7: activitats [&hellip;]<\/p>\n","protected":false},"author":4,"featured_media":0,"parent":1511,"menu_order":3,"comment_status":"closed","ping_status":"closed","template":"page-templates\/side-menu.php","meta":{"_bbp_topic_count":0,"_bbp_reply_count":0,"_bbp_total_topic_count":0,"_bbp_total_reply_count":0,"_bbp_voice_count":0,"_bbp_anonymous_reply_count":0,"_bbp_topic_count_hidden":0,"_bbp_reply_count_hidden":0,"_bbp_forum_subforum_count":0,"site-sidebar-layout":"default","site-content-layout":"","ast-site-content-layout":"","site-content-style":"default","site-sidebar-style":"default","ast-global-header-display":"","ast-banner-title-visibility":"","ast-main-header-display":"","ast-hfb-above-header-display":"","ast-hfb-below-header-display":"","ast-hfb-mobile-header-display":"","site-post-title":"","ast-breadcrumbs-content":"","ast-featured-img":"","footer-sml-layout":"","theme-transparent-header-meta":"","adv-header-id-meta":"","stick-header-meta":"","header-above-stick-meta":"","header-main-stick-meta":"","header-below-stick-meta":"","astra-migrate-meta-layouts":"default","ast-page-background-enabled":"default","ast-page-background-meta":{"desktop":{"background-color":"var(--ast-global-color-4)","background-image":"","background-repeat":"repeat","background-position":"center center","background-size":"auto","background-attachment":"scroll","background-type":"","background-media":"","overlay-type":"","overlay-color":"","overlay-opacity":"","overlay-gradient":""},"tablet":{"background-color":"","background-image":"","background-repeat":"repeat","background-position":"center center","background-size":"auto","background-attachment":"scroll","background-type":"","background-media":"","overlay-type":"","overlay-color":"","overlay-opacity":"","overlay-gradient":""},"mobile":{"background-color":"","background-image":"","background-repeat":"repeat","background-position":"center center","background-size":"auto","background-attachment":"scroll","background-type":"","background-media":"","overlay-type":"","overlay-color":"","overlay-opacity":"","overlay-gradient":""}},"ast-content-background-meta":{"desktop":{"background-color":"var(--ast-global-color-5)","background-image":"","background-repeat":"repeat","background-position":"center center","background-size":"auto","background-attachment":"scroll","background-type":"","background-media":"","overlay-type":"","overlay-color":"","overlay-opacity":"","overlay-gradient":""},"tablet":{"background-color":"var(--ast-global-color-5)","background-image":"","background-repeat":"repeat","background-position":"center center","background-size":"auto","background-attachment":"scroll","background-type":"","background-media":"","overlay-type":"","overlay-color":"","overlay-opacity":"","overlay-gradient":""},"mobile":{"background-color":"var(--ast-global-color-5)","background-image":"","background-repeat":"repeat","background-position":"center center","background-size":"auto","background-attachment":"scroll","background-type":"","background-media":"","overlay-type":"","overlay-color":"","overlay-opacity":"","overlay-gradient":""}},"footnotes":""},"class_list":["post-2522","page","type-page","status-publish","hentry"],"post_mailing_queue_ids":[],"_links":{"self":[{"href":"https:\/\/agora.xtec.cat\/insramondelatorre\/wp-json\/wp\/v2\/pages\/2522","targetHints":{"allow":["GET"]}}],"collection":[{"href":"https:\/\/agora.xtec.cat\/insramondelatorre\/wp-json\/wp\/v2\/pages"}],"about":[{"href":"https:\/\/agora.xtec.cat\/insramondelatorre\/wp-json\/wp\/v2\/types\/page"}],"author":[{"embeddable":true,"href":"https:\/\/agora.xtec.cat\/insramondelatorre\/wp-json\/wp\/v2\/users\/4"}],"replies":[{"embeddable":true,"href":"https:\/\/agora.xtec.cat\/insramondelatorre\/wp-json\/wp\/v2\/comments?post=2522"}],"version-history":[{"count":3,"href":"https:\/\/agora.xtec.cat\/insramondelatorre\/wp-json\/wp\/v2\/pages\/2522\/revisions"}],"predecessor-version":[{"id":6516,"href":"https:\/\/agora.xtec.cat\/insramondelatorre\/wp-json\/wp\/v2\/pages\/2522\/revisions\/6516"}],"up":[{"embeddable":true,"href":"https:\/\/agora.xtec.cat\/insramondelatorre\/wp-json\/wp\/v2\/pages\/1511"}],"wp:attachment":[{"href":"https:\/\/agora.xtec.cat\/insramondelatorre\/wp-json\/wp\/v2\/media?parent=2522"}],"curies":[{"name":"wp","href":"https:\/\/api.w.org\/{rel}","templated":true}]}}