{"id":2169,"date":"2020-02-26T08:42:05","date_gmt":"2020-02-26T07:42:05","guid":{"rendered":"https:\/\/agora.xtec.cat\/insramondelatorre\/?page_id=2169"},"modified":"2026-03-25T11:28:20","modified_gmt":"2026-03-25T10:28:20","slug":"nautic","status":"publish","type":"page","link":"https:\/\/agora.xtec.cat\/insramondelatorre\/estudis\/pfi\/nautic\/","title":{"rendered":"PIP DUAL &#8211; Auxiliar de manteniment d\u2019embarcacions esportives i d\u2019esbarjo"},"content":{"rendered":"<p>&nbsp;<\/p>\n<ul>\n<li>descarrega el <a href=\"https:\/\/agora.xtec.cat\/insramondelatorre\/wp-content\/uploads\/usu1829\/2026\/03\/Diptic-PFI-26_27.pdf\" target=\"_blank\" rel=\"noopener noreferrer\">d\u00edptic<\/a><\/li>\n<li>descarrega la <a href=\"https:\/\/agora.xtec.cat\/insramondelatorre\/wp-content\/uploads\/usu1829\/2026\/03\/presentacio-PFI-2026_27-1.pdf\" target=\"_blank\" rel=\"noopener noreferrer\">presentaci\u00f3<\/a><\/li>\n<\/ul>\n<p>&nbsp;<\/p>\n<p><iframe loading=\"lazy\" src=\"https:\/\/www.youtube.com\/embed\/ZYxJPzaQ-7U\" width=\"560\" height=\"315\" frameborder=\"0\"><\/iframe><br \/>\n<b><\/b><\/p>\n<p><b>Compet\u00e8ncia general d\u2019aquest perfil<\/b><\/p>\n<p>Realitzar operacions auxiliars de reparacions en elements estructurals i aparells, de protecci\u00f3 i embelliment de superf\u00edcies, tant en embarcacions esportives com d\u2019esbarjo, seguint les instruccions rebudes, observant les normes de prevenci\u00f3 de riscos laborals i protecci\u00f3 mediambiental corresponents.<\/p>\n<p><b>Durada dels estudis<\/b><\/p>\n<p>1.000 hores \/ <b>1 curs acad\u00e8mic<br \/>\n<\/b>800 hores en el centre educatiu<br \/>\n200\/500 hores remunerades en el centre de treball<\/p>\n<p><b>Requisits d&#8217;acc\u00e9s<\/b><\/p>\n<ul>\n<li>Complir com a m\u00ednim 16 anys i com a m\u00e0xim 21 anys en l\u2019any natural d\u2019inici del programa.<\/li>\n<li>Haver deixat l\u2019educaci\u00f3 secund\u00e0ria obligat\u00f2ria sense obtenir el t\u00edtol i no prosseguir estudis en el sistema educatiu.<\/li>\n<li>Accedir volunt\u00e0riament als programes.<\/li>\n<\/ul>\n<p><strong>ESTUDIS<\/strong><\/p>\n<table width=\"715\">\n<tbody>\n<tr>\n<td width=\"360\"><b>M\u00d2DULS DE FORMACI\u00d3 PROFESSIONAL<\/b><\/td>\n<td width=\"356\"><b>M\u00d2DULS DE FORMACI\u00d3 GENERAL<\/b><\/td>\n<\/tr>\n<tr>\n<td width=\"360\">\u00b7\u00a0Reparaci\u00f3 estructural b\u00e0sica d&#8217;embarcacions esportives.<\/td>\n<td width=\"356\">\u00b7\u00a0\u00a0 MFG1: Estrat\u00e8gies i eines de comunicaci\u00f3.<\/td>\n<\/tr>\n<tr>\n<td rowspan=\"2\" width=\"360\"><i>Realitzar operacions auxiliars de reparaci\u00f3 d&#8217;elements de fusta i d&#8217;elements de pl\u00e0stic refor\u00e7at amb fibra d&#8217;embarcacions esportives i d&#8217;esbarjo. <\/i><\/td>\n<td width=\"356\">\u00b7\u00a0\u00a0 MFG2: Entorn social i territorial.<\/td>\n<\/tr>\n<tr>\n<td width=\"356\">\u00b7\u00a0\u00a0 MFG3: Estrat\u00e8gies i eines matem\u00e0tiques.<\/td>\n<\/tr>\n<tr>\n<td width=\"360\">\u00b7\u00a0Protecci\u00f3 i embelliment de superf\u00edcies d&#8217;embarcacions.<\/td>\n<td width=\"356\">\u00b7\u00a0\u00a0 MFG4: Incorporaci\u00f3 al m\u00f3n professional.<\/td>\n<\/tr>\n<tr>\n<td width=\"360\">\u00b7 Manteniment d&#8217;embarcacions semir\u00edgides<\/td>\n<td width=\"356\"><\/td>\n<\/tr>\n<tr>\n<td style=\"text-align: center;\" colspan=\"2\" width=\"716\">\u00b7\u00a0MFCT. Formaci\u00f3 en centres de treball.<\/td>\n<\/tr>\n<tr>\n<td style=\"text-align: center;\" colspan=\"2\" width=\"716\">\u00b7\u00a0MPRL. Formaci\u00f3 b\u00e0sica en prevenci\u00f3 de riscos laborals .<\/td>\n<\/tr>\n<\/tbody>\n<\/table>\n<p>&nbsp;<\/p>\n<p><strong>SORTIDES PROFESSIONALS<\/strong><\/p>\n<p><b>Les ocupacions i llocs de treball m\u00e9s rellevants s\u00f3n els seg\u00fcents :<\/b><\/p>\n<ul>\n<li>Auxiliar de fuster de ribera.<\/li>\n<li>Auxiliar de pintor\/a de embarcacions.<\/li>\n<li>Auxiliar de manteniment d\u2019elements de pl\u00e0stic refor\u00e7at amb fibra.<\/li>\n<li>Auxiliar de manteniment d\u2019aparells d\u2019embarcacions.<\/li>\n<li><b style=\"font-family: inherit; font-size: 1em;\">I tamb\u00e9 podr\u00e0s continuar estudiant:<\/b><span style=\"font-family: inherit; font-size: 1em;\">Acc\u00e9s a Cicles Formatius de Grau Mitj\u00e0<\/span><\/li>\n<\/ul>\n<p><strong>ELS NOSTRES PROJECTES<\/strong><\/p>\n<ul>\n<li>Construcci\u00f3 d&#8217;una cabina de pintura <a href=\"https:\/\/youtu.be\/ShLFib6CRbg\">(V\u00eddeo)<\/a><\/li>\n<li>Construcci\u00f3 d&#8217;una grua p\u00f2rtic 4 Tn <a href=\"https:\/\/youtu.be\/qReznuyutQs\">(V\u00eddeo)<\/a><\/li>\n<li>Orsapop <a href=\"https:\/\/youtu.be\/SS2MPwDyEak\">(V\u00eddeo)<\/a><\/li>\n<li>Taller de nusos <a href=\"https:\/\/youtu.be\/p3d6IgFVZqc\">(V\u00eddeo)<\/a><\/li>\n<li>Entrevista TV3\u00a0<a href=\"https:\/\/youtu.be\/d2-oCnIOIzs\">(V\u00eddeo)<\/a><\/li>\n<li>Entrevista TAC12\u00a0<a href=\"https:\/\/youtu.be\/JKzNWmtGigc\">(V\u00eddeo)<\/a><\/li>\n<li>Projecte integrat 2022\u00a0<a href=\"https:\/\/youtu.be\/fRJ3AsjxCy8\">(V\u00eddeo)<\/a><\/li>\n<\/ul>\n<p>&nbsp;<\/p>\n","protected":false},"excerpt":{"rendered":"<p>&nbsp; descarrega el d\u00edptic descarrega la presentaci\u00f3 &nbsp; Compet\u00e8ncia general d\u2019aquest perfil Realitzar operacions auxiliars de reparacions en elements estructurals i aparells, de protecci\u00f3 i embelliment de superf\u00edcies, tant en embarcacions esportives com d\u2019esbarjo, seguint les instruccions rebudes, observant les normes de prevenci\u00f3 de riscos laborals i protecci\u00f3 mediambiental corresponents. Durada dels estudis 1.000 hores [&hellip;]<\/p>\n","protected":false},"author":4,"featured_media":0,"parent":1183,"menu_order":2,"comment_status":"closed","ping_status":"closed","template":"","meta":{"_bbp_topic_count":0,"_bbp_reply_count":0,"_bbp_total_topic_count":0,"_bbp_total_reply_count":0,"_bbp_voice_count":0,"_bbp_anonymous_reply_count":0,"_bbp_topic_count_hidden":0,"_bbp_reply_count_hidden":0,"_bbp_forum_subforum_count":0,"site-sidebar-layout":"default","site-content-layout":"","ast-site-content-layout":"default","site-content-style":"default","site-sidebar-style":"default","ast-global-header-display":"","ast-banner-title-visibility":"","ast-main-header-display":"","ast-hfb-above-header-display":"","ast-hfb-below-header-display":"","ast-hfb-mobile-header-display":"","site-post-title":"","ast-breadcrumbs-content":"","ast-featured-img":"","footer-sml-layout":"","theme-transparent-header-meta":"default","adv-header-id-meta":"","stick-header-meta":"","header-above-stick-meta":"","header-main-stick-meta":"","header-below-stick-meta":"","astra-migrate-meta-layouts":"set","ast-page-background-enabled":"default","ast-page-background-meta":{"desktop":{"background-color":"var(--ast-global-color-4)","background-image":"","background-repeat":"repeat","background-position":"center center","background-size":"auto","background-attachment":"scroll","background-type":"","background-media":"","overlay-type":"","overlay-color":"","overlay-opacity":"","overlay-gradient":""},"tablet":{"background-color":"","background-image":"","background-repeat":"repeat","background-position":"center center","background-size":"auto","background-attachment":"scroll","background-type":"","background-media":"","overlay-type":"","overlay-color":"","overlay-opacity":"","overlay-gradient":""},"mobile":{"background-color":"","background-image":"","background-repeat":"repeat","background-position":"center center","background-size":"auto","background-attachment":"scroll","background-type":"","background-media":"","overlay-type":"","overlay-color":"","overlay-opacity":"","overlay-gradient":""}},"ast-content-background-meta":{"desktop":{"background-color":"var(--ast-global-color-5)","background-image":"","background-repeat":"repeat","background-position":"center center","background-size":"auto","background-attachment":"scroll","background-type":"","background-media":"","overlay-type":"","overlay-color":"","overlay-opacity":"","overlay-gradient":""},"tablet":{"background-color":"var(--ast-global-color-5)","background-image":"","background-repeat":"repeat","background-position":"center center","background-size":"auto","background-attachment":"scroll","background-type":"","background-media":"","overlay-type":"","overlay-color":"","overlay-opacity":"","overlay-gradient":""},"mobile":{"background-color":"var(--ast-global-color-5)","background-image":"","background-repeat":"repeat","background-position":"center center","background-size":"auto","background-attachment":"scroll","background-type":"","background-media":"","overlay-type":"","overlay-color":"","overlay-opacity":"","overlay-gradient":""}},"footnotes":""},"class_list":["post-2169","page","type-page","status-publish","hentry"],"post_mailing_queue_ids":[],"_links":{"self":[{"href":"https:\/\/agora.xtec.cat\/insramondelatorre\/wp-json\/wp\/v2\/pages\/2169","targetHints":{"allow":["GET"]}}],"collection":[{"href":"https:\/\/agora.xtec.cat\/insramondelatorre\/wp-json\/wp\/v2\/pages"}],"about":[{"href":"https:\/\/agora.xtec.cat\/insramondelatorre\/wp-json\/wp\/v2\/types\/page"}],"author":[{"embeddable":true,"href":"https:\/\/agora.xtec.cat\/insramondelatorre\/wp-json\/wp\/v2\/users\/4"}],"replies":[{"embeddable":true,"href":"https:\/\/agora.xtec.cat\/insramondelatorre\/wp-json\/wp\/v2\/comments?post=2169"}],"version-history":[{"count":6,"href":"https:\/\/agora.xtec.cat\/insramondelatorre\/wp-json\/wp\/v2\/pages\/2169\/revisions"}],"predecessor-version":[{"id":8732,"href":"https:\/\/agora.xtec.cat\/insramondelatorre\/wp-json\/wp\/v2\/pages\/2169\/revisions\/8732"}],"up":[{"embeddable":true,"href":"https:\/\/agora.xtec.cat\/insramondelatorre\/wp-json\/wp\/v2\/pages\/1183"}],"wp:attachment":[{"href":"https:\/\/agora.xtec.cat\/insramondelatorre\/wp-json\/wp\/v2\/media?parent=2169"}],"curies":[{"name":"wp","href":"https:\/\/api.w.org\/{rel}","templated":true}]}}