{"id":1875,"date":"2019-12-17T16:17:21","date_gmt":"2019-12-17T15:17:21","guid":{"rendered":"https:\/\/agora.xtec.cat\/insramondelatorre\/?page_id=1875"},"modified":"2026-04-07T08:07:59","modified_gmt":"2026-04-07T06:07:59","slug":"fct-formacio-centres-treball","status":"publish","type":"page","link":"https:\/\/agora.xtec.cat\/insramondelatorre\/estudis\/cicles-formatius\/fct-formacio-centres-treball\/","title":{"rendered":"FCT &#8211; FORMACI\u00d3 CENTRES TREBALL"},"content":{"rendered":"<p style=\"text-align: justify;\"><strong>LA FORMACI\u00d3 EN CENTRES DE TREBALL (FCT)<\/strong><\/p>\n<p style=\"text-align: justify;\">S\u00f3n <a href=\"http:\/\/xtec.gencat.cat\/ca\/curriculum\/professionals\/fct\/\" target=\"_blank\" rel=\"noopener noreferrer\"><strong>pr\u00e0ctiques i estades formatives<\/strong><\/a> no laborals que realitza l&#8217;alumnat d&#8217;ensenyaments de Programes de\u00a0 Formaci\u00f3 Professional Inicial, Arts Pl\u00e0stiques i Disseny, Ensenyaments Esportius i Batxillerat, en centres de treball situats entorn dels centres on cursen els seus estudis, mitjan\u00e7ant un acord formatiu de col\u00b7laboraci\u00f3 que subscriuen l&#8217;escola i l&#8217;empresa.<\/p>\n<p style=\"text-align: justify;\">Aquestes pr\u00e0ctiques i estades formen part del programa formatiu (curricular) d&#8217;aquests ensenyaments. D\u2019acord amb els objectius dels cicles formatius, les pr\u00e0ctiques en empreses o centres de treball pretenen que l\u2019alumnat prengui contacte amb el m\u00f3n laboral i que, d\u2019aquesta manera, completi la seva formaci\u00f3 personal i professional, realitzant aprenentatges en un context productiu real.<\/p>\n<p style=\"text-align: justify;\"><strong>QU\u00c8 COMPORTEN PER A L\u2019ALUMNAT?<\/strong><\/p>\n<ul style=\"text-align: justify;\">\n<li>El coneixement del m\u00f3n laboral i de l\u2019empresa.<\/li>\n<li>La possibilitat d\u2019estar en contacte amb la tecnologia m\u00e9s avan\u00e7ada.<\/li>\n<li>Completar la seva formaci\u00f3 professional, per capacitar-se a la incorporaci\u00f3 al m\u00f3n laboral.<\/li>\n<li>L\u2019obtenci\u00f3 d\u2019una formaci\u00f3 adaptada a llocs de treball espec\u00edfics.<\/li>\n<li>L\u2019acostament a la cultura d\u2019empresa.<\/li>\n<li>L\u2019experi\u00e8ncia en el m\u00f3n laboral com a pas previ per a la primera ocupaci\u00f3.<\/li>\n<li>L\u2019inici del seu historial professional acreditat amb el quadern de pr\u00e0ctiques.<\/li>\n<li>La superaci\u00f3 del cr\u00e8dit de formaci\u00f3 en centres de treball.<\/li>\n<\/ul>\n<p style=\"text-align: justify;\"><strong>QU\u00c8 OFEREIXEN A L\u2019EMPRESA?<\/strong><\/p>\n<ul style=\"list-style-type: square;\">\n<li style=\"text-align: justify;\">Captar futur personal qualificat.<\/li>\n<li style=\"text-align: justify;\">Col\u2022laborar en la formaci\u00f3 dels alumnes.<\/li>\n<li style=\"text-align: justify;\">Oferir l\u2019acc\u00e9s de l\u2019estudiant a la seva primera ocupaci\u00f3.<\/li>\n<li style=\"text-align: justify;\">Relacionar-se amb els centres educatius.<\/li>\n<li style=\"text-align: justify;\">No implica serveis retribu\u00efts ni vinculaci\u00f3 laboral.<\/li>\n<\/ul>\n<p>M\u00e9s informaci\u00f3\u00a0<a href=\"https:\/\/agora.xtec.cat\/insramondelatorre\/wp-content\/uploads\/usu1829\/2026\/04\/INFO-EMPRESES-PRESENTACIO-INSTITUT_publicar.pdf\" target=\"_blank\" rel=\"noopener noreferrer\"><strong>AQUI<\/strong><\/a><\/p>\n","protected":false},"excerpt":{"rendered":"<p>LA FORMACI\u00d3 EN CENTRES DE TREBALL (FCT) S\u00f3n pr\u00e0ctiques i estades formatives no laborals que realitza l&#8217;alumnat d&#8217;ensenyaments de Programes de\u00a0 Formaci\u00f3 Professional Inicial, Arts Pl\u00e0stiques i Disseny, Ensenyaments Esportius i Batxillerat, en centres de treball situats entorn dels centres on cursen els seus estudis, mitjan\u00e7ant un acord formatiu de col\u00b7laboraci\u00f3 que subscriuen l&#8217;escola i [&hellip;]<\/p>\n","protected":false},"author":7,"featured_media":0,"parent":1487,"menu_order":3,"comment_status":"closed","ping_status":"closed","template":"","meta":{"_bbp_topic_count":0,"_bbp_reply_count":0,"_bbp_total_topic_count":0,"_bbp_total_reply_count":0,"_bbp_voice_count":0,"_bbp_anonymous_reply_count":0,"_bbp_topic_count_hidden":0,"_bbp_reply_count_hidden":0,"_bbp_forum_subforum_count":0,"site-sidebar-layout":"default","site-content-layout":"","ast-site-content-layout":"default","site-content-style":"default","site-sidebar-style":"default","ast-global-header-display":"","ast-banner-title-visibility":"","ast-main-header-display":"","ast-hfb-above-header-display":"","ast-hfb-below-header-display":"","ast-hfb-mobile-header-display":"","site-post-title":"","ast-breadcrumbs-content":"","ast-featured-img":"","footer-sml-layout":"","theme-transparent-header-meta":"default","adv-header-id-meta":"","stick-header-meta":"","header-above-stick-meta":"","header-main-stick-meta":"","header-below-stick-meta":"","astra-migrate-meta-layouts":"set","ast-page-background-enabled":"default","ast-page-background-meta":{"desktop":{"background-color":"var(--ast-global-color-4)","background-image":"","background-repeat":"repeat","background-position":"center center","background-size":"auto","background-attachment":"scroll","background-type":"","background-media":"","overlay-type":"","overlay-color":"","overlay-opacity":"","overlay-gradient":""},"tablet":{"background-color":"","background-image":"","background-repeat":"repeat","background-position":"center center","background-size":"auto","background-attachment":"scroll","background-type":"","background-media":"","overlay-type":"","overlay-color":"","overlay-opacity":"","overlay-gradient":""},"mobile":{"background-color":"","background-image":"","background-repeat":"repeat","background-position":"center center","background-size":"auto","background-attachment":"scroll","background-type":"","background-media":"","overlay-type":"","overlay-color":"","overlay-opacity":"","overlay-gradient":""}},"ast-content-background-meta":{"desktop":{"background-color":"var(--ast-global-color-5)","background-image":"","background-repeat":"repeat","background-position":"center center","background-size":"auto","background-attachment":"scroll","background-type":"","background-media":"","overlay-type":"","overlay-color":"","overlay-opacity":"","overlay-gradient":""},"tablet":{"background-color":"var(--ast-global-color-5)","background-image":"","background-repeat":"repeat","background-position":"center center","background-size":"auto","background-attachment":"scroll","background-type":"","background-media":"","overlay-type":"","overlay-color":"","overlay-opacity":"","overlay-gradient":""},"mobile":{"background-color":"var(--ast-global-color-5)","background-image":"","background-repeat":"repeat","background-position":"center center","background-size":"auto","background-attachment":"scroll","background-type":"","background-media":"","overlay-type":"","overlay-color":"","overlay-opacity":"","overlay-gradient":""}},"footnotes":""},"class_list":["post-1875","page","type-page","status-publish","hentry"],"post_mailing_queue_ids":[],"_links":{"self":[{"href":"https:\/\/agora.xtec.cat\/insramondelatorre\/wp-json\/wp\/v2\/pages\/1875","targetHints":{"allow":["GET"]}}],"collection":[{"href":"https:\/\/agora.xtec.cat\/insramondelatorre\/wp-json\/wp\/v2\/pages"}],"about":[{"href":"https:\/\/agora.xtec.cat\/insramondelatorre\/wp-json\/wp\/v2\/types\/page"}],"author":[{"embeddable":true,"href":"https:\/\/agora.xtec.cat\/insramondelatorre\/wp-json\/wp\/v2\/users\/7"}],"replies":[{"embeddable":true,"href":"https:\/\/agora.xtec.cat\/insramondelatorre\/wp-json\/wp\/v2\/comments?post=1875"}],"version-history":[{"count":4,"href":"https:\/\/agora.xtec.cat\/insramondelatorre\/wp-json\/wp\/v2\/pages\/1875\/revisions"}],"predecessor-version":[{"id":8745,"href":"https:\/\/agora.xtec.cat\/insramondelatorre\/wp-json\/wp\/v2\/pages\/1875\/revisions\/8745"}],"up":[{"embeddable":true,"href":"https:\/\/agora.xtec.cat\/insramondelatorre\/wp-json\/wp\/v2\/pages\/1487"}],"wp:attachment":[{"href":"https:\/\/agora.xtec.cat\/insramondelatorre\/wp-json\/wp\/v2\/media?parent=1875"}],"curies":[{"name":"wp","href":"https:\/\/api.w.org\/{rel}","templated":true}]}}