{"id":1862,"date":"2019-12-17T16:02:54","date_gmt":"2019-12-17T15:02:54","guid":{"rendered":"https:\/\/agora.xtec.cat\/insramondelatorre\/?page_id=1862"},"modified":"2026-03-26T08:20:01","modified_gmt":"2026-03-26T07:20:01","slug":"cfgm-gestio-administrativa","status":"publish","type":"page","link":"https:\/\/agora.xtec.cat\/insramondelatorre\/estudis\/cicles-formatius\/cfgm-gestio-administrativa\/","title":{"rendered":"CFGM GESTI\u00d3 ADMINISTRATIVA"},"content":{"rendered":"<p><strong>Fam\u00edlia Professional:<\/strong>\u00a0Administraci\u00f3 i Gesti\u00f3<\/p>\n<p><strong>T\u00edtol<\/strong>:\u00a0T\u00e8cnic en Gesti\u00f3 Administrativa<\/p>\n<p><strong>Durada:<\/strong> 2.000 hores. 1.485 hores en el centre educatiu i 515 hores en centres de treball (Estada a l&#8217;empresa). 2 cursos acad\u00e8mics.<\/p>\n<p><strong>Compet\u00e8ncia General: <\/strong> La compet\u00e8ncia general d\u2019aquest t\u00edtol consisteix a realitzar activitats de suport administratiu en l&#8217;\u00e0mbit laboral, comptable, comercial, financer i fiscal, aix\u00ed com d&#8217;atenci\u00f3 al client\/usuari, tant en empreses p\u00fabliques com en empreses privades, aplicant la normativa vigent i protocols de qualitat, assegurant la satisfacci\u00f3 del client i actuant segons les normes de prevenci\u00f3 de riscos laborals i de protecci\u00f3 ambiental.<\/p>\n<p>Les <strong>principals ocupacions i llocs de treball<\/strong> s\u00f3n:<\/p>\n<ul style=\"list-style-type: square;\">\n<li>Personal auxiliar administratiu.<\/li>\n<li>Personal ajudant d\u2019oficina.<\/li>\n<li>Personal auxiliar administratiu de cobraments i pagaments.<\/li>\n<li>Personal administratiu comercial.<\/li>\n<li>Personal auxiliar administratiu de gesti\u00f3 de personal.<\/li>\n<li>Personal auxiliar administratiu de les administracions p\u00fabliques.<\/li>\n<li>Recepcionista.<\/li>\n<li>Personal empleat d\u2019atenci\u00f3 al client.<\/li>\n<li>Personal empleat de tresoreria.<\/li>\n<li>Personal empleat de mitjans de pagament.<\/li>\n<\/ul>\n<p>M\u00e9s informaci\u00f3 <a href=\"https:\/\/agora.xtec.cat\/insramondelatorre\/wp-content\/uploads\/usu1829\/2026\/03\/diptic_CFGM_GAD_2026.pdf\" target=\"_blank\" rel=\"noopener\"><strong>AQU\u00cd<\/strong><\/a><\/p>\n","protected":false},"excerpt":{"rendered":"<p>Fam\u00edlia Professional:\u00a0Administraci\u00f3 i Gesti\u00f3 T\u00edtol:\u00a0T\u00e8cnic en Gesti\u00f3 Administrativa Durada: 2.000 hores. 1.485 hores en el centre educatiu i 515 hores en centres de treball (Estada a l&#8217;empresa). 2 cursos acad\u00e8mics. Compet\u00e8ncia General: La compet\u00e8ncia general d\u2019aquest t\u00edtol consisteix a realitzar activitats de suport administratiu en l&#8217;\u00e0mbit laboral, comptable, comercial, financer i fiscal, aix\u00ed com d&#8217;atenci\u00f3 [&hellip;]<\/p>\n","protected":false},"author":7,"featured_media":0,"parent":1487,"menu_order":0,"comment_status":"closed","ping_status":"closed","template":"","meta":{"_bbp_topic_count":0,"_bbp_reply_count":0,"_bbp_total_topic_count":0,"_bbp_total_reply_count":0,"_bbp_voice_count":0,"_bbp_anonymous_reply_count":0,"_bbp_topic_count_hidden":0,"_bbp_reply_count_hidden":0,"_bbp_forum_subforum_count":0,"site-sidebar-layout":"default","site-content-layout":"","ast-site-content-layout":"default","site-content-style":"default","site-sidebar-style":"default","ast-global-header-display":"","ast-banner-title-visibility":"","ast-main-header-display":"","ast-hfb-above-header-display":"","ast-hfb-below-header-display":"","ast-hfb-mobile-header-display":"","site-post-title":"","ast-breadcrumbs-content":"","ast-featured-img":"","footer-sml-layout":"","theme-transparent-header-meta":"default","adv-header-id-meta":"","stick-header-meta":"","header-above-stick-meta":"","header-main-stick-meta":"","header-below-stick-meta":"","astra-migrate-meta-layouts":"set","ast-page-background-enabled":"default","ast-page-background-meta":{"desktop":{"background-color":"var(--ast-global-color-4)","background-image":"","background-repeat":"repeat","background-position":"center center","background-size":"auto","background-attachment":"scroll","background-type":"","background-media":"","overlay-type":"","overlay-color":"","overlay-opacity":"","overlay-gradient":""},"tablet":{"background-color":"","background-image":"","background-repeat":"repeat","background-position":"center center","background-size":"auto","background-attachment":"scroll","background-type":"","background-media":"","overlay-type":"","overlay-color":"","overlay-opacity":"","overlay-gradient":""},"mobile":{"background-color":"","background-image":"","background-repeat":"repeat","background-position":"center center","background-size":"auto","background-attachment":"scroll","background-type":"","background-media":"","overlay-type":"","overlay-color":"","overlay-opacity":"","overlay-gradient":""}},"ast-content-background-meta":{"desktop":{"background-color":"var(--ast-global-color-5)","background-image":"","background-repeat":"repeat","background-position":"center center","background-size":"auto","background-attachment":"scroll","background-type":"","background-media":"","overlay-type":"","overlay-color":"","overlay-opacity":"","overlay-gradient":""},"tablet":{"background-color":"var(--ast-global-color-5)","background-image":"","background-repeat":"repeat","background-position":"center center","background-size":"auto","background-attachment":"scroll","background-type":"","background-media":"","overlay-type":"","overlay-color":"","overlay-opacity":"","overlay-gradient":""},"mobile":{"background-color":"var(--ast-global-color-5)","background-image":"","background-repeat":"repeat","background-position":"center center","background-size":"auto","background-attachment":"scroll","background-type":"","background-media":"","overlay-type":"","overlay-color":"","overlay-opacity":"","overlay-gradient":""}},"footnotes":""},"class_list":["post-1862","page","type-page","status-publish","hentry"],"post_mailing_queue_ids":[],"_links":{"self":[{"href":"https:\/\/agora.xtec.cat\/insramondelatorre\/wp-json\/wp\/v2\/pages\/1862","targetHints":{"allow":["GET"]}}],"collection":[{"href":"https:\/\/agora.xtec.cat\/insramondelatorre\/wp-json\/wp\/v2\/pages"}],"about":[{"href":"https:\/\/agora.xtec.cat\/insramondelatorre\/wp-json\/wp\/v2\/types\/page"}],"author":[{"embeddable":true,"href":"https:\/\/agora.xtec.cat\/insramondelatorre\/wp-json\/wp\/v2\/users\/7"}],"replies":[{"embeddable":true,"href":"https:\/\/agora.xtec.cat\/insramondelatorre\/wp-json\/wp\/v2\/comments?post=1862"}],"version-history":[{"count":7,"href":"https:\/\/agora.xtec.cat\/insramondelatorre\/wp-json\/wp\/v2\/pages\/1862\/revisions"}],"predecessor-version":[{"id":8740,"href":"https:\/\/agora.xtec.cat\/insramondelatorre\/wp-json\/wp\/v2\/pages\/1862\/revisions\/8740"}],"up":[{"embeddable":true,"href":"https:\/\/agora.xtec.cat\/insramondelatorre\/wp-json\/wp\/v2\/pages\/1487"}],"wp:attachment":[{"href":"https:\/\/agora.xtec.cat\/insramondelatorre\/wp-json\/wp\/v2\/media?parent=1862"}],"curies":[{"name":"wp","href":"https:\/\/api.w.org\/{rel}","templated":true}]}}