{"id":1756,"date":"2019-11-05T14:07:17","date_gmt":"2019-11-05T13:07:17","guid":{"rendered":"https:\/\/agora.xtec.cat\/insramondelatorre\/?page_id=1756"},"modified":"2026-02-04T09:11:50","modified_gmt":"2026-02-04T08:11:50","slug":"afa","status":"publish","type":"page","link":"https:\/\/agora.xtec.cat\/insramondelatorre\/serveis\/afa\/","title":{"rendered":"AFA"},"content":{"rendered":"<p><strong>Qu\u00e8 \u00e9s l\u2019AFA?<\/strong><\/p>\n<p>L\u2019AFA \u00e9s l\u2019entitat sense \u00e0nim de lucre que agrupa els pares i les mares dels alumnes de l\u2019institut. Escollida pels mateixos en Assemblea General i representada per una Junta. Hi ha tamb\u00e9 un representant de l\u2019AFA integrada al Consell Escolar. Est\u00e0 reconeguda legalment en el Registre d\u2019Associacions i es regula pel Decret 202\/1987, de 19 de maig, pel qual es regulen les associacions de pares d\u2019alumnes, i pels propis estatuts.<\/p>\n<p><strong>Qu\u00e8 fa?<\/strong><\/p>\n<p>Est\u00e0 orientada a donar suport tant als membres de l\u2019associaci\u00f3 i els seus fills, com a la comunitat educativa del centre en tots aquells serveis i activitats que puguin enriquir i facilitar l\u2019aprenentatge i l\u2019educaci\u00f3 c\u00edvica dels estudiants.<br \/>\nFacilitar la col\u00b7laboraci\u00f3 del centre en l\u2019\u00e0mbit social, cultural, econ\u00f2mic i laboral de l\u2019entorn.<br \/>\nCol\u00b7laborar en les activitats educatives del centre i cooperar amb el consell escolar en l\u2019elaboraci\u00f3 de directrius per a la programaci\u00f3 d\u2019activitats complement\u00e0ries, o de serveis.<\/p>\n<p><strong>Vols ser membre?<\/strong><\/p>\n<p>Per ser soci de l\u2019AFA nom\u00e9s cal pagar la quota anual.<br \/>\n\u00c9s un pagament \u00fanic per fam\u00edlia independentment dels fills que es matriculin al centre.<br \/>\nLes mares i pares tamb\u00e9 en s\u00f3n socis.<\/p>\n<p>Treballem activament per impulsar el dia a dia dels nostres fills en el seu entorn d\u2019aprenentatge a l\u2019institut.<br \/>\nEt convidem a que aportis el teu granet de sorra per fer del nostre grup un gran equip. Totes les sugger\u00e8ncies I propostes es valoraran per la junta.<\/p>\n<p><strong>Contactar amb l\u2019AFA?<\/strong><\/p>\n<p>Per email a : afa@insrdt.cat<\/p>\n<p>Trucant al centre 977 64 24 02 i\/o deixant missatge i el teu tel\u00e8fon de contacte.<\/p>\n<p>Venint al centre en l\u2019horari indicat (actualment dijous de 11:00 a 13:00 h)<\/p>\n<p><a href=\"https:\/\/agora.xtec.cat\/insramondelatorre\/wp-content\/uploads\/usu1829\/2024\/07\/COMUNICACIO-PARES.pdf\" target=\"_blank\" rel=\"noopener\">Comunicat AFA<\/a><\/p>\n","protected":false},"excerpt":{"rendered":"<p>Qu\u00e8 \u00e9s l\u2019AFA? L\u2019AFA \u00e9s l\u2019entitat sense \u00e0nim de lucre que agrupa els pares i les mares dels alumnes de l\u2019institut. Escollida pels mateixos en Assemblea General i representada per una Junta. Hi ha tamb\u00e9 un representant de l\u2019AFA integrada al Consell Escolar. Est\u00e0 reconeguda legalment en el Registre d\u2019Associacions i es regula pel Decret [&hellip;]<\/p>\n","protected":false},"author":6,"featured_media":0,"parent":63,"menu_order":0,"comment_status":"closed","ping_status":"closed","template":"","meta":{"_bbp_topic_count":0,"_bbp_reply_count":0,"_bbp_total_topic_count":0,"_bbp_total_reply_count":0,"_bbp_voice_count":0,"_bbp_anonymous_reply_count":0,"_bbp_topic_count_hidden":0,"_bbp_reply_count_hidden":0,"_bbp_forum_subforum_count":0,"site-sidebar-layout":"default","site-content-layout":"","ast-site-content-layout":"default","site-content-style":"default","site-sidebar-style":"default","ast-global-header-display":"","ast-banner-title-visibility":"","ast-main-header-display":"","ast-hfb-above-header-display":"","ast-hfb-below-header-display":"","ast-hfb-mobile-header-display":"","site-post-title":"","ast-breadcrumbs-content":"","ast-featured-img":"","footer-sml-layout":"","theme-transparent-header-meta":"default","adv-header-id-meta":"","stick-header-meta":"","header-above-stick-meta":"","header-main-stick-meta":"","header-below-stick-meta":"","astra-migrate-meta-layouts":"set","ast-page-background-enabled":"default","ast-page-background-meta":{"desktop":{"background-color":"var(--ast-global-color-4)","background-image":"","background-repeat":"repeat","background-position":"center center","background-size":"auto","background-attachment":"scroll","background-type":"","background-media":"","overlay-type":"","overlay-color":"","overlay-opacity":"","overlay-gradient":""},"tablet":{"background-color":"","background-image":"","background-repeat":"repeat","background-position":"center center","background-size":"auto","background-attachment":"scroll","background-type":"","background-media":"","overlay-type":"","overlay-color":"","overlay-opacity":"","overlay-gradient":""},"mobile":{"background-color":"","background-image":"","background-repeat":"repeat","background-position":"center center","background-size":"auto","background-attachment":"scroll","background-type":"","background-media":"","overlay-type":"","overlay-color":"","overlay-opacity":"","overlay-gradient":""}},"ast-content-background-meta":{"desktop":{"background-color":"var(--ast-global-color-5)","background-image":"","background-repeat":"repeat","background-position":"center center","background-size":"auto","background-attachment":"scroll","background-type":"","background-media":"","overlay-type":"","overlay-color":"","overlay-opacity":"","overlay-gradient":""},"tablet":{"background-color":"var(--ast-global-color-5)","background-image":"","background-repeat":"repeat","background-position":"center center","background-size":"auto","background-attachment":"scroll","background-type":"","background-media":"","overlay-type":"","overlay-color":"","overlay-opacity":"","overlay-gradient":""},"mobile":{"background-color":"var(--ast-global-color-5)","background-image":"","background-repeat":"repeat","background-position":"center center","background-size":"auto","background-attachment":"scroll","background-type":"","background-media":"","overlay-type":"","overlay-color":"","overlay-opacity":"","overlay-gradient":""}},"footnotes":""},"class_list":["post-1756","page","type-page","status-publish","hentry"],"post_mailing_queue_ids":[],"_links":{"self":[{"href":"https:\/\/agora.xtec.cat\/insramondelatorre\/wp-json\/wp\/v2\/pages\/1756","targetHints":{"allow":["GET"]}}],"collection":[{"href":"https:\/\/agora.xtec.cat\/insramondelatorre\/wp-json\/wp\/v2\/pages"}],"about":[{"href":"https:\/\/agora.xtec.cat\/insramondelatorre\/wp-json\/wp\/v2\/types\/page"}],"author":[{"embeddable":true,"href":"https:\/\/agora.xtec.cat\/insramondelatorre\/wp-json\/wp\/v2\/users\/6"}],"replies":[{"embeddable":true,"href":"https:\/\/agora.xtec.cat\/insramondelatorre\/wp-json\/wp\/v2\/comments?post=1756"}],"version-history":[{"count":8,"href":"https:\/\/agora.xtec.cat\/insramondelatorre\/wp-json\/wp\/v2\/pages\/1756\/revisions"}],"predecessor-version":[{"id":8587,"href":"https:\/\/agora.xtec.cat\/insramondelatorre\/wp-json\/wp\/v2\/pages\/1756\/revisions\/8587"}],"up":[{"embeddable":true,"href":"https:\/\/agora.xtec.cat\/insramondelatorre\/wp-json\/wp\/v2\/pages\/63"}],"wp:attachment":[{"href":"https:\/\/agora.xtec.cat\/insramondelatorre\/wp-json\/wp\/v2\/media?parent=1756"}],"curies":[{"name":"wp","href":"https:\/\/api.w.org\/{rel}","templated":true}]}}