{"id":1742,"date":"2019-10-30T12:01:02","date_gmt":"2019-10-30T11:01:02","guid":{"rendered":"https:\/\/agora.xtec.cat\/insramondelatorre\/?page_id=1742"},"modified":"2024-07-11T14:25:23","modified_gmt":"2024-07-11T12:25:23","slug":"aportacions","status":"publish","type":"page","link":"https:\/\/agora.xtec.cat\/insramondelatorre\/secretaria\/aportacions\/","title":{"rendered":"Aportacions"},"content":{"rendered":"<p>Per a la matr\u00edcula de l&#8217;alumnat, les nostres fam\u00edlies aporten al centre els seg\u00fcents imports en concepte de material i <a href=\"https:\/\/agora.xtec.cat\/insramondelatorre\/wp-content\/uploads\/usu1829\/2024\/07\/Cobertures-AEO-002.pdf\" target=\"_blank\" rel=\"noopener\">asseguran\u00e7a escolar<\/a>:<\/p>\n<ul>\n<li>ESO: 30 \u20ac<\/li>\n<li>Batxillerat i Formaci\u00f3 Professional: 40 \u20ac<\/li>\n<li>Cicles Formatius de Grau Superior: segons normativa preus p\u00fablics (<a href=\"http:\/\/ensenyament.gencat.cat\/ca\/departament\/normativa\/taxes-preus-publics\/preu-public\/\" target=\"_blank\" rel=\"noopener noreferrer\">web departament<\/a>).<\/li>\n<\/ul>\n<p>Preu armariet (opcional): 10\u20ac<\/p>\n<p>Preu <a href=\"https:\/\/docs.google.com\/document\/d\/1ofUby0wDr8hz5OYDPv99p3tgUpg4Ygxk4dWwVBiaRVA\/edit?usp=sharing\" target=\"_blank\" rel=\"noopener\">samarreta t\u00e8cnica<\/a> (opcional): 10 \u20ac<\/p>\n<p>Preus de sortides: variable segons tipus de sortida.<\/p>\n","protected":false},"excerpt":{"rendered":"<p>Per a la matr\u00edcula de l&#8217;alumnat, les nostres fam\u00edlies aporten al centre els seg\u00fcents imports en concepte de material i asseguran\u00e7a escolar: ESO: 30 \u20ac Batxillerat i Formaci\u00f3 Professional: 40 \u20ac Cicles Formatius de Grau Superior: segons normativa preus p\u00fablics (web departament). Preu armariet (opcional): 10\u20ac Preu samarreta t\u00e8cnica (opcional): 10 \u20ac Preus de sortides: [&hellip;]<\/p>\n","protected":false},"author":4,"featured_media":0,"parent":81,"menu_order":3,"comment_status":"closed","ping_status":"closed","template":"page-templates\/side-menu.php","meta":{"_bbp_topic_count":0,"_bbp_reply_count":0,"_bbp_total_topic_count":0,"_bbp_total_reply_count":0,"_bbp_voice_count":0,"_bbp_anonymous_reply_count":0,"_bbp_topic_count_hidden":0,"_bbp_reply_count_hidden":0,"_bbp_forum_subforum_count":0,"site-sidebar-layout":"default","site-content-layout":"","ast-site-content-layout":"","site-content-style":"default","site-sidebar-style":"default","ast-global-header-display":"","ast-banner-title-visibility":"","ast-main-header-display":"","ast-hfb-above-header-display":"","ast-hfb-below-header-display":"","ast-hfb-mobile-header-display":"","site-post-title":"","ast-breadcrumbs-content":"","ast-featured-img":"","footer-sml-layout":"","theme-transparent-header-meta":"","adv-header-id-meta":"","stick-header-meta":"","header-above-stick-meta":"","header-main-stick-meta":"","header-below-stick-meta":"","astra-migrate-meta-layouts":"default","ast-page-background-enabled":"default","ast-page-background-meta":{"desktop":{"background-color":"var(--ast-global-color-4)","background-image":"","background-repeat":"repeat","background-position":"center center","background-size":"auto","background-attachment":"scroll","background-type":"","background-media":"","overlay-type":"","overlay-color":"","overlay-opacity":"","overlay-gradient":""},"tablet":{"background-color":"","background-image":"","background-repeat":"repeat","background-position":"center center","background-size":"auto","background-attachment":"scroll","background-type":"","background-media":"","overlay-type":"","overlay-color":"","overlay-opacity":"","overlay-gradient":""},"mobile":{"background-color":"","background-image":"","background-repeat":"repeat","background-position":"center center","background-size":"auto","background-attachment":"scroll","background-type":"","background-media":"","overlay-type":"","overlay-color":"","overlay-opacity":"","overlay-gradient":""}},"ast-content-background-meta":{"desktop":{"background-color":"var(--ast-global-color-5)","background-image":"","background-repeat":"repeat","background-position":"center center","background-size":"auto","background-attachment":"scroll","background-type":"","background-media":"","overlay-type":"","overlay-color":"","overlay-opacity":"","overlay-gradient":""},"tablet":{"background-color":"var(--ast-global-color-5)","background-image":"","background-repeat":"repeat","background-position":"center center","background-size":"auto","background-attachment":"scroll","background-type":"","background-media":"","overlay-type":"","overlay-color":"","overlay-opacity":"","overlay-gradient":""},"mobile":{"background-color":"var(--ast-global-color-5)","background-image":"","background-repeat":"repeat","background-position":"center center","background-size":"auto","background-attachment":"scroll","background-type":"","background-media":"","overlay-type":"","overlay-color":"","overlay-opacity":"","overlay-gradient":""}},"footnotes":""},"class_list":["post-1742","page","type-page","status-publish","hentry"],"post_mailing_queue_ids":[],"_links":{"self":[{"href":"https:\/\/agora.xtec.cat\/insramondelatorre\/wp-json\/wp\/v2\/pages\/1742","targetHints":{"allow":["GET"]}}],"collection":[{"href":"https:\/\/agora.xtec.cat\/insramondelatorre\/wp-json\/wp\/v2\/pages"}],"about":[{"href":"https:\/\/agora.xtec.cat\/insramondelatorre\/wp-json\/wp\/v2\/types\/page"}],"author":[{"embeddable":true,"href":"https:\/\/agora.xtec.cat\/insramondelatorre\/wp-json\/wp\/v2\/users\/4"}],"replies":[{"embeddable":true,"href":"https:\/\/agora.xtec.cat\/insramondelatorre\/wp-json\/wp\/v2\/comments?post=1742"}],"version-history":[{"count":6,"href":"https:\/\/agora.xtec.cat\/insramondelatorre\/wp-json\/wp\/v2\/pages\/1742\/revisions"}],"predecessor-version":[{"id":7510,"href":"https:\/\/agora.xtec.cat\/insramondelatorre\/wp-json\/wp\/v2\/pages\/1742\/revisions\/7510"}],"up":[{"embeddable":true,"href":"https:\/\/agora.xtec.cat\/insramondelatorre\/wp-json\/wp\/v2\/pages\/81"}],"wp:attachment":[{"href":"https:\/\/agora.xtec.cat\/insramondelatorre\/wp-json\/wp\/v2\/media?parent=1742"}],"curies":[{"name":"wp","href":"https:\/\/api.w.org\/{rel}","templated":true}]}}