{"id":1593,"date":"2019-10-03T10:34:59","date_gmt":"2019-10-03T08:34:59","guid":{"rendered":"http:\/\/agora.xtec.cat\/insramondelatorre\/?page_id=1593"},"modified":"2025-11-26T16:43:03","modified_gmt":"2025-11-26T15:43:03","slug":"cambridge-english-language-assesment-examens-oficials","status":"publish","type":"page","link":"https:\/\/agora.xtec.cat\/insramondelatorre\/serveis\/certificacions-idiomes\/cambridge-english-language-assesment-examens-oficials\/","title":{"rendered":"Cambridge"},"content":{"rendered":"<p style=\"font-weight: 400;\">L\u2019<strong>Institut Ramon de la Torre\u00a0<\/strong>i l\u2019organitzaci\u00f3 internacional\u00a0<strong>Cambridge English Language Assesment<\/strong>\u00a0 (per mitj\u00e0 del centre autoritzat\u00a0<strong><em>European College<\/em><\/strong>)\u00a0 van signar el curs 2017-18 un conveni de col\u00b7laboraci\u00f3 per tal que\u00a0<strong>l\u2019Institut sigui seu dels ex\u00e0mens oficials d\u2019angl\u00e8s.<\/strong><\/p>\n<p style=\"font-weight: 400;\"><strong>Aquest curs s\u2019ofereixen els seg\u00fcents nivells: KET for schools<\/strong>\u00a0(Key English Test),\u00a0<strong>PET for schools <\/strong>(Preliminary English Test) i\u00a0<strong>FCE for schools <\/strong>(First). Aquests ex\u00e0mens<strong>\u00a0<\/strong>equivalen, respectivament, als nivells\u00a0<strong>A2, B1\u00a0<\/strong>i<strong>\u00a0B2\u00a0<\/strong>del marc com\u00fa europeu. Les proves \u201cfor schools\u201d s\u00f3n el mateix nivell i tipus de prova que les altres, per\u00f2 la tem\u00e0tica d\u2019aquestes \u00e9s m\u00e9s propera a l\u2019alumnat en edat escolar.<\/p>\n<p style=\"font-weight: 400;\">L\u2019Institut Ramon de la Torre, en la l\u00ednia de donar el m\u00e0xim servei a la zona, ofereix la possibilitat de realitzar aquests ex\u00e0mens en el nostre propi centre,\u00a0<strong>tant als seus alumnes com a candidats externs<\/strong>. D\u2019aquesta manera els estudiants d\u2019angl\u00e8s de Torredembarra i la zona no s\u2019han de despla\u00e7ar.<\/p>\n<p style=\"font-weight: 400;\">Els nostres alumnes i els candidats externs que provinguin d\u2019un altre centre educatiu que hagi signat tamb\u00e9 un conveni, es beneficiaran d\u2019un preu redu\u00eft gr\u00e0cies al\u00a0<em>National Schools Project<\/em>. Els preus s\u00f3n els seg\u00fcents:<\/p>\n<table style=\"width: 62.1063%;\" width=\"637\">\n<tbody>\n<tr>\n<td style=\"width: 40.3756%; text-align: left;\" width=\"261\"><strong>Exam<\/strong><\/td>\n<td style=\"width: 35.3678%; text-align: left;\" width=\"228\"><strong>Alumnat d\u2019institut amb conveni<\/strong><\/td>\n<td style=\"width: 39.7496%; text-align: left;\" width=\"148\"><strong>Candidat extern<\/strong><\/td>\n<\/tr>\n<tr>\n<td style=\"width: 40.3756%; text-align: left;\" width=\"261\">KET &#8211; (A2) (menors d\u2019edat)<\/td>\n<td style=\"width: 35.3678%; text-align: left;\" width=\"228\">112 euros<\/td>\n<td style=\"width: 39.7496%; text-align: left;\" width=\"148\">117 euros<\/td>\n<\/tr>\n<tr>\n<td style=\"width: 40.3756%; text-align: left;\" width=\"261\">PET &#8211; (B1) (menors d\u2019edat i majors d\u2019edat)<\/td>\n<td style=\"width: 35.3678%; text-align: left;\" width=\"228\">117 euros<\/td>\n<td style=\"width: 39.7496%; text-align: left;\" width=\"148\">123 euros<\/td>\n<\/tr>\n<tr>\n<td style=\"width: 40.3756%; text-align: left;\" width=\"261\">FCE &#8211; (B2) (menors i majors d\u2019edat)<\/td>\n<td style=\"width: 35.3678%; text-align: left;\" width=\"228\">214 euros<\/td>\n<td style=\"width: 39.7496%; text-align: left;\" width=\"148\">224 euros<\/td>\n<\/tr>\n<\/tbody>\n<\/table>\n<p style=\"font-weight: 400;\">La data de convocat\u00f2ria dels ex\u00e0mens oficials de Cambridge, per a tothom que s\u2019hi inscrigui, ser\u00e0 el\u00a0<strong>dissabte 13 de juny de 2026 al mat\u00ed<\/strong>\u00a0a l\u2019<strong>Institut Ramon de la Torre<\/strong>. Les proves es podran realitzar si hi ha un m\u00ednim de participants inscrits.<\/p>\n<p style=\"font-weight: 400;\">El per\u00edode d\u2019<strong>inscripci\u00f3<\/strong>\u00a0\u00e9s del\u00a0<strong>15 de desembre de 2025 al 17 d\u2019abril de 2026<\/strong>. La inscripci\u00f3 ser\u00e0 via telem\u00e0tica, s\u2019ha de respondre el seg\u00fcent formulari:\u00a0<a href=\"https:\/\/forms.gle\/ta73qjAfdbR5K6sM7\" data-saferedirecturl=\"https:\/\/www.google.com\/url?q=https:\/\/forms.gle\/ta73qjAfdbR5K6sM7&amp;source=gmail&amp;ust=1733924261870000&amp;usg=AOvVaw3ISZIq2F8KZ712ssrX131A\">enlla\u00e7<\/a>\u00a0i enviar per correu electr\u00f2nic a\u00a0<a href=\"mailto:secretaria@insrdt.cat\">secretaria@insrdt.cat<\/a>\u00a0el justificant de pagament bancari, el qual ha de tenir com a concepte: \u201cProves angl\u00e8s i\u00a0<em>\u00a0nom i cognom alumne\/a<\/em>\u201d. L\u2019ingr\u00e9s s\u2019ha de fer al compte corrent:\u00a0<strong>ES68 01 8243 9555 0200223716<\/strong>. La inscripci\u00f3 es considera formalitzada amb la recepci\u00f3 de l\u2019esmentat justificant de pagament.<\/p>\n<h4 style=\"text-align: center;\"><span style=\"color: #000000;\"><strong>ES68 01 8243 9555 0200223716<\/strong><\/span><\/h4>\n<h4 style=\"text-align: center;\"><a href=\"https:\/\/forms.gle\/ta73qjAfdbR5K6sM7\">enlla\u00e7 inscripci\u00f3<\/a><\/h4>\n<p style=\"text-align: justify;\">Si necessiteu qualsevol aclariment sobre aquesta convocat\u00f2ria, no dubteu en consultar-nos al correu electr\u00f2nic <a href=\"mailto:secretaria@insrdt.cat\">secretaria@insrdt.cat<\/a> o al tel\u00e8fon 977642402 (Francesc Serra).<\/p>\n","protected":false},"excerpt":{"rendered":"<p>L\u2019Institut Ramon de la Torre\u00a0i l\u2019organitzaci\u00f3 internacional\u00a0Cambridge English Language Assesment\u00a0 (per mitj\u00e0 del centre autoritzat\u00a0European College)\u00a0 van signar el curs 2017-18 un conveni de col\u00b7laboraci\u00f3 per tal que\u00a0l\u2019Institut sigui seu dels ex\u00e0mens oficials d\u2019angl\u00e8s. Aquest curs s\u2019ofereixen els seg\u00fcents nivells: KET for schools\u00a0(Key English Test),\u00a0PET for schools (Preliminary English Test) i\u00a0FCE for schools (First). Aquests [&hellip;]<\/p>\n","protected":false},"author":4,"featured_media":0,"parent":65,"menu_order":0,"comment_status":"closed","ping_status":"closed","template":"","meta":{"_bbp_topic_count":0,"_bbp_reply_count":0,"_bbp_total_topic_count":0,"_bbp_total_reply_count":0,"_bbp_voice_count":0,"_bbp_anonymous_reply_count":0,"_bbp_topic_count_hidden":0,"_bbp_reply_count_hidden":0,"_bbp_forum_subforum_count":0,"site-sidebar-layout":"default","site-content-layout":"","ast-site-content-layout":"","site-content-style":"default","site-sidebar-style":"default","ast-global-header-display":"","ast-banner-title-visibility":"","ast-main-header-display":"","ast-hfb-above-header-display":"","ast-hfb-below-header-display":"","ast-hfb-mobile-header-display":"","site-post-title":"","ast-breadcrumbs-content":"","ast-featured-img":"","footer-sml-layout":"","theme-transparent-header-meta":"","adv-header-id-meta":"","stick-header-meta":"","header-above-stick-meta":"","header-main-stick-meta":"","header-below-stick-meta":"","astra-migrate-meta-layouts":"default","ast-page-background-enabled":"default","ast-page-background-meta":{"desktop":{"background-color":"var(--ast-global-color-4)","background-image":"","background-repeat":"repeat","background-position":"center center","background-size":"auto","background-attachment":"scroll","background-type":"","background-media":"","overlay-type":"","overlay-color":"","overlay-opacity":"","overlay-gradient":""},"tablet":{"background-color":"","background-image":"","background-repeat":"repeat","background-position":"center center","background-size":"auto","background-attachment":"scroll","background-type":"","background-media":"","overlay-type":"","overlay-color":"","overlay-opacity":"","overlay-gradient":""},"mobile":{"background-color":"","background-image":"","background-repeat":"repeat","background-position":"center center","background-size":"auto","background-attachment":"scroll","background-type":"","background-media":"","overlay-type":"","overlay-color":"","overlay-opacity":"","overlay-gradient":""}},"ast-content-background-meta":{"desktop":{"background-color":"var(--ast-global-color-5)","background-image":"","background-repeat":"repeat","background-position":"center center","background-size":"auto","background-attachment":"scroll","background-type":"","background-media":"","overlay-type":"","overlay-color":"","overlay-opacity":"","overlay-gradient":""},"tablet":{"background-color":"var(--ast-global-color-5)","background-image":"","background-repeat":"repeat","background-position":"center center","background-size":"auto","background-attachment":"scroll","background-type":"","background-media":"","overlay-type":"","overlay-color":"","overlay-opacity":"","overlay-gradient":""},"mobile":{"background-color":"var(--ast-global-color-5)","background-image":"","background-repeat":"repeat","background-position":"center center","background-size":"auto","background-attachment":"scroll","background-type":"","background-media":"","overlay-type":"","overlay-color":"","overlay-opacity":"","overlay-gradient":""}},"footnotes":""},"class_list":["post-1593","page","type-page","status-publish","hentry"],"post_mailing_queue_ids":[],"_links":{"self":[{"href":"https:\/\/agora.xtec.cat\/insramondelatorre\/wp-json\/wp\/v2\/pages\/1593","targetHints":{"allow":["GET"]}}],"collection":[{"href":"https:\/\/agora.xtec.cat\/insramondelatorre\/wp-json\/wp\/v2\/pages"}],"about":[{"href":"https:\/\/agora.xtec.cat\/insramondelatorre\/wp-json\/wp\/v2\/types\/page"}],"author":[{"embeddable":true,"href":"https:\/\/agora.xtec.cat\/insramondelatorre\/wp-json\/wp\/v2\/users\/4"}],"replies":[{"embeddable":true,"href":"https:\/\/agora.xtec.cat\/insramondelatorre\/wp-json\/wp\/v2\/comments?post=1593"}],"version-history":[{"count":7,"href":"https:\/\/agora.xtec.cat\/insramondelatorre\/wp-json\/wp\/v2\/pages\/1593\/revisions"}],"predecessor-version":[{"id":8462,"href":"https:\/\/agora.xtec.cat\/insramondelatorre\/wp-json\/wp\/v2\/pages\/1593\/revisions\/8462"}],"up":[{"embeddable":true,"href":"https:\/\/agora.xtec.cat\/insramondelatorre\/wp-json\/wp\/v2\/pages\/65"}],"wp:attachment":[{"href":"https:\/\/agora.xtec.cat\/insramondelatorre\/wp-json\/wp\/v2\/media?parent=1593"}],"curies":[{"name":"wp","href":"https:\/\/api.w.org\/{rel}","templated":true}]}}