{"id":1588,"date":"2019-10-02T19:46:19","date_gmt":"2019-10-02T17:46:19","guid":{"rendered":"http:\/\/agora.xtec.cat\/insramondelatorre\/?page_id=1588"},"modified":"2025-10-13T12:40:12","modified_gmt":"2025-10-13T10:40:12","slug":"llibres","status":"publish","type":"page","link":"https:\/\/agora.xtec.cat\/insramondelatorre\/material-alumnat\/llibres\/","title":{"rendered":"LLISTAT DE LLIBRES"},"content":{"rendered":"<p><!--\n\n\n<h4><a href=\"https:\/\/agora.xtec.cat\/insramondelatorre\/wp-content\/uploads\/usu1829\/2019\/10\/Llistat-llibres-19-20-GENERAL-25062019.pdf\">Llistat de llibres de text curs 19-20<\/a><\/h4>\n\n\n--><\/p>\n<p>Llistat dels llibres de text:<\/p>\n<ul>\n<li>\n<h5><a href=\"https:\/\/agora.xtec.cat\/insramondelatorre\/wp-content\/uploads\/usu1829\/2025\/10\/Llistat-llibres-curs-2025-2026-13102025cf.pdf\" target=\"_blank\" rel=\"noopener\">Llistat de llibres de text curs 25-26<\/a><\/h5>\n<\/li>\n<\/ul>\n<p>Els llibres es poden comprar a qualsevol botiga per\u00f2 tamb\u00e9 teniu l&#8217;opci\u00f3 de comprar-los a trav\u00e9s de l&#8217;empresa externa Iddink. Aquesta empresa us ofereix la modalitat dels <a href=\"https:\/\/vimeo.com\/953990128\" target=\"_blank\" rel=\"noopener\">ecoBooks<\/a>, llibres en pr\u00e9stec a preus m\u00e9s econ\u00f2mics. <a style=\"font-family: inherit; font-size: 1em;\" href=\"https:\/\/agora.xtec.cat\/insramondelatorre\/wp-content\/uploads\/usu1829\/2025\/06\/194_CC_2025.pdf\" target=\"_blank\" rel=\"noopener\">Instruccions de com COMPRAR els llibres a Iddink<\/a> (amb <a href=\"https:\/\/agora.xtec.cat\/insramondelatorre\/wp-content\/uploads\/usu1829\/2025\/06\/Iddink-Val-escolar-2025.pdf\" target=\"_blank\" rel=\"noopener\"><em><strong>VAL ESCOLAR<\/strong><\/em><\/a> tamb\u00e9)<\/p>\n<ul>\n<li style=\"text-align: left;\"><a href=\"https:\/\/agora.xtec.cat\/insramondelatorre\/wp-content\/uploads\/usu1829\/2024\/06\/CAT-Com-retornar-els-ecoBooks-2.png\" target=\"_blank\" rel=\"noopener\">Com retornar <\/a>els ecoBooks<\/li>\n<li style=\"text-align: left;\"><a href=\"https:\/\/agora.xtec.cat\/insramondelatorre\/wp-content\/uploads\/usu1829\/2024\/06\/CAT-Com-tractar-els-ecoBooks.png\" target=\"_blank\" rel=\"noopener\">Com tractar<\/a> els ecoBooks<\/li>\n<li style=\"text-align: left;\"><a href=\"https:\/\/agora.xtec.cat\/insramondelatorre\/wp-content\/uploads\/usu1829\/2024\/06\/CAT-Criteris-de-qualitat_.png\" target=\"_blank\" rel=\"noopener\">Criteris de qualitat<\/a> dels ecoBooks<\/li>\n<\/ul>\n<p>Si necessiteu demanar beca de pr\u00e9stec de llibres, utilitzeu l&#8217;enlla\u00e7 rebut a trav\u00e9s de dinantia.<\/p>\n<p>MERCADET DE LLIBRES: hem habilitat un espai al suro del vest\u00edbul per penjar anuncis de compra\/venda de llibres.<\/p>\n","protected":false},"excerpt":{"rendered":"<p>Llistat dels llibres de text: Llistat de llibres de text curs 25-26 Els llibres es poden comprar a qualsevol botiga per\u00f2 tamb\u00e9 teniu l&#8217;opci\u00f3 de comprar-los a trav\u00e9s de l&#8217;empresa externa Iddink. Aquesta empresa us ofereix la modalitat dels ecoBooks, llibres en pr\u00e9stec a preus m\u00e9s econ\u00f2mics. Instruccions de com COMPRAR els llibres a Iddink [&hellip;]<\/p>\n","protected":false},"author":4,"featured_media":0,"parent":1511,"menu_order":5,"comment_status":"closed","ping_status":"closed","template":"page-templates\/side-menu.php","meta":{"_bbp_topic_count":0,"_bbp_reply_count":0,"_bbp_total_topic_count":0,"_bbp_total_reply_count":0,"_bbp_voice_count":0,"_bbp_anonymous_reply_count":0,"_bbp_topic_count_hidden":0,"_bbp_reply_count_hidden":0,"_bbp_forum_subforum_count":0,"site-sidebar-layout":"default","site-content-layout":"","ast-site-content-layout":"","site-content-style":"default","site-sidebar-style":"default","ast-global-header-display":"","ast-banner-title-visibility":"","ast-main-header-display":"","ast-hfb-above-header-display":"","ast-hfb-below-header-display":"","ast-hfb-mobile-header-display":"","site-post-title":"","ast-breadcrumbs-content":"","ast-featured-img":"","footer-sml-layout":"","theme-transparent-header-meta":"","adv-header-id-meta":"","stick-header-meta":"","header-above-stick-meta":"","header-main-stick-meta":"","header-below-stick-meta":"","astra-migrate-meta-layouts":"default","ast-page-background-enabled":"default","ast-page-background-meta":{"desktop":{"background-color":"var(--ast-global-color-4)","background-image":"","background-repeat":"repeat","background-position":"center center","background-size":"auto","background-attachment":"scroll","background-type":"","background-media":"","overlay-type":"","overlay-color":"","overlay-opacity":"","overlay-gradient":""},"tablet":{"background-color":"","background-image":"","background-repeat":"repeat","background-position":"center center","background-size":"auto","background-attachment":"scroll","background-type":"","background-media":"","overlay-type":"","overlay-color":"","overlay-opacity":"","overlay-gradient":""},"mobile":{"background-color":"","background-image":"","background-repeat":"repeat","background-position":"center center","background-size":"auto","background-attachment":"scroll","background-type":"","background-media":"","overlay-type":"","overlay-color":"","overlay-opacity":"","overlay-gradient":""}},"ast-content-background-meta":{"desktop":{"background-color":"var(--ast-global-color-5)","background-image":"","background-repeat":"repeat","background-position":"center center","background-size":"auto","background-attachment":"scroll","background-type":"","background-media":"","overlay-type":"","overlay-color":"","overlay-opacity":"","overlay-gradient":""},"tablet":{"background-color":"var(--ast-global-color-5)","background-image":"","background-repeat":"repeat","background-position":"center center","background-size":"auto","background-attachment":"scroll","background-type":"","background-media":"","overlay-type":"","overlay-color":"","overlay-opacity":"","overlay-gradient":""},"mobile":{"background-color":"var(--ast-global-color-5)","background-image":"","background-repeat":"repeat","background-position":"center center","background-size":"auto","background-attachment":"scroll","background-type":"","background-media":"","overlay-type":"","overlay-color":"","overlay-opacity":"","overlay-gradient":""}},"footnotes":""},"class_list":["post-1588","page","type-page","status-publish","hentry"],"post_mailing_queue_ids":[],"_links":{"self":[{"href":"https:\/\/agora.xtec.cat\/insramondelatorre\/wp-json\/wp\/v2\/pages\/1588","targetHints":{"allow":["GET"]}}],"collection":[{"href":"https:\/\/agora.xtec.cat\/insramondelatorre\/wp-json\/wp\/v2\/pages"}],"about":[{"href":"https:\/\/agora.xtec.cat\/insramondelatorre\/wp-json\/wp\/v2\/types\/page"}],"author":[{"embeddable":true,"href":"https:\/\/agora.xtec.cat\/insramondelatorre\/wp-json\/wp\/v2\/users\/4"}],"replies":[{"embeddable":true,"href":"https:\/\/agora.xtec.cat\/insramondelatorre\/wp-json\/wp\/v2\/comments?post=1588"}],"version-history":[{"count":7,"href":"https:\/\/agora.xtec.cat\/insramondelatorre\/wp-json\/wp\/v2\/pages\/1588\/revisions"}],"predecessor-version":[{"id":8293,"href":"https:\/\/agora.xtec.cat\/insramondelatorre\/wp-json\/wp\/v2\/pages\/1588\/revisions\/8293"}],"up":[{"embeddable":true,"href":"https:\/\/agora.xtec.cat\/insramondelatorre\/wp-json\/wp\/v2\/pages\/1511"}],"wp:attachment":[{"href":"https:\/\/agora.xtec.cat\/insramondelatorre\/wp-json\/wp\/v2\/media?parent=1588"}],"curies":[{"name":"wp","href":"https:\/\/api.w.org\/{rel}","templated":true}]}}