{"id":1565,"date":"2019-10-02T19:06:04","date_gmt":"2019-10-02T17:06:04","guid":{"rendered":"http:\/\/agora.xtec.cat\/insramondelatorre\/?page_id=1565"},"modified":"2024-03-13T12:57:49","modified_gmt":"2024-03-13T11:57:49","slug":"documentacio","status":"publish","type":"page","link":"https:\/\/agora.xtec.cat\/insramondelatorre\/linstitut\/documentacio\/","title":{"rendered":"Documentaci\u00f3"},"content":{"rendered":"<h5><strong>DOCUMENTACI\u00d3 DE CENTRE<\/strong><\/h5>\n<p style=\"padding-left: 40px;\"><a href=\"https:\/\/agora.xtec.cat\/insramondelatorre\/wp-content\/uploads\/usu1829\/2019\/10\/NOFC-InstitutRamondelaTorre-web.pdf\">NOFC<\/a> (Normes d&#8217;Organitzaci\u00f3 i Funcionament del centre)<\/p>\n<p style=\"padding-left: 40px;\"><a href=\"https:\/\/agora.xtec.cat\/insramondelatorre\/wp-content\/uploads\/usu1829\/2019\/10\/PEC-InstitutRamondelaTorre-web.pdf\">PEC<\/a> (Projecte Educatiu del Centre)<br \/>\n<a href=\"https:\/\/agora.xtec.cat\/insramondelatorre\/wp-content\/uploads\/usu1829\/2019\/10\/FITXA-PEC-RESUM-PROJECTE-EDUCATIU-InstitutRamondelaTorre-web.pdf\">resum PEC<\/a><\/p>\n<p style=\"padding-left: 40px;\"><a href=\"https:\/\/agora.xtec.cat\/insramondelatorre\/wp-content\/uploads\/usu1829\/2021\/01\/PLC-20-21.pdf\" target=\"_blank\" rel=\"noopener noreferrer\">PLC<\/a>\u00a0(Projecte Ling\u00fc\u00edstic del Centre)<\/p>\n<h5><strong>CONVENIS VIGENTS<\/strong><\/h5>\n<p style=\"padding-left: 40px;\">Convenis amb universitats per a realitzar les pr\u00e0ctiques del M\u00e0ster de Formaci\u00f3 del Professorat<\/p>\n<p style=\"padding-left: 40px;\">Convenis amb empreses per a realitzar les pr\u00e0ctiques de la Formaci\u00f3 Professional.<\/p>\n<h5><strong>PRESSUPOST<\/strong><\/h5>\n<p style=\"padding-left: 40px;\">\n","protected":false},"excerpt":{"rendered":"<p>DOCUMENTACI\u00d3 DE CENTRE NOFC (Normes d&#8217;Organitzaci\u00f3 i Funcionament del centre) PEC (Projecte Educatiu del Centre) resum PEC PLC\u00a0(Projecte Ling\u00fc\u00edstic del Centre) CONVENIS VIGENTS Convenis amb universitats per a realitzar les pr\u00e0ctiques del M\u00e0ster de Formaci\u00f3 del Professorat Convenis amb empreses per a realitzar les pr\u00e0ctiques de la Formaci\u00f3 Professional. PRESSUPOST<\/p>\n","protected":false},"author":4,"featured_media":0,"parent":19,"menu_order":5,"comment_status":"closed","ping_status":"closed","template":"page-templates\/side-menu.php","meta":{"_bbp_topic_count":0,"_bbp_reply_count":0,"_bbp_total_topic_count":0,"_bbp_total_reply_count":0,"_bbp_voice_count":0,"_bbp_anonymous_reply_count":0,"_bbp_topic_count_hidden":0,"_bbp_reply_count_hidden":0,"_bbp_forum_subforum_count":0,"site-sidebar-layout":"default","site-content-layout":"","ast-site-content-layout":"","site-content-style":"default","site-sidebar-style":"default","ast-global-header-display":"","ast-banner-title-visibility":"","ast-main-header-display":"","ast-hfb-above-header-display":"","ast-hfb-below-header-display":"","ast-hfb-mobile-header-display":"","site-post-title":"","ast-breadcrumbs-content":"","ast-featured-img":"","footer-sml-layout":"","theme-transparent-header-meta":"","adv-header-id-meta":"","stick-header-meta":"","header-above-stick-meta":"","header-main-stick-meta":"","header-below-stick-meta":"","astra-migrate-meta-layouts":"default","ast-page-background-enabled":"default","ast-page-background-meta":{"desktop":{"background-color":"var(--ast-global-color-4)","background-image":"","background-repeat":"repeat","background-position":"center center","background-size":"auto","background-attachment":"scroll","background-type":"","background-media":"","overlay-type":"","overlay-color":"","overlay-opacity":"","overlay-gradient":""},"tablet":{"background-color":"","background-image":"","background-repeat":"repeat","background-position":"center center","background-size":"auto","background-attachment":"scroll","background-type":"","background-media":"","overlay-type":"","overlay-color":"","overlay-opacity":"","overlay-gradient":""},"mobile":{"background-color":"","background-image":"","background-repeat":"repeat","background-position":"center center","background-size":"auto","background-attachment":"scroll","background-type":"","background-media":"","overlay-type":"","overlay-color":"","overlay-opacity":"","overlay-gradient":""}},"ast-content-background-meta":{"desktop":{"background-color":"var(--ast-global-color-5)","background-image":"","background-repeat":"repeat","background-position":"center center","background-size":"auto","background-attachment":"scroll","background-type":"","background-media":"","overlay-type":"","overlay-color":"","overlay-opacity":"","overlay-gradient":""},"tablet":{"background-color":"var(--ast-global-color-5)","background-image":"","background-repeat":"repeat","background-position":"center center","background-size":"auto","background-attachment":"scroll","background-type":"","background-media":"","overlay-type":"","overlay-color":"","overlay-opacity":"","overlay-gradient":""},"mobile":{"background-color":"var(--ast-global-color-5)","background-image":"","background-repeat":"repeat","background-position":"center center","background-size":"auto","background-attachment":"scroll","background-type":"","background-media":"","overlay-type":"","overlay-color":"","overlay-opacity":"","overlay-gradient":""}},"footnotes":""},"class_list":["post-1565","page","type-page","status-publish","hentry"],"post_mailing_queue_ids":[],"_links":{"self":[{"href":"https:\/\/agora.xtec.cat\/insramondelatorre\/wp-json\/wp\/v2\/pages\/1565","targetHints":{"allow":["GET"]}}],"collection":[{"href":"https:\/\/agora.xtec.cat\/insramondelatorre\/wp-json\/wp\/v2\/pages"}],"about":[{"href":"https:\/\/agora.xtec.cat\/insramondelatorre\/wp-json\/wp\/v2\/types\/page"}],"author":[{"embeddable":true,"href":"https:\/\/agora.xtec.cat\/insramondelatorre\/wp-json\/wp\/v2\/users\/4"}],"replies":[{"embeddable":true,"href":"https:\/\/agora.xtec.cat\/insramondelatorre\/wp-json\/wp\/v2\/comments?post=1565"}],"version-history":[{"count":4,"href":"https:\/\/agora.xtec.cat\/insramondelatorre\/wp-json\/wp\/v2\/pages\/1565\/revisions"}],"predecessor-version":[{"id":7040,"href":"https:\/\/agora.xtec.cat\/insramondelatorre\/wp-json\/wp\/v2\/pages\/1565\/revisions\/7040"}],"up":[{"embeddable":true,"href":"https:\/\/agora.xtec.cat\/insramondelatorre\/wp-json\/wp\/v2\/pages\/19"}],"wp:attachment":[{"href":"https:\/\/agora.xtec.cat\/insramondelatorre\/wp-json\/wp\/v2\/media?parent=1565"}],"curies":[{"name":"wp","href":"https:\/\/api.w.org\/{rel}","templated":true}]}}