{"id":1538,"date":"2019-10-01T23:27:33","date_gmt":"2019-10-01T21:27:33","guid":{"rendered":"http:\/\/agora.xtec.cat\/insramondelatorre\/?page_id=1538"},"modified":"2020-01-06T14:13:24","modified_gmt":"2020-01-06T13:13:24","slug":"aprenentatge-i-servei-explicat","status":"publish","type":"page","link":"https:\/\/agora.xtec.cat\/insramondelatorre\/projecte-educatiu\/aprenentatge-i-servei-explicat\/","title":{"rendered":"Aprenentatge i servei &#8220;Explica&#8217;t&#8221;"},"content":{"rendered":"<p><strong>La import\u00e0ncia del parlar<\/strong><\/p>\n<p>Tots sabem com d&#8217;important \u00e9s parlar i parlar b\u00e9! Fem servir les paraules per xerrar amb els amics, per buscar feina, per petar la conversa amb els veins, per explicar contes als nens, per parlar d&#8217;experi\u00e8ncies amb els avis, per explicar qu\u00e8 en sabem d&#8217;un determinat tema, com ens ha anat el dia&#8230;<\/p>\n<p>Amb les paraules la gent que ens envolta pot descobrir si estem enfadats, contents, sorpresos, tristos, emocionats, morts de por&#8230;<\/p>\n<p>\u00c9s per aix\u00f2, que des del centre tenim pensat engegar per aquest nou curs un projecte que permeti valorar i millorar l&#8217;\u00fas de la comunicaci\u00f3 oral entre el nostre alumnat, mitjan\u00e7ant la metodologia d&#8217;aprenentatge i servei.<\/p>\n<p>Amb l\u2019ajuda del professorat de diferents \u00e0mbits curriculars i sota la gesti\u00f3 d\u2019un grup classe concret, es programaran un reguitzell d\u2019activitats que tindran la intencionalitat educativa d\u2019aprenentatge de millorar les compet\u00e8ncies comunicatives orals de l\u2019alumnat i les seves habilitats socials relacionades amb els valors de la solidaritat, l\u2019empatia, respecte&#8230;<\/p>\n<p>El servei principal s\u2019iniciar\u00e0 des de 3r ESO. El grup promour\u00e0 la idea, recopilar\u00e0 activitats, les gestionar\u00e0 amb entitats locals, centres de prim\u00e0ria&#8230;, i des de diferents \u00e0mbits curriculars i grups classe, l\u2019alumnat i el professorat s\u2019implicar\u00e0 en la realitzaci\u00f3 d\u2019activitats d\u2019aquesta tipologia. Aquestes activitats es podran dur a terme en el propi centre o fora del centre, amb l\u2019esperit de donar servei d\u2019entreteniment, transmissi\u00f3 de coneixements, cura a persones desfavorides&#8230; Cadascuna d\u2019aquestes activitats no deixaran de ser, petits projectes\u00a0d&#8217;Aprenentatge i Servei.<\/p>\n","protected":false},"excerpt":{"rendered":"<p>La import\u00e0ncia del parlar Tots sabem com d&#8217;important \u00e9s parlar i parlar b\u00e9! Fem servir les paraules per xerrar amb els amics, per buscar feina, per petar la conversa amb els veins, per explicar contes als nens, per parlar d&#8217;experi\u00e8ncies amb els avis, per explicar qu\u00e8 en sabem d&#8217;un determinat tema, com ens ha anat [&hellip;]<\/p>\n","protected":false},"author":4,"featured_media":0,"parent":57,"menu_order":0,"comment_status":"closed","ping_status":"closed","template":"","meta":{"_bbp_topic_count":0,"_bbp_reply_count":0,"_bbp_total_topic_count":0,"_bbp_total_reply_count":0,"_bbp_voice_count":0,"_bbp_anonymous_reply_count":0,"_bbp_topic_count_hidden":0,"_bbp_reply_count_hidden":0,"_bbp_forum_subforum_count":0,"site-sidebar-layout":"default","site-content-layout":"","ast-site-content-layout":"","site-content-style":"default","site-sidebar-style":"default","ast-global-header-display":"","ast-banner-title-visibility":"","ast-main-header-display":"","ast-hfb-above-header-display":"","ast-hfb-below-header-display":"","ast-hfb-mobile-header-display":"","site-post-title":"","ast-breadcrumbs-content":"","ast-featured-img":"","footer-sml-layout":"","theme-transparent-header-meta":"","adv-header-id-meta":"","stick-header-meta":"","header-above-stick-meta":"","header-main-stick-meta":"","header-below-stick-meta":"","astra-migrate-meta-layouts":"default","ast-page-background-enabled":"default","ast-page-background-meta":{"desktop":{"background-color":"var(--ast-global-color-4)","background-image":"","background-repeat":"repeat","background-position":"center center","background-size":"auto","background-attachment":"scroll","background-type":"","background-media":"","overlay-type":"","overlay-color":"","overlay-opacity":"","overlay-gradient":""},"tablet":{"background-color":"","background-image":"","background-repeat":"repeat","background-position":"center center","background-size":"auto","background-attachment":"scroll","background-type":"","background-media":"","overlay-type":"","overlay-color":"","overlay-opacity":"","overlay-gradient":""},"mobile":{"background-color":"","background-image":"","background-repeat":"repeat","background-position":"center center","background-size":"auto","background-attachment":"scroll","background-type":"","background-media":"","overlay-type":"","overlay-color":"","overlay-opacity":"","overlay-gradient":""}},"ast-content-background-meta":{"desktop":{"background-color":"var(--ast-global-color-5)","background-image":"","background-repeat":"repeat","background-position":"center center","background-size":"auto","background-attachment":"scroll","background-type":"","background-media":"","overlay-type":"","overlay-color":"","overlay-opacity":"","overlay-gradient":""},"tablet":{"background-color":"var(--ast-global-color-5)","background-image":"","background-repeat":"repeat","background-position":"center center","background-size":"auto","background-attachment":"scroll","background-type":"","background-media":"","overlay-type":"","overlay-color":"","overlay-opacity":"","overlay-gradient":""},"mobile":{"background-color":"var(--ast-global-color-5)","background-image":"","background-repeat":"repeat","background-position":"center center","background-size":"auto","background-attachment":"scroll","background-type":"","background-media":"","overlay-type":"","overlay-color":"","overlay-opacity":"","overlay-gradient":""}},"footnotes":""},"class_list":["post-1538","page","type-page","status-publish","hentry"],"post_mailing_queue_ids":[],"_links":{"self":[{"href":"https:\/\/agora.xtec.cat\/insramondelatorre\/wp-json\/wp\/v2\/pages\/1538","targetHints":{"allow":["GET"]}}],"collection":[{"href":"https:\/\/agora.xtec.cat\/insramondelatorre\/wp-json\/wp\/v2\/pages"}],"about":[{"href":"https:\/\/agora.xtec.cat\/insramondelatorre\/wp-json\/wp\/v2\/types\/page"}],"author":[{"embeddable":true,"href":"https:\/\/agora.xtec.cat\/insramondelatorre\/wp-json\/wp\/v2\/users\/4"}],"replies":[{"embeddable":true,"href":"https:\/\/agora.xtec.cat\/insramondelatorre\/wp-json\/wp\/v2\/comments?post=1538"}],"version-history":[{"count":1,"href":"https:\/\/agora.xtec.cat\/insramondelatorre\/wp-json\/wp\/v2\/pages\/1538\/revisions"}],"predecessor-version":[{"id":1539,"href":"https:\/\/agora.xtec.cat\/insramondelatorre\/wp-json\/wp\/v2\/pages\/1538\/revisions\/1539"}],"up":[{"embeddable":true,"href":"https:\/\/agora.xtec.cat\/insramondelatorre\/wp-json\/wp\/v2\/pages\/57"}],"wp:attachment":[{"href":"https:\/\/agora.xtec.cat\/insramondelatorre\/wp-json\/wp\/v2\/media?parent=1538"}],"curies":[{"name":"wp","href":"https:\/\/api.w.org\/{rel}","templated":true}]}}