{"id":1533,"date":"2019-10-01T23:23:18","date_gmt":"2019-10-01T21:23:18","guid":{"rendered":"http:\/\/agora.xtec.cat\/insramondelatorre\/?page_id=1533"},"modified":"2023-12-13T12:00:00","modified_gmt":"2023-12-13T11:00:00","slug":"erasmus-de-la-unio-europea","status":"publish","type":"page","link":"https:\/\/agora.xtec.cat\/insramondelatorre\/erasmus-de-la-unio-europea\/","title":{"rendered":"Erasmus+"},"content":{"rendered":"<div data-blogger-escaped-style=\"background-color: white; text-align: start;\">\n<div>\n<div>\n<div>\n<div>\n<div data-blogger-escaped-style=\"color: #222222; text-align: justify;\">\n<p><b>Erasmus+ <\/b><span style=\"font-weight: 400;\">\u00e9s el programa global de la Comissi\u00f3 Europea per finan\u00e7ar accions d\u2019educaci\u00f3, formaci\u00f3, joventut i esport per afavorir la modernitzaci\u00f3 i millora dels sistemes d\u2019educaci\u00f3 i formaci\u00f3 dels pa\u00efsos pertanyents al programa.<\/span><\/p>\n<p><span style=\"font-weight: 400;\">Fomenta la qualitat educativa, la innovaci\u00f3 metodol\u00f2gica, la inclusi\u00f3, l\u2019excel\u00b7l\u00e8ncia i la internacionalitzaci\u00f3 dels centres educatius.<\/span><\/p>\n<p><span style=\"font-weight: 400;\">El Ramon de la Torre ja fa anys que es beneficia d\u2019aquest projecte i del cam\u00ed cap a a la internacionalitzaci\u00f3. Aqu\u00ed hi podeu veure els projectes:<\/span><\/p>\n<h6><\/h6>\n<div data-blogger-escaped-style=\"text-align: justify;\">\n<div style=\"width: 100%;\">\n<div style=\"position: relative; padding-bottom: 56.00%; padding-top: 0; height: 0;\"><iframe loading=\"lazy\" style=\"position: absolute; top: 0; left: 0; width: 100%; height: 100%;\" title=\"Projectes Erasmus+\" src=\"https:\/\/view.genial.ly\/63863aa5ff9ec5001ad6c431\" width=\"1200\" height=\"672\" frameborder=\"0\" scrolling=\"yes\" allowfullscreen=\"allowfullscreen\"><\/iframe><\/div>\n<\/div>\n<p>&nbsp;<\/p>\n<p>Los proyectos est\u00e1n cofinanciados por el programa Erasmus+ de la Uni\u00f3n Europea. El contenido de esta p\u00e1gina web es responsabilidad exclusiva del Instituto Ramon de la Torre y ni la Comisi\u00f3n Europea, ni el Servicio Espa\u00f1ol para la Internacionalizaci\u00f3n de la Educaci\u00f3n (SEPIE) son responsables del uso que pueda hacerse de la informaci\u00f3n aqu\u00ed difundida.<\/p>\n<\/div>\n<\/div>\n<div data-blogger-escaped-style=\"text-align: justify;\"><\/div>\n<\/div>\n<\/div>\n<div data-blogger-escaped-style=\"text-align: justify;\"><\/div>\n<\/div>\n<div data-blogger-escaped-style=\"text-align: justify;\">\n<p><span style=\"color: #222222; font-family: 'arial' , 'helvetica' , sans-serif;\" data-blogger-escaped-style=\"color: #222222; font-family: &quot;arial&quot; , &quot;helvetica&quot; , sans-serif;\"><img loading=\"lazy\" decoding=\"async\" class=\"alignnone wp-image-5152 size-medium\" src=\"https:\/\/agora.xtec.cat\/insramondelatorre\/wp-content\/uploads\/usu1829\/2022\/03\/es_cofinanciado_por_la_union_europea_pos-300x63.png\" alt=\"\" width=\"300\" height=\"63\" srcset=\"https:\/\/agora.xtec.cat\/insramondelatorre\/wp-content\/uploads\/usu1829\/2022\/03\/es_cofinanciado_por_la_union_europea_pos-300x63.png 300w, https:\/\/agora.xtec.cat\/insramondelatorre\/wp-content\/uploads\/usu1829\/2022\/03\/es_cofinanciado_por_la_union_europea_pos-1024x215.png 1024w, https:\/\/agora.xtec.cat\/insramondelatorre\/wp-content\/uploads\/usu1829\/2022\/03\/es_cofinanciado_por_la_union_europea_pos-768x161.png 768w, https:\/\/agora.xtec.cat\/insramondelatorre\/wp-content\/uploads\/usu1829\/2022\/03\/es_cofinanciado_por_la_union_europea_pos-1536x322.png 1536w, https:\/\/agora.xtec.cat\/insramondelatorre\/wp-content\/uploads\/usu1829\/2022\/03\/es_cofinanciado_por_la_union_europea_pos-2048x429.png 2048w\" sizes=\"auto, (max-width: 300px) 100vw, 300px\" \/><\/span><\/p>\n<\/div>\n<div data-blogger-escaped-style=\"text-align: justify;\"><\/div>\n<\/div>\n<div data-blogger-escaped-style=\"text-align: justify;\">\n<p>&nbsp;<\/p>\n<\/div>\n<div data-blogger-escaped-style=\"text-align: justify;\"><\/div>\n<\/div>\n<div data-blogger-escaped-style=\"text-align: justify;\">\n<p><span data-blogger-escaped-style=\"background-color: white; text-align: start;\"><span style=\"font-family: 'arial' , 'helvetica' , sans-serif;\" data-blogger-escaped-style=\"font-family: &quot;arial&quot; , &quot;helvetica&quot; , sans-serif;\"><span style=\"color: #0000ff;\" data-blogger-escaped-style=\"color: blue;\"><b>\u00a0<\/b><\/span><\/span><\/span><\/p>\n<\/div>\n","protected":false},"excerpt":{"rendered":"<p>Erasmus+ \u00e9s el programa global de la Comissi\u00f3 Europea per finan\u00e7ar accions d\u2019educaci\u00f3, formaci\u00f3, joventut i esport per afavorir la modernitzaci\u00f3 i millora dels sistemes d\u2019educaci\u00f3 i formaci\u00f3 dels pa\u00efsos pertanyents al programa. Fomenta la qualitat educativa, la innovaci\u00f3 metodol\u00f2gica, la inclusi\u00f3, l\u2019excel\u00b7l\u00e8ncia i la internacionalitzaci\u00f3 dels centres educatius. El Ramon de la Torre ja [&hellip;]<\/p>\n","protected":false},"author":4,"featured_media":0,"parent":0,"menu_order":0,"comment_status":"closed","ping_status":"closed","template":"page-templates\/side-menu.php","meta":{"_bbp_topic_count":0,"_bbp_reply_count":0,"_bbp_total_topic_count":0,"_bbp_total_reply_count":0,"_bbp_voice_count":0,"_bbp_anonymous_reply_count":0,"_bbp_topic_count_hidden":0,"_bbp_reply_count_hidden":0,"_bbp_forum_subforum_count":0,"site-sidebar-layout":"default","site-content-layout":"","ast-site-content-layout":"","site-content-style":"default","site-sidebar-style":"default","ast-global-header-display":"","ast-banner-title-visibility":"","ast-main-header-display":"","ast-hfb-above-header-display":"","ast-hfb-below-header-display":"","ast-hfb-mobile-header-display":"","site-post-title":"","ast-breadcrumbs-content":"","ast-featured-img":"","footer-sml-layout":"","theme-transparent-header-meta":"","adv-header-id-meta":"","stick-header-meta":"","header-above-stick-meta":"","header-main-stick-meta":"","header-below-stick-meta":"","astra-migrate-meta-layouts":"default","ast-page-background-enabled":"default","ast-page-background-meta":{"desktop":{"background-color":"var(--ast-global-color-4)","background-image":"","background-repeat":"repeat","background-position":"center center","background-size":"auto","background-attachment":"scroll","background-type":"","background-media":"","overlay-type":"","overlay-color":"","overlay-opacity":"","overlay-gradient":""},"tablet":{"background-color":"","background-image":"","background-repeat":"repeat","background-position":"center center","background-size":"auto","background-attachment":"scroll","background-type":"","background-media":"","overlay-type":"","overlay-color":"","overlay-opacity":"","overlay-gradient":""},"mobile":{"background-color":"","background-image":"","background-repeat":"repeat","background-position":"center center","background-size":"auto","background-attachment":"scroll","background-type":"","background-media":"","overlay-type":"","overlay-color":"","overlay-opacity":"","overlay-gradient":""}},"ast-content-background-meta":{"desktop":{"background-color":"var(--ast-global-color-5)","background-image":"","background-repeat":"repeat","background-position":"center center","background-size":"auto","background-attachment":"scroll","background-type":"","background-media":"","overlay-type":"","overlay-color":"","overlay-opacity":"","overlay-gradient":""},"tablet":{"background-color":"var(--ast-global-color-5)","background-image":"","background-repeat":"repeat","background-position":"center center","background-size":"auto","background-attachment":"scroll","background-type":"","background-media":"","overlay-type":"","overlay-color":"","overlay-opacity":"","overlay-gradient":""},"mobile":{"background-color":"var(--ast-global-color-5)","background-image":"","background-repeat":"repeat","background-position":"center center","background-size":"auto","background-attachment":"scroll","background-type":"","background-media":"","overlay-type":"","overlay-color":"","overlay-opacity":"","overlay-gradient":""}},"footnotes":""},"class_list":["post-1533","page","type-page","status-publish","hentry"],"post_mailing_queue_ids":[],"_links":{"self":[{"href":"https:\/\/agora.xtec.cat\/insramondelatorre\/wp-json\/wp\/v2\/pages\/1533","targetHints":{"allow":["GET"]}}],"collection":[{"href":"https:\/\/agora.xtec.cat\/insramondelatorre\/wp-json\/wp\/v2\/pages"}],"about":[{"href":"https:\/\/agora.xtec.cat\/insramondelatorre\/wp-json\/wp\/v2\/types\/page"}],"author":[{"embeddable":true,"href":"https:\/\/agora.xtec.cat\/insramondelatorre\/wp-json\/wp\/v2\/users\/4"}],"replies":[{"embeddable":true,"href":"https:\/\/agora.xtec.cat\/insramondelatorre\/wp-json\/wp\/v2\/comments?post=1533"}],"version-history":[{"count":4,"href":"https:\/\/agora.xtec.cat\/insramondelatorre\/wp-json\/wp\/v2\/pages\/1533\/revisions"}],"predecessor-version":[{"id":6335,"href":"https:\/\/agora.xtec.cat\/insramondelatorre\/wp-json\/wp\/v2\/pages\/1533\/revisions\/6335"}],"wp:attachment":[{"href":"https:\/\/agora.xtec.cat\/insramondelatorre\/wp-json\/wp\/v2\/media?parent=1533"}],"curies":[{"name":"wp","href":"https:\/\/api.w.org\/{rel}","templated":true}]}}