{"id":1525,"date":"2019-10-01T22:57:14","date_gmt":"2019-10-01T20:57:14","guid":{"rendered":"http:\/\/agora.xtec.cat\/insramondelatorre\/?page_id=1525"},"modified":"2020-02-18T13:10:14","modified_gmt":"2020-02-18T12:10:14","slug":"eso","status":"publish","type":"page","link":"https:\/\/agora.xtec.cat\/insramondelatorre\/estudis\/eso\/","title":{"rendered":"ESO"},"content":{"rendered":"<h4 style=\"text-align: center;\">EDUCACI\u00d3 SECUND\u00c0RIA OBLIGAT\u00d2RIA<\/h4>\n<h3 style=\"text-align: center;\">Distribuci\u00f3 de mat\u00e8ries comunes i espec\u00edfiques<\/h3>\n<table class=\" aligncenter\" style=\"width: 611px;\" width=\"534\">\n<tbody>\n<tr>\n<td style=\"width: 316px;\"><strong>MAT\u00c8RIES<\/strong><\/td>\n<td style=\"width: 68px;\"><strong>1r ESO<\/strong><\/td>\n<td style=\"width: 72px;\"><strong>2n ESO<\/strong><\/td>\n<td style=\"width: 70px;\"><strong>3r ESO<\/strong><\/td>\n<td style=\"width: 71px;\"><strong>4t ESO<\/strong><\/td>\n<\/tr>\n<tr>\n<td style=\"width: 316px;\"><strong>Llengua catalana i literatura<\/strong><\/td>\n<td style=\"width: 68px;\">4 (3+1)<\/td>\n<td style=\"width: 72px;\">3<\/td>\n<td style=\"width: 70px;\">3<\/td>\n<td style=\"width: 71px;\">3<\/td>\n<\/tr>\n<tr>\n<td style=\"width: 316px;\"><strong>Llengua castellana i literatura<\/strong><\/td>\n<td style=\"width: 68px;\">3<\/td>\n<td style=\"width: 72px;\">3<\/td>\n<td style=\"width: 70px;\">3<\/td>\n<td style=\"width: 71px;\">3<\/td>\n<\/tr>\n<tr>\n<td style=\"width: 316px;\"><strong>Matem\u00e0tiques<\/strong><\/td>\n<td style=\"width: 68px;\">4 (3+1)<\/td>\n<td style=\"width: 72px;\">4<\/td>\n<td style=\"width: 70px;\">4<\/td>\n<td style=\"width: 71px;\">4<\/td>\n<\/tr>\n<tr>\n<td style=\"width: 316px;\"><strong>Llengua anglesa<\/strong><\/td>\n<td style=\"width: 68px;\">3<\/td>\n<td style=\"width: 72px;\">4<\/td>\n<td style=\"width: 70px;\">3<\/td>\n<td style=\"width: 71px;\">3<\/td>\n<\/tr>\n<tr>\n<td style=\"width: 316px;\"><strong>Ci\u00e8ncies naturals: F\u00edsica i Qu\u00edmica &#8211; Biologia<\/strong><\/td>\n<td style=\"width: 68px;\">3<\/td>\n<td style=\"width: 72px;\">3<\/td>\n<td style=\"width: 70px;\">4<\/td>\n<td style=\"width: 71px;\">&#8211;<\/td>\n<\/tr>\n<tr>\n<td style=\"width: 316px;\"><strong>Ci\u00e8ncies socials: Geografia i Hist\u00f2ria<\/strong><\/td>\n<td style=\"width: 68px;\">3<\/td>\n<td style=\"width: 72px;\">3<\/td>\n<td style=\"width: 70px;\">3<\/td>\n<td style=\"width: 71px;\">3<\/td>\n<\/tr>\n<tr>\n<td style=\"width: 316px;\"><strong>Tecnologia<\/strong><\/td>\n<td style=\"width: 68px;\">2<\/td>\n<td style=\"width: 72px;\">2<\/td>\n<td style=\"width: 70px;\">2<\/td>\n<td style=\"width: 71px;\">&#8211;<\/td>\n<\/tr>\n<tr>\n<td style=\"width: 316px;\"><strong>Educaci\u00f3 f\u00edsica<\/strong><\/td>\n<td style=\"width: 68px;\">2<\/td>\n<td style=\"width: 72px;\">2<\/td>\n<td style=\"width: 70px;\">2<\/td>\n<td style=\"width: 71px;\">2<\/td>\n<\/tr>\n<tr>\n<td style=\"width: 316px;\"><strong>M\u00fasica<\/strong><\/td>\n<td style=\"width: 68px;\">2<\/td>\n<td style=\"width: 72px;\">2<\/td>\n<td style=\"width: 70px;\">&#8211;<\/td>\n<td style=\"width: 71px;\">&#8211;<\/td>\n<\/tr>\n<tr>\n<td style=\"width: 316px;\"><strong>Visual i pl\u00e0stica<\/strong><\/td>\n<td style=\"width: 68px;\">2<\/td>\n<td style=\"width: 72px;\">&#8211;<\/td>\n<td style=\"width: 70px;\">2<\/td>\n<td style=\"width: 71px;\">&#8211;<\/td>\n<\/tr>\n<tr>\n<td style=\"width: 316px;\"><strong>Religi\u00f3 \/ Cultura i valors \u00e8tics<\/strong><\/td>\n<td style=\"width: 68px;\">1<\/td>\n<td style=\"width: 72px;\">1<\/td>\n<td style=\"width: 70px;\">1<\/td>\n<td style=\"width: 71px;\">1<\/td>\n<\/tr>\n<tr>\n<td style=\"width: 316px;\"><strong>Tutoria<\/strong><\/td>\n<td style=\"width: 68px;\">1<\/td>\n<td style=\"width: 72px;\">1<\/td>\n<td style=\"width: 70px;\">1<\/td>\n<td style=\"width: 71px;\">1<\/td>\n<\/tr>\n<tr>\n<td style=\"width: 316px;\"><strong>Mat\u00e8ries optatives*<\/strong><\/td>\n<td style=\"width: 68px;\">2 *<\/td>\n<td style=\"width: 72px;\">2<\/td>\n<td style=\"width: 70px;\">2<\/td>\n<td style=\"width: 71px;\">&#8211;<\/td>\n<\/tr>\n<tr>\n<td style=\"width: 316px;\"><strong>Mat\u00e8ries optatives espec\u00edfiques*<\/strong><\/td>\n<td style=\"width: 68px;\">&#8211;<\/td>\n<td style=\"width: 72px;\">&#8211;<\/td>\n<td style=\"width: 70px;\">&#8211;<\/td>\n<td style=\"width: 71px;\">10<\/td>\n<\/tr>\n<tr>\n<td style=\"width: 316px;\"><strong>Projecte de recerca<\/strong><\/td>\n<td style=\"width: 68px;\">&#8211;<\/td>\n<td style=\"width: 72px;\">&#8211;<\/td>\n<td style=\"width: 70px;\">&#8211;<\/td>\n<td style=\"width: 71px;\">(1)<\/td>\n<\/tr>\n<tr>\n<td style=\"width: 316px;\"><strong>Treball de s\u00edntesi<\/strong><\/td>\n<td style=\"width: 68px;\">(1)<\/td>\n<td style=\"width: 72px;\">(1)<\/td>\n<td style=\"width: 70px;\">(1)<\/td>\n<td style=\"width: 71px;\">&#8211;<\/td>\n<\/tr>\n<tr>\n<td style=\"width: 316px;\"><strong>TOTAL HORES<\/strong><\/td>\n<td style=\"width: 68px;\"><strong>30<\/strong><\/td>\n<td style=\"width: 72px;\"><strong>3<\/strong><strong>0<\/strong><\/td>\n<td style=\"width: 70px;\"><strong>30<\/strong><\/td>\n<td style=\"width: 71px;\"><strong>30<\/strong><\/td>\n<\/tr>\n<\/tbody>\n<\/table>\n<p style=\"text-align: center;\"><em>* a 1r d&#8217;ESO les mat\u00e8ries optatives s\u00f3n C\u00e0lcul Num\u00e8ric i Comprensi\u00f3 Lectora<\/em><\/p>\n<h5>MAT\u00c8RIES OPTATIVES DE 2n d&#8217;ESO<\/h5>\n<table style=\"width: 272px;\">\n<tbody>\n<tr>\n<td style=\"width: 266px;\">JOCS ESPORTIUS<\/td>\n<\/tr>\n<tr>\n<td style=\"width: 266px;\">FEM DE PERIODISTES<\/td>\n<\/tr>\n<tr>\n<td style=\"width: 266px;\">FRANC\u00c8S I<\/td>\n<\/tr>\n<tr>\n<td style=\"width: 266px;\">ALEMANY I<\/td>\n<\/tr>\n<tr>\n<td style=\"width: 266px;\">APRENENTATGE COMPETENCIAL<\/td>\n<\/tr>\n<tr>\n<td style=\"width: 266px;\">TALLER D\u2019ARTS PL\u00c0STIQUES<\/td>\n<\/tr>\n<tr>\n<td style=\"width: 266px;\">TALLER DE LECTURA Y ESCRITURA<\/td>\n<\/tr>\n<\/tbody>\n<\/table>\n<h5>MAT\u00c8RIES OPTATIVES DE 3r d&#8217;ESO<\/h5>\n<table style=\"width: 267px;\" width=\"561\">\n<tbody>\n<tr>\n<td style=\"width: 261px;\">ALEMANY II<\/td>\n<\/tr>\n<tr>\n<td style=\"width: 261px;\">FRANC\u00c8S II<\/td>\n<\/tr>\n<tr>\n<td style=\"width: 261px;\">CULTURA CL\u00c0SSICA<\/td>\n<\/tr>\n<tr>\n<td style=\"width: 261px;\">JUGUEM AMB RAQUETES<\/td>\n<\/tr>\n<tr>\n<td style=\"width: 261px;\">EMPRENEDORIA<\/td>\n<\/tr>\n<tr>\n<td style=\"width: 261px;\">ART RECICLAT<\/td>\n<\/tr>\n<tr>\n<td style=\"width: 261px;\">SABER ESTUDIAR<\/td>\n<\/tr>\n<\/tbody>\n<\/table>\n<h5 style=\"text-align: left;\">MAT\u00c8RIES ESPEC\u00cdFIQUES DE 4t d&#8217;ESO<\/h5>\n<table style=\"width: 18.5026%;\" width=\"55%\">\n<tbody>\n<tr>\n<td style=\"width: 36%;\" rowspan=\"3\" width=\"36%\"><strong>4ME1<\/strong><\/td>\n<td style=\"width: 26.6252%;\" width=\"63%\">Biologia i geologia<\/td>\n<\/tr>\n<tr>\n<td style=\"width: 26.6252%;\" width=\"63%\">Economia<\/td>\n<\/tr>\n<tr>\n<td style=\"width: 26.6252%;\" width=\"63%\">Llat\u00ed<\/td>\n<\/tr>\n<tr>\n<td style=\"width: 36%;\" width=\"36%\"><strong>\u00a0<\/strong><\/td>\n<td style=\"width: 26.6252%;\" width=\"63%\">Tecnologia<\/td>\n<\/tr>\n<tr>\n<td style=\"width: 36%;\" width=\"36%\"><strong>\u00a0<\/strong><\/td>\n<td style=\"width: 26.6252%;\" width=\"63%\">TIC 1<\/td>\n<\/tr>\n<tr>\n<td style=\"width: 36%;\" width=\"36%\"><strong>\u00a0<\/strong><\/td>\n<td style=\"width: 26.6252%;\" width=\"63%\">TIC 2<\/td>\n<\/tr>\n<tr>\n<td style=\"width: 36%;\" width=\"36%\"><strong>\u00a0<\/strong><\/td>\n<td style=\"width: 26.6252%;\" width=\"63%\">ViP<\/td>\n<\/tr>\n<tr>\n<td style=\"width: 36%;\" rowspan=\"6\" width=\"36%\"><strong>4ME2<\/strong><\/td>\n<td style=\"width: 26.6252%;\" width=\"63%\">Economia<\/td>\n<\/tr>\n<tr>\n<td style=\"width: 26.6252%;\" width=\"63%\">F\u00edsica i Qu\u00edmica 1<\/td>\n<\/tr>\n<tr>\n<td style=\"width: 26.6252%;\" width=\"63%\">F\u00edsica i Qu\u00edmica 2<\/td>\n<\/tr>\n<tr>\n<td style=\"width: 26.6252%;\" width=\"63%\">M\u00fasica<\/td>\n<\/tr>\n<tr>\n<td style=\"width: 26.6252%;\" width=\"63%\">TIC<\/td>\n<\/tr>\n<tr>\n<td style=\"width: 26.6252%;\" width=\"63%\">ViP<\/td>\n<\/tr>\n<tr>\n<td style=\"width: 36%;\" rowspan=\"6\" width=\"36%\"><strong>4ME3<\/strong><\/td>\n<td style=\"width: 26.6252%;\" width=\"63%\">Alemany<\/td>\n<\/tr>\n<tr>\n<td style=\"width: 26.6252%;\" width=\"63%\">Franc\u00e8s<\/td>\n<\/tr>\n<tr>\n<td style=\"width: 26.6252%;\" width=\"63%\">Tecnologia<\/td>\n<\/tr>\n<tr>\n<td style=\"width: 26.6252%;\" width=\"63%\">TIC<\/td>\n<\/tr>\n<tr>\n<td style=\"width: 26.6252%;\" width=\"63%\">ViP 1<\/td>\n<\/tr>\n<tr>\n<td style=\"width: 26.6252%;\" width=\"63%\">ViP 2<\/td>\n<\/tr>\n<tr>\n<td style=\"width: 36%;\" width=\"36%\"><strong>ME+<\/strong><\/td>\n<td style=\"width: 26.6252%;\" width=\"63%\">\u00c0mbit ling\u00fc\u00edstic<\/td>\n<\/tr>\n<tr>\n<td style=\"width: 36%;\" width=\"36%\"><strong>\u00a0<\/strong><\/td>\n<td style=\"width: 26.6252%;\" width=\"63%\">\u00c0mbit matem\u00e0tic i cientificotecnol\u00f2gic<\/td>\n<\/tr>\n<tr>\n<td style=\"width: 36%;\" width=\"36%\"><strong>\u00a0<\/strong><\/td>\n<td style=\"width: 26.6252%;\" width=\"63%\">Erasmus+: Rob\u00f2tica &#8211; Arduino<\/td>\n<\/tr>\n<\/tbody>\n<\/table>\n<p style=\"text-align: center;\">\n","protected":false},"excerpt":{"rendered":"<p>EDUCACI\u00d3 SECUND\u00c0RIA OBLIGAT\u00d2RIA Distribuci\u00f3 de mat\u00e8ries comunes i espec\u00edfiques MAT\u00c8RIES 1r ESO 2n ESO 3r ESO 4t ESO Llengua catalana i literatura 4 (3+1) 3 3 3 Llengua castellana i literatura 3 3 3 3 Matem\u00e0tiques 4 (3+1) 4 4 4 Llengua anglesa 3 4 3 3 Ci\u00e8ncies naturals: F\u00edsica i Qu\u00edmica &#8211; Biologia 3 [&hellip;]<\/p>\n","protected":false},"author":4,"featured_media":0,"parent":195,"menu_order":0,"comment_status":"closed","ping_status":"closed","template":"page-templates\/side-menu.php","meta":{"_bbp_topic_count":0,"_bbp_reply_count":0,"_bbp_total_topic_count":0,"_bbp_total_reply_count":0,"_bbp_voice_count":0,"_bbp_anonymous_reply_count":0,"_bbp_topic_count_hidden":0,"_bbp_reply_count_hidden":0,"_bbp_forum_subforum_count":0,"site-sidebar-layout":"default","site-content-layout":"","ast-site-content-layout":"","site-content-style":"default","site-sidebar-style":"default","ast-global-header-display":"","ast-banner-title-visibility":"","ast-main-header-display":"","ast-hfb-above-header-display":"","ast-hfb-below-header-display":"","ast-hfb-mobile-header-display":"","site-post-title":"","ast-breadcrumbs-content":"","ast-featured-img":"","footer-sml-layout":"","theme-transparent-header-meta":"","adv-header-id-meta":"","stick-header-meta":"","header-above-stick-meta":"","header-main-stick-meta":"","header-below-stick-meta":"","astra-migrate-meta-layouts":"default","ast-page-background-enabled":"default","ast-page-background-meta":{"desktop":{"background-color":"var(--ast-global-color-4)","background-image":"","background-repeat":"repeat","background-position":"center center","background-size":"auto","background-attachment":"scroll","background-type":"","background-media":"","overlay-type":"","overlay-color":"","overlay-opacity":"","overlay-gradient":""},"tablet":{"background-color":"","background-image":"","background-repeat":"repeat","background-position":"center center","background-size":"auto","background-attachment":"scroll","background-type":"","background-media":"","overlay-type":"","overlay-color":"","overlay-opacity":"","overlay-gradient":""},"mobile":{"background-color":"","background-image":"","background-repeat":"repeat","background-position":"center center","background-size":"auto","background-attachment":"scroll","background-type":"","background-media":"","overlay-type":"","overlay-color":"","overlay-opacity":"","overlay-gradient":""}},"ast-content-background-meta":{"desktop":{"background-color":"var(--ast-global-color-5)","background-image":"","background-repeat":"repeat","background-position":"center center","background-size":"auto","background-attachment":"scroll","background-type":"","background-media":"","overlay-type":"","overlay-color":"","overlay-opacity":"","overlay-gradient":""},"tablet":{"background-color":"var(--ast-global-color-5)","background-image":"","background-repeat":"repeat","background-position":"center center","background-size":"auto","background-attachment":"scroll","background-type":"","background-media":"","overlay-type":"","overlay-color":"","overlay-opacity":"","overlay-gradient":""},"mobile":{"background-color":"var(--ast-global-color-5)","background-image":"","background-repeat":"repeat","background-position":"center center","background-size":"auto","background-attachment":"scroll","background-type":"","background-media":"","overlay-type":"","overlay-color":"","overlay-opacity":"","overlay-gradient":""}},"footnotes":""},"class_list":["post-1525","page","type-page","status-publish","hentry"],"post_mailing_queue_ids":[],"_links":{"self":[{"href":"https:\/\/agora.xtec.cat\/insramondelatorre\/wp-json\/wp\/v2\/pages\/1525","targetHints":{"allow":["GET"]}}],"collection":[{"href":"https:\/\/agora.xtec.cat\/insramondelatorre\/wp-json\/wp\/v2\/pages"}],"about":[{"href":"https:\/\/agora.xtec.cat\/insramondelatorre\/wp-json\/wp\/v2\/types\/page"}],"author":[{"embeddable":true,"href":"https:\/\/agora.xtec.cat\/insramondelatorre\/wp-json\/wp\/v2\/users\/4"}],"replies":[{"embeddable":true,"href":"https:\/\/agora.xtec.cat\/insramondelatorre\/wp-json\/wp\/v2\/comments?post=1525"}],"version-history":[{"count":3,"href":"https:\/\/agora.xtec.cat\/insramondelatorre\/wp-json\/wp\/v2\/pages\/1525\/revisions"}],"predecessor-version":[{"id":2151,"href":"https:\/\/agora.xtec.cat\/insramondelatorre\/wp-json\/wp\/v2\/pages\/1525\/revisions\/2151"}],"up":[{"embeddable":true,"href":"https:\/\/agora.xtec.cat\/insramondelatorre\/wp-json\/wp\/v2\/pages\/195"}],"wp:attachment":[{"href":"https:\/\/agora.xtec.cat\/insramondelatorre\/wp-json\/wp\/v2\/media?parent=1525"}],"curies":[{"name":"wp","href":"https:\/\/api.w.org\/{rel}","templated":true}]}}