{"id":1500,"date":"2019-10-01T21:43:41","date_gmt":"2019-10-01T19:43:41","guid":{"rendered":"http:\/\/agora.xtec.cat\/insramondelatorre\/?page_id=1500"},"modified":"2020-01-06T14:12:12","modified_gmt":"2020-01-06T13:12:12","slug":"coral-i-conjunt-instrumental","status":"publish","type":"page","link":"https:\/\/agora.xtec.cat\/insramondelatorre\/projecte-educatiu\/coral-i-conjunt-instrumental\/","title":{"rendered":"Coral i conjunt instrumental"},"content":{"rendered":"<p>Des de l&#8217;any 2004, l&#8217;Institut ha donat una import\u00e0ncia significativa al\u00a0<strong>Conjunt coral i instrumental Amalgama<\/strong>. En el grup hi ha alumnat de diferents cursos i edats i els instruments que toquen s\u00f3n molt diversos: guitarra cl\u00e0ssica i el\u00e8ctrica, baix, bateria, flautes de bec, instruments Orff i piano.<\/p>\n<p>Els nostres alumnes assagen dins de l&#8217;horari seg\u00fcent:<\/p>\n<p style=\"text-align: center;\"><strong>CORAL AMALGAMA<\/strong><\/p>\n<p style=\"text-align: center;\"><strong>Dimarts i dijous 11:00 &#8211; 11:30 h<\/strong><\/p>\n<p style=\"text-align: center;\"><strong><br \/>\nGRUP INSTRUMENTAL AMALGAMA<\/strong><\/p>\n<p style=\"text-align: center;\"><strong>Dijous 15-16 h<\/strong><\/p>\n<p>Podeu estar al corrent de les actuacions, activitats relacionades amb la m\u00fasica&#8230; al\u00a0<strong>bloc\u00a0<\/strong>de la professora de m\u00fasica:<a href=\"https:\/\/musicamalgama.blogspot.com\/\" rel=\"noopener noreferrer\" data-blogger-escaped-target=\"_blank\"><img loading=\"lazy\" decoding=\"async\" class=\"aligncenter\" src=\"https:\/\/2.bp.blogspot.com\/-MdWHvS7CYDQ\/UH8Pis8gIbI\/AAAAAAAAHlE\/b7IKx9sBgHA\/s200\/Amalgamabloc.JPG\" width=\"200\" height=\"53\" border=\"0\" \/><\/a><\/p>\n<p style=\"font-weight: 400;\"><strong><u>SI FAS M\u00daSICA&#8230;<\/u><\/strong><\/p>\n<p style=\"font-weight: 400;\">El nostre centre\u00a0<strong>convalida\u00a0<\/strong>la mat\u00e8ria de m\u00fasica i\/o diferents mat\u00e8ries optatives del curr\u00edculum de l&#8217;ESO i Batxillerat d&#8217;aquells alumnes que realitzen\u00a0<strong>estudis de m\u00fasica en escoles externes<\/strong>\u00a0i aix\u00ed ho desitgin.<\/p>\n<p>&nbsp;<\/p>\n","protected":false},"excerpt":{"rendered":"<p>Des de l&#8217;any 2004, l&#8217;Institut ha donat una import\u00e0ncia significativa al\u00a0Conjunt coral i instrumental Amalgama. En el grup hi ha alumnat de diferents cursos i edats i els instruments que toquen s\u00f3n molt diversos: guitarra cl\u00e0ssica i el\u00e8ctrica, baix, bateria, flautes de bec, instruments Orff i piano. Els nostres alumnes assagen dins de l&#8217;horari seg\u00fcent: [&hellip;]<\/p>\n","protected":false},"author":4,"featured_media":0,"parent":57,"menu_order":0,"comment_status":"closed","ping_status":"closed","template":"","meta":{"_bbp_topic_count":0,"_bbp_reply_count":0,"_bbp_total_topic_count":0,"_bbp_total_reply_count":0,"_bbp_voice_count":0,"_bbp_anonymous_reply_count":0,"_bbp_topic_count_hidden":0,"_bbp_reply_count_hidden":0,"_bbp_forum_subforum_count":0,"site-sidebar-layout":"default","site-content-layout":"","ast-site-content-layout":"","site-content-style":"default","site-sidebar-style":"default","ast-global-header-display":"","ast-banner-title-visibility":"","ast-main-header-display":"","ast-hfb-above-header-display":"","ast-hfb-below-header-display":"","ast-hfb-mobile-header-display":"","site-post-title":"","ast-breadcrumbs-content":"","ast-featured-img":"","footer-sml-layout":"","theme-transparent-header-meta":"","adv-header-id-meta":"","stick-header-meta":"","header-above-stick-meta":"","header-main-stick-meta":"","header-below-stick-meta":"","astra-migrate-meta-layouts":"default","ast-page-background-enabled":"default","ast-page-background-meta":{"desktop":{"background-color":"var(--ast-global-color-4)","background-image":"","background-repeat":"repeat","background-position":"center center","background-size":"auto","background-attachment":"scroll","background-type":"","background-media":"","overlay-type":"","overlay-color":"","overlay-opacity":"","overlay-gradient":""},"tablet":{"background-color":"","background-image":"","background-repeat":"repeat","background-position":"center center","background-size":"auto","background-attachment":"scroll","background-type":"","background-media":"","overlay-type":"","overlay-color":"","overlay-opacity":"","overlay-gradient":""},"mobile":{"background-color":"","background-image":"","background-repeat":"repeat","background-position":"center center","background-size":"auto","background-attachment":"scroll","background-type":"","background-media":"","overlay-type":"","overlay-color":"","overlay-opacity":"","overlay-gradient":""}},"ast-content-background-meta":{"desktop":{"background-color":"var(--ast-global-color-5)","background-image":"","background-repeat":"repeat","background-position":"center center","background-size":"auto","background-attachment":"scroll","background-type":"","background-media":"","overlay-type":"","overlay-color":"","overlay-opacity":"","overlay-gradient":""},"tablet":{"background-color":"var(--ast-global-color-5)","background-image":"","background-repeat":"repeat","background-position":"center center","background-size":"auto","background-attachment":"scroll","background-type":"","background-media":"","overlay-type":"","overlay-color":"","overlay-opacity":"","overlay-gradient":""},"mobile":{"background-color":"var(--ast-global-color-5)","background-image":"","background-repeat":"repeat","background-position":"center center","background-size":"auto","background-attachment":"scroll","background-type":"","background-media":"","overlay-type":"","overlay-color":"","overlay-opacity":"","overlay-gradient":""}},"footnotes":""},"class_list":["post-1500","page","type-page","status-publish","hentry"],"post_mailing_queue_ids":[],"_links":{"self":[{"href":"https:\/\/agora.xtec.cat\/insramondelatorre\/wp-json\/wp\/v2\/pages\/1500","targetHints":{"allow":["GET"]}}],"collection":[{"href":"https:\/\/agora.xtec.cat\/insramondelatorre\/wp-json\/wp\/v2\/pages"}],"about":[{"href":"https:\/\/agora.xtec.cat\/insramondelatorre\/wp-json\/wp\/v2\/types\/page"}],"author":[{"embeddable":true,"href":"https:\/\/agora.xtec.cat\/insramondelatorre\/wp-json\/wp\/v2\/users\/4"}],"replies":[{"embeddable":true,"href":"https:\/\/agora.xtec.cat\/insramondelatorre\/wp-json\/wp\/v2\/comments?post=1500"}],"version-history":[{"count":2,"href":"https:\/\/agora.xtec.cat\/insramondelatorre\/wp-json\/wp\/v2\/pages\/1500\/revisions"}],"predecessor-version":[{"id":1502,"href":"https:\/\/agora.xtec.cat\/insramondelatorre\/wp-json\/wp\/v2\/pages\/1500\/revisions\/1502"}],"up":[{"embeddable":true,"href":"https:\/\/agora.xtec.cat\/insramondelatorre\/wp-json\/wp\/v2\/pages\/57"}],"wp:attachment":[{"href":"https:\/\/agora.xtec.cat\/insramondelatorre\/wp-json\/wp\/v2\/media?parent=1500"}],"curies":[{"name":"wp","href":"https:\/\/api.w.org\/{rel}","templated":true}]}}