{"id":1498,"date":"2019-10-01T21:39:44","date_gmt":"2019-10-01T19:39:44","guid":{"rendered":"http:\/\/agora.xtec.cat\/insramondelatorre\/?page_id=1498"},"modified":"2021-01-13T10:00:45","modified_gmt":"2021-01-13T09:00:45","slug":"pile-pla-integral-de-llengues-estrangeres","status":"publish","type":"page","link":"https:\/\/agora.xtec.cat\/insramondelatorre\/projecte-educatiu\/pile-pla-integral-de-llengues-estrangeres\/","title":{"rendered":"PILE: Pla Integral de lleng\u00fces estrangeres"},"content":{"rendered":"<p>El\u00a0<strong>Projecte A Plural World<\/strong>\u00a0de l\u2019Institut Ramon de la Torre ha estat seleccionat per participar en el Pla Integrat de Lleng\u00fces estrangeres (PILE 2012-2014). Que implica, entre altres objectius, la\u00a0<strong>introducci\u00f3 de l&#8217;angl\u00e8s en d&#8217;altres mat\u00e8ries curriculars\u00a0<\/strong>diferents a l&#8217;anglesa.<\/p>\n<p>L&#8217;objectiu \u00e9s que l&#8217;alumnat tingui un domini comunicatiu i ling\u00fc\u00edstic de la llengua catalana, castellana i al menys una llengua estrangera que el capaciti per a la gesti\u00f3 dels seus aprenentatges futurs en un m\u00f3n plural.<\/p>\n<p>El projecte s\u2019encap\u00e7ala amb el nom de A Plural World per tal de donar mostra que l\u2019aprenentatge de les lleng\u00fces ens apropa a la diversitat cultural i ling\u00fc\u00edstica d\u2019altres realitats properes i no tant properes a les nostres. El centre disposa d&#8217;un bloc on es pot anar constatant l&#8217;evoluci\u00f3 del projecte:<\/p>\n<p><a href=\"https:\/\/agora.xtec.cat\/insramondelatorre\/categoria\/pile\/\">Enlla\u00e7 a not\u00edcies<\/a><\/p>\n<table class=\"tr-caption-container\" cellspacing=\"0\" cellpadding=\"0\" align=\"center\" data-blogger-escaped-style=\"margin-left: auto; margin-right: auto; text-align: center;\">\n<tbody>\n<tr>\n<td data-blogger-escaped-style=\"text-align: center;\"><a href=\"http:\/\/apluralworld.blogspot.com.es\/\" rel=\"noopener noreferrer\" data-blogger-escaped-style=\"margin-left: auto; margin-right: auto;\" data-blogger-escaped-target=\"_blank\"><img decoding=\"async\" class=\"aligncenter\" src=\"https:\/\/3.bp.blogspot.com\/-ffmN0oLTdes\/UH6PTjH6LUI\/AAAAAAAAHk0\/OMd2Bp82tR8\/s1600\/world.jpg\" border=\"0\" \/><\/a><\/td>\n<\/tr>\n<tr>\n<td class=\"tr-caption\" data-blogger-escaped-style=\"text-align: center;\"><a href=\"http:\/\/apluralworld.blogspot.com.es\/\" rel=\"noopener noreferrer\" data-blogger-escaped-target=\"_blank\"><span style=\"font-family: 'helvetica neue' , 'arial' , 'helvetica' , sans-serif;\" data-blogger-escaped-style=\"font-family: &quot;helvetica neue&quot; , &quot;arial&quot; , &quot;helvetica&quot; , sans-serif;\"><span style=\"font-size: xx-small;\" data-blogger-escaped-style=\"font-size: xx-small;\">Welcome to Institut&#8217;s Ramon de la Torre blog for the PILE Project<\/span><\/span><\/a><\/td>\n<\/tr>\n<\/tbody>\n<\/table>\n","protected":false},"excerpt":{"rendered":"<p>El\u00a0Projecte A Plural World\u00a0de l\u2019Institut Ramon de la Torre ha estat seleccionat per participar en el Pla Integrat de Lleng\u00fces estrangeres (PILE 2012-2014). Que implica, entre altres objectius, la\u00a0introducci\u00f3 de l&#8217;angl\u00e8s en d&#8217;altres mat\u00e8ries curriculars\u00a0diferents a l&#8217;anglesa. L&#8217;objectiu \u00e9s que l&#8217;alumnat tingui un domini comunicatiu i ling\u00fc\u00edstic de la llengua catalana, castellana i al menys [&hellip;]<\/p>\n","protected":false},"author":4,"featured_media":0,"parent":57,"menu_order":0,"comment_status":"closed","ping_status":"closed","template":"","meta":{"_bbp_topic_count":0,"_bbp_reply_count":0,"_bbp_total_topic_count":0,"_bbp_total_reply_count":0,"_bbp_voice_count":0,"_bbp_anonymous_reply_count":0,"_bbp_topic_count_hidden":0,"_bbp_reply_count_hidden":0,"_bbp_forum_subforum_count":0,"site-sidebar-layout":"default","site-content-layout":"","ast-site-content-layout":"","site-content-style":"default","site-sidebar-style":"default","ast-global-header-display":"","ast-banner-title-visibility":"","ast-main-header-display":"","ast-hfb-above-header-display":"","ast-hfb-below-header-display":"","ast-hfb-mobile-header-display":"","site-post-title":"","ast-breadcrumbs-content":"","ast-featured-img":"","footer-sml-layout":"","theme-transparent-header-meta":"","adv-header-id-meta":"","stick-header-meta":"","header-above-stick-meta":"","header-main-stick-meta":"","header-below-stick-meta":"","astra-migrate-meta-layouts":"default","ast-page-background-enabled":"default","ast-page-background-meta":{"desktop":{"background-color":"var(--ast-global-color-4)","background-image":"","background-repeat":"repeat","background-position":"center center","background-size":"auto","background-attachment":"scroll","background-type":"","background-media":"","overlay-type":"","overlay-color":"","overlay-opacity":"","overlay-gradient":""},"tablet":{"background-color":"","background-image":"","background-repeat":"repeat","background-position":"center center","background-size":"auto","background-attachment":"scroll","background-type":"","background-media":"","overlay-type":"","overlay-color":"","overlay-opacity":"","overlay-gradient":""},"mobile":{"background-color":"","background-image":"","background-repeat":"repeat","background-position":"center center","background-size":"auto","background-attachment":"scroll","background-type":"","background-media":"","overlay-type":"","overlay-color":"","overlay-opacity":"","overlay-gradient":""}},"ast-content-background-meta":{"desktop":{"background-color":"var(--ast-global-color-5)","background-image":"","background-repeat":"repeat","background-position":"center center","background-size":"auto","background-attachment":"scroll","background-type":"","background-media":"","overlay-type":"","overlay-color":"","overlay-opacity":"","overlay-gradient":""},"tablet":{"background-color":"var(--ast-global-color-5)","background-image":"","background-repeat":"repeat","background-position":"center center","background-size":"auto","background-attachment":"scroll","background-type":"","background-media":"","overlay-type":"","overlay-color":"","overlay-opacity":"","overlay-gradient":""},"mobile":{"background-color":"var(--ast-global-color-5)","background-image":"","background-repeat":"repeat","background-position":"center center","background-size":"auto","background-attachment":"scroll","background-type":"","background-media":"","overlay-type":"","overlay-color":"","overlay-opacity":"","overlay-gradient":""}},"footnotes":""},"class_list":["post-1498","page","type-page","status-publish","hentry"],"post_mailing_queue_ids":[],"_links":{"self":[{"href":"https:\/\/agora.xtec.cat\/insramondelatorre\/wp-json\/wp\/v2\/pages\/1498","targetHints":{"allow":["GET"]}}],"collection":[{"href":"https:\/\/agora.xtec.cat\/insramondelatorre\/wp-json\/wp\/v2\/pages"}],"about":[{"href":"https:\/\/agora.xtec.cat\/insramondelatorre\/wp-json\/wp\/v2\/types\/page"}],"author":[{"embeddable":true,"href":"https:\/\/agora.xtec.cat\/insramondelatorre\/wp-json\/wp\/v2\/users\/4"}],"replies":[{"embeddable":true,"href":"https:\/\/agora.xtec.cat\/insramondelatorre\/wp-json\/wp\/v2\/comments?post=1498"}],"version-history":[{"count":3,"href":"https:\/\/agora.xtec.cat\/insramondelatorre\/wp-json\/wp\/v2\/pages\/1498\/revisions"}],"predecessor-version":[{"id":3613,"href":"https:\/\/agora.xtec.cat\/insramondelatorre\/wp-json\/wp\/v2\/pages\/1498\/revisions\/3613"}],"up":[{"embeddable":true,"href":"https:\/\/agora.xtec.cat\/insramondelatorre\/wp-json\/wp\/v2\/pages\/57"}],"wp:attachment":[{"href":"https:\/\/agora.xtec.cat\/insramondelatorre\/wp-json\/wp\/v2\/media?parent=1498"}],"curies":[{"name":"wp","href":"https:\/\/api.w.org\/{rel}","templated":true}]}}