{"id":1495,"date":"2019-10-01T21:25:30","date_gmt":"2019-10-01T19:25:30","guid":{"rendered":"http:\/\/agora.xtec.cat\/insramondelatorre\/?page_id=1495"},"modified":"2021-10-13T13:02:03","modified_gmt":"2021-10-13T11:02:03","slug":"biblioteca-projecte-biblionautes","status":"publish","type":"page","link":"https:\/\/agora.xtec.cat\/insramondelatorre\/projecte-educatiu\/biblioteca-projecte-biblionautes\/","title":{"rendered":"Biblioteca. Projecte biblionautes."},"content":{"rendered":"<p style=\"font-weight: 400;\">La\u00a0<strong>biblioteca escolar<\/strong>, a m\u00e9s de ser un espai d\u2019acc\u00e9s a la informaci\u00f3 \u00e9s un entorn d\u2019aprenentatge que s\u2019integra en els recursos del centre per a l\u2019ensenyament i l\u2019aprenentatge de les diverses mat\u00e8ries curriculars i per al foment de l\u2019h\u00e0bit lector. El bon funcionament de la nostra biblioteca l&#8217;avala el tercer premi en el concurs &#8220;Premio\u00a0 Nacional de Buenas Pr\u00e1cticas para la Divulgaci\u00f3n de la Biblioteca de los centros Escolares&#8221;, rebut l&#8217;any 2011.<\/p>\n<p>El blog de la biblioteca \u00e9s:<\/p>\n<p><a href=\"https:\/\/sites.google.com\/d\/1LQ4q59glm7-nhkYfdY9755CUWqbHr3An\/p\/1YtUaTu0zif7ooIy2W55xkvTFMq114c9M\/edit\">El blog de la biblio<\/a><\/p>\n<p>&nbsp;<\/p>\n<p>Els\u00a0<strong>Biblionautes\u00a0<\/strong>s\u00f3n alumnat del centre que, de forma volunt\u00e0ria, cooperen en les tasques de la biblioteca a hores del pati i en horari extraescolar. S\u00f3n un grup divers d&#8217;alumnat d&#8217;ESO que valoren els llibres, que aspiren a ser bons lectors\/es i que han volgut col\u00b7laborar directament en la dinamitzaci\u00f3 de la biblioteca. Els Biblionautes formen part del <strong>projecte APS<\/strong>,\u00a0<strong>Aprenentatge Servei<\/strong>, que neix amb la voluntat de qu\u00e8 els estudiants aprenguin a l&#8217;hora que fan un servei a la comunitat.<\/p>\n<p style=\"font-weight: 400;\"><strong>L&#8217;horari d&#8217;obertura de la Biblioteca \u00e9s<\/strong>: oberta tots els dies durant l&#8217;hora del pati<\/p>\n<p>&nbsp;<\/p>\n<p><span style=\"font-size: medium;\" data-blogger-escaped-style=\"font-size: small;\">Si vols veure el v\u00eddeo del projecte de la nostra Biblioteca clica\u00a0<a href=\"http:\/\/www.youtube.com\/watch?v=h9CYubcCEsw&amp;feature=youtu.be\" rel=\"noopener noreferrer\" data-blogger-escaped-target=\"_blank\">aqu\u00ed<\/a><\/span><\/p>\n","protected":false},"excerpt":{"rendered":"<p>La\u00a0biblioteca escolar, a m\u00e9s de ser un espai d\u2019acc\u00e9s a la informaci\u00f3 \u00e9s un entorn d\u2019aprenentatge que s\u2019integra en els recursos del centre per a l\u2019ensenyament i l\u2019aprenentatge de les diverses mat\u00e8ries curriculars i per al foment de l\u2019h\u00e0bit lector. El bon funcionament de la nostra biblioteca l&#8217;avala el tercer premi en el concurs &#8220;Premio\u00a0 [&hellip;]<\/p>\n","protected":false},"author":4,"featured_media":0,"parent":57,"menu_order":0,"comment_status":"closed","ping_status":"closed","template":"","meta":{"_bbp_topic_count":0,"_bbp_reply_count":0,"_bbp_total_topic_count":0,"_bbp_total_reply_count":0,"_bbp_voice_count":0,"_bbp_anonymous_reply_count":0,"_bbp_topic_count_hidden":0,"_bbp_reply_count_hidden":0,"_bbp_forum_subforum_count":0,"site-sidebar-layout":"default","site-content-layout":"","ast-site-content-layout":"","site-content-style":"default","site-sidebar-style":"default","ast-global-header-display":"","ast-banner-title-visibility":"","ast-main-header-display":"","ast-hfb-above-header-display":"","ast-hfb-below-header-display":"","ast-hfb-mobile-header-display":"","site-post-title":"","ast-breadcrumbs-content":"","ast-featured-img":"","footer-sml-layout":"","theme-transparent-header-meta":"","adv-header-id-meta":"","stick-header-meta":"","header-above-stick-meta":"","header-main-stick-meta":"","header-below-stick-meta":"","astra-migrate-meta-layouts":"default","ast-page-background-enabled":"default","ast-page-background-meta":{"desktop":{"background-color":"var(--ast-global-color-4)","background-image":"","background-repeat":"repeat","background-position":"center center","background-size":"auto","background-attachment":"scroll","background-type":"","background-media":"","overlay-type":"","overlay-color":"","overlay-opacity":"","overlay-gradient":""},"tablet":{"background-color":"","background-image":"","background-repeat":"repeat","background-position":"center center","background-size":"auto","background-attachment":"scroll","background-type":"","background-media":"","overlay-type":"","overlay-color":"","overlay-opacity":"","overlay-gradient":""},"mobile":{"background-color":"","background-image":"","background-repeat":"repeat","background-position":"center center","background-size":"auto","background-attachment":"scroll","background-type":"","background-media":"","overlay-type":"","overlay-color":"","overlay-opacity":"","overlay-gradient":""}},"ast-content-background-meta":{"desktop":{"background-color":"var(--ast-global-color-5)","background-image":"","background-repeat":"repeat","background-position":"center center","background-size":"auto","background-attachment":"scroll","background-type":"","background-media":"","overlay-type":"","overlay-color":"","overlay-opacity":"","overlay-gradient":""},"tablet":{"background-color":"var(--ast-global-color-5)","background-image":"","background-repeat":"repeat","background-position":"center center","background-size":"auto","background-attachment":"scroll","background-type":"","background-media":"","overlay-type":"","overlay-color":"","overlay-opacity":"","overlay-gradient":""},"mobile":{"background-color":"var(--ast-global-color-5)","background-image":"","background-repeat":"repeat","background-position":"center center","background-size":"auto","background-attachment":"scroll","background-type":"","background-media":"","overlay-type":"","overlay-color":"","overlay-opacity":"","overlay-gradient":""}},"footnotes":""},"class_list":["post-1495","page","type-page","status-publish","hentry"],"post_mailing_queue_ids":[],"_links":{"self":[{"href":"https:\/\/agora.xtec.cat\/insramondelatorre\/wp-json\/wp\/v2\/pages\/1495","targetHints":{"allow":["GET"]}}],"collection":[{"href":"https:\/\/agora.xtec.cat\/insramondelatorre\/wp-json\/wp\/v2\/pages"}],"about":[{"href":"https:\/\/agora.xtec.cat\/insramondelatorre\/wp-json\/wp\/v2\/types\/page"}],"author":[{"embeddable":true,"href":"https:\/\/agora.xtec.cat\/insramondelatorre\/wp-json\/wp\/v2\/users\/4"}],"replies":[{"embeddable":true,"href":"https:\/\/agora.xtec.cat\/insramondelatorre\/wp-json\/wp\/v2\/comments?post=1495"}],"version-history":[{"count":3,"href":"https:\/\/agora.xtec.cat\/insramondelatorre\/wp-json\/wp\/v2\/pages\/1495\/revisions"}],"predecessor-version":[{"id":4857,"href":"https:\/\/agora.xtec.cat\/insramondelatorre\/wp-json\/wp\/v2\/pages\/1495\/revisions\/4857"}],"up":[{"embeddable":true,"href":"https:\/\/agora.xtec.cat\/insramondelatorre\/wp-json\/wp\/v2\/pages\/57"}],"wp:attachment":[{"href":"https:\/\/agora.xtec.cat\/insramondelatorre\/wp-json\/wp\/v2\/media?parent=1495"}],"curies":[{"name":"wp","href":"https:\/\/api.w.org\/{rel}","templated":true}]}}