{"id":1492,"date":"2019-10-01T14:47:03","date_gmt":"2019-10-01T12:47:03","guid":{"rendered":"http:\/\/agora.xtec.cat\/insramondelatorre\/?page_id=1492"},"modified":"2020-01-06T14:09:13","modified_gmt":"2020-01-06T13:09:13","slug":"pla-de-millora-de-centre","status":"publish","type":"page","link":"https:\/\/agora.xtec.cat\/insramondelatorre\/projecte-educatiu\/pla-de-millora-de-centre\/","title":{"rendered":"Pla de millora de centre"},"content":{"rendered":"<p style=\"font-weight: 400;\">El curs\u00a014-15 es va crear la comissi\u00f3 del Pla de millora de centre i\u00a0 partir del curs\u00a015-16 es va comen\u00e7ar a treballar a nivell de primer d\u2019ESO el\u00a0<strong>Pla de millora<\/strong>.<strong>\u00a0<\/strong>De manera progressiva i consensuada pel professorat el pla s\u2019ha est\u00e8s a tota l\u2019ESO.<\/p>\n<p style=\"font-weight: 400;\"><strong>Els objectius<\/strong>\u00a0del Pla de Millora s\u00f3n, entre altres:<\/p>\n<ul style=\"font-weight: 400;\">\n<li>Assolir i aplicar acords unitaris.<\/li>\n<li>Establir un pla d\u2019acci\u00f3 tutorial efectiu.<\/li>\n<li>Establir criteris de comunicaci\u00f3 amb les fam\u00edlies i l\u2019alumnat.<\/li>\n<li>Establir criteris per treballar l&#8217;escriptura i la lectura<\/li>\n<li>Establir acords per treballar la compet\u00e8ncia matem\u00e0tica<\/li>\n<li>Establir acords per treballar competencialment a l\u2019aula.<\/li>\n<li>Arribar a acords sobre altres aspectes com el material, els deures, els ex\u00e0mens, la distribuci\u00f3 del temps a l\u2019aula, la disciplina\u2026<\/li>\n<\/ul>\n<h3><a href=\"https:\/\/www.blogger.com\/u\/2\/null\" name=\"_Toc526763539\"><\/a><a href=\"https:\/\/www.blogger.com\/u\/2\/null\" name=\"_Toc460407812\">\u00a0<\/a>Comissi\u00f3 ling\u00fc\u00edstica i comissi\u00f3 matem\u00e0tica<\/h3>\n<p>&nbsp;<\/p>\n<p style=\"font-weight: 400;\">Els membres de les comissions ling\u00fc\u00edstica i matem\u00e0tica es reuneixen peri\u00f2dicament per prendre decisions que tenen com a objectiu la millora de les compet\u00e8ncies ling\u00fc\u00edstiques i matem\u00e0tiques de l\u2019alumnat. Una vegada traspassada aquesta informaci\u00f3 al professorat del centre, cal que tothom apliqui a l\u2019aula els acords presos.<\/p>\n","protected":false},"excerpt":{"rendered":"<p>El curs\u00a014-15 es va crear la comissi\u00f3 del Pla de millora de centre i\u00a0 partir del curs\u00a015-16 es va comen\u00e7ar a treballar a nivell de primer d\u2019ESO el\u00a0Pla de millora.\u00a0De manera progressiva i consensuada pel professorat el pla s\u2019ha est\u00e8s a tota l\u2019ESO. Els objectius\u00a0del Pla de Millora s\u00f3n, entre altres: Assolir i aplicar acords [&hellip;]<\/p>\n","protected":false},"author":4,"featured_media":0,"parent":57,"menu_order":0,"comment_status":"closed","ping_status":"closed","template":"","meta":{"_bbp_topic_count":0,"_bbp_reply_count":0,"_bbp_total_topic_count":0,"_bbp_total_reply_count":0,"_bbp_voice_count":0,"_bbp_anonymous_reply_count":0,"_bbp_topic_count_hidden":0,"_bbp_reply_count_hidden":0,"_bbp_forum_subforum_count":0,"site-sidebar-layout":"default","site-content-layout":"","ast-site-content-layout":"","site-content-style":"default","site-sidebar-style":"default","ast-global-header-display":"","ast-banner-title-visibility":"","ast-main-header-display":"","ast-hfb-above-header-display":"","ast-hfb-below-header-display":"","ast-hfb-mobile-header-display":"","site-post-title":"","ast-breadcrumbs-content":"","ast-featured-img":"","footer-sml-layout":"","theme-transparent-header-meta":"","adv-header-id-meta":"","stick-header-meta":"","header-above-stick-meta":"","header-main-stick-meta":"","header-below-stick-meta":"","astra-migrate-meta-layouts":"default","ast-page-background-enabled":"default","ast-page-background-meta":{"desktop":{"background-color":"var(--ast-global-color-4)","background-image":"","background-repeat":"repeat","background-position":"center center","background-size":"auto","background-attachment":"scroll","background-type":"","background-media":"","overlay-type":"","overlay-color":"","overlay-opacity":"","overlay-gradient":""},"tablet":{"background-color":"","background-image":"","background-repeat":"repeat","background-position":"center center","background-size":"auto","background-attachment":"scroll","background-type":"","background-media":"","overlay-type":"","overlay-color":"","overlay-opacity":"","overlay-gradient":""},"mobile":{"background-color":"","background-image":"","background-repeat":"repeat","background-position":"center center","background-size":"auto","background-attachment":"scroll","background-type":"","background-media":"","overlay-type":"","overlay-color":"","overlay-opacity":"","overlay-gradient":""}},"ast-content-background-meta":{"desktop":{"background-color":"var(--ast-global-color-5)","background-image":"","background-repeat":"repeat","background-position":"center center","background-size":"auto","background-attachment":"scroll","background-type":"","background-media":"","overlay-type":"","overlay-color":"","overlay-opacity":"","overlay-gradient":""},"tablet":{"background-color":"var(--ast-global-color-5)","background-image":"","background-repeat":"repeat","background-position":"center center","background-size":"auto","background-attachment":"scroll","background-type":"","background-media":"","overlay-type":"","overlay-color":"","overlay-opacity":"","overlay-gradient":""},"mobile":{"background-color":"var(--ast-global-color-5)","background-image":"","background-repeat":"repeat","background-position":"center center","background-size":"auto","background-attachment":"scroll","background-type":"","background-media":"","overlay-type":"","overlay-color":"","overlay-opacity":"","overlay-gradient":""}},"footnotes":""},"class_list":["post-1492","page","type-page","status-publish","hentry"],"post_mailing_queue_ids":[],"_links":{"self":[{"href":"https:\/\/agora.xtec.cat\/insramondelatorre\/wp-json\/wp\/v2\/pages\/1492","targetHints":{"allow":["GET"]}}],"collection":[{"href":"https:\/\/agora.xtec.cat\/insramondelatorre\/wp-json\/wp\/v2\/pages"}],"about":[{"href":"https:\/\/agora.xtec.cat\/insramondelatorre\/wp-json\/wp\/v2\/types\/page"}],"author":[{"embeddable":true,"href":"https:\/\/agora.xtec.cat\/insramondelatorre\/wp-json\/wp\/v2\/users\/4"}],"replies":[{"embeddable":true,"href":"https:\/\/agora.xtec.cat\/insramondelatorre\/wp-json\/wp\/v2\/comments?post=1492"}],"version-history":[{"count":1,"href":"https:\/\/agora.xtec.cat\/insramondelatorre\/wp-json\/wp\/v2\/pages\/1492\/revisions"}],"predecessor-version":[{"id":1493,"href":"https:\/\/agora.xtec.cat\/insramondelatorre\/wp-json\/wp\/v2\/pages\/1492\/revisions\/1493"}],"up":[{"embeddable":true,"href":"https:\/\/agora.xtec.cat\/insramondelatorre\/wp-json\/wp\/v2\/pages\/57"}],"wp:attachment":[{"href":"https:\/\/agora.xtec.cat\/insramondelatorre\/wp-json\/wp\/v2\/media?parent=1492"}],"curies":[{"name":"wp","href":"https:\/\/api.w.org\/{rel}","templated":true}]}}