{"id":1487,"date":"2019-10-01T14:18:07","date_gmt":"2019-10-01T12:18:07","guid":{"rendered":"http:\/\/agora.xtec.cat\/insramondelatorre\/?page_id=1487"},"modified":"2026-03-26T08:16:48","modified_gmt":"2026-03-26T07:16:48","slug":"cicles-formatius","status":"publish","type":"page","link":"https:\/\/agora.xtec.cat\/insramondelatorre\/estudis\/cicles-formatius\/","title":{"rendered":"CICLES FORMATIUS"},"content":{"rendered":"<p style=\"text-align: justify;\">La <a href=\"http:\/\/xtec.gencat.cat\/ca\/curriculum\/professionals\/\" target=\"_blank\" rel=\"noopener noreferrer\"><strong>Formaci\u00f3 Professional (FP)<\/strong><\/a>, integrada al sistema educatiu, forma part de l\u2019etapa d\u2019educaci\u00f3 <strong>postobligat\u00f2ria<\/strong> i est\u00e0 encaminada a finalitzar estudis espec\u00edfics que garanteixen <strong>l\u2019assoliment de les compet\u00e8ncies professionals, personals i socials per l\u2019exercici d\u2019una determinada professi\u00f3.<\/strong> Tamb\u00e9 facilitar l\u2019acc\u00e9s a persones immerses en el m\u00f3n laboral per l\u2019adquisi\u00f3 de les compet\u00e8ncies necess\u00e0ries per l\u2019especialitzaci\u00f3 de la seva professi\u00f3 dins d\u2019un camp concret, i possibilitar aix\u00ed la reorientaci\u00f3 de la seva carrera professional, acompanyant el proc\u00e9s amb una formaci\u00f3 pr\u00e0ctica en <a href=\"https:\/\/agora.xtec.cat\/insramondelatorre\/estudis\/cicles-formatius\/fct-formacio-centres-treball\/\" target=\"_blank\" rel=\"noopener noreferrer\">centres de treball (FCT)<\/a>.<\/p>\n<p style=\"text-align: justify;\">La formaci\u00f3 professional est\u00e0 estructurada en aquest moment en <a href=\"http:\/\/xtec.gencat.cat\/ca\/curriculum\/professionals\/fp\/titolsloe\/\" target=\"_blank\" rel=\"noopener noreferrer\">26 fam\u00edlies professionals<\/a>. Actualment existeixen tres nivells formatius de formaci\u00f3 professional:<\/p>\n<ul>\n<li style=\"text-align: justify;\"><a href=\"https:\/\/agora.xtec.cat\/insramondelatorre\/estudis\/pfi\/\" target=\"_blank\" rel=\"noopener\">Programes de Formaci\u00f3 i Inserci\u00f3 (PFI)<\/a> Nivell 1<\/li>\n<li>Cicles Formatius de Grau B\u00e0sic (CFGB) Nivell 1<\/li>\n<li>Cicles Formatius de Grau Mitj\u00e0 (CFGM) Nivell 2\n<ul>\n<li><a href=\"https:\/\/agora.xtec.cat\/insramondelatorre\/wp-content\/uploads\/usu1829\/2026\/03\/diptic_CFGM_GAD_2026.pdf\" target=\"_blank\" rel=\"noopener noreferrer\">CFGM Gesti\u00f3 Administrativa\u00a0<\/a><\/li>\n<li><a href=\"https:\/\/agora.xtec.cat\/insramondelatorre\/wp-content\/uploads\/usu1829\/2026\/03\/diptic_CFGM_MEE_2026.pdf\" target=\"_blank\" rel=\"noopener\">CFGM Manteniment Embarcacions d&#8217;Esbarjo<\/a><\/li>\n<\/ul>\n<\/li>\n<li>Cicles Formatius de Grau Superior (CFGS) Nivell 3\n<ul>\n<li><a href=\"https:\/\/agora.xtec.cat\/insramondelatorre\/wp-content\/uploads\/usu1829\/2026\/03\/diptic_CFGS_AFI_2026.pdf\" target=\"_blank\" rel=\"noopener noreferrer\">CFGS Administraci\u00f3 i Finances<\/a><\/li>\n<\/ul>\n<\/li>\n<\/ul>\n<p>&nbsp;<\/p>\n<p>&nbsp;<\/p>\n<p>&nbsp;<\/p>\n<p>&nbsp;<\/p>\n<p>&nbsp;<\/p>\n<p>&nbsp;<\/p>\n<p>&nbsp;<\/p>\n<p>&nbsp;<\/p>\n<p>&nbsp;<\/p>\n<p>&nbsp;<\/p>\n<p>&nbsp;<\/p>\n<p>&nbsp;<\/p>\n<p>&nbsp;<\/p>\n<p>&nbsp;<\/p>\n<p>&nbsp;<\/p>\n<p>&nbsp;<\/p>\n<p>&nbsp;<\/p>\n<p>&nbsp;<\/p>\n<p>&nbsp;<\/p>\n<p>&nbsp;<\/p>\n<p>&nbsp;<\/p>\n<p>&nbsp;<\/p>\n\r\n\t<div class=\"slideshow_container slideshow_container_style-light\" style=\"height: 300px; \" data-slideshow-id=\"2733\" data-style-name=\"style-light\" data-style-version=\"2.3.1\" >\r\n\r\n\t\t\t\t\t<div class=\"slideshow_loading_icon\"><\/div>\r\n\t\t\r\n\t\t<div class=\"slideshow_content\" style=\"display: none;\">\r\n\r\n\t\t\t<div class=\"slideshow_view\">\r\n\t\t\t\t<div class=\"slideshow_slide slideshow_slide_image\">\r\n\t\t\t\t\t<a href=\"https:\/\/agora.xtec.cat\/insramondelatorre\/categoria\/cicles-formatius\/\" target=\"_blank\" >\t\t\t\t\t\t<img src=\"https:\/\/agora.xtec.cat\/insramondelatorre\/wp-content\/uploads\/usu1829\/2020\/05\/News-cicles_2.png\" alt=\"News cicles_2\" width=\"1280\" height=\"720\" \/>\r\n\t\t\t\t\t<\/a>\t\t\t\t\t<div class=\"slideshow_description_box slideshow_transparent\">\r\n\t\t\t\t\t\t<div class=\"slideshow_title\"><a href=\"https:\/\/agora.xtec.cat\/insramondelatorre\/categoria\/cicles-formatius\/\" target=\"_blank\" >News cicles_2<\/a><\/div>\t\t\t\t\t\t\t\t\t\t\t<\/div>\r\n\t\t\t\t<\/div>\r\n\r\n\t\t\t\t\t\t<div style=\"clear: both;\"><\/div><\/div><div class=\"slideshow_view\">\r\n\t\t\t\t<div class=\"slideshow_slide slideshow_slide_image\">\r\n\t\t\t\t\t<a href=\"https:\/\/agora.xtec.cat\/insramondelatorre\/categoria\/cicles-formatius\/\" target=\"_blank\" >\t\t\t\t\t\t<img src=\"https:\/\/agora.xtec.cat\/insramondelatorre\/wp-content\/uploads\/usu1829\/2020\/05\/ipop_6.png\" alt=\"ipop_6\" width=\"730\" height=\"337\" \/>\r\n\t\t\t\t\t<\/a>\t\t\t\t\t<div class=\"slideshow_description_box slideshow_transparent\">\r\n\t\t\t\t\t\t<div class=\"slideshow_title\"><a href=\"https:\/\/agora.xtec.cat\/insramondelatorre\/categoria\/cicles-formatius\/\" target=\"_blank\" >ipop_6<\/a><\/div>\t\t\t\t\t\t\t\t\t\t\t<\/div>\r\n\t\t\t\t<\/div>\r\n\r\n\t\t\t\t\t\t<div style=\"clear: both;\"><\/div><\/div><div class=\"slideshow_view\">\r\n\t\t\t\t<div class=\"slideshow_slide slideshow_slide_image\">\r\n\t\t\t\t\t<a href=\"https:\/\/agora.xtec.cat\/insramondelatorre\/categoria\/cicles-formatius\/\" target=\"_blank\" >\t\t\t\t\t\t<img src=\"https:\/\/agora.xtec.cat\/insramondelatorre\/wp-content\/uploads\/usu1829\/2020\/05\/Ipop_1.png\" alt=\"Ipop_1\" width=\"639\" height=\"294\" \/>\r\n\t\t\t\t\t<\/a>\t\t\t\t\t<div class=\"slideshow_description_box slideshow_transparent\">\r\n\t\t\t\t\t\t<div class=\"slideshow_title\"><a href=\"https:\/\/agora.xtec.cat\/insramondelatorre\/categoria\/cicles-formatius\/\" target=\"_blank\" >Ipop_1<\/a><\/div>\t\t\t\t\t\t\t\t\t\t\t<\/div>\r\n\t\t\t\t<\/div>\r\n\r\n\t\t\t\t\t\t<div style=\"clear: both;\"><\/div><\/div><div class=\"slideshow_view\">\r\n\t\t\t\t<div class=\"slideshow_slide slideshow_slide_image\">\r\n\t\t\t\t\t<a href=\"https:\/\/agora.xtec.cat\/insramondelatorre\/categoria\/cicles-formatius\/\" target=\"_blank\" >\t\t\t\t\t\t<img src=\"https:\/\/agora.xtec.cat\/insramondelatorre\/wp-content\/uploads\/usu1829\/2020\/05\/Ipop_3.png\" alt=\"Ipop_3\" width=\"650\" height=\"295\" \/>\r\n\t\t\t\t\t<\/a>\t\t\t\t\t<div class=\"slideshow_description_box slideshow_transparent\">\r\n\t\t\t\t\t\t<div class=\"slideshow_title\"><a href=\"https:\/\/agora.xtec.cat\/insramondelatorre\/categoria\/cicles-formatius\/\" target=\"_blank\" >Ipop_3<\/a><\/div>\t\t\t\t\t\t\t\t\t\t\t<\/div>\r\n\t\t\t\t<\/div>\r\n\r\n\t\t\t\t\t\t<div style=\"clear: both;\"><\/div><\/div>\r\n\t\t<\/div>\r\n\r\n\t\t<div class=\"slideshow_controlPanel slideshow_transparent\" style=\"display: none;\"><ul><li class=\"slideshow_togglePlay\" data-play-text=\"Visualitza\" data-pause-text=\"Pausa\"><\/li><\/ul><\/div>\r\n\r\n\t\t<div class=\"slideshow_button slideshow_previous slideshow_transparent\" role=\"button\" data-previous-text=\"Anterior\" style=\"display: none;\"><\/div>\r\n\t\t<div class=\"slideshow_button slideshow_next slideshow_transparent\" role=\"button\" data-next-text=\"Seg\u00fcent\" style=\"display: none;\"><\/div>\r\n\r\n\t\t<div class=\"slideshow_pagination\" style=\"display: none;\" data-go-to-text=\"V\u00e9s a la diapositiva\"><div class=\"slideshow_pagination_center\"><\/div><\/div>\r\n\r\n\t\t<!-- WordPress Slideshow Version 2.3.1 -->\r\n\r\n\t\t\t<\/div>\r\n\r\n\n","protected":false},"excerpt":{"rendered":"<p>La Formaci\u00f3 Professional (FP), integrada al sistema educatiu, forma part de l\u2019etapa d\u2019educaci\u00f3 postobligat\u00f2ria i est\u00e0 encaminada a finalitzar estudis espec\u00edfics que garanteixen l\u2019assoliment de les compet\u00e8ncies professionals, personals i socials per l\u2019exercici d\u2019una determinada professi\u00f3. Tamb\u00e9 facilitar l\u2019acc\u00e9s a persones immerses en el m\u00f3n laboral per l\u2019adquisi\u00f3 de les compet\u00e8ncies necess\u00e0ries per l\u2019especialitzaci\u00f3 de [&hellip;]<\/p>\n","protected":false},"author":4,"featured_media":0,"parent":195,"menu_order":2,"comment_status":"closed","ping_status":"closed","template":"","meta":{"_bbp_topic_count":0,"_bbp_reply_count":0,"_bbp_total_topic_count":0,"_bbp_total_reply_count":0,"_bbp_voice_count":0,"_bbp_anonymous_reply_count":0,"_bbp_topic_count_hidden":0,"_bbp_reply_count_hidden":0,"_bbp_forum_subforum_count":0,"site-sidebar-layout":"default","site-content-layout":"","ast-site-content-layout":"default","site-content-style":"default","site-sidebar-style":"default","ast-global-header-display":"","ast-banner-title-visibility":"","ast-main-header-display":"","ast-hfb-above-header-display":"","ast-hfb-below-header-display":"","ast-hfb-mobile-header-display":"","site-post-title":"","ast-breadcrumbs-content":"","ast-featured-img":"","footer-sml-layout":"","theme-transparent-header-meta":"default","adv-header-id-meta":"","stick-header-meta":"","header-above-stick-meta":"","header-main-stick-meta":"","header-below-stick-meta":"","astra-migrate-meta-layouts":"set","ast-page-background-enabled":"default","ast-page-background-meta":{"desktop":{"background-color":"var(--ast-global-color-4)","background-image":"","background-repeat":"repeat","background-position":"center center","background-size":"auto","background-attachment":"scroll","background-type":"","background-media":"","overlay-type":"","overlay-color":"","overlay-opacity":"","overlay-gradient":""},"tablet":{"background-color":"","background-image":"","background-repeat":"repeat","background-position":"center center","background-size":"auto","background-attachment":"scroll","background-type":"","background-media":"","overlay-type":"","overlay-color":"","overlay-opacity":"","overlay-gradient":""},"mobile":{"background-color":"","background-image":"","background-repeat":"repeat","background-position":"center center","background-size":"auto","background-attachment":"scroll","background-type":"","background-media":"","overlay-type":"","overlay-color":"","overlay-opacity":"","overlay-gradient":""}},"ast-content-background-meta":{"desktop":{"background-color":"var(--ast-global-color-5)","background-image":"","background-repeat":"repeat","background-position":"center center","background-size":"auto","background-attachment":"scroll","background-type":"","background-media":"","overlay-type":"","overlay-color":"","overlay-opacity":"","overlay-gradient":""},"tablet":{"background-color":"var(--ast-global-color-5)","background-image":"","background-repeat":"repeat","background-position":"center center","background-size":"auto","background-attachment":"scroll","background-type":"","background-media":"","overlay-type":"","overlay-color":"","overlay-opacity":"","overlay-gradient":""},"mobile":{"background-color":"var(--ast-global-color-5)","background-image":"","background-repeat":"repeat","background-position":"center center","background-size":"auto","background-attachment":"scroll","background-type":"","background-media":"","overlay-type":"","overlay-color":"","overlay-opacity":"","overlay-gradient":""}},"footnotes":""},"class_list":["post-1487","page","type-page","status-publish","hentry"],"post_mailing_queue_ids":[],"_links":{"self":[{"href":"https:\/\/agora.xtec.cat\/insramondelatorre\/wp-json\/wp\/v2\/pages\/1487","targetHints":{"allow":["GET"]}}],"collection":[{"href":"https:\/\/agora.xtec.cat\/insramondelatorre\/wp-json\/wp\/v2\/pages"}],"about":[{"href":"https:\/\/agora.xtec.cat\/insramondelatorre\/wp-json\/wp\/v2\/types\/page"}],"author":[{"embeddable":true,"href":"https:\/\/agora.xtec.cat\/insramondelatorre\/wp-json\/wp\/v2\/users\/4"}],"replies":[{"embeddable":true,"href":"https:\/\/agora.xtec.cat\/insramondelatorre\/wp-json\/wp\/v2\/comments?post=1487"}],"version-history":[{"count":7,"href":"https:\/\/agora.xtec.cat\/insramondelatorre\/wp-json\/wp\/v2\/pages\/1487\/revisions"}],"predecessor-version":[{"id":8738,"href":"https:\/\/agora.xtec.cat\/insramondelatorre\/wp-json\/wp\/v2\/pages\/1487\/revisions\/8738"}],"up":[{"embeddable":true,"href":"https:\/\/agora.xtec.cat\/insramondelatorre\/wp-json\/wp\/v2\/pages\/195"}],"wp:attachment":[{"href":"https:\/\/agora.xtec.cat\/insramondelatorre\/wp-json\/wp\/v2\/media?parent=1487"}],"curies":[{"name":"wp","href":"https:\/\/api.w.org\/{rel}","templated":true}]}}