{"id":1484,"date":"2019-10-01T13:57:05","date_gmt":"2019-10-01T11:57:05","guid":{"rendered":"http:\/\/agora.xtec.cat\/insramondelatorre\/?page_id=1484"},"modified":"2026-03-25T11:22:29","modified_gmt":"2026-03-25T10:22:29","slug":"batxillerat","status":"publish","type":"page","link":"https:\/\/agora.xtec.cat\/insramondelatorre\/estudis\/batxillerat\/","title":{"rendered":"BATXILLERAT"},"content":{"rendered":"<ul>\n<li><strong>Modalitat Ci\u00e8ncies i Tecnologia<\/strong><\/li>\n<li><strong>Modalitat Humanitats i Ci\u00e8ncies Socials<\/strong><\/li>\n<\/ul>\n<p><a href=\"https:\/\/agora.xtec.cat\/insramondelatorre\/wp-content\/uploads\/usu1829\/2024\/03\/Itineraris-BAT-Promocio-23-25.pdf\" target=\"_blank\" rel=\"noopener\">ITINERARI BATXILLERAT PROMOCI\u00d3 2024-2026<\/a><\/p>\n<p><a href=\"https:\/\/agora.xtec.cat\/insramondelatorre\/wp-content\/uploads\/usu1829\/2025\/04\/Itineraris-BAT-Promocio-25-27.pdf\" target=\"_blank\" rel=\"noopener\">ITINERARI BATXILLERAT PROMOCI\u00d3 2025-2027<\/a><\/p>\n<p><a href=\"https:\/\/agora.xtec.cat\/insramondelatorre\/wp-content\/uploads\/usu1829\/2026\/03\/Itineraris-BAT-Promocio-26-28.pdf\" target=\"_blank\" rel=\"noopener\">ITINERARI NOU BATXILLERAT PROMOCI\u00d3 2026-2028<\/a><\/p>\n<p>&nbsp;<\/p>\n<p>&nbsp;<\/p>\n<p><a href=\"https:\/\/agora.xtec.cat\/insramondelatorre\/wp-content\/uploads\/usu1829\/2026\/03\/Full-informatiu-bat-curs-26-27-1.pdf\" target=\"_blank\" rel=\"noopener noreferrer\">Fullet\u00f3 informatiu Batxillerat<\/a><\/p>\n","protected":false},"excerpt":{"rendered":"<p>Modalitat Ci\u00e8ncies i Tecnologia Modalitat Humanitats i Ci\u00e8ncies Socials ITINERARI BATXILLERAT PROMOCI\u00d3 2024-2026 ITINERARI BATXILLERAT PROMOCI\u00d3 2025-2027 ITINERARI NOU BATXILLERAT PROMOCI\u00d3 2026-2028 &nbsp; &nbsp; Fullet\u00f3 informatiu Batxillerat<\/p>\n","protected":false},"author":4,"featured_media":0,"parent":195,"menu_order":1,"comment_status":"closed","ping_status":"closed","template":"","meta":{"_bbp_topic_count":0,"_bbp_reply_count":0,"_bbp_total_topic_count":0,"_bbp_total_reply_count":0,"_bbp_voice_count":0,"_bbp_anonymous_reply_count":0,"_bbp_topic_count_hidden":0,"_bbp_reply_count_hidden":0,"_bbp_forum_subforum_count":0,"site-sidebar-layout":"default","site-content-layout":"","ast-site-content-layout":"default","site-content-style":"default","site-sidebar-style":"default","ast-global-header-display":"","ast-banner-title-visibility":"","ast-main-header-display":"","ast-hfb-above-header-display":"","ast-hfb-below-header-display":"","ast-hfb-mobile-header-display":"","site-post-title":"","ast-breadcrumbs-content":"","ast-featured-img":"","footer-sml-layout":"","theme-transparent-header-meta":"default","adv-header-id-meta":"","stick-header-meta":"","header-above-stick-meta":"","header-main-stick-meta":"","header-below-stick-meta":"","astra-migrate-meta-layouts":"set","ast-page-background-enabled":"default","ast-page-background-meta":{"desktop":{"background-color":"var(--ast-global-color-4)","background-image":"","background-repeat":"repeat","background-position":"center center","background-size":"auto","background-attachment":"scroll","background-type":"","background-media":"","overlay-type":"","overlay-color":"","overlay-opacity":"","overlay-gradient":""},"tablet":{"background-color":"","background-image":"","background-repeat":"repeat","background-position":"center center","background-size":"auto","background-attachment":"scroll","background-type":"","background-media":"","overlay-type":"","overlay-color":"","overlay-opacity":"","overlay-gradient":""},"mobile":{"background-color":"","background-image":"","background-repeat":"repeat","background-position":"center center","background-size":"auto","background-attachment":"scroll","background-type":"","background-media":"","overlay-type":"","overlay-color":"","overlay-opacity":"","overlay-gradient":""}},"ast-content-background-meta":{"desktop":{"background-color":"var(--ast-global-color-5)","background-image":"","background-repeat":"repeat","background-position":"center center","background-size":"auto","background-attachment":"scroll","background-type":"","background-media":"","overlay-type":"","overlay-color":"","overlay-opacity":"","overlay-gradient":""},"tablet":{"background-color":"var(--ast-global-color-5)","background-image":"","background-repeat":"repeat","background-position":"center center","background-size":"auto","background-attachment":"scroll","background-type":"","background-media":"","overlay-type":"","overlay-color":"","overlay-opacity":"","overlay-gradient":""},"mobile":{"background-color":"var(--ast-global-color-5)","background-image":"","background-repeat":"repeat","background-position":"center center","background-size":"auto","background-attachment":"scroll","background-type":"","background-media":"","overlay-type":"","overlay-color":"","overlay-opacity":"","overlay-gradient":""}},"footnotes":""},"class_list":["post-1484","page","type-page","status-publish","hentry"],"post_mailing_queue_ids":[],"_links":{"self":[{"href":"https:\/\/agora.xtec.cat\/insramondelatorre\/wp-json\/wp\/v2\/pages\/1484","targetHints":{"allow":["GET"]}}],"collection":[{"href":"https:\/\/agora.xtec.cat\/insramondelatorre\/wp-json\/wp\/v2\/pages"}],"about":[{"href":"https:\/\/agora.xtec.cat\/insramondelatorre\/wp-json\/wp\/v2\/types\/page"}],"author":[{"embeddable":true,"href":"https:\/\/agora.xtec.cat\/insramondelatorre\/wp-json\/wp\/v2\/users\/4"}],"replies":[{"embeddable":true,"href":"https:\/\/agora.xtec.cat\/insramondelatorre\/wp-json\/wp\/v2\/comments?post=1484"}],"version-history":[{"count":7,"href":"https:\/\/agora.xtec.cat\/insramondelatorre\/wp-json\/wp\/v2\/pages\/1484\/revisions"}],"predecessor-version":[{"id":8726,"href":"https:\/\/agora.xtec.cat\/insramondelatorre\/wp-json\/wp\/v2\/pages\/1484\/revisions\/8726"}],"up":[{"embeddable":true,"href":"https:\/\/agora.xtec.cat\/insramondelatorre\/wp-json\/wp\/v2\/pages\/195"}],"wp:attachment":[{"href":"https:\/\/agora.xtec.cat\/insramondelatorre\/wp-json\/wp\/v2\/media?parent=1484"}],"curies":[{"name":"wp","href":"https:\/\/api.w.org\/{rel}","templated":true}]}}