{"id":9937,"date":"2025-10-22T09:47:12","date_gmt":"2025-10-22T07:47:12","guid":{"rendered":"https:\/\/agora.xtec.cat\/insramoncasas\/?page_id=9937"},"modified":"2025-10-22T09:47:12","modified_gmt":"2025-10-22T07:47:12","slug":"annex-nofc-mesures-correctores-i-sancionadores-sobre-lus-inadequat-del-material-informatic","status":"publish","type":"page","link":"https:\/\/agora.xtec.cat\/insramoncasas\/documents-de-centre\/annex-nofc-mesures-correctores-i-sancionadores-sobre-lus-inadequat-del-material-informatic\/","title":{"rendered":"ANNEX NOFC Mesures Correctores i Sancionadores sobre l\u2019\u00fas inadequat del material inform\u00e0tic"},"content":{"rendered":"<p>Aquest annex \u00e9s un document d\u2019actualitzaci\u00f3 vinculat a les Normes d\u2019Organitzaci\u00f3 i<br \/>\nFuncionament de Centre (NOFC), aprovades el juliol del 2018 pel Claustre i el Consell<br \/>\nEscolar.<\/p>\n<p>Amb la necessitat d\u2019actualitzar i adaptar les NOFC a les noves circumst\u00e0ncies i nous<br \/>\ncontextos, es redacta aquesta modificaci\u00f3 de les nostres NOFC per concretar les<br \/>\nmesures correctores i\/o sancionadores que es deriven del mal \u00fas del material<br \/>\ninform\u00e0tic del centre i en especial el maquinari que l\u2019alumnat t\u00e9 a la seva disposici\u00f3<br \/>\nque s\u2019ha lliurat en pr\u00e9stec des del Departament d\u2019Educaci\u00f3.<\/p>\n<p>Considerem que s\u2019ha fet un gran esfor\u00e7 econ\u00f2mic i log\u00edstic i tamb\u00e9 estrat\u00e8gic dels del<br \/>\nDepartament d\u2019Educaci\u00f3, indiscutiblement aquesta aposta \u00e9s un guany a nivell<br \/>\npedag\u00f2gic per\u00f2 tamb\u00e9 \u00e9s un assoliment en la direcci\u00f3 dels drets de qualsevol noi o<br \/>\nnoia a disposar dels recursos b\u00e0sics per fer un bon aprenentatge tant en continguts<br \/>\ncom en metodologia. El nostre context ha d\u2019anar en sintonia en el cam\u00ed vers l\u2019equitat<br \/>\neducativa en tots els seus vessants.<\/p>\n<p>En aquest document ampliarem alguns aspectes b\u00e0sics que cal tenir en compte per al<br \/>\nprofessorat i l\u2019alumnat aix\u00ed com per a les seves fam\u00edlies.<\/p>\n<p>En el marc del Pla d\u2019Educaci\u00f3 Digital de Catalunya s\u2019ha dotat als centres educatius<br \/>\nd\u2019ordinadors port\u00e0tils per a l\u2019alumnat per al seu bon \u00fas. En aquest context es poden<br \/>\nproduir situacions de mal \u00fas d\u2019aquests equips. Si es produeixen, el centre ha de tenir<br \/>\nplanificat el circuit que cal seguir ja sigui com a mesures correctores i\/o sancionadores.<\/p>\n","protected":false},"excerpt":{"rendered":"<p>Aquest annex \u00e9s un document d\u2019actualitzaci\u00f3 vinculat a les Normes d\u2019Organitzaci\u00f3 i Funcionament de Centre (NOFC), aprovades el juliol del 2018 pel Claustre i el Consell Escolar. Amb la necessitat d\u2019actualitzar i adaptar les NOFC a les noves circumst\u00e0ncies i nous contextos, es redacta aquesta modificaci\u00f3 de les nostres NOFC per concretar les mesures correctores [&hellip;]<\/p>\n","protected":false},"author":3,"featured_media":0,"parent":5389,"menu_order":0,"comment_status":"closed","ping_status":"closed","template":"","meta":{"_bbp_topic_count":0,"_bbp_reply_count":0,"_bbp_total_topic_count":0,"_bbp_total_reply_count":0,"_bbp_voice_count":0,"_bbp_anonymous_reply_count":0,"_bbp_topic_count_hidden":0,"_bbp_reply_count_hidden":0,"_bbp_forum_subforum_count":0,"site-sidebar-layout":"default","site-content-layout":"","ast-site-content-layout":"","site-content-style":"default","site-sidebar-style":"default","ast-global-header-display":"","ast-banner-title-visibility":"","ast-main-header-display":"","ast-hfb-above-header-display":"","ast-hfb-below-header-display":"","ast-hfb-mobile-header-display":"","site-post-title":"","ast-breadcrumbs-content":"","ast-featured-img":"","footer-sml-layout":"","theme-transparent-header-meta":"","adv-header-id-meta":"","stick-header-meta":"","header-above-stick-meta":"","header-main-stick-meta":"","header-below-stick-meta":"","astra-migrate-meta-layouts":"default","ast-page-background-enabled":"default","ast-page-background-meta":{"desktop":{"background-color":"var(--ast-global-color-4)","background-image":"","background-repeat":"repeat","background-position":"center center","background-size":"auto","background-attachment":"scroll","background-type":"","background-media":"","overlay-type":"","overlay-color":"","overlay-opacity":"","overlay-gradient":""},"tablet":{"background-color":"","background-image":"","background-repeat":"repeat","background-position":"center center","background-size":"auto","background-attachment":"scroll","background-type":"","background-media":"","overlay-type":"","overlay-color":"","overlay-opacity":"","overlay-gradient":""},"mobile":{"background-color":"","background-image":"","background-repeat":"repeat","background-position":"center center","background-size":"auto","background-attachment":"scroll","background-type":"","background-media":"","overlay-type":"","overlay-color":"","overlay-opacity":"","overlay-gradient":""}},"ast-content-background-meta":{"desktop":{"background-color":"var(--ast-global-color-5)","background-image":"","background-repeat":"repeat","background-position":"center center","background-size":"auto","background-attachment":"scroll","background-type":"","background-media":"","overlay-type":"","overlay-color":"","overlay-opacity":"","overlay-gradient":""},"tablet":{"background-color":"var(--ast-global-color-5)","background-image":"","background-repeat":"repeat","background-position":"center center","background-size":"auto","background-attachment":"scroll","background-type":"","background-media":"","overlay-type":"","overlay-color":"","overlay-opacity":"","overlay-gradient":""},"mobile":{"background-color":"var(--ast-global-color-5)","background-image":"","background-repeat":"repeat","background-position":"center center","background-size":"auto","background-attachment":"scroll","background-type":"","background-media":"","overlay-type":"","overlay-color":"","overlay-opacity":"","overlay-gradient":""}},"footnotes":""},"class_list":["post-9937","page","type-page","status-publish","hentry"],"post_mailing_queue_ids":[],"_links":{"self":[{"href":"https:\/\/agora.xtec.cat\/insramoncasas\/wp-json\/wp\/v2\/pages\/9937","targetHints":{"allow":["GET"]}}],"collection":[{"href":"https:\/\/agora.xtec.cat\/insramoncasas\/wp-json\/wp\/v2\/pages"}],"about":[{"href":"https:\/\/agora.xtec.cat\/insramoncasas\/wp-json\/wp\/v2\/types\/page"}],"author":[{"embeddable":true,"href":"https:\/\/agora.xtec.cat\/insramoncasas\/wp-json\/wp\/v2\/users\/3"}],"replies":[{"embeddable":true,"href":"https:\/\/agora.xtec.cat\/insramoncasas\/wp-json\/wp\/v2\/comments?post=9937"}],"version-history":[{"count":1,"href":"https:\/\/agora.xtec.cat\/insramoncasas\/wp-json\/wp\/v2\/pages\/9937\/revisions"}],"predecessor-version":[{"id":9938,"href":"https:\/\/agora.xtec.cat\/insramoncasas\/wp-json\/wp\/v2\/pages\/9937\/revisions\/9938"}],"up":[{"embeddable":true,"href":"https:\/\/agora.xtec.cat\/insramoncasas\/wp-json\/wp\/v2\/pages\/5389"}],"wp:attachment":[{"href":"https:\/\/agora.xtec.cat\/insramoncasas\/wp-json\/wp\/v2\/media?parent=9937"}],"curies":[{"name":"wp","href":"https:\/\/api.w.org\/{rel}","templated":true}]}}