{"id":8824,"date":"2024-07-22T16:26:19","date_gmt":"2024-07-22T14:26:19","guid":{"rendered":"https:\/\/agora.xtec.cat\/insramoncasas\/?page_id=8824"},"modified":"2025-10-14T22:35:33","modified_gmt":"2025-10-14T20:35:33","slug":"ampa","status":"publish","type":"page","link":"https:\/\/agora.xtec.cat\/insramoncasas\/secretaria\/ampa\/","title":{"rendered":"AMPA"},"content":{"rendered":"<p><strong>Contacte<\/strong>: <a href=\"mailto:ampaiesric@gmail.com\">ampa<span class=\"\">@insramoncasas.cat<\/span><\/a><\/p>\n<p><strong>Informaci\u00f3 sobre l&#8217;AMPA<\/strong>:<a href=\"https:\/\/agora.xtec.cat\/insramoncasas\/wp-content\/uploads\/usu1921\/2025\/06\/1.-CARTA-AMPA.pdf\"> CARTA AMPA<\/a><\/p>\n<p><strong>Projecte de socialitzaci\u00f3 de llibres<\/strong>: <a href=\"https:\/\/agora.xtec.cat\/insramoncasas\/wp-content\/uploads\/usu1921\/2025\/06\/2.-CARTA-SOCIALITZACIO-LLIBRES.pdf\">CARTA SOCIALITZACI\u00d3 LLIBRES<\/a><\/p>\n<p><strong>Instruccions per a la compra de llibres amb Comercial Girona<\/strong>:<a href=\"https:\/\/agora.xtec.cat\/insramoncasas\/wp-content\/uploads\/usu1921\/2025\/06\/4.-COMERCIAL-GIRONA.pdf\">\u00a0COMERCIAL GIRONA<\/a><\/p>\n<p><strong>Informaci\u00f3 sobre els armariets<\/strong>: <a href=\"https:\/\/agora.xtec.cat\/insramoncasas\/wp-content\/uploads\/usu1921\/2025\/06\/3.-CARTA-ARMARIETS.pdf\">CARTA ARMARIETS<\/a><\/p>\n<p>A partir del curs 2025-2026, el nostre centre impulsa un <strong>projecte de socialitzaci\u00f3 de llibres<\/strong>\u00a0en col\u00b7laboraci\u00f3 amb l\u2019AMPA i l\u2019empresa Comercial Girona. Aquesta iniciativa respon a la voluntat de reduir la despesa familiar i fomentar la sostenibilitat mitjan\u00e7ant la reutilitzaci\u00f3 dels llibres de text.<\/p>\n<p>Aquesta socialitzaci\u00f3 s\u2019articula a trav\u00e9s de dues opcions:<\/p>\n<ul>\n<li>El\u00a0<strong>lloguer de llibres reutilitzables<\/strong>, amb un estalvi estimat de fins a 180\u20ac per comanda.<\/li>\n<li>La\u00a0<strong>compra amb descompte<\/strong> de llibres nous i dels que no es poden reutilitzar (p. ex. workbook&#8217;s, llibres d&#8217;activitats emplenables, etc.)<\/li>\n<\/ul>\n<p>Excepcionalment aquest curs Comercial Girona comprar\u00e0 els llibres usats. Consulta el preu que Comercial Girona pagar\u00e0 a les fam\u00edlies pels llibres usats 2024 &#8211; 2025:\u00a0<a href=\"https:\/\/agora.xtec.cat\/insramoncasas\/wp-content\/uploads\/usu1921\/2025\/06\/DEFINITIVA-Ramon-Casas-llibres-reaprofitables-24-25-llistat-1.pdf\">Llibres reaprofitables 24-25<\/a><\/p>\n","protected":false},"excerpt":{"rendered":"<p>Contacte: ampa@insramoncasas.cat Informaci\u00f3 sobre l&#8217;AMPA: CARTA AMPA Projecte de socialitzaci\u00f3 de llibres: CARTA SOCIALITZACI\u00d3 LLIBRES Instruccions per a la compra de llibres amb Comercial Girona:\u00a0COMERCIAL GIRONA Informaci\u00f3 sobre els armariets: CARTA ARMARIETS A partir del curs 2025-2026, el nostre centre impulsa un projecte de socialitzaci\u00f3 de llibres\u00a0en col\u00b7laboraci\u00f3 amb l\u2019AMPA i l\u2019empresa Comercial Girona. Aquesta [&hellip;]<\/p>\n","protected":false},"author":3,"featured_media":0,"parent":81,"menu_order":4,"comment_status":"closed","ping_status":"closed","template":"","meta":{"_bbp_topic_count":0,"_bbp_reply_count":0,"_bbp_total_topic_count":0,"_bbp_total_reply_count":0,"_bbp_voice_count":0,"_bbp_anonymous_reply_count":0,"_bbp_topic_count_hidden":0,"_bbp_reply_count_hidden":0,"_bbp_forum_subforum_count":0,"site-sidebar-layout":"default","site-content-layout":"","ast-site-content-layout":"","site-content-style":"default","site-sidebar-style":"default","ast-global-header-display":"","ast-banner-title-visibility":"","ast-main-header-display":"","ast-hfb-above-header-display":"","ast-hfb-below-header-display":"","ast-hfb-mobile-header-display":"","site-post-title":"","ast-breadcrumbs-content":"","ast-featured-img":"","footer-sml-layout":"","theme-transparent-header-meta":"","adv-header-id-meta":"","stick-header-meta":"","header-above-stick-meta":"","header-main-stick-meta":"","header-below-stick-meta":"","astra-migrate-meta-layouts":"default","ast-page-background-enabled":"default","ast-page-background-meta":{"desktop":{"background-color":"var(--ast-global-color-4)","background-image":"","background-repeat":"repeat","background-position":"center center","background-size":"auto","background-attachment":"scroll","background-type":"","background-media":"","overlay-type":"","overlay-color":"","overlay-opacity":"","overlay-gradient":""},"tablet":{"background-color":"","background-image":"","background-repeat":"repeat","background-position":"center center","background-size":"auto","background-attachment":"scroll","background-type":"","background-media":"","overlay-type":"","overlay-color":"","overlay-opacity":"","overlay-gradient":""},"mobile":{"background-color":"","background-image":"","background-repeat":"repeat","background-position":"center center","background-size":"auto","background-attachment":"scroll","background-type":"","background-media":"","overlay-type":"","overlay-color":"","overlay-opacity":"","overlay-gradient":""}},"ast-content-background-meta":{"desktop":{"background-color":"var(--ast-global-color-5)","background-image":"","background-repeat":"repeat","background-position":"center center","background-size":"auto","background-attachment":"scroll","background-type":"","background-media":"","overlay-type":"","overlay-color":"","overlay-opacity":"","overlay-gradient":""},"tablet":{"background-color":"var(--ast-global-color-5)","background-image":"","background-repeat":"repeat","background-position":"center center","background-size":"auto","background-attachment":"scroll","background-type":"","background-media":"","overlay-type":"","overlay-color":"","overlay-opacity":"","overlay-gradient":""},"mobile":{"background-color":"var(--ast-global-color-5)","background-image":"","background-repeat":"repeat","background-position":"center center","background-size":"auto","background-attachment":"scroll","background-type":"","background-media":"","overlay-type":"","overlay-color":"","overlay-opacity":"","overlay-gradient":""}},"footnotes":""},"class_list":["post-8824","page","type-page","status-publish","hentry"],"post_mailing_queue_ids":[],"_links":{"self":[{"href":"https:\/\/agora.xtec.cat\/insramoncasas\/wp-json\/wp\/v2\/pages\/8824","targetHints":{"allow":["GET"]}}],"collection":[{"href":"https:\/\/agora.xtec.cat\/insramoncasas\/wp-json\/wp\/v2\/pages"}],"about":[{"href":"https:\/\/agora.xtec.cat\/insramoncasas\/wp-json\/wp\/v2\/types\/page"}],"author":[{"embeddable":true,"href":"https:\/\/agora.xtec.cat\/insramoncasas\/wp-json\/wp\/v2\/users\/3"}],"replies":[{"embeddable":true,"href":"https:\/\/agora.xtec.cat\/insramoncasas\/wp-json\/wp\/v2\/comments?post=8824"}],"version-history":[{"count":6,"href":"https:\/\/agora.xtec.cat\/insramoncasas\/wp-json\/wp\/v2\/pages\/8824\/revisions"}],"predecessor-version":[{"id":9932,"href":"https:\/\/agora.xtec.cat\/insramoncasas\/wp-json\/wp\/v2\/pages\/8824\/revisions\/9932"}],"up":[{"embeddable":true,"href":"https:\/\/agora.xtec.cat\/insramoncasas\/wp-json\/wp\/v2\/pages\/81"}],"wp:attachment":[{"href":"https:\/\/agora.xtec.cat\/insramoncasas\/wp-json\/wp\/v2\/media?parent=8824"}],"curies":[{"name":"wp","href":"https:\/\/api.w.org\/{rel}","templated":true}]}}