{"id":7178,"date":"2022-02-04T14:02:43","date_gmt":"2022-02-04T13:02:43","guid":{"rendered":"https:\/\/agora.xtec.cat\/insramoncasas\/?page_id=7178"},"modified":"2026-05-05T13:38:33","modified_gmt":"2026-05-05T11:38:33","slug":"cicle-formatiu-gestio-administrativa","status":"publish","type":"page","link":"https:\/\/agora.xtec.cat\/insramoncasas\/estudis\/cicle-formatiu-gestio-administrativa\/","title":{"rendered":"CFGM Gesti\u00f3 Administrativa"},"content":{"rendered":"<h2 data-path-to-node=\"2\">\ud83d\udcbc CFGM de Gesti\u00f3 Administrativa: Converteix-te en el motor de qualsevol empresa!<\/h2>\n<p>&nbsp;<\/p>\n<p id=\"p-rc_ce432eb15cd18609-83\" data-path-to-node=\"3\"><span data-path-to-node=\"3,0\">T\u2019agrada l\u2019organitzaci\u00f3? Tens facilitat per tractar amb la gent? <\/span><span data-path-to-node=\"3,2\"><span class=\"citation-119\">El Cicle Formatiu de Grau Mitj\u00e0 (CFGM) de <\/span><b data-path-to-node=\"3,2\" data-index-in-node=\"42\"><span class=\"citation-119\">Gesti\u00f3 Administrativa<\/span><\/b><span class=\"citation-119\"> a l&#8217;Institut Ramon Casas i Carb\u00f3 \u00e9s la teva porta d&#8217;entrada al m\u00f3n professional<\/span><\/span><span data-path-to-node=\"3,4\">. <\/span><span data-path-to-node=\"3,6\"><span class=\"citation-118\">Durant <\/span><b data-path-to-node=\"3,6\" data-index-in-node=\"7\"><span class=\"citation-118\">2 cursos (2.000 hores)<\/span><\/b><span class=\"citation-118\">, en horari de mat\u00ed, et formarem perqu\u00e8 siguis la pe\u00e7a clau que tota organitzaci\u00f3 necessita per funcionar a la perfecci\u00f3<\/span><\/span><span data-path-to-node=\"3,8\">.<\/span><\/p>\n<h3 data-path-to-node=\"4\">\ud83d\udee0\ufe0f Qu\u00e8 aprendr\u00e0s amb nosaltres?<\/h3>\n<p id=\"p-rc_ce432eb15cd18609-84\" data-path-to-node=\"5\"><span data-path-to-node=\"5,1\"><span class=\"citation-117\">En aquest cicle no nom\u00e9s estudiar\u00e0s teoria; aprendr\u00e0s fent<\/span><\/span><span data-path-to-node=\"5,3\">:<\/span><\/p>\n<ul data-path-to-node=\"6\">\n<li>\n<p id=\"p-rc_ce432eb15cd18609-85\" data-path-to-node=\"6,0,1\"><span data-path-to-node=\"6,0,1,0\"><b data-path-to-node=\"6,0,1,0\" data-index-in-node=\"0\"><span class=\"citation-116\">Gesti\u00f3 experta:<\/span><\/b><span class=\"citation-116\"> Dominar\u00e0s la tramitaci\u00f3 de documents, arxius i tasques de comptabilitat<\/span><\/span><span data-path-to-node=\"6,0,1,2\">.<\/span><\/p>\n<\/li>\n<li>\n<p id=\"p-rc_ce432eb15cd18609-86\" data-path-to-node=\"6,1,1\"><span data-path-to-node=\"6,1,1,0\"><b data-path-to-node=\"6,1,1,0\" data-index-in-node=\"0\"><span class=\"citation-115\">Eines digitals:<\/span><\/b><span class=\"citation-115\"> Ser\u00e0s un crac dels programes inform\u00e0tics de gesti\u00f3 i ofim\u00e0tica<\/span><\/span><span data-path-to-node=\"6,1,1,2\">.<\/span><\/p>\n<\/li>\n<li>\n<p id=\"p-rc_ce432eb15cd18609-87\" data-path-to-node=\"6,2,1\"><span data-path-to-node=\"6,2,1,0\"><b data-path-to-node=\"6,2,1,0\" data-index-in-node=\"0\"><span class=\"citation-114\">Atenci\u00f3 al client:<\/span><\/b><span class=\"citation-114\"> T&#8217;entrenar\u00e0s per donar la millor imatge i servei<\/span><\/span><span data-path-to-node=\"6,2,1,2\">.<\/span><\/p>\n<\/li>\n<li>\n<p id=\"p-rc_ce432eb15cd18609-88\" data-path-to-node=\"6,3,1\"><span data-path-to-node=\"6,3,1,0\"><b data-path-to-node=\"6,3,1,0\" data-index-in-node=\"0\"><span class=\"citation-113\">Habilitats top:<\/span><\/b><span class=\"citation-113\"> Desenvolupar\u00e0s la responsabilitat i el treball en equip que les empreses busquen avui dia<\/span><\/span><span data-path-to-node=\"6,3,1,2\">.<\/span><\/p>\n<\/li>\n<\/ul>\n<h3 data-path-to-node=\"7\">\ud83c\udf1f Un projecte educatiu pensat per a tu<\/h3>\n<p id=\"p-rc_ce432eb15cd18609-89\" data-path-to-node=\"8\"><span data-path-to-node=\"8,1\"><span class=\"citation-112\">El nostre institut aposta per una formaci\u00f3 moderna i propera<\/span><\/span><span data-path-to-node=\"8,3\">:<\/span><\/p>\n<ul data-path-to-node=\"9\">\n<li>\n<p id=\"p-rc_ce432eb15cd18609-90\" data-path-to-node=\"9,0,1\"><span data-path-to-node=\"9,0,1,0\"><b data-path-to-node=\"9,0,1,0\" data-index-in-node=\"0\"><span class=\"citation-111\">Pr\u00e0ctiques DUAL:<\/span><\/b><span class=\"citation-111\"> Tria entre la modalitat General (515h) o la <\/span><b data-path-to-node=\"9,0,1,0\" data-index-in-node=\"61\"><span class=\"citation-111\">Intensiva remunerada<\/span><\/b><span class=\"citation-111\"> (1.000h) per comen\u00e7ar la teva experi\u00e8ncia laboral real<\/span><\/span><span data-path-to-node=\"9,0,1,2\">.<\/span><\/p>\n<\/li>\n<li>\n<p id=\"p-rc_ce432eb15cd18609-91\" data-path-to-node=\"9,1,1\"><span data-path-to-node=\"9,1,1,0\"><b data-path-to-node=\"9,1,1,0\" data-index-in-node=\"0\"><span class=\"citation-110\">Innovaci\u00f3:<\/span><\/b><span class=\"citation-110\"> Gaudir\u00e0s del projecte <\/span><b data-path-to-node=\"9,1,1,0\" data-index-in-node=\"33\"><span class=\"citation-110\">aula ATECA<\/span><\/b><span class=\"citation-110\">, incorporaci\u00f3 de l&#8217;<\/span><b data-path-to-node=\"9,1,1,0\" data-index-in-node=\"63\"><span class=\"citation-110\">angl\u00e8s<\/span><\/b><span class=\"citation-110\"> i projectes intermodulars<\/span><\/span><span data-path-to-node=\"9,1,1,2\">.<\/span><\/p>\n<\/li>\n<li>\n<p id=\"p-rc_ce432eb15cd18609-92\" data-path-to-node=\"9,2,1\"><span data-path-to-node=\"9,2,1,0\"><b data-path-to-node=\"9,2,1,0\" data-index-in-node=\"0\"><span class=\"citation-109\">Acompanyament:<\/span><\/b><span class=\"citation-109\"> Amb tutories individualitzades i desdoblaments en grups per no deixar ning\u00fa enrere<\/span><\/span><span data-path-to-node=\"9,2,1,2\">.<\/span><\/p>\n<\/li>\n<li>\n<p id=\"p-rc_ce432eb15cd18609-93\" data-path-to-node=\"9,3,1\"><span data-path-to-node=\"9,3,1,0\"><b data-path-to-node=\"9,3,1,0\" data-index-in-node=\"0\"><span class=\"citation-108\">Connexi\u00f3 amb el m\u00f3n real:<\/span><\/b><span class=\"citation-108\"> Visites a empreses, tallers i xerrades amb professionals del sector<\/span><\/span><span data-path-to-node=\"9,3,1,2\">.<\/span><\/p>\n<\/li>\n<\/ul>\n<h3 data-path-to-node=\"10\">\ud83d\ude80 Sortides professionals: On podr\u00e0s treballar?<\/h3>\n<p id=\"p-rc_ce432eb15cd18609-94\" data-path-to-node=\"11\"><span data-path-to-node=\"11,0\">Les possibilitats s\u00f3n infinites! <\/span><span data-path-to-node=\"11,2\"><span class=\"citation-107\">Podr\u00e0s treballar com a<\/span><\/span><span data-path-to-node=\"11,4\">:<\/span><\/p>\n<ul data-path-to-node=\"12\">\n<li>\n<p id=\"p-rc_ce432eb15cd18609-95\" data-path-to-node=\"12,0,0\"><span data-path-to-node=\"12,0,0,1\"><span class=\"citation-106\">Auxiliar administratiu\/va (en el sector p\u00fablic, privat, jur\u00eddic o de personal)<\/span><\/span><span data-path-to-node=\"12,0,0,3\">.<\/span><\/p>\n<\/li>\n<li>\n<p id=\"p-rc_ce432eb15cd18609-96\" data-path-to-node=\"12,1,0\"><span data-path-to-node=\"12,1,0,1\"><span class=\"citation-105\">Recepcionista o empleat\/da d&#8217;atenci\u00f3 al p\u00fablic<\/span><\/span><span data-path-to-node=\"12,1,0,3\">.<\/span><\/p>\n<\/li>\n<li>\n<p id=\"p-rc_ce432eb15cd18609-97\" data-path-to-node=\"12,2,0\"><span data-path-to-node=\"12,2,0,1\"><span class=\"citation-104\">Ajudant d&#8217;oficina, tresoreria o administratiu comercial<\/span><\/span><span data-path-to-node=\"12,2,0,3\">.<\/span><\/p>\n<\/li>\n<\/ul>\n<h3 data-path-to-node=\"13\">\ud83d\udcc5 No et perdis les dates clau!<\/h3>\n<p id=\"p-rc_ce432eb15cd18609-98\" data-path-to-node=\"14\"><span data-path-to-node=\"14,1\"><span class=\"citation-103\">Apunta-ho b\u00e9 a l&#8217;agenda<\/span><\/span><span data-path-to-node=\"14,3\">:<\/span><\/p>\n<ul data-path-to-node=\"15\">\n<li>\n<p id=\"p-rc_ce432eb15cd18609-99\" data-path-to-node=\"15,0,1\"><span data-path-to-node=\"15,0,1,0\"><b data-path-to-node=\"15,0,1,0\" data-index-in-node=\"0\"><span class=\"citation-102\">Sol\u00b7licituds:<\/span><\/b><span class=\"citation-102\"> Del 26 de maig a l&#8217;1 de juny de 2026<\/span><\/span><span data-path-to-node=\"15,0,1,2\">.<\/span><\/p>\n<\/li>\n<li>\n<p id=\"p-rc_ce432eb15cd18609-100\" data-path-to-node=\"15,1,1\"><span data-path-to-node=\"15,1,1,0\"><b data-path-to-node=\"15,1,1,0\" data-index-in-node=\"0\"><span class=\"citation-101\">Matr\u00edcula:<\/span><\/b><span class=\"citation-101\"> 1a tanda (10-14 de juliol) i 2a tanda (24-28 de juliol)<\/span><\/span><span data-path-to-node=\"15,1,1,2\">.<\/span><\/p>\n<\/li>\n<\/ul>\n<p data-path-to-node=\"16\"><b data-path-to-node=\"16\" data-index-in-node=\"0\">Est\u00e0s a punt per comen\u00e7ar? Vine a l&#8217;Institut Ramon Casas i Carb\u00f3 i gestiona el teu futur des d&#8217;avui mateix!<\/b> \ud83d\udcc8\u2728<\/p>\n<hr data-path-to-node=\"17\" \/>\n<p id=\"p-rc_ce432eb15cd18609-101\" data-path-to-node=\"18\"><span data-path-to-node=\"18,0\">Tens dubtes? <\/span><span data-path-to-node=\"18,2\"><span class=\"citation-100\">Truca&#8217;ns al <strong>938 649 595<\/strong> o vine a veure&#8217;ns al carrer Llu\u00eds Companys, 2 de Palau-solit\u00e0 i Plegamans. <\/span><\/span><\/p>\n<div class=\"source-inline-chip-container ng-star-inserted\"><\/div>\n<p>Accedeix a totes les not\u00edcies sobre el <a href=\"https:\/\/agora.xtec.cat\/insramoncasas\/categoria\/cicle-formatiu\/\">CICLE FORMATIU DE GRAU MITJ\u00c0 DE GESTI\u00d3 ADMINISTRATIVA<\/a><\/p>\n<p>&nbsp;<\/p>\n<p><iframe loading=\"lazy\" src=\"\/\/www.youtube.com\/embed\/KzvoSEvjZYo\" width=\"560\" height=\"314\" data-mce-fragment=\"1\"><\/iframe><\/p>\n<p>L&#8217;Institut Ramon Casas i Carb\u00f3 de Palau-solit\u00e0 i Plegamans ofereix, dins l\u2019FD Dual, un Cicle Formatiu de Grau Mitj\u00e0 per esdevenir T\u00e8cnic en Gesti\u00f3 Administrativa. Les preinscripcions es podran fer per via telem\u00e0tica durant el mes de maig, mentre que les matriculacions es tramitaran al mes de juliol a la secretaria del centre (de 8.00 a 13.30 hores).<\/p>\n<p><strong>NOU CURR\u00cdCULUM 2024-2025<\/strong><\/p>\n<p style=\"text-align: justify;\">Pel que fa a la durada dels estudis, es compondran de dos cursos, amb 2.000 hores, de les quals 1.000 hores correspondran a la formaci\u00f3 dual intensiva, o b\u00e9 515 hores si s&#8217;opta per la modalitat Dual general. En el referent als horaris, el primer curs es desenvolupar\u00e0 de 8.00 a 14.30 hores de dilluns a divendres, i el segon curs, de 8.00 a 14.30 hores els dilluns i dimarts en la modalitat Dual intensiva, i de 8.00 a 14.30 hores els dilluns i dimarts, i els dimecres de 8.00 a 14.30 en la modalitat Dual general.<\/p>\n<p style=\"text-align: justify;\">Quant als m\u00f2duls professionals, al primer curs seran (30 hores\/setmana):<\/p>\n<ul>\n<li style=\"text-align: justify;\">Comunicaci\u00f3 empresarial i atenci\u00f3 al client (3),<\/li>\n<li style=\"text-align: justify;\">operacions administratives de compravenda (3)<\/li>\n<li style=\"text-align: justify;\">t\u00e8cnica comptable (3)<\/li>\n<li style=\"text-align: justify;\">tractament inform\u00e0tic de la informaci\u00f3 (5)<\/li>\n<li style=\"text-align: justify;\">angl\u00e8s (2)<\/li>\n<li style=\"text-align: justify;\">empresa i administraci\u00f3 (3)<\/li>\n<li>operacions auxiliars de gesti\u00f3 de tresoreria (3)<\/li>\n<li style=\"text-align: justify;\">itinerari per la ocupabilitat I (3)<\/li>\n<li style=\"text-align: justify;\">catal\u00e0 professional (2)<\/li>\n<li style=\"text-align: justify;\">sostenibilitat (1)<\/li>\n<li style=\"text-align: justify;\">digitalitzaci\u00f3 (1)<\/li>\n<li style=\"text-align: justify;\">tutoria (1)<\/li>\n<\/ul>\n<p>Mentre que a segon seran (17 hores\/setmana):<\/p>\n<ul>\n<li>operacions administratives de recursos humans (3)<\/li>\n<li>tractament de documentaci\u00f3 comptable (3)<\/li>\n<li>empresa a l\u2019aula &#8211; modalitat Dual general &#8211; (3)<\/li>\n<li>projecte intermodular &#8211; Dual general &#8211; (3)<\/li>\n<li>itinerari per la ocupabilitat II (2)<\/li>\n<li>m\u00f2dul optatiu (2)<\/li>\n<li>tutoria (1)<\/li>\n<\/ul>\n<p style=\"text-align: justify;\">Aquells que completin el cicle obtindran el t\u00edtol de T\u00e8cnic\/a en Gesti\u00f3 Administrativa. La compet\u00e8ncia general d&#8217;aquest t\u00edtol consisteix en activitats de suport administratiu en l&#8217;\u00e0mbit laboral, comptable, comercial, financer i fiscal, aix\u00ed com d&#8217;atenci\u00f3 al client\/usuari, tant en empreses p\u00fabliques com en empreses privades, aplicant la normativa vigent i protocols de qualitat, assegurant la satisfacci\u00f3 del client i actuant segons les normes de prevenci\u00f3 de riscos laborals i de protecci\u00f3 ambiental.<\/p>\n<p style=\"text-align: justify;\">Pel que fa a les sortides professionals, s\u00f3n les d\u2019auxiliar administratiu\/va en empreses de tots els \u00e0mbits, tant de l\u2019administraci\u00f3 p\u00fablica com del sector privat.<\/p>\n<p style=\"text-align: justify;\">Cal recordar que l\u2019<strong>FP dual intensiva<\/strong> es la modalitat de formaci\u00f3 professional en la qual l\u2019estudiant esdev\u00e9 aprenent i combina la formaci\u00f3 en el centre educatiu amb l\u2019activitat productiva remunerada en l\u2019empresa mitjan\u00e7ant un conveni amb l\u2019institut. En la modalitat <strong>FP dual general<\/strong> no existeix l&#8217;obligaci\u00f3 de remunerar l&#8217;estada a l&#8217;empresa de l&#8217;alumnat.<\/p>\n<p style=\"text-align: justify;\">L\u2019objectiu de l&#8217;<strong>FP dual<\/strong> \u00e9s millorar la formaci\u00f3, qualificaci\u00f3 i desenvolupament personal dels joves que inicien la seva professionalitzaci\u00f3.<\/p>\n<p style=\"text-align: justify;\">Aquest fet suposa, per als alumnes, millorar el curr\u00edculum professional, desenvolupar les compet\u00e8ncies professionals en un entorn laboral real, afavorir la incorporaci\u00f3 al m\u00f3n laboral com a aprenent qualificat, coneixement de primera m\u00e0 del m\u00f3n laboral i de la cultura d\u2019empresa, estar en contacte amb la tecnologia avan\u00e7ada i superaci\u00f3 del m\u00f2dul de formaci\u00f3 en centres de treball per als alumnes de cicles formatius.<\/p>\n<p style=\"text-align: justify;\">Per a les empreses, representa incorporar personal qualificat, format en la cultura i processos de l\u2019empresa, a m\u00e9s de crear una pedrera d\u2019aprenents, facilitar el relleu generacional i contribuir a la pol\u00edtica empresarial de responsabilitat social corporativa.<\/p>\n<p><a href=\"https:\/\/agora.xtec.cat\/insramoncasas\/wp-content\/uploads\/usu1921\/2021\/02\/1280px-Logotipo_del_Ministerio_de_Educaci\u00f3n_y_Formaci\u00f3n_Profesional.svg_.png\"><img loading=\"lazy\" decoding=\"async\" class=\"size-medium wp-image-6463 alignnone\" src=\"https:\/\/agora.xtec.cat\/insramoncasas\/wp-content\/uploads\/usu1921\/2021\/02\/1280px-Logotipo_del_Ministerio_de_Educaci\u00f3n_y_Formaci\u00f3n_Profesional.svg_-300x75.png\" alt=\"\" width=\"300\" height=\"75\" srcset=\"https:\/\/agora.xtec.cat\/insramoncasas\/wp-content\/uploads\/usu1921\/2021\/02\/1280px-Logotipo_del_Ministerio_de_Educaci\u00f3n_y_Formaci\u00f3n_Profesional.svg_-300x75.png 300w, https:\/\/agora.xtec.cat\/insramoncasas\/wp-content\/uploads\/usu1921\/2021\/02\/1280px-Logotipo_del_Ministerio_de_Educaci\u00f3n_y_Formaci\u00f3n_Profesional.svg_-768x192.png 768w, https:\/\/agora.xtec.cat\/insramoncasas\/wp-content\/uploads\/usu1921\/2021\/02\/1280px-Logotipo_del_Ministerio_de_Educaci\u00f3n_y_Formaci\u00f3n_Profesional.svg_-1024x256.png 1024w, https:\/\/agora.xtec.cat\/insramoncasas\/wp-content\/uploads\/usu1921\/2021\/02\/1280px-Logotipo_del_Ministerio_de_Educaci\u00f3n_y_Formaci\u00f3n_Profesional.svg_.png 1280w\" sizes=\"auto, (max-width: 300px) 100vw, 300px\" \/><\/a><a style=\"color: #2795b6;\" href=\"https:\/\/agora.xtec.cat\/insramoncasas\/wp-content\/uploads\/usu1921\/2021\/02\/logo-departament.jpg\"><img loading=\"lazy\" decoding=\"async\" class=\"alignnone wp-image-6462 size-medium\" src=\"https:\/\/agora.xtec.cat\/insramoncasas\/wp-content\/uploads\/usu1921\/2021\/02\/logo-departament-300x51.jpg\" alt=\"\" width=\"300\" height=\"51\" srcset=\"https:\/\/agora.xtec.cat\/insramoncasas\/wp-content\/uploads\/usu1921\/2021\/02\/logo-departament-300x51.jpg 300w, https:\/\/agora.xtec.cat\/insramoncasas\/wp-content\/uploads\/usu1921\/2021\/02\/logo-departament.jpg 754w\" sizes=\"auto, (max-width: 300px) 100vw, 300px\" \/><\/a> <a href=\"https:\/\/agora.xtec.cat\/insramoncasas\/wp-content\/uploads\/usu1921\/2021\/02\/FSE_amb_lema1.jpg_156532666.jpg\"><img loading=\"lazy\" decoding=\"async\" class=\"size-medium wp-image-6464 alignnone\" src=\"https:\/\/agora.xtec.cat\/insramoncasas\/wp-content\/uploads\/usu1921\/2021\/02\/FSE_amb_lema1.jpg_156532666-300x70.jpg\" alt=\"\" width=\"300\" height=\"70\" srcset=\"https:\/\/agora.xtec.cat\/insramoncasas\/wp-content\/uploads\/usu1921\/2021\/02\/FSE_amb_lema1.jpg_156532666-300x70.jpg 300w, https:\/\/agora.xtec.cat\/insramoncasas\/wp-content\/uploads\/usu1921\/2021\/02\/FSE_amb_lema1.jpg_156532666.jpg 500w\" sizes=\"auto, (max-width: 300px) 100vw, 300px\" \/><\/a><a href=\"https:\/\/agora.xtec.cat\/insramoncasas\/wp-content\/uploads\/usu1921\/2021\/02\/imatge1-1.png\"><img loading=\"lazy\" decoding=\"async\" class=\"alignnone wp-image-6461 size-thumbnail\" src=\"https:\/\/agora.xtec.cat\/insramoncasas\/wp-content\/uploads\/usu1921\/2021\/02\/imatge1-1-150x150.png\" alt=\"\" width=\"150\" height=\"150\" srcset=\"https:\/\/agora.xtec.cat\/insramoncasas\/wp-content\/uploads\/usu1921\/2021\/02\/imatge1-1-150x150.png 150w, https:\/\/agora.xtec.cat\/insramoncasas\/wp-content\/uploads\/usu1921\/2021\/02\/imatge1-1-300x300.png 300w, https:\/\/agora.xtec.cat\/insramoncasas\/wp-content\/uploads\/usu1921\/2021\/02\/imatge1-1.png 553w\" sizes=\"auto, (max-width: 150px) 100vw, 150px\" \/><\/a><\/p>\n<p>Si teniu dubtes podeu demanar cita pr\u00e8via trucant al tel\u00e8fon del centre <strong>938649595 de 8 a 13:30h.<\/strong><\/p>\n","protected":false},"excerpt":{"rendered":"<p>\ud83d\udcbc CFGM de Gesti\u00f3 Administrativa: Converteix-te en el motor de qualsevol empresa! &nbsp; T\u2019agrada l\u2019organitzaci\u00f3? Tens facilitat per tractar amb la gent? El Cicle Formatiu de Grau Mitj\u00e0 (CFGM) de Gesti\u00f3 Administrativa a l&#8217;Institut Ramon Casas i Carb\u00f3 \u00e9s la teva porta d&#8217;entrada al m\u00f3n professional. Durant 2 cursos (2.000 hores), en horari de mat\u00ed, [&hellip;]<\/p>\n","protected":false},"author":3,"featured_media":0,"parent":195,"menu_order":0,"comment_status":"closed","ping_status":"closed","template":"","meta":{"_bbp_topic_count":0,"_bbp_reply_count":0,"_bbp_total_topic_count":0,"_bbp_total_reply_count":0,"_bbp_voice_count":0,"_bbp_anonymous_reply_count":0,"_bbp_topic_count_hidden":0,"_bbp_reply_count_hidden":0,"_bbp_forum_subforum_count":0,"site-sidebar-layout":"default","site-content-layout":"","ast-site-content-layout":"default","site-content-style":"default","site-sidebar-style":"default","ast-global-header-display":"","ast-banner-title-visibility":"","ast-main-header-display":"","ast-hfb-above-header-display":"","ast-hfb-below-header-display":"","ast-hfb-mobile-header-display":"","site-post-title":"","ast-breadcrumbs-content":"","ast-featured-img":"","footer-sml-layout":"","theme-transparent-header-meta":"default","adv-header-id-meta":"","stick-header-meta":"","header-above-stick-meta":"","header-main-stick-meta":"","header-below-stick-meta":"","astra-migrate-meta-layouts":"set","ast-page-background-enabled":"default","ast-page-background-meta":{"desktop":{"background-color":"var(--ast-global-color-4)","background-image":"","background-repeat":"repeat","background-position":"center center","background-size":"auto","background-attachment":"scroll","background-type":"","background-media":"","overlay-type":"","overlay-color":"","overlay-opacity":"","overlay-gradient":""},"tablet":{"background-color":"","background-image":"","background-repeat":"repeat","background-position":"center center","background-size":"auto","background-attachment":"scroll","background-type":"","background-media":"","overlay-type":"","overlay-color":"","overlay-opacity":"","overlay-gradient":""},"mobile":{"background-color":"","background-image":"","background-repeat":"repeat","background-position":"center center","background-size":"auto","background-attachment":"scroll","background-type":"","background-media":"","overlay-type":"","overlay-color":"","overlay-opacity":"","overlay-gradient":""}},"ast-content-background-meta":{"desktop":{"background-color":"var(--ast-global-color-5)","background-image":"","background-repeat":"repeat","background-position":"center center","background-size":"auto","background-attachment":"scroll","background-type":"","background-media":"","overlay-type":"","overlay-color":"","overlay-opacity":"","overlay-gradient":""},"tablet":{"background-color":"var(--ast-global-color-5)","background-image":"","background-repeat":"repeat","background-position":"center center","background-size":"auto","background-attachment":"scroll","background-type":"","background-media":"","overlay-type":"","overlay-color":"","overlay-opacity":"","overlay-gradient":""},"mobile":{"background-color":"var(--ast-global-color-5)","background-image":"","background-repeat":"repeat","background-position":"center center","background-size":"auto","background-attachment":"scroll","background-type":"","background-media":"","overlay-type":"","overlay-color":"","overlay-opacity":"","overlay-gradient":""}},"footnotes":""},"class_list":["post-7178","page","type-page","status-publish","hentry"],"post_mailing_queue_ids":[],"_links":{"self":[{"href":"https:\/\/agora.xtec.cat\/insramoncasas\/wp-json\/wp\/v2\/pages\/7178","targetHints":{"allow":["GET"]}}],"collection":[{"href":"https:\/\/agora.xtec.cat\/insramoncasas\/wp-json\/wp\/v2\/pages"}],"about":[{"href":"https:\/\/agora.xtec.cat\/insramoncasas\/wp-json\/wp\/v2\/types\/page"}],"author":[{"embeddable":true,"href":"https:\/\/agora.xtec.cat\/insramoncasas\/wp-json\/wp\/v2\/users\/3"}],"replies":[{"embeddable":true,"href":"https:\/\/agora.xtec.cat\/insramoncasas\/wp-json\/wp\/v2\/comments?post=7178"}],"version-history":[{"count":6,"href":"https:\/\/agora.xtec.cat\/insramoncasas\/wp-json\/wp\/v2\/pages\/7178\/revisions"}],"predecessor-version":[{"id":10420,"href":"https:\/\/agora.xtec.cat\/insramoncasas\/wp-json\/wp\/v2\/pages\/7178\/revisions\/10420"}],"up":[{"embeddable":true,"href":"https:\/\/agora.xtec.cat\/insramoncasas\/wp-json\/wp\/v2\/pages\/195"}],"wp:attachment":[{"href":"https:\/\/agora.xtec.cat\/insramoncasas\/wp-json\/wp\/v2\/media?parent=7178"}],"curies":[{"name":"wp","href":"https:\/\/api.w.org\/{rel}","templated":true}]}}