{"id":67,"date":"2014-09-18T10:14:18","date_gmt":"2014-09-18T09:14:18","guid":{"rendered":"http:\/\/agora.xtec.cat\/insramoncasas\/?page_id=67"},"modified":"2019-02-26T11:22:31","modified_gmt":"2019-02-26T10:22:31","slug":"acollida","status":"publish","type":"page","link":"https:\/\/agora.xtec.cat\/insramoncasas\/serveis\/acollida\/","title":{"rendered":"Acollida"},"content":{"rendered":"<p style=\"color: #444444;\">\nL&#8217;aula d&#8217;acollida de l&#8217;institut Ramon Casas t\u00e9 com a finalitat ajudar els alumnes nouvinguts que no parlen la llengua catalana a adaptar-se el m\u00e9s r\u00e0pid possible al funcionament del centre i al nou idioma.<br \/>\nActualment compta amb un professor que s&#8217;ocupa de nou alumnes de tots els nivells de l&#8217;ESO i de diverses proced\u00e8ncies com Ucra\u00efna, L\u00edban, Pakistan, It\u00e0lia, Hondures, Per\u00fa o Vene\u00e7uela.<br \/>\n\u00c9s important que aquests joves puguin entendre la llengua catalana el m\u00e9s aviat possible, i d&#8217;aquesta manera poder seguir sense dificultats les explicacions dels llibres de text i dels seus professors a l&#8217;aula ordin\u00e0ria. L&#8217;experi\u00e8ncia ens mostra com aquest proc\u00e9s \u00e9s molt r\u00e0pid, sobretot en els alumnes procedents de pa\u00efsos amb lleng\u00fces rom\u00e0niques, per\u00f2 la feina no acaba aqu\u00ed. Cal que aprenguin tamb\u00e9 a escriure&#8217;l i a parlar-lo el millor possible, per tal que quan acabin la seva escolaritzaci\u00f3, es trobin amb les mateixes oportunitats personals i laborals que els seus companys i companyes.<br \/>\nA l&#8217;aula d&#8217;acollida es fan exercicis de l\u00e8xic i gram\u00e0tica, es llegeix, s&#8217;escolta i se&#8217;ls anima a utilitzar el catal\u00e0 com a llengua vehicular. La m\u00fasica o els jocs tamb\u00e9 s\u00f3n uns grans aliats en aquest proc\u00e9s.<\/p>\n","protected":false},"excerpt":{"rendered":"<p>L&#8217;aula d&#8217;acollida de l&#8217;institut Ramon Casas t\u00e9 com a finalitat ajudar els alumnes nouvinguts que no parlen la llengua catalana a adaptar-se el m\u00e9s r\u00e0pid possible al funcionament del centre i al nou idioma. Actualment compta amb un professor que s&#8217;ocupa de nou alumnes de tots els nivells de l&#8217;ESO i de diverses proced\u00e8ncies com [&hellip;]<\/p>\n","protected":false},"author":1,"featured_media":0,"parent":63,"menu_order":20,"comment_status":"closed","ping_status":"closed","template":"page-templates\/side-menu.php","meta":{"_bbp_topic_count":0,"_bbp_reply_count":0,"_bbp_total_topic_count":0,"_bbp_total_reply_count":0,"_bbp_voice_count":0,"_bbp_anonymous_reply_count":0,"_bbp_topic_count_hidden":0,"_bbp_reply_count_hidden":0,"_bbp_forum_subforum_count":0,"site-sidebar-layout":"default","site-content-layout":"","ast-site-content-layout":"","site-content-style":"default","site-sidebar-style":"default","ast-global-header-display":"","ast-banner-title-visibility":"","ast-main-header-display":"","ast-hfb-above-header-display":"","ast-hfb-below-header-display":"","ast-hfb-mobile-header-display":"","site-post-title":"","ast-breadcrumbs-content":"","ast-featured-img":"","footer-sml-layout":"","theme-transparent-header-meta":"","adv-header-id-meta":"","stick-header-meta":"","header-above-stick-meta":"","header-main-stick-meta":"","header-below-stick-meta":"","astra-migrate-meta-layouts":"default","ast-page-background-enabled":"default","ast-page-background-meta":{"desktop":{"background-color":"var(--ast-global-color-4)","background-image":"","background-repeat":"repeat","background-position":"center center","background-size":"auto","background-attachment":"scroll","background-type":"","background-media":"","overlay-type":"","overlay-color":"","overlay-opacity":"","overlay-gradient":""},"tablet":{"background-color":"","background-image":"","background-repeat":"repeat","background-position":"center center","background-size":"auto","background-attachment":"scroll","background-type":"","background-media":"","overlay-type":"","overlay-color":"","overlay-opacity":"","overlay-gradient":""},"mobile":{"background-color":"","background-image":"","background-repeat":"repeat","background-position":"center center","background-size":"auto","background-attachment":"scroll","background-type":"","background-media":"","overlay-type":"","overlay-color":"","overlay-opacity":"","overlay-gradient":""}},"ast-content-background-meta":{"desktop":{"background-color":"var(--ast-global-color-5)","background-image":"","background-repeat":"repeat","background-position":"center center","background-size":"auto","background-attachment":"scroll","background-type":"","background-media":"","overlay-type":"","overlay-color":"","overlay-opacity":"","overlay-gradient":""},"tablet":{"background-color":"var(--ast-global-color-5)","background-image":"","background-repeat":"repeat","background-position":"center center","background-size":"auto","background-attachment":"scroll","background-type":"","background-media":"","overlay-type":"","overlay-color":"","overlay-opacity":"","overlay-gradient":""},"mobile":{"background-color":"var(--ast-global-color-5)","background-image":"","background-repeat":"repeat","background-position":"center center","background-size":"auto","background-attachment":"scroll","background-type":"","background-media":"","overlay-type":"","overlay-color":"","overlay-opacity":"","overlay-gradient":""}},"footnotes":""},"class_list":["post-67","page","type-page","status-publish","hentry"],"post_mailing_queue_ids":[],"_links":{"self":[{"href":"https:\/\/agora.xtec.cat\/insramoncasas\/wp-json\/wp\/v2\/pages\/67","targetHints":{"allow":["GET"]}}],"collection":[{"href":"https:\/\/agora.xtec.cat\/insramoncasas\/wp-json\/wp\/v2\/pages"}],"about":[{"href":"https:\/\/agora.xtec.cat\/insramoncasas\/wp-json\/wp\/v2\/types\/page"}],"author":[{"embeddable":true,"href":"https:\/\/agora.xtec.cat\/insramoncasas\/wp-json\/wp\/v2\/users\/1"}],"replies":[{"embeddable":true,"href":"https:\/\/agora.xtec.cat\/insramoncasas\/wp-json\/wp\/v2\/comments?post=67"}],"version-history":[{"count":2,"href":"https:\/\/agora.xtec.cat\/insramoncasas\/wp-json\/wp\/v2\/pages\/67\/revisions"}],"predecessor-version":[{"id":4674,"href":"https:\/\/agora.xtec.cat\/insramoncasas\/wp-json\/wp\/v2\/pages\/67\/revisions\/4674"}],"up":[{"embeddable":true,"href":"https:\/\/agora.xtec.cat\/insramoncasas\/wp-json\/wp\/v2\/pages\/63"}],"wp:attachment":[{"href":"https:\/\/agora.xtec.cat\/insramoncasas\/wp-json\/wp\/v2\/media?parent=67"}],"curies":[{"name":"wp","href":"https:\/\/api.w.org\/{rel}","templated":true}]}}