{"id":6177,"date":"2020-07-23T22:09:11","date_gmt":"2020-07-23T20:09:11","guid":{"rendered":"http:\/\/agora.xtec.cat\/insramoncasas\/?page_id=6177"},"modified":"2025-11-14T12:24:17","modified_gmt":"2025-11-14T11:24:17","slug":"projecte-de-convivencia","status":"publish","type":"page","link":"https:\/\/agora.xtec.cat\/insramoncasas\/documents-de-centre\/projecte-de-convivencia\/","title":{"rendered":"Projecte de conviv\u00e8ncia"},"content":{"rendered":"<p>Actualment el projecte de conviv\u00e8ncia del centre es troba en revisi\u00f3. Properament estar\u00e0 disponible al web.<\/p>\n<p>L&#8217;Institut Ramon Casas i Carb\u00f3 \u00e9s el centre p\u00fablic d&#8217;educaci\u00f3 secund\u00e0ria de Palau-solit\u00e0 i Plegamans que t\u00e9 per missi\u00f3 educar i formar nois i noies a partir de 12 anys, de manera que esdevinguin ciutadans responsables, solidaris, respectuosos amb l&#8217;altre i l&#8217;entorn i competents en les habilitats socials i personals que, d&#8217;una banda, els permetin incorporar-se a una societat multicultural i din\u00e0mica i, de l&#8217;altra, integrar-se en un proc\u00e9s de formaci\u00f3 al llarg de tota la vida. Amb aquest fi, es valora el pluralisme ideol\u00f2gic basat en el respecte de l&#8217;altre i les seves idees, pol\u00edtiques i religioses i es potencien els valors de la conviv\u00e8ncia, la solidaritat i l&#8217;actitud de di\u00e0leg; s&#8217;utilitza el catal\u00e0 com llengua d&#8217;ensenyament i aprenentatge i de refer\u00e8ncia per a tota la comunitat educativa, comptant amb una pres\u00e8ncia adequada del castell\u00e0 i de les lleng\u00fces estrangeres en el curr\u00edculum, que garanteixin la compet\u00e8ncia ling\u00fc\u00edstica de l&#8217;alumnat en una societat global; s&#8217;educa per a la no discriminaci\u00f3 per ra\u00f3 de sexe o cultura o pensament; es potencia l&#8217;educaci\u00f3 com a proc\u00e9s integral que afecta tots els aspectes de la personalitat; s&#8217;afavoreix una l\u00ednia metodol\u00f2gica basada en el di\u00e0leg constructiu, l&#8217;an\u00e0lisi de necessitats de l&#8217;alumnat i el treball en equip del professorat i les fam\u00edlies; es potencia la participaci\u00f3 responsable i constructiva de tots els membres de la comunitat educativa, a trav\u00e9s dels \u00f2rgans de participaci\u00f3, en la gesti\u00f3 institucional i s&#8217;impulsa la participaci\u00f3 del professorat en projectes d&#8217;innovaci\u00f3 pedag\u00f2gica. L&#8217;institut t\u00e9 com a prop\u00f2sits contribuir a la formaci\u00f3 total de la persona \u2014acad\u00e8mica i humana\u2014, tot adaptant les metodologies educatives a les particularitats individuals i oferir a la societat persones lliures, cr\u00edtiques i compromeses.<\/p>\n","protected":false},"excerpt":{"rendered":"<p>Actualment el projecte de conviv\u00e8ncia del centre es troba en revisi\u00f3. Properament estar\u00e0 disponible al web. L&#8217;Institut Ramon Casas i Carb\u00f3 \u00e9s el centre p\u00fablic d&#8217;educaci\u00f3 secund\u00e0ria de Palau-solit\u00e0 i Plegamans que t\u00e9 per missi\u00f3 educar i formar nois i noies a partir de 12 anys, de manera que esdevinguin ciutadans responsables, solidaris, respectuosos amb [&hellip;]<\/p>\n","protected":false},"author":1,"featured_media":0,"parent":5389,"menu_order":0,"comment_status":"closed","ping_status":"closed","template":"","meta":{"_bbp_topic_count":0,"_bbp_reply_count":0,"_bbp_total_topic_count":0,"_bbp_total_reply_count":0,"_bbp_voice_count":0,"_bbp_anonymous_reply_count":0,"_bbp_topic_count_hidden":0,"_bbp_reply_count_hidden":0,"_bbp_forum_subforum_count":0,"site-sidebar-layout":"default","site-content-layout":"","ast-site-content-layout":"","site-content-style":"default","site-sidebar-style":"default","ast-global-header-display":"","ast-banner-title-visibility":"","ast-main-header-display":"","ast-hfb-above-header-display":"","ast-hfb-below-header-display":"","ast-hfb-mobile-header-display":"","site-post-title":"","ast-breadcrumbs-content":"","ast-featured-img":"","footer-sml-layout":"","theme-transparent-header-meta":"","adv-header-id-meta":"","stick-header-meta":"","header-above-stick-meta":"","header-main-stick-meta":"","header-below-stick-meta":"","astra-migrate-meta-layouts":"default","ast-page-background-enabled":"default","ast-page-background-meta":{"desktop":{"background-color":"var(--ast-global-color-4)","background-image":"","background-repeat":"repeat","background-position":"center center","background-size":"auto","background-attachment":"scroll","background-type":"","background-media":"","overlay-type":"","overlay-color":"","overlay-opacity":"","overlay-gradient":""},"tablet":{"background-color":"","background-image":"","background-repeat":"repeat","background-position":"center center","background-size":"auto","background-attachment":"scroll","background-type":"","background-media":"","overlay-type":"","overlay-color":"","overlay-opacity":"","overlay-gradient":""},"mobile":{"background-color":"","background-image":"","background-repeat":"repeat","background-position":"center center","background-size":"auto","background-attachment":"scroll","background-type":"","background-media":"","overlay-type":"","overlay-color":"","overlay-opacity":"","overlay-gradient":""}},"ast-content-background-meta":{"desktop":{"background-color":"var(--ast-global-color-5)","background-image":"","background-repeat":"repeat","background-position":"center center","background-size":"auto","background-attachment":"scroll","background-type":"","background-media":"","overlay-type":"","overlay-color":"","overlay-opacity":"","overlay-gradient":""},"tablet":{"background-color":"var(--ast-global-color-5)","background-image":"","background-repeat":"repeat","background-position":"center center","background-size":"auto","background-attachment":"scroll","background-type":"","background-media":"","overlay-type":"","overlay-color":"","overlay-opacity":"","overlay-gradient":""},"mobile":{"background-color":"var(--ast-global-color-5)","background-image":"","background-repeat":"repeat","background-position":"center center","background-size":"auto","background-attachment":"scroll","background-type":"","background-media":"","overlay-type":"","overlay-color":"","overlay-opacity":"","overlay-gradient":""}},"footnotes":""},"class_list":["post-6177","page","type-page","status-publish","hentry"],"post_mailing_queue_ids":[],"_links":{"self":[{"href":"https:\/\/agora.xtec.cat\/insramoncasas\/wp-json\/wp\/v2\/pages\/6177","targetHints":{"allow":["GET"]}}],"collection":[{"href":"https:\/\/agora.xtec.cat\/insramoncasas\/wp-json\/wp\/v2\/pages"}],"about":[{"href":"https:\/\/agora.xtec.cat\/insramoncasas\/wp-json\/wp\/v2\/types\/page"}],"author":[{"embeddable":true,"href":"https:\/\/agora.xtec.cat\/insramoncasas\/wp-json\/wp\/v2\/users\/1"}],"replies":[{"embeddable":true,"href":"https:\/\/agora.xtec.cat\/insramoncasas\/wp-json\/wp\/v2\/comments?post=6177"}],"version-history":[{"count":3,"href":"https:\/\/agora.xtec.cat\/insramoncasas\/wp-json\/wp\/v2\/pages\/6177\/revisions"}],"predecessor-version":[{"id":10028,"href":"https:\/\/agora.xtec.cat\/insramoncasas\/wp-json\/wp\/v2\/pages\/6177\/revisions\/10028"}],"up":[{"embeddable":true,"href":"https:\/\/agora.xtec.cat\/insramoncasas\/wp-json\/wp\/v2\/pages\/5389"}],"wp:attachment":[{"href":"https:\/\/agora.xtec.cat\/insramoncasas\/wp-json\/wp\/v2\/media?parent=6177"}],"curies":[{"name":"wp","href":"https:\/\/api.w.org\/{rel}","templated":true}]}}