{"id":5393,"date":"2019-11-05T13:23:52","date_gmt":"2019-11-05T12:23:52","guid":{"rendered":"http:\/\/agora.xtec.cat\/insramoncasas\/?page_id=5393"},"modified":"2019-11-05T13:23:52","modified_gmt":"2019-11-05T12:23:52","slug":"pla-linguistic-de-centre-plc","status":"publish","type":"page","link":"https:\/\/agora.xtec.cat\/insramoncasas\/documents-de-centre\/pla-linguistic-de-centre-plc\/","title":{"rendered":"Pla Ling\u00fc\u00edstic de Centre (PLC)"},"content":{"rendered":"<p><a href=\"https:\/\/agora.xtec.cat\/insramoncasas\/wp-content\/uploads\/usu1921\/2019\/11\/08045306_PLC_RCC_2019_v7.pdf\">Pla_Ling\u00fc\u00edstic_Centre_RCC_2019<\/a><\/p>\n<p style=\"text-align: justify;\">El document que es presenta es proposa per tal d\u2019actualitzar el PLC anterior i com a part del PEC. Aquest actualitzaci\u00f3 respon als canvis que s\u2019han produ\u00eft en el perfil de l\u2019alumnat en els darrers cursos. El PLC recull de manera general l\u2019organitzaci\u00f3, la metodologia i la did\u00e0ctica de l\u2019ensenyament i aprenentatge de les lleng\u00fces aix\u00ed com la de la seva comunicaci\u00f3.<\/p>\n<p style=\"text-align: justify;\">El PLC ha de ser un instrument per al desenvolupament coherent i efica\u00e7 de tot el que esdev\u00e9 en termes de comunicaci\u00f3 dins del nostre centre. Alhora ha de garantir el dret de l\u2019alumnat de poder utilitzar el catal\u00e0 i el castell\u00e0 per a finalitats m\u00faltiples, tant oralment com per escrit, tenint en compte altres llenguatges com l\u2019audiovisual. Al mateix temps, els nostres alumnat t\u00e9 dret a con\u00e8ixer una o dues lleng\u00fces estrangeres que els donin m\u00e9s recursos i compet\u00e8ncies en els seus estudis posteriors o b\u00e9 a nivell professional.<\/p>\n<p style=\"text-align: justify;\">En conseq\u00fc\u00e8ncia, l\u2019aprenentatge de les lleng\u00fces s\u2019emmarca dins de la compet\u00e8ncia pluriling\u00fce, de tal manera que permeti a l\u2019alumnat utilitzar textos de diferent tipologia i de diferent proced\u00e8ncia ling\u00fc\u00edstica i cultural de manera efica\u00e7. El nostre PLC ha de promoure el respecte envers totes les lleng\u00fces que d\u2019una manera o altra formen part del context de l\u2019alumnat i les seves fam\u00edlies i per tant es valora positivament la diversitat ling\u00fc\u00edstica com una oportunitat de con\u00e8ixer-nos m\u00fatuament i rebutjar qualsevol perjudici ling\u00fc\u00edstic.<\/p>\n","protected":false},"excerpt":{"rendered":"<p>Pla_Ling\u00fc\u00edstic_Centre_RCC_2019 El document que es presenta es proposa per tal d\u2019actualitzar el PLC anterior i com a part del PEC. Aquest actualitzaci\u00f3 respon als canvis que s\u2019han produ\u00eft en el perfil de l\u2019alumnat en els darrers cursos. El PLC recull de manera general l\u2019organitzaci\u00f3, la metodologia i la did\u00e0ctica de l\u2019ensenyament i aprenentatge de les [&hellip;]<\/p>\n","protected":false},"author":3,"featured_media":0,"parent":5389,"menu_order":0,"comment_status":"closed","ping_status":"closed","template":"","meta":{"_bbp_topic_count":0,"_bbp_reply_count":0,"_bbp_total_topic_count":0,"_bbp_total_reply_count":0,"_bbp_voice_count":0,"_bbp_anonymous_reply_count":0,"_bbp_topic_count_hidden":0,"_bbp_reply_count_hidden":0,"_bbp_forum_subforum_count":0,"site-sidebar-layout":"default","site-content-layout":"","ast-site-content-layout":"","site-content-style":"default","site-sidebar-style":"default","ast-global-header-display":"","ast-banner-title-visibility":"","ast-main-header-display":"","ast-hfb-above-header-display":"","ast-hfb-below-header-display":"","ast-hfb-mobile-header-display":"","site-post-title":"","ast-breadcrumbs-content":"","ast-featured-img":"","footer-sml-layout":"","theme-transparent-header-meta":"","adv-header-id-meta":"","stick-header-meta":"","header-above-stick-meta":"","header-main-stick-meta":"","header-below-stick-meta":"","astra-migrate-meta-layouts":"default","ast-page-background-enabled":"default","ast-page-background-meta":{"desktop":{"background-color":"var(--ast-global-color-4)","background-image":"","background-repeat":"repeat","background-position":"center center","background-size":"auto","background-attachment":"scroll","background-type":"","background-media":"","overlay-type":"","overlay-color":"","overlay-opacity":"","overlay-gradient":""},"tablet":{"background-color":"","background-image":"","background-repeat":"repeat","background-position":"center center","background-size":"auto","background-attachment":"scroll","background-type":"","background-media":"","overlay-type":"","overlay-color":"","overlay-opacity":"","overlay-gradient":""},"mobile":{"background-color":"","background-image":"","background-repeat":"repeat","background-position":"center center","background-size":"auto","background-attachment":"scroll","background-type":"","background-media":"","overlay-type":"","overlay-color":"","overlay-opacity":"","overlay-gradient":""}},"ast-content-background-meta":{"desktop":{"background-color":"var(--ast-global-color-5)","background-image":"","background-repeat":"repeat","background-position":"center center","background-size":"auto","background-attachment":"scroll","background-type":"","background-media":"","overlay-type":"","overlay-color":"","overlay-opacity":"","overlay-gradient":""},"tablet":{"background-color":"var(--ast-global-color-5)","background-image":"","background-repeat":"repeat","background-position":"center center","background-size":"auto","background-attachment":"scroll","background-type":"","background-media":"","overlay-type":"","overlay-color":"","overlay-opacity":"","overlay-gradient":""},"mobile":{"background-color":"var(--ast-global-color-5)","background-image":"","background-repeat":"repeat","background-position":"center center","background-size":"auto","background-attachment":"scroll","background-type":"","background-media":"","overlay-type":"","overlay-color":"","overlay-opacity":"","overlay-gradient":""}},"footnotes":""},"class_list":["post-5393","page","type-page","status-publish","hentry"],"post_mailing_queue_ids":[],"_links":{"self":[{"href":"https:\/\/agora.xtec.cat\/insramoncasas\/wp-json\/wp\/v2\/pages\/5393","targetHints":{"allow":["GET"]}}],"collection":[{"href":"https:\/\/agora.xtec.cat\/insramoncasas\/wp-json\/wp\/v2\/pages"}],"about":[{"href":"https:\/\/agora.xtec.cat\/insramoncasas\/wp-json\/wp\/v2\/types\/page"}],"author":[{"embeddable":true,"href":"https:\/\/agora.xtec.cat\/insramoncasas\/wp-json\/wp\/v2\/users\/3"}],"replies":[{"embeddable":true,"href":"https:\/\/agora.xtec.cat\/insramoncasas\/wp-json\/wp\/v2\/comments?post=5393"}],"version-history":[{"count":1,"href":"https:\/\/agora.xtec.cat\/insramoncasas\/wp-json\/wp\/v2\/pages\/5393\/revisions"}],"predecessor-version":[{"id":5395,"href":"https:\/\/agora.xtec.cat\/insramoncasas\/wp-json\/wp\/v2\/pages\/5393\/revisions\/5395"}],"up":[{"embeddable":true,"href":"https:\/\/agora.xtec.cat\/insramoncasas\/wp-json\/wp\/v2\/pages\/5389"}],"wp:attachment":[{"href":"https:\/\/agora.xtec.cat\/insramoncasas\/wp-json\/wp\/v2\/media?parent=5393"}],"curies":[{"name":"wp","href":"https:\/\/api.w.org\/{rel}","templated":true}]}}