{"id":5391,"date":"2019-11-05T13:18:16","date_gmt":"2019-11-05T12:18:16","guid":{"rendered":"http:\/\/agora.xtec.cat\/insramoncasas\/?page_id=5391"},"modified":"2024-03-22T10:46:24","modified_gmt":"2024-03-22T09:46:24","slug":"projecte-educatiu-de-centre-pec","status":"publish","type":"page","link":"https:\/\/agora.xtec.cat\/insramoncasas\/documents-de-centre\/projecte-educatiu-de-centre-pec\/","title":{"rendered":"Projecte Educatiu de Centre (PEC)"},"content":{"rendered":"<p>El Projecte Educatiu de Centre (PEC) de l\u2019Institut Ramon Casas i Carb\u00f3 de Palau-solit\u00e0 i Plegamans \u00e9s l\u2019instrument vertebrador que defineix les accions i les relacions entre els diferents actors de la comunitat educativa i el propi entorn. D\u2019acord amb el Projecte de Direcci\u00f3 vigent actual (2016-2020), es tracen les l\u00ednies generals dels objectius i de l\u2019organitzaci\u00f3 i del funcionament de l\u2019institut.<br \/>\nEl present document recull els aspectes que caracteritzen el nostre centre, aix\u00ed com els nostres trets d\u2019identitat, els objectius, l\u2019organitzaci\u00f3 i les perspectives de futur.<br \/>\nVolem que aquest document doni fonament a tota la tasca que portem al centre tant internament com externament i ens ajudi a anar consolidant la nostra cultura de centre. En aquest sentit, s\u2019estableix el marc general de la gesti\u00f3 de l\u2019acci\u00f3 educativa, l\u2019organitzaci\u00f3 pedag\u00f2gica, els continguts essencials dels diferents \u00e0mbits del coneixement i els circuits de comunicaci\u00f3 entre els diferents sectors de la nostra comunitat educativa.<br \/>\nEl text present ha de ser un document obert, que caldr\u00e0 anar-lo adaptant a les noves necessitats que vagin sorgint tant en el si del nostre centre com en el nostre entorn. Aquest document ha de ser treballat en els \u00f2rgans col\u00b7legiats del centre i els equips de centre recollint les aportacions i valoracions de manera que esdevingui un text compartit.<\/p>\n<p><a href=\"https:\/\/agora.xtec.cat\/insramoncasas\/wp-content\/uploads\/usu1921\/2024\/03\/PEC_ACTUALITZACIO_2022_VERSIO_2.pdf\">PEC 2022 (en construcci\u00f3)<\/a><\/p>\n","protected":false},"excerpt":{"rendered":"<p>El Projecte Educatiu de Centre (PEC) de l\u2019Institut Ramon Casas i Carb\u00f3 de Palau-solit\u00e0 i Plegamans \u00e9s l\u2019instrument vertebrador que defineix les accions i les relacions entre els diferents actors de la comunitat educativa i el propi entorn. D\u2019acord amb el Projecte de Direcci\u00f3 vigent actual (2016-2020), es tracen les l\u00ednies generals dels objectius i [&hellip;]<\/p>\n","protected":false},"author":3,"featured_media":0,"parent":5389,"menu_order":0,"comment_status":"closed","ping_status":"closed","template":"","meta":{"_bbp_topic_count":0,"_bbp_reply_count":0,"_bbp_total_topic_count":0,"_bbp_total_reply_count":0,"_bbp_voice_count":0,"_bbp_anonymous_reply_count":0,"_bbp_topic_count_hidden":0,"_bbp_reply_count_hidden":0,"_bbp_forum_subforum_count":0,"site-sidebar-layout":"default","site-content-layout":"","ast-site-content-layout":"","site-content-style":"default","site-sidebar-style":"default","ast-global-header-display":"","ast-banner-title-visibility":"","ast-main-header-display":"","ast-hfb-above-header-display":"","ast-hfb-below-header-display":"","ast-hfb-mobile-header-display":"","site-post-title":"","ast-breadcrumbs-content":"","ast-featured-img":"","footer-sml-layout":"","theme-transparent-header-meta":"","adv-header-id-meta":"","stick-header-meta":"","header-above-stick-meta":"","header-main-stick-meta":"","header-below-stick-meta":"","astra-migrate-meta-layouts":"default","ast-page-background-enabled":"default","ast-page-background-meta":{"desktop":{"background-color":"var(--ast-global-color-4)","background-image":"","background-repeat":"repeat","background-position":"center center","background-size":"auto","background-attachment":"scroll","background-type":"","background-media":"","overlay-type":"","overlay-color":"","overlay-opacity":"","overlay-gradient":""},"tablet":{"background-color":"","background-image":"","background-repeat":"repeat","background-position":"center center","background-size":"auto","background-attachment":"scroll","background-type":"","background-media":"","overlay-type":"","overlay-color":"","overlay-opacity":"","overlay-gradient":""},"mobile":{"background-color":"","background-image":"","background-repeat":"repeat","background-position":"center center","background-size":"auto","background-attachment":"scroll","background-type":"","background-media":"","overlay-type":"","overlay-color":"","overlay-opacity":"","overlay-gradient":""}},"ast-content-background-meta":{"desktop":{"background-color":"var(--ast-global-color-5)","background-image":"","background-repeat":"repeat","background-position":"center center","background-size":"auto","background-attachment":"scroll","background-type":"","background-media":"","overlay-type":"","overlay-color":"","overlay-opacity":"","overlay-gradient":""},"tablet":{"background-color":"var(--ast-global-color-5)","background-image":"","background-repeat":"repeat","background-position":"center center","background-size":"auto","background-attachment":"scroll","background-type":"","background-media":"","overlay-type":"","overlay-color":"","overlay-opacity":"","overlay-gradient":""},"mobile":{"background-color":"var(--ast-global-color-5)","background-image":"","background-repeat":"repeat","background-position":"center center","background-size":"auto","background-attachment":"scroll","background-type":"","background-media":"","overlay-type":"","overlay-color":"","overlay-opacity":"","overlay-gradient":""}},"footnotes":""},"class_list":["post-5391","page","type-page","status-publish","hentry"],"post_mailing_queue_ids":[],"_links":{"self":[{"href":"https:\/\/agora.xtec.cat\/insramoncasas\/wp-json\/wp\/v2\/pages\/5391","targetHints":{"allow":["GET"]}}],"collection":[{"href":"https:\/\/agora.xtec.cat\/insramoncasas\/wp-json\/wp\/v2\/pages"}],"about":[{"href":"https:\/\/agora.xtec.cat\/insramoncasas\/wp-json\/wp\/v2\/types\/page"}],"author":[{"embeddable":true,"href":"https:\/\/agora.xtec.cat\/insramoncasas\/wp-json\/wp\/v2\/users\/3"}],"replies":[{"embeddable":true,"href":"https:\/\/agora.xtec.cat\/insramoncasas\/wp-json\/wp\/v2\/comments?post=5391"}],"version-history":[{"count":2,"href":"https:\/\/agora.xtec.cat\/insramoncasas\/wp-json\/wp\/v2\/pages\/5391\/revisions"}],"predecessor-version":[{"id":8434,"href":"https:\/\/agora.xtec.cat\/insramoncasas\/wp-json\/wp\/v2\/pages\/5391\/revisions\/8434"}],"up":[{"embeddable":true,"href":"https:\/\/agora.xtec.cat\/insramoncasas\/wp-json\/wp\/v2\/pages\/5389"}],"wp:attachment":[{"href":"https:\/\/agora.xtec.cat\/insramoncasas\/wp-json\/wp\/v2\/media?parent=5391"}],"curies":[{"name":"wp","href":"https:\/\/api.w.org\/{rel}","templated":true}]}}