{"id":5252,"date":"2019-09-20T12:13:44","date_gmt":"2019-09-20T10:13:44","guid":{"rendered":"http:\/\/agora.xtec.cat\/insramoncasas\/?page_id=5252"},"modified":"2019-10-29T10:41:53","modified_gmt":"2019-10-29T09:41:53","slug":"models-justificacio-dabsencies","status":"publish","type":"page","link":"https:\/\/agora.xtec.cat\/insramoncasas\/secretaria\/models-justificacio-dabsencies\/","title":{"rendered":"Justificaci\u00f3 d&#8217;abs\u00e8ncies"},"content":{"rendered":"<h4>INSTRUCCIONS PER LA JUSTIFICACI\u00d3 D&#8217;ABS\u00c8NCIES<\/h4>\n<p>Visualitzar o descarregar l&#8217;arxiu:<br \/>\n<a href=\"https:\/\/agora.xtec.cat\/insramoncasas\/wp-content\/uploads\/usu1921\/2019\/10\/INSTRUCCIONS_JUSTICACIO_FALTES_FAMILIES_V3.pdf\">INSTRUCCIONS_JUSTICACIO_FALTES_FAMILIES_V3<\/a><\/p>\n<h6><\/h6>\n<h4>MODELS DE JUSTIFICACI\u00d3 D&#8217;ABS\u00c8NCIES<\/h4>\n<p>Model d&#8217;autoritzaci\u00f3 gen\u00e8ric d&#8217;abs\u00e8ncia de l&#8217;alumnat :<\/p>\n<p><a href=\"https:\/\/agora.xtec.cat\/insramoncasas\/wp-content\/uploads\/usu1921\/2019\/09\/Autoritzacio_absencia_alumnat.doc\">Autoritzacio_absencia_alumnat<\/a><\/p>\n<p>Model d&#8217;autoritzaci\u00f3 per a reunions col\u00b7lectives (<strong>vaga de l&#8217;alumnat<\/strong>):<\/p>\n<p><a href=\"https:\/\/agora.xtec.cat\/insramoncasas\/wp-content\/uploads\/usu1921\/2019\/09\/Autoritzacio_vagues_alumnat.doc\">Autoritzacio_vagues_alumnat<\/a><br \/>\n<em style=\"font-size: 1em; font-weight: bold;\"><br \/>\nHeu de descarregar, imprimir i omplir les dades a m\u00e0.<\/em><\/p>\n","protected":false},"excerpt":{"rendered":"<p>INSTRUCCIONS PER LA JUSTIFICACI\u00d3 D&#8217;ABS\u00c8NCIES Visualitzar o descarregar l&#8217;arxiu: INSTRUCCIONS_JUSTICACIO_FALTES_FAMILIES_V3 MODELS DE JUSTIFICACI\u00d3 D&#8217;ABS\u00c8NCIES Model d&#8217;autoritzaci\u00f3 gen\u00e8ric d&#8217;abs\u00e8ncia de l&#8217;alumnat : Autoritzacio_absencia_alumnat Model d&#8217;autoritzaci\u00f3 per a reunions col\u00b7lectives (vaga de l&#8217;alumnat): Autoritzacio_vagues_alumnat Heu de descarregar, imprimir i omplir les dades a m\u00e0.<\/p>\n","protected":false},"author":1,"featured_media":0,"parent":81,"menu_order":30,"comment_status":"closed","ping_status":"closed","template":"","meta":{"_bbp_topic_count":0,"_bbp_reply_count":0,"_bbp_total_topic_count":0,"_bbp_total_reply_count":0,"_bbp_voice_count":0,"_bbp_anonymous_reply_count":0,"_bbp_topic_count_hidden":0,"_bbp_reply_count_hidden":0,"_bbp_forum_subforum_count":0,"site-sidebar-layout":"default","site-content-layout":"","ast-site-content-layout":"","site-content-style":"default","site-sidebar-style":"default","ast-global-header-display":"","ast-banner-title-visibility":"","ast-main-header-display":"","ast-hfb-above-header-display":"","ast-hfb-below-header-display":"","ast-hfb-mobile-header-display":"","site-post-title":"","ast-breadcrumbs-content":"","ast-featured-img":"","footer-sml-layout":"","theme-transparent-header-meta":"","adv-header-id-meta":"","stick-header-meta":"","header-above-stick-meta":"","header-main-stick-meta":"","header-below-stick-meta":"","astra-migrate-meta-layouts":"default","ast-page-background-enabled":"default","ast-page-background-meta":{"desktop":{"background-color":"var(--ast-global-color-4)","background-image":"","background-repeat":"repeat","background-position":"center center","background-size":"auto","background-attachment":"scroll","background-type":"","background-media":"","overlay-type":"","overlay-color":"","overlay-opacity":"","overlay-gradient":""},"tablet":{"background-color":"","background-image":"","background-repeat":"repeat","background-position":"center center","background-size":"auto","background-attachment":"scroll","background-type":"","background-media":"","overlay-type":"","overlay-color":"","overlay-opacity":"","overlay-gradient":""},"mobile":{"background-color":"","background-image":"","background-repeat":"repeat","background-position":"center center","background-size":"auto","background-attachment":"scroll","background-type":"","background-media":"","overlay-type":"","overlay-color":"","overlay-opacity":"","overlay-gradient":""}},"ast-content-background-meta":{"desktop":{"background-color":"var(--ast-global-color-5)","background-image":"","background-repeat":"repeat","background-position":"center center","background-size":"auto","background-attachment":"scroll","background-type":"","background-media":"","overlay-type":"","overlay-color":"","overlay-opacity":"","overlay-gradient":""},"tablet":{"background-color":"var(--ast-global-color-5)","background-image":"","background-repeat":"repeat","background-position":"center center","background-size":"auto","background-attachment":"scroll","background-type":"","background-media":"","overlay-type":"","overlay-color":"","overlay-opacity":"","overlay-gradient":""},"mobile":{"background-color":"var(--ast-global-color-5)","background-image":"","background-repeat":"repeat","background-position":"center center","background-size":"auto","background-attachment":"scroll","background-type":"","background-media":"","overlay-type":"","overlay-color":"","overlay-opacity":"","overlay-gradient":""}},"footnotes":""},"class_list":["post-5252","page","type-page","status-publish","hentry"],"post_mailing_queue_ids":[],"_links":{"self":[{"href":"https:\/\/agora.xtec.cat\/insramoncasas\/wp-json\/wp\/v2\/pages\/5252","targetHints":{"allow":["GET"]}}],"collection":[{"href":"https:\/\/agora.xtec.cat\/insramoncasas\/wp-json\/wp\/v2\/pages"}],"about":[{"href":"https:\/\/agora.xtec.cat\/insramoncasas\/wp-json\/wp\/v2\/types\/page"}],"author":[{"embeddable":true,"href":"https:\/\/agora.xtec.cat\/insramoncasas\/wp-json\/wp\/v2\/users\/1"}],"replies":[{"embeddable":true,"href":"https:\/\/agora.xtec.cat\/insramoncasas\/wp-json\/wp\/v2\/comments?post=5252"}],"version-history":[{"count":4,"href":"https:\/\/agora.xtec.cat\/insramoncasas\/wp-json\/wp\/v2\/pages\/5252\/revisions"}],"predecessor-version":[{"id":5363,"href":"https:\/\/agora.xtec.cat\/insramoncasas\/wp-json\/wp\/v2\/pages\/5252\/revisions\/5363"}],"up":[{"embeddable":true,"href":"https:\/\/agora.xtec.cat\/insramoncasas\/wp-json\/wp\/v2\/pages\/81"}],"wp:attachment":[{"href":"https:\/\/agora.xtec.cat\/insramoncasas\/wp-json\/wp\/v2\/media?parent=5252"}],"curies":[{"name":"wp","href":"https:\/\/api.w.org\/{rel}","templated":true}]}}