{"id":27,"date":"2014-09-17T16:24:03","date_gmt":"2014-09-17T16:24:03","guid":{"rendered":"http:\/\/agora.xtec.cat\/insramoncasas\/?page_id=27"},"modified":"2025-07-07T09:08:35","modified_gmt":"2025-07-07T07:08:35","slug":"historia","status":"publish","type":"page","link":"https:\/\/agora.xtec.cat\/insramoncasas\/linstitut\/historia\/","title":{"rendered":"Hist\u00f2ria"},"content":{"rendered":"<p data-start=\"77\" data-end=\"605\">Des d\u2019una perspectiva hist\u00f2rica, l\u2019Institut t\u00e9 els seus or\u00edgens en una antiga extensi\u00f3 de l\u2019Institut de Batxillerat de Montcada i Reixac, situada al ve\u00efnat de Can Maiol, un empla\u00e7ament for\u00e7a allunyat del nucli urb\u00e0 de la poblaci\u00f3. L\u2019any 1992 es va iniciar la construcci\u00f3 d\u2019un nou edifici al centre del municipi, amb l\u2019objectiu de donar resposta a les creixents necessitats d\u2019escolaritzaci\u00f3. El nou centre va entrar en funcionament de manera provisional durant el curs 1992-1993 i va ser inaugurat oficialment a finals de 1993.<\/p>\n<p data-start=\"607\" data-end=\"870\">Despr\u00e9s de gaireb\u00e9 una d\u00e8cada, el Departament d\u2019Educaci\u00f3 en va impulsar l\u2019ampliaci\u00f3, la rehabilitaci\u00f3 i l\u2019adequaci\u00f3, fet que ha perm\u00e8s dotar el centre d\u2019equipaments de primer nivell, especialment per a l\u2019impuls del Batxillerat d\u2019Arts Pl\u00e0stiques, Imatge i Disseny.<\/p>\n<p data-start=\"607\" data-end=\"870\">Els directors del centre han sigut, per ordre: Llu\u00eds Baulenas (1992-2004), Xavier Roig (2004-2016), Maria \u00c0ngels Ali\u00e8 (2016-2024) i, actualment, Miquel Cabezas.<\/p>\n","protected":false},"excerpt":{"rendered":"<p>Des d\u2019una perspectiva hist\u00f2rica, l\u2019Institut t\u00e9 els seus or\u00edgens en una antiga extensi\u00f3 de l\u2019Institut de Batxillerat de Montcada i Reixac, situada al ve\u00efnat de Can Maiol, un empla\u00e7ament for\u00e7a allunyat del nucli urb\u00e0 de la poblaci\u00f3. L\u2019any 1992 es va iniciar la construcci\u00f3 d\u2019un nou edifici al centre del municipi, amb l\u2019objectiu de donar [&hellip;]<\/p>\n","protected":false},"author":1,"featured_media":0,"parent":19,"menu_order":20,"comment_status":"closed","ping_status":"closed","template":"page-templates\/side-menu.php","meta":{"_bbp_topic_count":0,"_bbp_reply_count":0,"_bbp_total_topic_count":0,"_bbp_total_reply_count":0,"_bbp_voice_count":0,"_bbp_anonymous_reply_count":0,"_bbp_topic_count_hidden":0,"_bbp_reply_count_hidden":0,"_bbp_forum_subforum_count":0,"site-sidebar-layout":"default","site-content-layout":"","ast-site-content-layout":"","site-content-style":"default","site-sidebar-style":"default","ast-global-header-display":"","ast-banner-title-visibility":"","ast-main-header-display":"","ast-hfb-above-header-display":"","ast-hfb-below-header-display":"","ast-hfb-mobile-header-display":"","site-post-title":"","ast-breadcrumbs-content":"","ast-featured-img":"","footer-sml-layout":"","theme-transparent-header-meta":"","adv-header-id-meta":"","stick-header-meta":"","header-above-stick-meta":"","header-main-stick-meta":"","header-below-stick-meta":"","astra-migrate-meta-layouts":"default","ast-page-background-enabled":"default","ast-page-background-meta":{"desktop":{"background-color":"var(--ast-global-color-4)","background-image":"","background-repeat":"repeat","background-position":"center center","background-size":"auto","background-attachment":"scroll","background-type":"","background-media":"","overlay-type":"","overlay-color":"","overlay-opacity":"","overlay-gradient":""},"tablet":{"background-color":"","background-image":"","background-repeat":"repeat","background-position":"center center","background-size":"auto","background-attachment":"scroll","background-type":"","background-media":"","overlay-type":"","overlay-color":"","overlay-opacity":"","overlay-gradient":""},"mobile":{"background-color":"","background-image":"","background-repeat":"repeat","background-position":"center center","background-size":"auto","background-attachment":"scroll","background-type":"","background-media":"","overlay-type":"","overlay-color":"","overlay-opacity":"","overlay-gradient":""}},"ast-content-background-meta":{"desktop":{"background-color":"var(--ast-global-color-5)","background-image":"","background-repeat":"repeat","background-position":"center center","background-size":"auto","background-attachment":"scroll","background-type":"","background-media":"","overlay-type":"","overlay-color":"","overlay-opacity":"","overlay-gradient":""},"tablet":{"background-color":"var(--ast-global-color-5)","background-image":"","background-repeat":"repeat","background-position":"center center","background-size":"auto","background-attachment":"scroll","background-type":"","background-media":"","overlay-type":"","overlay-color":"","overlay-opacity":"","overlay-gradient":""},"mobile":{"background-color":"var(--ast-global-color-5)","background-image":"","background-repeat":"repeat","background-position":"center center","background-size":"auto","background-attachment":"scroll","background-type":"","background-media":"","overlay-type":"","overlay-color":"","overlay-opacity":"","overlay-gradient":""}},"footnotes":""},"class_list":["post-27","page","type-page","status-publish","hentry"],"post_mailing_queue_ids":[],"_links":{"self":[{"href":"https:\/\/agora.xtec.cat\/insramoncasas\/wp-json\/wp\/v2\/pages\/27","targetHints":{"allow":["GET"]}}],"collection":[{"href":"https:\/\/agora.xtec.cat\/insramoncasas\/wp-json\/wp\/v2\/pages"}],"about":[{"href":"https:\/\/agora.xtec.cat\/insramoncasas\/wp-json\/wp\/v2\/types\/page"}],"author":[{"embeddable":true,"href":"https:\/\/agora.xtec.cat\/insramoncasas\/wp-json\/wp\/v2\/users\/1"}],"replies":[{"embeddable":true,"href":"https:\/\/agora.xtec.cat\/insramoncasas\/wp-json\/wp\/v2\/comments?post=27"}],"version-history":[{"count":4,"href":"https:\/\/agora.xtec.cat\/insramoncasas\/wp-json\/wp\/v2\/pages\/27\/revisions"}],"predecessor-version":[{"id":9866,"href":"https:\/\/agora.xtec.cat\/insramoncasas\/wp-json\/wp\/v2\/pages\/27\/revisions\/9866"}],"up":[{"embeddable":true,"href":"https:\/\/agora.xtec.cat\/insramoncasas\/wp-json\/wp\/v2\/pages\/19"}],"wp:attachment":[{"href":"https:\/\/agora.xtec.cat\/insramoncasas\/wp-json\/wp\/v2\/media?parent=27"}],"curies":[{"name":"wp","href":"https:\/\/api.w.org\/{rel}","templated":true}]}}