{"id":10338,"date":"2026-04-08T13:41:00","date_gmt":"2026-04-08T11:41:00","guid":{"rendered":"https:\/\/agora.xtec.cat\/insramoncasas\/?page_id=10338"},"modified":"2026-04-08T13:41:00","modified_gmt":"2026-04-08T11:41:00","slug":"pressupost-i-liquidacio-economica","status":"publish","type":"page","link":"https:\/\/agora.xtec.cat\/insramoncasas\/secretaria\/pressupost-i-liquidacio-economica\/","title":{"rendered":"Pressupost i liquidaci\u00f3 econ\u00f2mica"},"content":{"rendered":"<p data-path-to-node=\"4\">D\u2019acord amb el nostre comprom\u00eds amb la <b data-path-to-node=\"4\" data-index-in-node=\"39\">transpar\u00e8ncia<\/b> i la gesti\u00f3 eficient dels recursos p\u00fablics, posem a la vostra disposici\u00f3 els documents relatius a la planificaci\u00f3 i l&#8217;execuci\u00f3 econ\u00f2mica del centre.<\/p>\n<p data-path-to-node=\"5\">En aquest apartat podeu consultar:<\/p>\n<ul data-path-to-node=\"6\">\n<li>\n<p data-path-to-node=\"6,0,0\"><b data-path-to-node=\"6,0,0\" data-index-in-node=\"0\">Pressupost 2026:<\/b> El document on es detalla la previsi\u00f3 d&#8217;ingressos i la distribuci\u00f3 de les despeses destinades a garantir la qualitat pedag\u00f2gica i el manteniment de les nostres instal\u00b7lacions per al curs vigent. Document: <a href=\"https:\/\/agora.xtec.cat\/insramoncasas\/wp-content\/uploads\/usu1921\/2026\/04\/Pressupost-2026.pdf\">Pressupost 2026<\/a><\/p>\n<\/li>\n<li>\n<p data-path-to-node=\"6,1,0\"><b data-path-to-node=\"6,1,0\" data-index-in-node=\"0\">Liquidaci\u00f3 econ\u00f2mica 2025:<\/b> L&#8217;estat de comptes que reflecteix l&#8217;execuci\u00f3 real de l&#8217;exercici anterior, garantint que cada recurs s&#8217;ha destinat correctament a les necessitats del nostre alumnat i del projecte educatiu. Document: <a href=\"https:\/\/agora.xtec.cat\/insramoncasas\/wp-content\/uploads\/usu1921\/2026\/04\/Liquidacio-economica-2025.pdf\">Liquidaci\u00f3 econ\u00f2mica 2025<\/a><\/p>\n<\/li>\n<\/ul>\n","protected":false},"excerpt":{"rendered":"<p>D\u2019acord amb el nostre comprom\u00eds amb la transpar\u00e8ncia i la gesti\u00f3 eficient dels recursos p\u00fablics, posem a la vostra disposici\u00f3 els documents relatius a la planificaci\u00f3 i l&#8217;execuci\u00f3 econ\u00f2mica del centre. En aquest apartat podeu consultar: Pressupost 2026: El document on es detalla la previsi\u00f3 d&#8217;ingressos i la distribuci\u00f3 de les despeses destinades a garantir [&hellip;]<\/p>\n","protected":false},"author":3,"featured_media":0,"parent":81,"menu_order":0,"comment_status":"closed","ping_status":"closed","template":"","meta":{"_bbp_topic_count":0,"_bbp_reply_count":0,"_bbp_total_topic_count":0,"_bbp_total_reply_count":0,"_bbp_voice_count":0,"_bbp_anonymous_reply_count":0,"_bbp_topic_count_hidden":0,"_bbp_reply_count_hidden":0,"_bbp_forum_subforum_count":0,"site-sidebar-layout":"default","site-content-layout":"","ast-site-content-layout":"default","site-content-style":"default","site-sidebar-style":"default","ast-global-header-display":"","ast-banner-title-visibility":"","ast-main-header-display":"","ast-hfb-above-header-display":"","ast-hfb-below-header-display":"","ast-hfb-mobile-header-display":"","site-post-title":"","ast-breadcrumbs-content":"","ast-featured-img":"","footer-sml-layout":"","theme-transparent-header-meta":"default","adv-header-id-meta":"","stick-header-meta":"","header-above-stick-meta":"","header-main-stick-meta":"","header-below-stick-meta":"","astra-migrate-meta-layouts":"set","ast-page-background-enabled":"default","ast-page-background-meta":{"desktop":{"background-color":"var(--ast-global-color-4)","background-image":"","background-repeat":"repeat","background-position":"center center","background-size":"auto","background-attachment":"scroll","background-type":"","background-media":"","overlay-type":"","overlay-color":"","overlay-opacity":"","overlay-gradient":""},"tablet":{"background-color":"","background-image":"","background-repeat":"repeat","background-position":"center center","background-size":"auto","background-attachment":"scroll","background-type":"","background-media":"","overlay-type":"","overlay-color":"","overlay-opacity":"","overlay-gradient":""},"mobile":{"background-color":"","background-image":"","background-repeat":"repeat","background-position":"center center","background-size":"auto","background-attachment":"scroll","background-type":"","background-media":"","overlay-type":"","overlay-color":"","overlay-opacity":"","overlay-gradient":""}},"ast-content-background-meta":{"desktop":{"background-color":"var(--ast-global-color-5)","background-image":"","background-repeat":"repeat","background-position":"center center","background-size":"auto","background-attachment":"scroll","background-type":"","background-media":"","overlay-type":"","overlay-color":"","overlay-opacity":"","overlay-gradient":""},"tablet":{"background-color":"var(--ast-global-color-5)","background-image":"","background-repeat":"repeat","background-position":"center center","background-size":"auto","background-attachment":"scroll","background-type":"","background-media":"","overlay-type":"","overlay-color":"","overlay-opacity":"","overlay-gradient":""},"mobile":{"background-color":"var(--ast-global-color-5)","background-image":"","background-repeat":"repeat","background-position":"center center","background-size":"auto","background-attachment":"scroll","background-type":"","background-media":"","overlay-type":"","overlay-color":"","overlay-opacity":"","overlay-gradient":""}},"footnotes":""},"class_list":["post-10338","page","type-page","status-publish","hentry"],"post_mailing_queue_ids":[],"_links":{"self":[{"href":"https:\/\/agora.xtec.cat\/insramoncasas\/wp-json\/wp\/v2\/pages\/10338","targetHints":{"allow":["GET"]}}],"collection":[{"href":"https:\/\/agora.xtec.cat\/insramoncasas\/wp-json\/wp\/v2\/pages"}],"about":[{"href":"https:\/\/agora.xtec.cat\/insramoncasas\/wp-json\/wp\/v2\/types\/page"}],"author":[{"embeddable":true,"href":"https:\/\/agora.xtec.cat\/insramoncasas\/wp-json\/wp\/v2\/users\/3"}],"replies":[{"embeddable":true,"href":"https:\/\/agora.xtec.cat\/insramoncasas\/wp-json\/wp\/v2\/comments?post=10338"}],"version-history":[{"count":1,"href":"https:\/\/agora.xtec.cat\/insramoncasas\/wp-json\/wp\/v2\/pages\/10338\/revisions"}],"predecessor-version":[{"id":10341,"href":"https:\/\/agora.xtec.cat\/insramoncasas\/wp-json\/wp\/v2\/pages\/10338\/revisions\/10341"}],"up":[{"embeddable":true,"href":"https:\/\/agora.xtec.cat\/insramoncasas\/wp-json\/wp\/v2\/pages\/81"}],"wp:attachment":[{"href":"https:\/\/agora.xtec.cat\/insramoncasas\/wp-json\/wp\/v2\/media?parent=10338"}],"curies":[{"name":"wp","href":"https:\/\/api.w.org\/{rel}","templated":true}]}}