{"id":10300,"date":"2026-03-03T18:14:52","date_gmt":"2026-03-03T17:14:52","guid":{"rendered":"https:\/\/agora.xtec.cat\/insramoncasas\/?page_id=10300"},"modified":"2026-03-03T18:14:52","modified_gmt":"2026-03-03T17:14:52","slug":"fp-dual","status":"publish","type":"page","link":"https:\/\/agora.xtec.cat\/insramoncasas\/projecte-educatiu\/fp-dual\/","title":{"rendered":"FP DUAL"},"content":{"rendered":"<p>A l\u2019<strong>Institut Ramon Casas i Carb\u00f3<\/strong> fa anys que apostem per una formaci\u00f3 professional connectada amb la realitat del territori i les necessitats del teixit empresarial. L\u2019FP Dual \u00e9s una mostra clara d\u2019aquest comprom\u00eds: un model formatiu que combina l\u2019aprenentatge al centre educatiu amb l\u2019activitat pr\u00e0ctica a l\u2019empresa, permetent a l\u2019alumnat adquirir coneixements t\u00e8cnics i compet\u00e8ncies professionals en un entorn real de treball.<\/p>\n<p>Gr\u00e0cies a la col\u00b7laboraci\u00f3 estreta amb empreses i institucions, el nostre alumnat pot aplicar els continguts apresos a l\u2019aula, desenvolupar habilitats com el treball en equip, la responsabilitat i l\u2019autonomia, i con\u00e8ixer de primera m\u00e0 el funcionament del sector professional escollit. Aquesta experi\u00e8ncia facilita una millor adaptaci\u00f3 al mercat laboral i incrementa les oportunitats d\u2019inserci\u00f3 laboral.<\/p>\n<p>A l\u2019Institut Ramon Casas entenem l\u2019FP Dual com una aposta de futur: una formaci\u00f3 de qualitat, arrelada al territori i orientada a preparar professionals competents, qualificats i compromesos amb el seu entorn.<\/p>\n<h3 data-path-to-node=\"3\">FP Dual: Quina \u00e9s la teva modalitat? (General vs. Intensiva)<\/h3>\n<p data-path-to-node=\"4\">Segur que has sentit a parlar de la <b data-path-to-node=\"4\" data-index-in-node=\"36\">FP Dual<\/b>. S&#8217;ha convertit en la millor porta d&#8217;entrada al m\u00f3n laboral per a molts estudiants. Per\u00f2, sabies que no tota la FP Dual \u00e9s igual?<\/p>\n<p data-path-to-node=\"5\">Ara, la formaci\u00f3 es divideix en dues &#8220;velocitats&#8221; o r\u00e8gims. T\u2019expliquem les difer\u00e8ncies perqu\u00e8 puguis escollir la que millor s&#8217;adapta al teu futur:<\/p>\n<h4 data-path-to-node=\"6\">1. FP Dual en R\u00e8gim General (La base)<\/h4>\n<p data-path-to-node=\"7\">\u00c9s la modalitat on el centre educatiu \u00e9s el protagonista principal, per\u00f2 amb un suport constant de l&#8217;empresa.<\/p>\n<ul data-path-to-node=\"8\">\n<li>\n<p data-path-to-node=\"8,0,0\"><b data-path-to-node=\"8,0,0\" data-index-in-node=\"0\">Temps a l&#8217;empresa:<\/b> Passes entre un 25% i un 35% del teu temps formatiu aprenent directament a l&#8217;empresa (unes 500-800 hores).<\/p>\n<\/li>\n<li>\n<p data-path-to-node=\"8,1,0\"><b data-path-to-node=\"8,1,0\" data-index-in-node=\"0\">Relaci\u00f3:<\/b> Es fa mitjan\u00e7ant un conveni de col\u00b7laboraci\u00f3.<\/p>\n<\/li>\n<li>\n<p data-path-to-node=\"8,2,0\"><b data-path-to-node=\"8,2,0\" data-index-in-node=\"0\">Retribuci\u00f3:<\/b> No t\u00e9 un salari obligatori, tot i que s\u00ed que poden existir ajuts de transport o despla\u00e7ament.<\/p>\n<\/li>\n<li>\n<p data-path-to-node=\"8,3,0\"><b data-path-to-node=\"8,3,0\" data-index-in-node=\"0\">Ideal per a:<\/b> Qui vol una formaci\u00f3 molt s\u00f2lida a l&#8217;aula, amb un tastet pr\u00e0ctic molt valu\u00f3s per comen\u00e7ar a veure com funciona el sector.<\/p>\n<\/li>\n<\/ul>\n<h4 data-path-to-node=\"9\">2. FP Dual en R\u00e8gim Intensiu (El salt al m\u00f3n real)<\/h4>\n<p data-path-to-node=\"10\">Aqu\u00ed l&#8217;empresa t\u00e9 un pes molt m\u00e9s gran en la teva formaci\u00f3. \u00c9s una immersi\u00f3 total.<\/p>\n<ul data-path-to-node=\"11\">\n<li>\n<p data-path-to-node=\"11,0,0\"><b data-path-to-node=\"11,0,0\" data-index-in-node=\"0\">Temps a l&#8217;empresa:<\/b> Dediques entre un 35% i un 50% del temps a l&#8217;empresa (amb un m\u00ednim de 800 hores i fins a 1.200).<\/p>\n<\/li>\n<li>\n<p data-path-to-node=\"11,1,0\"><b data-path-to-node=\"11,1,0\" data-index-in-node=\"0\">Relaci\u00f3:<\/b> Aqu\u00ed canvia tot: <b data-path-to-node=\"11,1,0\" data-index-in-node=\"26\">signes un contracte laboral de formaci\u00f3<\/b>. Ja no ets &#8220;nom\u00e9s&#8221; un estudiant, ets una part activa de l&#8217;empresa.<\/p>\n<\/li>\n<li>\n<p data-path-to-node=\"11,2,0\"><b data-path-to-node=\"11,2,0\" data-index-in-node=\"0\">Retribuci\u00f3:<\/b> S\u00ed, <b data-path-to-node=\"11,2,0\" data-index-in-node=\"16\">t\u00e9 compensaci\u00f3 econ\u00f2mica<\/b> (ja sigui via salari o beca formativa).<\/p>\n<\/li>\n<li>\n<p data-path-to-node=\"11,3,0\"><b data-path-to-node=\"11,3,0\" data-index-in-node=\"0\">Ideal per a:<\/b> Qui t\u00e9 ganes de sentir-se treballador\/a des del primer dia, aprendre directament de professionals en actiu i voler tenir ingressos mentre segueixes estudiant.<\/p>\n<\/li>\n<\/ul>\n<hr data-path-to-node=\"12\" \/>\n<h3 data-path-to-node=\"13\">Resum r\u00e0pid: En qu\u00e8 t&#8217;has de fixar?<\/h3>\n<table data-path-to-node=\"14\">\n<thead>\n<tr>\n<td><strong>Caracter\u00edstica<\/strong><\/td>\n<td><strong>R\u00e8gim General<\/strong><\/td>\n<td><strong>R\u00e8gim Intensiu<\/strong><\/td>\n<\/tr>\n<\/thead>\n<tbody>\n<tr>\n<td><span data-path-to-node=\"14,1,0,0\"><b data-path-to-node=\"14,1,0,0\" data-index-in-node=\"0\">Temps a l&#8217;empresa<\/b><\/span><\/td>\n<td><span data-path-to-node=\"14,1,1,0\">25% &#8211; 35%<\/span><\/td>\n<td><span data-path-to-node=\"14,1,2,0\">35% &#8211; 50%<\/span><\/td>\n<\/tr>\n<tr>\n<td><span data-path-to-node=\"14,2,0,0\"><b data-path-to-node=\"14,2,0,0\" data-index-in-node=\"0\">Vinculaci\u00f3<\/b><\/span><\/td>\n<td><span data-path-to-node=\"14,2,1,0\">Conveni de col\u00b7laboraci\u00f3<\/span><\/td>\n<td><span data-path-to-node=\"14,2,2,0\">Contracte laboral<\/span><\/td>\n<\/tr>\n<tr>\n<td><span data-path-to-node=\"14,3,0,0\"><b data-path-to-node=\"14,3,0,0\" data-index-in-node=\"0\">Retribuci\u00f3<\/b><\/span><\/td>\n<td><span data-path-to-node=\"14,3,1,0\">No t\u00e9 salari obligatori<\/span><\/td>\n<td><span data-path-to-node=\"14,3,2,0\">S\u00ed (Salari o beca)<\/span><\/td>\n<\/tr>\n<\/tbody>\n<\/table>\n<p data-path-to-node=\"15\"><b data-path-to-node=\"15\" data-index-in-node=\"0\">En conclusi\u00f3:<\/b><\/p>\n<p data-path-to-node=\"15\">Tant una com l&#8217;altra s\u00f3n apostes guanyadores. La <b data-path-to-node=\"15\" data-index-in-node=\"63\">General<\/b> et dona una base te\u00f2rica forta amb pr\u00e0ctiques, mentre que la <b data-path-to-node=\"15\" data-index-in-node=\"132\">Intensiva<\/b> \u00e9s gaireb\u00e9 una experi\u00e8ncia laboral completa integrada als teus estudis.<\/p>\n<p data-path-to-node=\"16\"><b data-path-to-node=\"16\" data-index-in-node=\"0\">Qu\u00e8 et crida m\u00e9s?<\/b> Si tens clar que vols tocar empresa des del minut u i comen\u00e7ar a construir el teu historial professional amb contracte, l&#8217;Intensiva \u00e9s la teva opci\u00f3. Si prefereixes un equilibri on l&#8217;aula segueixi sent el centre, la General \u00e9s un encert segur.<\/p>\n<p data-path-to-node=\"17\"><i data-path-to-node=\"17\" data-index-in-node=\"0\">Tens dubtes sobre quin cicle ofereix cada modalitat? Posa&#8217;t en contacte amb la secretaria del centre o fes una ullada al portal d&#8217;Educaweb per veure l&#8217;oferta actualitzada.<\/i><\/p>\n","protected":false},"excerpt":{"rendered":"<p>A l\u2019Institut Ramon Casas i Carb\u00f3 fa anys que apostem per una formaci\u00f3 professional connectada amb la realitat del territori i les necessitats del teixit empresarial. L\u2019FP Dual \u00e9s una mostra clara d\u2019aquest comprom\u00eds: un model formatiu que combina l\u2019aprenentatge al centre educatiu amb l\u2019activitat pr\u00e0ctica a l\u2019empresa, permetent a l\u2019alumnat adquirir coneixements t\u00e8cnics i [&hellip;]<\/p>\n","protected":false},"author":3,"featured_media":0,"parent":57,"menu_order":0,"comment_status":"closed","ping_status":"closed","template":"","meta":{"_bbp_topic_count":0,"_bbp_reply_count":0,"_bbp_total_topic_count":0,"_bbp_total_reply_count":0,"_bbp_voice_count":0,"_bbp_anonymous_reply_count":0,"_bbp_topic_count_hidden":0,"_bbp_reply_count_hidden":0,"_bbp_forum_subforum_count":0,"site-sidebar-layout":"default","site-content-layout":"","ast-site-content-layout":"default","site-content-style":"default","site-sidebar-style":"default","ast-global-header-display":"","ast-banner-title-visibility":"","ast-main-header-display":"","ast-hfb-above-header-display":"","ast-hfb-below-header-display":"","ast-hfb-mobile-header-display":"","site-post-title":"","ast-breadcrumbs-content":"","ast-featured-img":"","footer-sml-layout":"","theme-transparent-header-meta":"default","adv-header-id-meta":"","stick-header-meta":"","header-above-stick-meta":"","header-main-stick-meta":"","header-below-stick-meta":"","astra-migrate-meta-layouts":"set","ast-page-background-enabled":"default","ast-page-background-meta":{"desktop":{"background-color":"var(--ast-global-color-4)","background-image":"","background-repeat":"repeat","background-position":"center center","background-size":"auto","background-attachment":"scroll","background-type":"","background-media":"","overlay-type":"","overlay-color":"","overlay-opacity":"","overlay-gradient":""},"tablet":{"background-color":"","background-image":"","background-repeat":"repeat","background-position":"center center","background-size":"auto","background-attachment":"scroll","background-type":"","background-media":"","overlay-type":"","overlay-color":"","overlay-opacity":"","overlay-gradient":""},"mobile":{"background-color":"","background-image":"","background-repeat":"repeat","background-position":"center center","background-size":"auto","background-attachment":"scroll","background-type":"","background-media":"","overlay-type":"","overlay-color":"","overlay-opacity":"","overlay-gradient":""}},"ast-content-background-meta":{"desktop":{"background-color":"var(--ast-global-color-5)","background-image":"","background-repeat":"repeat","background-position":"center center","background-size":"auto","background-attachment":"scroll","background-type":"","background-media":"","overlay-type":"","overlay-color":"","overlay-opacity":"","overlay-gradient":""},"tablet":{"background-color":"var(--ast-global-color-5)","background-image":"","background-repeat":"repeat","background-position":"center center","background-size":"auto","background-attachment":"scroll","background-type":"","background-media":"","overlay-type":"","overlay-color":"","overlay-opacity":"","overlay-gradient":""},"mobile":{"background-color":"var(--ast-global-color-5)","background-image":"","background-repeat":"repeat","background-position":"center center","background-size":"auto","background-attachment":"scroll","background-type":"","background-media":"","overlay-type":"","overlay-color":"","overlay-opacity":"","overlay-gradient":""}},"footnotes":""},"class_list":["post-10300","page","type-page","status-publish","hentry"],"post_mailing_queue_ids":[],"_links":{"self":[{"href":"https:\/\/agora.xtec.cat\/insramoncasas\/wp-json\/wp\/v2\/pages\/10300","targetHints":{"allow":["GET"]}}],"collection":[{"href":"https:\/\/agora.xtec.cat\/insramoncasas\/wp-json\/wp\/v2\/pages"}],"about":[{"href":"https:\/\/agora.xtec.cat\/insramoncasas\/wp-json\/wp\/v2\/types\/page"}],"author":[{"embeddable":true,"href":"https:\/\/agora.xtec.cat\/insramoncasas\/wp-json\/wp\/v2\/users\/3"}],"replies":[{"embeddable":true,"href":"https:\/\/agora.xtec.cat\/insramoncasas\/wp-json\/wp\/v2\/comments?post=10300"}],"version-history":[{"count":1,"href":"https:\/\/agora.xtec.cat\/insramoncasas\/wp-json\/wp\/v2\/pages\/10300\/revisions"}],"predecessor-version":[{"id":10301,"href":"https:\/\/agora.xtec.cat\/insramoncasas\/wp-json\/wp\/v2\/pages\/10300\/revisions\/10301"}],"up":[{"embeddable":true,"href":"https:\/\/agora.xtec.cat\/insramoncasas\/wp-json\/wp\/v2\/pages\/57"}],"wp:attachment":[{"href":"https:\/\/agora.xtec.cat\/insramoncasas\/wp-json\/wp\/v2\/media?parent=10300"}],"curies":[{"name":"wp","href":"https:\/\/api.w.org\/{rel}","templated":true}]}}