{"id":7733,"date":"2022-06-15T10:29:48","date_gmt":"2022-06-15T09:29:48","guid":{"rendered":"https:\/\/insquercus.cat\/?page_id=7733"},"modified":"2022-06-15T10:29:48","modified_gmt":"2022-06-15T09:29:48","slug":"elementor-7733","status":"publish","type":"page","link":"https:\/\/agora.xtec.cat\/insquercus\/elementor-7733\/","title":{"rendered":"Elementor #7733"},"content":{"rendered":"<p><a data-elementor-open-lightbox=\"\"  class='elementor-clickable' href=\"https:\/\/insquercus.cat\"><br \/>\n\t\t\t\t\t<img decoding=\"async\"  src=\"https:\/\/agora.xtec.cat\/insquercus\/wp-content\/uploads\/usu350\/2022\/11\/INS-Quercus-3.png\" alt=\"INS Quercus (3)\"\/><br \/>\n\t\t\t\t\t\t\t<\/a><\/p>\n<nav data-toggle-icon=\"&lt;i aria-hidden=&quot;true&quot; tabindex=&quot;0&quot; class=&quot;fas fa-align-justify&quot;&gt;&lt;\/i&gt;\" data-close-icon=\"&lt;i aria-hidden=&quot;true&quot; tabindex=&quot;0&quot; class=&quot;far fa-window-close&quot;&gt;&lt;\/i&gt;\" data-full-width=\"yes\">\n<ul id=\"menu-1-4b055f9\">\n<li id=\"menu-item-7865\"><a target=\"_blank\"rel=\"noopener\" href=\"https:\/\/sites.google.com\/insquercus.cat\/inici-de-curs\/p%C3%A0gina-principal-fam%C3%ADlies\" class = \"hfe-menu-item\">FAM\u00cdLIES<\/a><\/li>\n<li id=\"menu-item-257\"><a href=\"https:\/\/insquercus.cat\/category\/noticies\/\" class = \"hfe-menu-item\">NOTICIES<\/a>\n<ul>\n<li id=\"menu-item-259\"><a href=\"https:\/\/insquercus.cat\/category\/noticies\/1r-eso\/\" class = \"hfe-sub-menu-item\">1r ESO<\/a><\/li>\n<li id=\"menu-item-261\"><a href=\"https:\/\/insquercus.cat\/category\/noticies\/2n-eso\/\" class = \"hfe-sub-menu-item\">2n ESO<\/a><\/li>\n<li id=\"menu-item-262\"><a href=\"https:\/\/insquercus.cat\/category\/noticies\/3r-eso\/\" class = \"hfe-sub-menu-item\">3r ESO<\/a><\/li>\n<li id=\"menu-item-263\"><a href=\"https:\/\/insquercus.cat\/category\/noticies\/4t-eso\/\" class = \"hfe-sub-menu-item\">4t ESO<\/a><\/li>\n<li id=\"menu-item-258\"><a href=\"https:\/\/insquercus.cat\/category\/noticies\/1r-batxillerat\/\" class = \"hfe-sub-menu-item\">1r Batxillerat<\/a><\/li>\n<li id=\"menu-item-260\"><a href=\"https:\/\/insquercus.cat\/category\/noticies\/2n-batxillerat\/\" class = \"hfe-sub-menu-item\">2n Batxillerat<\/a><\/li>\n<li id=\"menu-item-4917\"><a href=\"https:\/\/insquercus.cat\/cicle-formatiu-de-grau-mig-conduccio-dactivitats-fisicoesportives-en-el-medi-natural-novetat-2020-2021\/\" class = \"hfe-sub-menu-item\">CFGM CAFEMN<\/a><\/li>\n<li id=\"menu-item-4915\"><a href=\"https:\/\/insquercus.cat\/cicle-formatiu-de-grau-superior-ensenyament-i-animacio-socioesportiva\/\" class = \"hfe-sub-menu-item\">CFGS Animaci\u00f3 Socioesportiva<\/a><\/li>\n<li id=\"menu-item-4916\"><a href=\"https:\/\/insquercus.cat\/cicle-formatiu-de-grau-superior-condicionament-fisic\/\" class = \"hfe-sub-menu-item\">CFGS Condicionament f\u00edsic<\/a><\/li>\n<li id=\"menu-item-2797\"><a href=\"https:\/\/insquercus.cat\/category\/associacio-esportiva\/\" class = \"hfe-sub-menu-item\">Associaci\u00f3 Esportiva<\/a><\/li>\n<li id=\"menu-item-851\"><a href=\"https:\/\/insquercus.cat\/els-videos-del-quercus\/\" class = \"hfe-sub-menu-item\">Els videos del quercus<\/a><\/li>\n<li id=\"menu-item-268\"><a href=\"https:\/\/insquercus.cat\/category\/noticies\/diversos\/\" class = \"hfe-sub-menu-item\">Diversos<\/a><\/li>\n<\/ul>\n<\/li>\n<li id=\"menu-item-64\"><a target=\"_blank\"rel=\"noopener\" href=\"https:\/\/sites.google.com\/insquercus.cat\/inicidecurs\/p%C3%A0gina-principal\" class = \"hfe-menu-item\">CENTRE<\/a><\/li>\n<li id=\"menu-item-7440\"><a href=\"https:\/\/sites.google.com\/insquercus.cat\/estudis\/p%C3%A0gina-principal\" class = \"hfe-menu-item\">ESTUDIS<\/a><\/li>\n<li id=\"menu-item-241\"><a href=\"https:\/\/sites.google.com\/insquercus.cat\/projectes-quercus\/men%C3%BA\" class = \"hfe-menu-item\">PROJECTES<\/a><\/li>\n<li id=\"menu-item-7492\"><a href=\"https:\/\/insquercus.cat\/secretaria\/\" class = \"hfe-menu-item\">SECRETARIA<\/a><\/li>\n<li id=\"menu-item-254\"><a href=\"#\" class = \"hfe-menu-item\">ENQUESTES<\/a>\n<ul>\n<li id=\"menu-item-7881\"><a href=\"https:\/\/docs.google.com\/forms\/d\/e\/1FAIpQLSe9YZYs6qFU4wHEH3m4CZAQhbOSdHeCIlldLEhQDFVHi6HCjg\/viewform\" class = \"hfe-sub-menu-item\">SAT_ESTADA A L&#8217;EMPRESA<\/a><\/li>\n<li id=\"menu-item-2525\"><a href=\"#\" class = \"hfe-sub-menu-item\">RESULTATS ENQUESTES<\/a>\n<ul>\n<li id=\"menu-item-2526\"><a href=\"#\" class = \"hfe-sub-menu-item\">FAM\u00cdLIES<\/a>\n<ul>\n<li id=\"menu-item-2531\"><a href=\"https:\/\/drive.google.com\/file\/d\/1R5FPHjBQjId6tpHK3Iw5Zagcmzf6MQv7\/view?usp=sharing\" class = \"hfe-sub-menu-item\">1r ESO<\/a><\/li>\n<li id=\"menu-item-2532\"><a href=\"https:\/\/drive.google.com\/file\/d\/1Y98liNw1VkyTK5mwrmcPBaxAn6vJmeh5\/view?usp=sharing\" class = \"hfe-sub-menu-item\">2n ESO<\/a><\/li>\n<li id=\"menu-item-2533\"><a href=\"https:\/\/drive.google.com\/file\/d\/11c1ykudhK2tm63OMe4a5INOiQjjc2n-m\/view?usp=sharing\" class = \"hfe-sub-menu-item\">3r ESO<\/a><\/li>\n<li id=\"menu-item-2534\"><a href=\"https:\/\/drive.google.com\/file\/d\/1Fx_B2-B5023pL6uz57XkDt7kMNKhlotz\/view?usp=sharing\" class = \"hfe-sub-menu-item\">4t ESO<\/a><\/li>\n<li id=\"menu-item-2535\"><a href=\"https:\/\/drive.google.com\/file\/d\/1tbi_nor1Zi8cDdtW2p9IT3_EhCnRjD7w\/view?usp=sharing\" class = \"hfe-sub-menu-item\">1r BATX<\/a><\/li>\n<li id=\"menu-item-2537\"><a href=\"https:\/\/drive.google.com\/file\/d\/11MF-RSbf_C_vCgQ6voNdtYXM7K6411XE\/view?usp=sharing\" class = \"hfe-sub-menu-item\">2n BATX<\/a><\/li>\n<li id=\"menu-item-7402\"><a href=\"https:\/\/drive.google.com\/file\/d\/1SDM6tnYjZPN8in56vQMck4YvOvlAfP-d\/view?usp=sharing\" class = \"hfe-sub-menu-item\">CFGM<\/a><\/li>\n<li id=\"menu-item-2536\"><a href=\"https:\/\/drive.google.com\/file\/d\/1NDpUYWUO92T-JlFJbKhrrhspcLYWeiqg\/view?usp=sharing\" class = \"hfe-sub-menu-item\">PFI<\/a><\/li>\n<\/ul>\n<\/li>\n<li id=\"menu-item-2527\"><a href=\"https:\/\/drive.google.com\/file\/d\/1uJje5hy7GiKa1CzOxGG0ajuj4loKhiyU\/view\" class = \"hfe-sub-menu-item\">EMPRESES FPCT<\/a><\/li>\n<\/ul>\n<\/li>\n<\/ul>\n<\/li>\n<li id=\"menu-item-256\"><a href=\"https:\/\/docs.google.com\/forms\/d\/e\/1FAIpQLScOBKoygLWwDzeFZirLN9EJmPYI7lX9Kd77e0gyvNeD-mJTQw\/viewform\" class = \"hfe-menu-item\">CONTACTE<\/a><\/li>\n<\/ul>\n<\/nav>\n<ul>\n<li>\n\t\t\t\t\t\t\t\t\t\t\t<a href=\"https:\/\/tic.insquercus.cat\"><br \/>\n\t\t\t\t\t\t\t\t\t\tAvaries Inform\u00e0tiques<br \/>\n\t\t\t\t\t\t\t\t\t\t\t<\/a>\n\t\t\t\t\t\t\t\t\t<\/li>\n<li>\n\t\t\t\t\t\t\t\t\t\t\t<a href=\"https:\/\/moodle.insquercus.cat\"><br \/>\n\t\t\t\t\t\t\t\t\t\tMoodle<br \/>\n\t\t\t\t\t\t\t\t\t\t\t<\/a>\n\t\t\t\t\t\t\t\t\t<\/li>\n<li>\n\t\t\t\t\t\t\t\t\t\t\t<a href=\"https:\/\/ja.cat\/pelisquercus\"><br \/>\n\t\t\t\t\t\t\t\t\t\tPelis Quercus<br \/>\n\t\t\t\t\t\t\t\t\t\t\t<\/a>\n\t\t\t\t\t\t\t\t\t<\/li>\n<\/ul>\n<p>\t\t\t\t\t\t\t\t\t\t\t<a href=\"https:\/\/sites.google.com\/insquercus.cat\/preinscripciimatrculaeso\/p%C3%A0gina-0\"><br \/>\n\t\t\t\t\t\t<img decoding=\"async\"  src=\"http:\/\/insquercus.cat\/wp-content\/uploads\/2022\/02\/preinscripcions-espai-300x176.png?1667820821\" alt=\"preinscripcions espai\" srcset=\"http:\/\/insquercus.cat\/wp-content\/uploads\/2022\/02\/preinscripcions-espai-300x176.png?1667820821 1x,http:\/\/insquercus.cat\/wp-content\/uploads\/2022\/02\/preinscripcions-espai-300x176.png?1667820821 2x\"\/><br \/>\n\t\t\t\t\t\t\t\t<\/a><br \/>\n\t\t\t\t\t\t\t\t\t\t\t<a href=\"https:\/\/sites.google.com\/insquercus.cat\/portes-obertes\/p%C3%A0gina-principal\"><br \/>\n\t\t\t\t\t\t<img decoding=\"async\"  src=\"http:\/\/insquercus.cat\/wp-content\/uploads\/2022\/02\/portes-obertes-espai-300x165.png?1667820821\" alt=\"portes obertes espai\" srcset=\"http:\/\/insquercus.cat\/wp-content\/uploads\/2022\/02\/portes-obertes-espai-300x165.png?1667820821 1x,http:\/\/insquercus.cat\/wp-content\/uploads\/2022\/02\/portes-obertes-espai-300x165.png?1667820821 2x\"\/><br \/>\n\t\t\t\t\t\t\t\t<\/a><br \/>\n                                                            <a href=\"https:\/\/insquercus.cat\/2022\/11\/05\/sortida-a-matagalls-amb-3er-deso-3\/\"><br \/>\n                                    <img decoding=\"async\" src=\"http:\/\/insquercus.cat\/wp-content\/uploads\/2022\/11\/IMG-20221104-WA0003-1024x768.jpg\" alt=\"Sortida a Matagalls amb 3er d&#8217;ESO\"><br \/>\n                                <\/a><!-- .elementskit-entry-thumb END --><br \/>\n\t\t\t\t\t\t\t\t\t\t\t\t\t<!-- .elementskit-entry-header END --><\/p>\n<h2>\n\t\t\t\t\t<a href=\"https:\/\/insquercus.cat\/2022\/11\/05\/sortida-a-matagalls-amb-3er-deso-3\/\"><br \/>\n\t\t\t\t\t\tSortida a Matagalls amb 3er d&#8217;ESO\t\t\t\t\t<\/a><br \/>\n\t\t\t\t<\/h2>\n<p>Divendres passat els alumnes han pujat al Matagalls amb sorpresa metereol\u00f2gica a dalt del cim.<!-- AddThis Advanced Settings generic via filter on get_the_excerpt --><!-- AddThis Share Buttons generic via filter on get_the_excerpt --><\/p>\n<p>\t\t\t\t\t\t\t\t\t\t\t\t\t\t\t\t\t\t\t\t\t\t                                                    <!-- .elementskit-post-body END --><br \/>\n                                                            <a href=\"https:\/\/insquercus.cat\/2022\/11\/05\/8075\/\"><br \/>\n                                    <img decoding=\"async\" src=\"http:\/\/insquercus.cat\/wp-content\/uploads\/2022\/11\/IMG-6160-1024x768.jpg\" alt=\"\"><br \/>\n                                <\/a><!-- .elementskit-entry-thumb END --><br \/>\n\t\t\t\t\t\t\t\t\t\t\t\t\t<!-- .elementskit-entry-header END --><\/p>\n<h2>\n\t\t\t\t\t<a href=\"https:\/\/insquercus.cat\/2022\/11\/05\/8075\/\"><br \/>\n\t\t\t\t\t\t\t\t\t\t\t<\/a><br \/>\n\t\t\t\t<\/h2>\n<p>L\u2019alumnat de 1r d\u2019EAS ha participat en un taller de percussi\u00f3 corporal a c\u00e0rrec de la formadora Anna Vega. Han&#46;&#46;&#46;<!-- AddThis Advanced Settings generic via filter on get_the_excerpt --><!-- AddThis Share Buttons generic via filter on get_the_excerpt --><\/p>\n<p>\t\t\t\t\t\t\t\t\t\t\t\t\t\t\t\t\t\t\t\t\t\t                                                    <!-- .elementskit-post-body END --><br \/>\n                                                            <a href=\"https:\/\/insquercus.cat\/2022\/11\/05\/sortida-a-la-mola\/\"><br \/>\n                                    <img decoding=\"async\" src=\"https:\/\/agora.xtec.cat\/insquercus\/wp-content\/uploads\/usu350\/2022\/11\/WhatsApp-Image-2022-11-04-at-10.08.00-1.jpeg\" alt=\"Sortida a la Mola\"><br \/>\n                                <\/a><!-- .elementskit-entry-thumb END --><br \/>\n\t\t\t\t\t\t\t\t\t\t\t\t\t<!-- .elementskit-entry-header END --><\/p>\n<h2>\n\t\t\t\t\t<a href=\"https:\/\/insquercus.cat\/2022\/11\/05\/sortida-a-la-mola\/\"><br \/>\n\t\t\t\t\t\tSortida a la Mola\t\t\t\t\t<\/a><br \/>\n\t\t\t\t<\/h2>\n<p>El passat 27 d&#8217;octubre els alumnes de 2n d&#8217;ESO van fer una excursi\u00f3 a la Mola.<!-- AddThis Advanced Settings generic via filter on get_the_excerpt --><!-- AddThis Share Buttons generic via filter on get_the_excerpt --><\/p>\n<p>\t\t\t\t\t\t\t\t\t\t\t\t\t\t\t\t\t\t\t\t\t\t                                                    <!-- .elementskit-post-body END --><br \/>\n                                                            <a href=\"https:\/\/insquercus.cat\/2022\/11\/03\/guanyadores-certamen-de-cinema-de-terror-i-fantastic-22-23\/\"><br \/>\n                                    <img decoding=\"async\" src=\"http:\/\/insquercus.cat\/wp-content\/uploads\/2022\/11\/1667461976739-1024x768.jpg\" alt=\"Guanyadores Certamen de Cinema de Terror i Fant\u00e0stic 22-23\"><br \/>\n                                <\/a><!-- .elementskit-entry-thumb END --><br \/>\n\t\t\t\t\t\t\t\t\t\t\t\t\t<!-- .elementskit-entry-header END --><\/p>\n<h2>\n\t\t\t\t\t<a href=\"https:\/\/insquercus.cat\/2022\/11\/03\/guanyadores-certamen-de-cinema-de-terror-i-fantastic-22-23\/\"><br \/>\n\t\t\t\t\t\tGuanyadores Certamen de Cinema de Terror i Fant\u00e0stic 22-23\t\t\t\t\t<\/a><br \/>\n\t\t\t\t<\/h2>\n<p>Les guanyadores del certamen d&#8217;aquest any han estat: La Chica Enmascarada Autores: J\u00falia, Marta, Malak, Naomi i Yara. 2n d&#8217;ESO.&#46;&#46;&#46;<!-- AddThis Advanced Settings generic via filter on get_the_excerpt --><!-- AddThis Share Buttons generic via filter on get_the_excerpt --><\/p>\n<p>\t\t\t\t\t\t\t\t\t\t\t\t\t\t\t\t\t\t\t\t\t\t                                                    <!-- .elementskit-post-body END --><br \/>\n                                                            <a href=\"https:\/\/insquercus.cat\/2022\/10\/28\/caminada-pels-rasos-amb-els-batxillerats\/\"><br \/>\n                                    <img decoding=\"async\" src=\"http:\/\/insquercus.cat\/wp-content\/uploads\/2022\/10\/IMG_6704-1024x768.jpg\" alt=\"Caminada pels Rasos amb els Batxillerats\"><br \/>\n                                <\/a><!-- .elementskit-entry-thumb END --><br \/>\n\t\t\t\t\t\t\t\t\t\t\t\t\t<!-- .elementskit-entry-header END --><\/p>\n<h2>\n\t\t\t\t\t<a href=\"https:\/\/insquercus.cat\/2022\/10\/28\/caminada-pels-rasos-amb-els-batxillerats\/\"><br \/>\n\t\t\t\t\t\tCaminada pels Rasos amb els Batxillerats\t\t\t\t\t<\/a><br \/>\n\t\t\t\t<\/h2>\n<p>Un dia fant\u00e0stic i molta calor caminant 12 Km. Pels voltants de Rasos de Peguera. &nbsp;<!-- AddThis Advanced Settings generic via filter on get_the_excerpt --><!-- AddThis Share Buttons generic via filter on get_the_excerpt --><\/p>\n<p>\t\t\t\t\t\t\t\t\t\t\t\t\t\t\t\t\t\t\t\t\t\t                                                    <!-- .elementskit-post-body END --><br \/>\n                                                            <a href=\"https:\/\/insquercus.cat\/2022\/10\/28\/caminada-de-2n-eso-a-la-mola-27-10-2022\/\"><br \/>\n                                    <img decoding=\"async\" src=\"http:\/\/insquercus.cat\/wp-content\/uploads\/2022\/10\/WhatsApp-Image-2022-10-27-at-14.38.35-4-1024x768.jpeg\" alt=\"Caminada de 2n ESO a La Mola &#8211; 27\/10\/2022\"><br \/>\n                                <\/a><!-- .elementskit-entry-thumb END --><br \/>\n\t\t\t\t\t\t\t\t\t\t\t\t\t<!-- .elementskit-entry-header END --><\/p>\n<h2>\n\t\t\t\t\t<a href=\"https:\/\/insquercus.cat\/2022\/10\/28\/caminada-de-2n-eso-a-la-mola-27-10-2022\/\"><br \/>\n\t\t\t\t\t\tCaminada de 2n ESO a La Mola &#8211; 27\/10\/2022\t\t\t\t\t<\/a><br \/>\n\t\t\t\t<\/h2>\n<p><!-- AddThis Advanced Settings generic via filter on get_the_excerpt --><!-- AddThis Share Buttons generic via filter on get_the_excerpt --><\/p>\n<p>\t\t\t\t\t\t\t\t\t\t\t\t\t\t\t\t\t\t\t\t\t\t                                                    <!-- .elementskit-post-body END --><br \/>\n                                                            <a href=\"https:\/\/insquercus.cat\/2022\/10\/27\/caminada-de-4t-deso-a-montserrat\/\"><br \/>\n                                    <img decoding=\"async\" src=\"http:\/\/insquercus.cat\/wp-content\/uploads\/2022\/10\/20221026_113926-1024x577.jpg\" alt=\"Caminada de 4t d&#8217;ESO a Montserrat\"><br \/>\n                                <\/a><!-- .elementskit-entry-thumb END --><br \/>\n\t\t\t\t\t\t\t\t\t\t\t\t\t<!-- .elementskit-entry-header END --><\/p>\n<h2>\n\t\t\t\t\t<a href=\"https:\/\/insquercus.cat\/2022\/10\/27\/caminada-de-4t-deso-a-montserrat\/\"><br \/>\n\t\t\t\t\t\tCaminada de 4t d&#8217;ESO a Montserrat\t\t\t\t\t<\/a><br \/>\n\t\t\t\t<\/h2>\n<p>CAMINADA\u00a0 DE 4t d&#8217;ESO A MONTSERRAT Aquest \u00faltim dimecres d&#8217;octubre de 2022\u00a0 l&#8217;alumnat de 4t d&#8217;ESO ha anat a fer&#46;&#46;&#46;<!-- AddThis Advanced Settings generic via filter on get_the_excerpt --><!-- AddThis Share Buttons generic via filter on get_the_excerpt --><\/p>\n<p>\t\t\t\t\t\t\t\t\t\t\t\t\t\t\t\t\t\t\t\t\t\t                                                    <!-- .elementskit-post-body END --><br \/>\n                                                            <a href=\"https:\/\/insquercus.cat\/2022\/10\/18\/homenatge-a-lluis-companys-2\/\"><br \/>\n                                    <img decoding=\"async\" src=\"http:\/\/insquercus.cat\/wp-content\/uploads\/2022\/10\/IMG_20221014_111603348_HDR-1024x768.jpg\" alt=\"Homenatge a Llu\u00eds Companys\"><br \/>\n                                <\/a><!-- .elementskit-entry-thumb END --><br \/>\n\t\t\t\t\t\t\t\t\t\t\t\t\t<!-- .elementskit-entry-header END --><\/p>\n<h2>\n\t\t\t\t\t<a href=\"https:\/\/insquercus.cat\/2022\/10\/18\/homenatge-a-lluis-companys-2\/\"><br \/>\n\t\t\t\t\t\tHomenatge a Llu\u00eds Companys\t\t\t\t\t<\/a><br \/>\n\t\t\t\t<\/h2>\n<p>El passat divendres, dia 14 d&#8217;octubre, els delegats del nostre centre van assirtir a l&#8217;Homenatge a Llu\u00eds Companys, assassinat ara&#46;&#46;&#46;<!-- AddThis Advanced Settings generic via filter on get_the_excerpt --><!-- AddThis Share Buttons generic via filter on get_the_excerpt --><\/p>\n<p>\t\t\t\t\t\t\t\t\t\t\t\t\t\t\t\t\t\t\t\t\t\t                                                    <!-- .elementskit-post-body END --><br \/>\n                                                            <a href=\"https:\/\/insquercus.cat\/2022\/10\/16\/castanyada-2022\/\"><br \/>\n                                    <img decoding=\"async\" src=\"http:\/\/insquercus.cat\/wp-content\/uploads\/2022\/10\/Publicacion-Instagram-Castanyada-Elegante-Ilustrativo-Crema-Marron-Dorado-1024x1024.png\" alt=\"Castanyada 2022\"><br \/>\n                                <\/a><!-- .elementskit-entry-thumb END --><br \/>\n\t\t\t\t\t\t\t\t\t\t\t\t\t<!-- .elementskit-entry-header END --><\/p>\n<h2>\n\t\t\t\t\t<a href=\"https:\/\/insquercus.cat\/2022\/10\/16\/castanyada-2022\/\"><br \/>\n\t\t\t\t\t\tCastanyada 2022\t\t\t\t\t<\/a><br \/>\n\t\t\t\t<\/h2>\n<p>Aqu\u00ed hi veureu tots els cartells que hem preparat l&#8217;alumnat de 4t d&#8217;ESO per la Castanyada del 28 d&#8217;Octubre.<!-- AddThis Advanced Settings generic via filter on get_the_excerpt --><!-- AddThis Share Buttons generic via filter on get_the_excerpt --><\/p>\n<p>\t\t\t\t\t\t\t\t\t\t\t\t\t\t\t\t\t\t\t\t\t\t                                                    <!-- .elementskit-post-body END --><\/p>\n","protected":false},"excerpt":{"rendered":"<p>FAM\u00cdLIES NOTICIES 1r ESO 2n ESO 3r ESO 4t ESO 1r Batxillerat 2n Batxillerat CFGM CAFEMN CFGS Animaci\u00f3 Socioesportiva CFGS Condicionament f\u00edsic Associaci\u00f3 Esportiva Els videos del quercus Diversos CENTRE ESTUDIS PROJECTES SECRETARIA ENQUESTES SAT_ESTADA A L&#8217;EMPRESA RESULTATS ENQUESTES FAM\u00cdLIES 1r ESO 2n ESO 3r ESO 4t ESO 1r BATX 2n BATX CFGM PFI EMPRESES [&hellip;]<\/p>\n","protected":false},"author":1,"featured_media":0,"parent":0,"menu_order":0,"comment_status":"closed","ping_status":"closed","template":"elementor_canvas","meta":{"site-sidebar-layout":"default","site-content-layout":"","ast-site-content-layout":"","site-content-style":"default","site-sidebar-style":"default","ast-global-header-display":"","ast-banner-title-visibility":"","ast-main-header-display":"","ast-hfb-above-header-display":"","ast-hfb-below-header-display":"","ast-hfb-mobile-header-display":"","site-post-title":"","ast-breadcrumbs-content":"","ast-featured-img":"","footer-sml-layout":"","theme-transparent-header-meta":"","adv-header-id-meta":"","stick-header-meta":"","header-above-stick-meta":"","header-main-stick-meta":"","header-below-stick-meta":"","astra-migrate-meta-layouts":"default","ast-page-background-enabled":"default","ast-page-background-meta":{"desktop":{"background-color":"var(--ast-global-color-4)","background-image":"","background-repeat":"repeat","background-position":"center center","background-size":"auto","background-attachment":"scroll","background-type":"","background-media":"","overlay-type":"","overlay-color":"","overlay-opacity":"","overlay-gradient":""},"tablet":{"background-color":"","background-image":"","background-repeat":"repeat","background-position":"center center","background-size":"auto","background-attachment":"scroll","background-type":"","background-media":"","overlay-type":"","overlay-color":"","overlay-opacity":"","overlay-gradient":""},"mobile":{"background-color":"","background-image":"","background-repeat":"repeat","background-position":"center center","background-size":"auto","background-attachment":"scroll","background-type":"","background-media":"","overlay-type":"","overlay-color":"","overlay-opacity":"","overlay-gradient":""}},"ast-content-background-meta":{"desktop":{"background-color":"var(--ast-global-color-5)","background-image":"","background-repeat":"repeat","background-position":"center center","background-size":"auto","background-attachment":"scroll","background-type":"","background-media":"","overlay-type":"","overlay-color":"","overlay-opacity":"","overlay-gradient":""},"tablet":{"background-color":"var(--ast-global-color-5)","background-image":"","background-repeat":"repeat","background-position":"center center","background-size":"auto","background-attachment":"scroll","background-type":"","background-media":"","overlay-type":"","overlay-color":"","overlay-opacity":"","overlay-gradient":""},"mobile":{"background-color":"var(--ast-global-color-5)","background-image":"","background-repeat":"repeat","background-position":"center center","background-size":"auto","background-attachment":"scroll","background-type":"","background-media":"","overlay-type":"","overlay-color":"","overlay-opacity":"","overlay-gradient":""}},"footnotes":""},"class_list":["post-7733","page","type-page","status-publish","hentry"],"post_mailing_queue_ids":[],"_links":{"self":[{"href":"https:\/\/agora.xtec.cat\/insquercus\/wp-json\/wp\/v2\/pages\/7733","targetHints":{"allow":["GET"]}}],"collection":[{"href":"https:\/\/agora.xtec.cat\/insquercus\/wp-json\/wp\/v2\/pages"}],"about":[{"href":"https:\/\/agora.xtec.cat\/insquercus\/wp-json\/wp\/v2\/types\/page"}],"author":[{"embeddable":true,"href":"https:\/\/agora.xtec.cat\/insquercus\/wp-json\/wp\/v2\/users\/1"}],"replies":[{"embeddable":true,"href":"https:\/\/agora.xtec.cat\/insquercus\/wp-json\/wp\/v2\/comments?post=7733"}],"version-history":[{"count":0,"href":"https:\/\/agora.xtec.cat\/insquercus\/wp-json\/wp\/v2\/pages\/7733\/revisions"}],"wp:attachment":[{"href":"https:\/\/agora.xtec.cat\/insquercus\/wp-json\/wp\/v2\/media?parent=7733"}],"curies":[{"name":"wp","href":"https:\/\/api.w.org\/{rel}","templated":true}]}}