{"id":65,"date":"2014-09-18T10:12:22","date_gmt":"2014-09-18T10:12:22","guid":{"rendered":"http:\/\/agora.xtec.cat\/insponts\/?page_id=65"},"modified":"2025-02-23T12:05:27","modified_gmt":"2025-02-23T11:05:27","slug":"serveis-digitals","status":"publish","type":"page","link":"https:\/\/agora.xtec.cat\/insponts\/serveis\/serveis-digitals\/","title":{"rendered":"Serveis digitals"},"content":{"rendered":"<table style=\"border-color: #178f7d; border-style: solid; width: 39.1121%; height: 62px;\">\n<tbody>\n<tr style=\"height: 39px;\">\n<td style=\"border-color: #2ab09a; width: 210.844px; height: 39px;\"><span style=\"color: #000000;\"><b>CORREU ELECTR\u00d2NIC INSTITUT: c5006574@xtec.cat\u00a0<\/b><\/span><\/td>\n<\/tr>\n<\/tbody>\n<\/table>\n<table style=\"border-color: #178f7d; border-style: solid;\">\n<tbody>\n<tr>\n<td style=\"background-color: #19b3a1; border-color: #2ab09a;\"><span style=\"color: #000000;\"><strong>PLATAFORMA IEDUCA<\/strong><\/span><\/td>\n<\/tr>\n<tr>\n<td style=\"border-color: #2ab09a;\"><a href=\"https:\/\/drive.google.com\/file\/d\/11MHQ6d5dex8Oj3OQmzNH2KEk_98W4wFe\/view?usp=sharing\" target=\"_blank\" rel=\"noopener\"><span style=\"color: #000000;\"><b>COM ENTRAR A IEDUCA<\/b><\/span><\/a><\/td>\n<\/tr>\n<tr>\n<td style=\"border-color: #2ab09a;\"><a href=\"https:\/\/drive.google.com\/file\/d\/1O8xT_EAxiBQJfTt8x7lijzUQV2cdBOpp\/view?usp=sharing\" target=\"_blank\" rel=\"noopener\"><span style=\"color: #000000;\"><b>PASSAR FALTES D&#8217;ASSIST\u00c8NCIA<\/b><\/span><\/a><\/td>\n<\/tr>\n<tr>\n<td style=\"border-color: #2ab09a;\"><a href=\"https:\/\/drive.google.com\/file\/d\/1rRVve_G-cG8_3VG2DqGKqIwQDVMsBlXy\/view?usp=sharing\" target=\"_blank\" rel=\"noopener\"><span style=\"color: #000000;\"><b>PASSAR FALTES D&#8217;ASSIST\u00c8NCIA D&#8217;UNA GU\u00c0RDIA<\/b><\/span><\/a><\/td>\n<\/tr>\n<tr>\n<td style=\"border-color: #2ab09a;\"><a href=\"https:\/\/drive.google.com\/file\/d\/1ZTmWXEzvjE7ACp53PdfeOT7yo_x3-tU2\/view?usp=sharing\" target=\"_blank\" rel=\"noopener\"><span style=\"color: #000000;\"><b>COMUNICAR UNA ABS\u00c8NCIA<\/b><\/span><\/a><\/td>\n<\/tr>\n<tr>\n<td style=\"border-color: #2ab09a;\"><a href=\"https:\/\/drive.google.com\/file\/d\/1-N8Ryx3Wxyr9PbxYXOrin5fictztOEq3\/view?usp=sharing\" target=\"_blank\" rel=\"noopener\"><span style=\"color: #000000;\"><b>RESERVAR UNA AULA<\/b><\/span><\/a><\/td>\n<\/tr>\n<\/tbody>\n<\/table>\n<p>&nbsp;<\/p>\n<table style=\"border-color: #178f7d; border-style: solid; height: 96px;\">\n<tbody>\n<tr style=\"height: 32px;\">\n<td style=\"background-color: #19b3a1; border-color: #2ab09a; height: 32px; width: 311.938px;\"><span style=\"color: #000000;\"><strong>RECURSOS DIGITALS<\/strong><\/span><\/td>\n<\/tr>\n<tr>\n<td style=\"border-color: #2ab09a; width: 311.938px;\"><a href=\"https:\/\/drive.google.com\/file\/d\/1mVFY_FCI-uGXJFsJ-NvPaFodeWV8xHBX\/view?usp=sharing\" target=\"_blank\" rel=\"noopener noreferrer\"><span style=\"color: #000000;\"><strong>APARELLS INFORM\u00c0TICS<\/strong><\/span><\/a><\/td>\n<\/tr>\n<tr>\n<td style=\"border-color: #2ab09a; width: 311.938px;\"><a href=\"https:\/\/drive.google.com\/file\/d\/1Cs76JGOYXWkEvFcT9Xo2a4V5_NFUFZMP\/view?usp=sharing\" target=\"_blank\" rel=\"noopener noreferrer\"><span style=\"color: #000000;\"><strong>FUNCIONAMENT AULA D&#8217;INFORM\u00c0TICA<\/strong><\/span><\/a><\/td>\n<\/tr>\n<\/tbody>\n<\/table>\n<table style=\"border-color: #178f7d; border-style: solid; width: 28.4782%; height: 234px;\">\n<tbody>\n<tr>\n<td style=\"background-color: #19b3a1; border-color: #2ab09a; width: 100%;\"><span style=\"color: #000000;\"><strong>APLICACIONS DIGITALS<\/strong><\/span><\/td>\n<\/tr>\n<tr>\n<td style=\"border-color: #2ab09a; width: 100%;\"><a href=\"https:\/\/drive.google.com\/file\/d\/14kj0E5ef0NHUyi2gFMGLu4RAt6uF6ecX\/view?usp=sharing\" target=\"_blank\" rel=\"noopener noreferrer\"><span style=\"color: #000000;\"><strong>GOOGLE APPS- MOODLE, P\u00c0GINA WEB<\/strong><\/span><\/a><\/td>\n<\/tr>\n<tr>\n<td style=\"border-color: #2ab09a; width: 100%;\"><a href=\"https:\/\/drive.google.com\/file\/d\/1EQ4ngSMd55Iwlw7HvkVuO4s-qu3jZIhc\/view?usp=sharing\" target=\"_blank\" rel=\"noopener\"><span style=\"color: #000000;\"><strong>MICROSOFT 365 EN L\u00cdNIA<\/strong><\/span><\/a><\/td>\n<\/tr>\n<tr>\n<td style=\"border-color: #2ab09a; width: 100%;\"><a href=\"https:\/\/drive.google.com\/file\/d\/1c3Yk0RviZTeDr6ot3LB1BKgIzjRJLB_y\/view?usp=sharing\" target=\"_blank\" rel=\"noopener\"><span style=\"color: #000000;\"><strong>CONFIGURACI\u00d3 MULTIFACTOR<\/strong><\/span><\/a><\/td>\n<\/tr>\n<tr>\n<td style=\"border-color: #2ab09a; width: 100%;\"><a href=\"https:\/\/drive.google.com\/file\/d\/1zmScWN0ApQB8esO_GoCezm8RHx6Gwafs\/view?usp=sharing\" target=\"_blank\" rel=\"noopener\"><span style=\"color: #000000;\"><strong>INFORMACI\u00d3 DE L&#8217;ACTIVACI\u00d3 DELS SERVEIS MICROSOFT 365 EN L\u00cdNIA<\/strong><\/span><\/a><\/td>\n<\/tr>\n<tr>\n<td style=\"border-color: #2ab09a; width: 100%;\"><a href=\"https:\/\/dossier.xtec.cat\/\" target=\"_blank\" rel=\"noopener\"><span style=\"color: #000000;\"><strong>DOSSIER XTEC<\/strong><\/span><\/a><\/td>\n<\/tr>\n<tr>\n<td style=\"border-color: #2ab09a; width: 100%;\"><a href=\"https:\/\/sites.google.com\/site\/appsinsponts\/\/\" target=\"_blank\" rel=\"noopener\"><span style=\"color: #000000;\"><strong>EINES I CONTINGUTS DIGITALS ONLINE<\/strong><\/span><\/a><\/td>\n<\/tr>\n<\/tbody>\n<\/table>\n<table style=\"border-color: #178f7d; border-style: solid; width: 21.7262%;\">\n<tbody>\n<tr>\n<td style=\"background-color: #19b3a1; border-color: #2ab09a; width: 100%;\"><span style=\"color: #000000;\"><strong>IMPRESSI\u00d3<\/strong><\/span><\/td>\n<\/tr>\n<tr>\n<td style=\"border-color: #2ab09a; width: 100%;\"><a href=\"https:\/\/drive.google.com\/file\/d\/1wFnBrTu3QJsR72ea-FR7YPwwGdX1PM3P\/view?usp=sharing\" target=\"_blank\" rel=\"noopener noreferrer\"><span style=\"color: #000000;\"><strong>SERVEI FOTOC\u00d2PIES<\/strong><\/span><\/a><\/td>\n<\/tr>\n<tr>\n<td style=\"border-color: #2ab09a; width: 100%;\"><a href=\"https:\/\/drive.google.com\/file\/d\/1u2sCZTjLdYA-AMhGf0WxfAXS75TBGiHs\/view?usp=sharing\" target=\"_blank\" rel=\"noopener noreferrer\"><span style=\"color: #000000;\"><strong>ENCAP\u00c7ALAMENT EXAMEN<\/strong><\/span><\/a><\/td>\n<\/tr>\n<\/tbody>\n<\/table>\n<table style=\"border-color: #178f7d; border-style: solid; width: 18.0645%; height: 76px;\">\n<tbody>\n<tr style=\"height: 37px;\">\n<td style=\"background-color: #19b3a1; border-color: #2ab09a; width: 210.844px; height: 37px;\"><span style=\"color: #000000;\"><strong>PUBLICAR UNA NOT\u00cdCIA A LA WEB<\/strong><\/span><\/td>\n<\/tr>\n<tr style=\"height: 39px;\">\n<td style=\"border-color: #2ab09a; width: 210.844px; height: 39px;\"><a href=\"https:\/\/drive.google.com\/file\/d\/1YfVenUyKqdSGsOBPZgJsBQhtO_Oz2X63\/view?usp=sharing\" target=\"_blank\" rel=\"noopener\"><span style=\"color: #000000;\"><b>INDICACIONS<\/b><\/span><\/a><\/td>\n<\/tr>\n<\/tbody>\n<\/table>\n<table style=\"border-color: #178f7d; border-style: solid; width: 20.1764%; height: 263px;\">\n<tbody>\n<tr style=\"height: 33px;\">\n<td style=\"background-color: #19b3a1; border-color: #2ab09a; height: 33px;\"><span style=\"color: #000000;\"><strong>ORDINADOR PORT\u00c0TIL DOCENT I PANELL<\/strong><\/span><\/td>\n<\/tr>\n<tr style=\"height: 33px;\">\n<td style=\"border-color: #2ab09a; height: 33px;\"><a href=\"https:\/\/drive.google.com\/file\/d\/1zZdbeKO1AVXjXH8_MPnrKbvVj-xV6DM_\/view?usp=sharing\" target=\"_blank\" rel=\"noopener\"><span style=\"color: #000000;\"><strong>CONNEXI\u00d3 ORDINADOR AMB PANELL DIGITAL<\/strong><\/span><\/a><\/td>\n<\/tr>\n<tr style=\"height: 33px;\">\n<td style=\"border-color: #2ab09a; height: 33px;\"><a href=\"https:\/\/drive.google.com\/file\/d\/1-upGU5WlPeezEWXyQbeJYyMqCxWFgICE\/view?usp=sharing\" target=\"_blank\" rel=\"noopener noreferrer\"><span style=\"color: #000000;\"><strong>PRESENTACI\u00d3 DIAPOSITIVES LIBRE OFFICE<\/strong><\/span><\/a><\/td>\n<\/tr>\n<tr style=\"height: 33px;\">\n<td style=\"border-color: #2ab09a; height: 33px;\"><a href=\"https:\/\/drive.google.com\/file\/d\/1-teOva0j21KdwfqklvyH2UXIIGP2IjPY\/view?usp=sharing\" target=\"_blank\" rel=\"noopener noreferrer\"><span style=\"color: #000000;\"><strong>DESHABILITAR MICROSOFT TEAMS A L&#8217;INICI<\/strong><\/span><\/a><\/td>\n<\/tr>\n<\/tbody>\n<\/table>\n<table style=\"border-color: #178f7d; border-style: solid; height: 98px; width: 24.0326%;\">\n<tbody>\n<tr style=\"height: 32px;\">\n<td style=\"background-color: #19b3a1; border-color: #2ab09a; height: 32px; width: 100%;\"><span style=\"color: #000000;\"><strong>PANELL DIGITAL\u00a0<\/strong><\/span><\/td>\n<\/tr>\n<tr style=\"height: 33px;\">\n<td style=\"border-color: #2ab09a; width: 100%; height: 33px;\"><span style=\"color: #000000;\"><strong><a style=\"color: #000000;\" href=\"https:\/\/drive.google.com\/drive\/folders\/1I9j-IGqGVQJraglnvunrRPndZHSwx056\" target=\"_blank\" rel=\"noopener\">BAIXAR<\/a><a style=\"color: #000000;\" href=\"https:\/\/drive.google.com\/drive\/folders\/1I9j-IGqGVQJraglnvunrRPndZHSwx056\" target=\"_blank\" rel=\"noopener\"> PROGRAMA NEWLINE CAST<\/a><\/strong><\/span><\/td>\n<\/tr>\n<tr style=\"height: 33px;\">\n<td style=\"border-color: #2ab09a; width: 100%; height: 33px;\"><span style=\"color: #000000;\"><a style=\"color: #000000;\" href=\"https:\/\/projectes.xtec.cat\/digital\/equipaments-i-infraestructures\/panells-digitals\/panell-newline\/\" target=\"_blank\" rel=\"noopener\"><strong>INSTRUCCIONS DEL PANELL NEWLINE<\/strong><\/a><\/span><\/td>\n<\/tr>\n<\/tbody>\n<\/table>\n<p>&nbsp;<\/p>\n<table style=\"border-color: #178f7d; border-style: solid;\">\n<tbody>\n<tr>\n<td style=\"background-color: #19b3a1; border-color: #2ab09a;\"><span style=\"color: #000000;\"><strong>AVARIES ORDINADOR PORT\u00c0TIL DOCENT<\/strong><\/span><\/td>\n<\/tr>\n<tr>\n<td style=\"border-color: #2ab09a;\"><a href=\"https:\/\/drive.google.com\/file\/d\/1I5LYYsgmwN-cE0A3K84256Yq3n3qTuXf\/view?usp=sharing\" target=\"_blank\" rel=\"noopener noreferrer\"><span style=\"color: #000000;\"><strong>COMUNICAR AVARIES<\/strong><\/span><\/a><\/td>\n<\/tr>\n<\/tbody>\n<\/table>\n<table style=\"border-color: #178f7d; border-style: solid;\">\n<tbody>\n<tr>\n<td style=\"background-color: #19b3a1; border-color: #2ab09a;\"><span style=\"color: #000000;\"><strong>DESBLOQUEJAR ORDINADOR PORT\u00c0TIL DOCENT<\/strong><\/span><\/td>\n<\/tr>\n<tr>\n<td style=\"border-color: #2ab09a;\"><a href=\"https:\/\/drive.google.com\/file\/d\/1DDWd_X3Ph0k-KujCPDval2M_aL5YMO26\/view?usp=sharing\" target=\"_blank\" rel=\"noopener noreferrer\"><span style=\"color: #000000;\"><strong>BITLOCKER RECOVERY<\/strong><\/span><\/a><\/td>\n<\/tr>\n<\/tbody>\n<\/table>\n<p>&nbsp;<\/p>\n<table style=\"border-color: #178f7d; border-style: solid;\">\n<tbody>\n<tr>\n<td style=\"background-color: #19b3a1; border-color: #2ab09a;\"><span style=\"color: #000000;\"><strong>XARXA WIFI<\/strong><\/span><\/td>\n<\/tr>\n<tr>\n<td style=\"border-color: #2ab09a;\"><a href=\"https:\/\/drive.google.com\/file\/d\/1qQUGeJHE0rHtRa2AuNyhV_quq7fvXEIK\/view?usp=sharing\" target=\"_blank\" rel=\"noopener noreferrer\"><span style=\"color: #000000;\"><strong>CONNEXI\u00d3 XARXA WIFI<\/strong><\/span><\/a><\/td>\n<\/tr>\n<tr>\n<td style=\"border-color: #2ab09a;\"><a href=\"https:\/\/drive.google.com\/file\/d\/100vkCM_wWCeEj-96b35fyzE3nORazM7h\/view?usp=sharing\" target=\"_blank\" rel=\"noopener noreferrer\"><span style=\"color: #000000;\"><strong>XARXA EDUROAM<\/strong><\/span><\/a><\/td>\n<\/tr>\n<\/tbody>\n<\/table>\n<p>&nbsp;<\/p>\n<table style=\"border-color: #178f7d; border-style: solid;\">\n<tbody>\n<tr>\n<td style=\"background-color: #19b3a1; border-color: #2ab09a;\"><span style=\"color: #000000;\"><strong>DESCARREGAR I INSTAL\u00b7LAR L&#8217;IDECAT<\/strong><\/span><\/td>\n<\/tr>\n<tr>\n<td style=\"border-color: #2ab09a;\"><a href=\"https:\/\/drive.google.com\/file\/d\/1mqRAqrCjOWkfnQJ3f-LkuYu7Wu2_jnQ-\/view?usp=sharing\" target=\"_blank\" rel=\"noopener\"><span style=\"color: #000000;\"><b>CLIC<\/b><\/span><\/a><\/td>\n<\/tr>\n<\/tbody>\n<\/table>\n<p><span style=\"color: #000000;\"><strong>\u00a0<\/strong><\/span><\/p>\n","protected":false},"excerpt":{"rendered":"<p>CORREU ELECTR\u00d2NIC INSTITUT: c5006574@xtec.cat\u00a0<\/p>\n<p>PLATAFORMA IEDUCA<\/p>\n<p><a href=\"https:\/\/drive.google.com\/file\/d\/11MHQ6d5dex8Oj3OQmzNH2KEk_98W4wFe\/view?usp=sharing\" target=\"_blank\" rel=\"noopener\">COM ENTRAR A IEDUCA<\/a><\/p>\n<p><a href=\"https:\/\/drive.google.com\/file\/d\/1O8xT_EAxiBQJfTt8x7lijzUQV2cdBOpp\/view?usp=sharing\" target=\"_blank\" rel=\"noopener\">PASSAR FALTES D&#8217;ASSIST\u00c8NCIA<\/a><\/p>\n<p><a href=\"https:\/\/drive.google.com\/file\/d\/1rRVve_G-cG8_3VG2DqGKqIwQDVMsBlXy\/view?usp=sharing\" target=\"_blank\" rel=\"noopener\">PASSAR FALTES D&#8217;ASSIST\u00c8NCIA D&#8217;UNA GU\u00c0RDIA<\/a><\/p>\n<p><a href=\"https:\/\/drive.google.com\/file\/d\/1ZTmWXEzvjE7ACp53PdfeOT7yo_x3-tU2\/view?usp=sharing\" target=\"_blank\" rel=\"noopener\">COMUNICAR UNA ABS\u00c8NCIA<\/a><\/p>\n<p><a href=\"https:\/\/drive.google.com\/file\/d\/1-N8Ryx3Wxyr9PbxYXOrin5fictztOEq3\/view?usp=sharing\" target=\"_blank\" rel=\"noopener\">RESERVAR UNA AULA<\/a><\/p>\n<p>&nbsp;<\/p>\n<p>RECURSOS DIGITALS<\/p>\n<p><a href=\"https:\/\/drive.google.com\/file\/d\/1mVFY_FCI-uGXJFsJ-NvPaFodeWV8xHBX\/view?usp=sharing\" target=\"_blank\" rel=\"noopener noreferrer\">APARELLS INFORM\u00c0TICS<\/a><\/p>\n<p><a href=\"https:\/\/drive.google.com\/file\/d\/1Cs76JGOYXWkEvFcT9Xo2a4V5_NFUFZMP\/view?usp=sharing\" target=\"_blank\" rel=\"noopener noreferrer\">FUNCIONAMENT AULA D&#8217;INFORM\u00c0TICA<\/a><\/p>\n<p>APLICACIONS&hellip;  <a href=\"https:\/\/agora.xtec.cat\/insponts\/serveis\/serveis-digitals\/\" title=\"Read Serveis digitals\">Llegeix m\u00e9s\u00bb<\/a><\/p>\n","protected":false},"author":1,"featured_media":0,"parent":63,"menu_order":10,"comment_status":"closed","ping_status":"closed","template":"page-templates\/side-menu.php","meta":{"_bbp_topic_count":0,"_bbp_reply_count":0,"_bbp_total_topic_count":0,"_bbp_total_reply_count":0,"_bbp_voice_count":0,"_bbp_anonymous_reply_count":0,"_bbp_topic_count_hidden":0,"_bbp_reply_count_hidden":0,"_bbp_forum_subforum_count":0,"footnotes":""},"class_list":["post-65","page","type-page","status-publish","hentry"],"post_mailing_queue_ids":[],"_links":{"self":[{"href":"https:\/\/agora.xtec.cat\/insponts\/wp-json\/wp\/v2\/pages\/65","targetHints":{"allow":["GET"]}}],"collection":[{"href":"https:\/\/agora.xtec.cat\/insponts\/wp-json\/wp\/v2\/pages"}],"about":[{"href":"https:\/\/agora.xtec.cat\/insponts\/wp-json\/wp\/v2\/types\/page"}],"author":[{"embeddable":true,"href":"https:\/\/agora.xtec.cat\/insponts\/wp-json\/wp\/v2\/users\/1"}],"replies":[{"embeddable":true,"href":"https:\/\/agora.xtec.cat\/insponts\/wp-json\/wp\/v2\/comments?post=65"}],"version-history":[{"count":6,"href":"https:\/\/agora.xtec.cat\/insponts\/wp-json\/wp\/v2\/pages\/65\/revisions"}],"predecessor-version":[{"id":2821,"href":"https:\/\/agora.xtec.cat\/insponts\/wp-json\/wp\/v2\/pages\/65\/revisions\/2821"}],"up":[{"embeddable":true,"href":"https:\/\/agora.xtec.cat\/insponts\/wp-json\/wp\/v2\/pages\/63"}],"wp:attachment":[{"href":"https:\/\/agora.xtec.cat\/insponts\/wp-json\/wp\/v2\/media?parent=65"}],"curies":[{"name":"wp","href":"https:\/\/api.w.org\/{rel}","templated":true}]}}