{"id":57,"date":"2014-09-17T17:01:07","date_gmt":"2014-09-17T17:01:07","guid":{"rendered":"http:\/\/agora.xtec.cat\/insponts\/?page_id=57"},"modified":"2024-10-29T13:47:10","modified_gmt":"2024-10-29T12:47:10","slug":"projecte-educatiu","status":"publish","type":"page","link":"https:\/\/agora.xtec.cat\/insponts\/projecte-educatiu\/","title":{"rendered":"Erasmus +"},"content":{"rendered":"\r\n\t<div class=\"slideshow_container slideshow_container_style-light\" style=\"height: 300px; \" data-slideshow-id=\"4043\" data-style-name=\"style-light\" data-style-version=\"2.3.1\" >\r\n\r\n\t\t\t\t\t<div class=\"slideshow_loading_icon\"><\/div>\r\n\t\t\r\n\t\t<div class=\"slideshow_content\" style=\"display: none;\">\r\n\r\n\t\t\t<div class=\"slideshow_view\">\r\n\t\t\t\t<div class=\"slideshow_slide slideshow_slide_image\">\r\n\t\t\t\t\t\t\t\t\t\t\t<img src=\"https:\/\/agora.xtec.cat\/insponts\/wp-content\/uploads\/usu850\/2024\/10\/leaflet-1.png\" alt=\"leaflet 1\" width=\"1126\" height=\"787\" \/>\r\n\t\t\t\t\t\t\t\t\t\t<div class=\"slideshow_description_box slideshow_transparent\">\r\n\t\t\t\t\t\t<div class=\"slideshow_title\">leaflet 1<\/div>\t\t\t\t\t\t\t\t\t\t\t<\/div>\r\n\t\t\t\t<\/div>\r\n\r\n\t\t\t\t\t\t<div style=\"clear: both;\"><\/div><\/div><div class=\"slideshow_view\">\r\n\t\t\t\t<div class=\"slideshow_slide slideshow_slide_image\">\r\n\t\t\t\t\t\t\t\t\t\t\t<img src=\"https:\/\/agora.xtec.cat\/insponts\/wp-content\/uploads\/usu850\/2024\/10\/leaflet-2.png\" alt=\"leaflet 2\" width=\"1120\" height=\"784\" \/>\r\n\t\t\t\t\t\t\t\t\t\t<div class=\"slideshow_description_box slideshow_transparent\">\r\n\t\t\t\t\t\t<div class=\"slideshow_title\">leaflet 2<\/div>\t\t\t\t\t\t\t\t\t\t\t<\/div>\r\n\t\t\t\t<\/div>\r\n\r\n\t\t\t\t\t\t<div style=\"clear: both;\"><\/div><\/div>\r\n\t\t<\/div>\r\n\r\n\t\t<div class=\"slideshow_controlPanel slideshow_transparent\" style=\"display: none;\"><ul><li class=\"slideshow_togglePlay\" data-play-text=\"Visualitza\" data-pause-text=\"Pausa\"><\/li><\/ul><\/div>\r\n\r\n\t\t<div class=\"slideshow_button slideshow_previous slideshow_transparent\" role=\"button\" data-previous-text=\"Anterior\" style=\"display: none;\"><\/div>\r\n\t\t<div class=\"slideshow_button slideshow_next slideshow_transparent\" role=\"button\" data-next-text=\"Seg\u00fcent\" style=\"display: none;\"><\/div>\r\n\r\n\t\t<div class=\"slideshow_pagination\" style=\"display: none;\" data-go-to-text=\"V\u00e9s a la diapositiva\"><div class=\"slideshow_pagination_center\"><\/div><\/div>\r\n\r\n\t\t<!-- WordPress Slideshow Version 2.3.1 -->\r\n\r\n\t\t\t<\/div>\r\n\r\n\n<h1><b><img loading=\"lazy\" decoding=\"async\" class=\"wp-image-4036 size-full alignright\" src=\"https:\/\/agora.xtec.cat\/insponts\/wp-content\/uploads\/usu850\/2024\/10\/logo-2-1.jpg\" alt=\"\" width=\"272\" height=\"269\" \/> <img loading=\"lazy\" decoding=\"async\" class=\"alignleft wp-image-4034 size-full\" src=\"https:\/\/agora.xtec.cat\/insponts\/wp-content\/uploads\/usu850\/2024\/10\/logo-1-e1730190050324.jpg\" alt=\"\" width=\"317\" height=\"278\" srcset=\"https:\/\/agora.xtec.cat\/insponts\/wp-content\/uploads\/usu850\/2024\/10\/logo-1-e1730190050324.jpg 317w, https:\/\/agora.xtec.cat\/insponts\/wp-content\/uploads\/usu850\/2024\/10\/logo-1-e1730190050324-300x263.jpg 300w\" sizes=\"auto, (max-width: 317px) 100vw, 317px\" \/><\/b><\/h1>\n<h1><\/h1>\n<h1><b>ERASMUS+ PROJECT<\/b><\/h1>\n<h1><b>L.A.N.D.L.A.B<\/b><\/h1>\n<p><b>2022-1-IT02-KA210-SCH-000082763<\/b><\/p>\n<p><b><br \/>\n<\/b><b>Learning About Nature Discloses Landscapes And Biodiversity<\/b><\/p>\n<p><b><br \/>\n<\/b><b>Projecte Erasmus+ L.A.N.D.L.A.B. : Una Experi\u00e8ncia d&#8217;Aprenentatge, Sostenibilitat i Multiling\u00fcisme<\/b><\/p>\n<p><span style=\"font-weight: 400;\">Els cursos 2022-23 i 2023-24, el nostre institut ha participat en un projecte Erasmus+ centrat en la sostenibilitat, col\u00b7laborant amb estudiants i professors de diferents pa\u00efsos europeus. El projecte es va dur a terme \u00edntegrament en angl\u00e8s, fet que va permetre als nostres alumnes millorar considerablement la seva compet\u00e8ncia ling\u00fc\u00edstica en aquest idioma, a m\u00e9s de facilitar una comunicaci\u00f3 flu\u00efda i efectiva amb la resta de participants internacionals. Aquesta experi\u00e8ncia va posar en pr\u00e0ctica l\u2019angl\u00e8s en contextos reals, consolidant-lo com una eina de comunicaci\u00f3 global per abordar temes cr\u00edtics com la sostenibilitat.<\/span><\/p>\n<p><span style=\"font-weight: 400;\">Aquest projecte va incloure tres mobilitats a les escoles dels pa\u00efsos socis, a It\u00e0lia, Gr\u00e8cia i Tx\u00e8quia, on els nostres alumnes van treballar temes com la conservaci\u00f3 del paisatge, la biodiversitat i la revitalitzaci\u00f3 de zones naturals, tot sempre en angl\u00e8s. Aquestes visites van ser clau per enriquir el coneixement i la consci\u00e8ncia ambiental dels participants, i tamb\u00e9 per submergir-se en un entorn multiling\u00fce i intercultural que refor\u00e7a les habilitats comunicatives i l\u2019obertura de mires.<\/span><\/p>\n<p><span style=\"font-weight: 400;\">La quarta i \u00faltima mobilitat, celebrada a Catalunya l\u2019abril passat, va servir com a cloenda del projecte, reunint totes les activitats finals amb la pres\u00e8ncia d\u2019estudiants i professors de les escoles s\u00f2cies. Aquesta fase va ser un moment especial per mostrar el nostre territori i refor\u00e7ar el missatge de sostenibilitat i comprom\u00eds comunitari.<\/span><\/p>\n<h4><b>Activitats Realitzades<\/b><\/h4>\n<p><span style=\"font-weight: 400;\">Durant els dos anys de projecte, els alumnes van treballar en grups internacionals per crear diversos productes, incloent un c\u00f2mic que narra les aventures d\u2019una alien\u00edgena que visita la Terra per conscienciar els humans sobre la import\u00e0ncia de protegir el planeta. Tamb\u00e9 van produir v\u00eddeos sobre les diferents tem\u00e0tiques del projecte, un fullet\u00f3 informatiu, un blog i un herbari amb plantes locals recollides als quatre pa\u00efsos participants. Aquests productes reflecteixen la creativitat i la implicaci\u00f3 dels alumnes en els temes de sostenibilitat i educaci\u00f3 ambiental.<\/span><\/p>\n<p><span style=\"font-weight: 400;\">Durant aquesta mobilitat final, els alumnes i professors van realitzar diverses visites a espais naturals i patrimonials de la nostra zona (Parc del Segre, Pant\u00e0 de Rialb, Sant Pere de Ponts, Col\u00f2nia la F\u00e0brica, Presa del Tossal del Canal d\u2019Urgell, Sant Lloren\u00e7 de Montgai, el T\u00famul de Ser\u00f3, etc.) promovent el valor de la sostenibilitat en el nostre entorn i mantenint l&#8217;\u00fas de l&#8217;angl\u00e8s com a llengua vehicular per a totes les activitats.\u00a0<\/span><\/p>\n<p><span style=\"font-weight: 400;\">Per donar m\u00e9s visibilitat als resultats, l\u2019equip catal\u00e0 va crear i distribuir fulletons amb codis QR que enlla\u00e7aven a un blog on s\u2019explicava totes les activitats dutes a terme durant el projecte. A m\u00e9s, la campanya de difusi\u00f3 que es va fer durant la mobilitat a Ponts, va obtenir cobertura a la televisi\u00f3 regional de Lleida, cosa la qual va contribuir significativament a incrementar-ne la visibilitat.<\/span><\/p>\n<p><span style=\"font-weight: 400;\">En aquest sentit, es va involucrar tota la comunitat educativa i la poblaci\u00f3 de Ponts amb diverses iniciatives: es va organitzar una parada de difusi\u00f3 al mercat, on es va realitzar una flashmob, captivant els assistents amb un missatge potent de sostenibilitat. Tamb\u00e9 es va visitar l\u2019escola de prim\u00e0ria local per explicar el projecte als alumnes m\u00e9s joves, fomentant aix\u00ed la consci\u00e8ncia ambiental des de les primeres etapes educatives.<\/span><\/p>\n<p><span style=\"font-weight: 400;\">Un altre espai de difusi\u00f3 important, va ser durant el<\/span><i><span style=\"font-weight: 400;\"> Dia de Projectes<\/span><\/i><span style=\"font-weight: 400;\"> celebrat a l\u2019Institut l\u2019\u00faltima setmana de curs, on els alumnes van presentar en angl\u00e8s el treball realitzat davant altres estudiants i professors, refor\u00e7ant la visibilitat dels valors i objectius del projecte i consolidant l\u2019\u00fas de l\u2019angl\u00e8s en la comunicaci\u00f3.<\/span><\/p>\n<p>&nbsp;<\/p>\n<h4><b>Impacte i Satisfacci\u00f3<\/b><\/h4>\n<p><span style=\"font-weight: 400;\">El projecte va rebre una valoraci\u00f3 excel\u00b7lent per part de la comunitat educativa i dels socis participants, destacant-ne la creativitat i l\u2019efectivitat de les activitats. La darrera mobilitat a Catalunya va oferir una experi\u00e8ncia cultural i educativa molt completa, incloent intercanvis amb grups culturals locals com els Castellers de Tremp, els capgrossos i el grup de Sardanes de Ponts. Aquests intercanvis van permetre als participants internacionals una visi\u00f3 de la sostenibilitat cultural i de la import\u00e0ncia de preservar les tradicions locals.<\/span><\/p>\n<h4><b>Conclusi\u00f3<\/b><\/h4>\n<p><span style=\"font-weight: 400;\">Aquest projecte Erasmus+ ha estat una experi\u00e8ncia inoblidable, demostrant que la sostenibilitat \u00e9s molt m\u00e9s que una tem\u00e0tica acad\u00e8mica: \u00e9s una pr\u00e0ctica que connecta cultures i fomenta la consci\u00e8ncia ambiental i comunit\u00e0ria. El fet que totes les activitats s\u2019hagin realitzat en angl\u00e8s ha perm\u00e8s que els nostres alumnes desenvolupin una compet\u00e8ncia essencial en l\u2019idioma, obrint-los noves oportunitats a nivell acad\u00e8mic i personal. Gr\u00e0cies a aquest projecte, el nostre institut forma part activa en la creaci\u00f3 d&#8217;una generaci\u00f3 compromesa amb la preservaci\u00f3 de l\u2019entorn, de les tradicions locals i preparada per comunicar-se en un m\u00f3n globalitzat.<\/span><\/p>\n\r\n\t<div class=\"slideshow_container slideshow_container_style-light\" style=\"height: 300px; \" data-slideshow-id=\"4048\" data-style-name=\"style-light\" data-style-version=\"2.3.1\" >\r\n\r\n\t\t\t\t\t<div class=\"slideshow_loading_icon\"><\/div>\r\n\t\t\r\n\t\t<div class=\"slideshow_content\" style=\"display: none;\">\r\n\r\n\t\t\t<div class=\"slideshow_view\">\r\n\t\t\t\t<div class=\"slideshow_slide slideshow_slide_image\">\r\n\t\t\t\t\t\t\t\t\t\t\t<img src=\"https:\/\/agora.xtec.cat\/insponts\/wp-content\/uploads\/usu850\/2024\/10\/20240410_152847-scaled.jpg\" alt=\"20240410_152847\" width=\"2560\" height=\"1154\" \/>\r\n\t\t\t\t\t\t\t\t\t\t<div class=\"slideshow_description_box slideshow_transparent\">\r\n\t\t\t\t\t\t<div class=\"slideshow_title\">20240410_152847<\/div>\t\t\t\t\t\t\t\t\t\t\t<\/div>\r\n\t\t\t\t<\/div>\r\n\r\n\t\t\t\t\t\t<div style=\"clear: both;\"><\/div><\/div><div class=\"slideshow_view\">\r\n\t\t\t\t<div class=\"slideshow_slide slideshow_slide_image\">\r\n\t\t\t\t\t\t\t\t\t\t\t<img src=\"https:\/\/agora.xtec.cat\/insponts\/wp-content\/uploads\/usu850\/2024\/10\/Screenshot_20241029_095958_Instagram.jpg\" alt=\"Screenshot_20241029_095958_Instagram\" width=\"1080\" height=\"562\" \/>\r\n\t\t\t\t\t\t\t\t\t\t<div class=\"slideshow_description_box slideshow_transparent\">\r\n\t\t\t\t\t\t<div class=\"slideshow_title\">Screenshot_20241029_095958_Instagram<\/div>\t\t\t\t\t\t\t\t\t\t\t<\/div>\r\n\t\t\t\t<\/div>\r\n\r\n\t\t\t\t\t\t<div style=\"clear: both;\"><\/div><\/div><div class=\"slideshow_view\">\r\n\t\t\t\t<div class=\"slideshow_slide slideshow_slide_image\">\r\n\t\t\t\t\t\t\t\t\t\t\t<img src=\"https:\/\/agora.xtec.cat\/insponts\/wp-content\/uploads\/usu850\/2024\/10\/Screenshot_20241029_095858_Instagram.jpg\" alt=\"Screenshot_20241029_095858_Instagram\" width=\"1048\" height=\"845\" \/>\r\n\t\t\t\t\t\t\t\t\t\t<div class=\"slideshow_description_box slideshow_transparent\">\r\n\t\t\t\t\t\t<div class=\"slideshow_title\">Screenshot_20241029_095858_Instagram<\/div>\t\t\t\t\t\t\t\t\t\t\t<\/div>\r\n\t\t\t\t<\/div>\r\n\r\n\t\t\t\t\t\t<div style=\"clear: both;\"><\/div><\/div><div class=\"slideshow_view\">\r\n\t\t\t\t<div class=\"slideshow_slide slideshow_slide_image\">\r\n\t\t\t\t\t\t\t\t\t\t\t<img src=\"https:\/\/agora.xtec.cat\/insponts\/wp-content\/uploads\/usu850\/2024\/10\/Screenshot_20241029_095658_Instagram.jpg\" alt=\"Screenshot_20241029_095658_Instagram\" width=\"913\" height=\"684\" \/>\r\n\t\t\t\t\t\t\t\t\t\t<div class=\"slideshow_description_box slideshow_transparent\">\r\n\t\t\t\t\t\t<div class=\"slideshow_title\">Screenshot_20241029_095658_Instagram<\/div>\t\t\t\t\t\t\t\t\t\t\t<\/div>\r\n\t\t\t\t<\/div>\r\n\r\n\t\t\t\t\t\t<div style=\"clear: both;\"><\/div><\/div><div class=\"slideshow_view\">\r\n\t\t\t\t<div class=\"slideshow_slide slideshow_slide_image\">\r\n\t\t\t\t\t\t\t\t\t\t\t<img src=\"https:\/\/agora.xtec.cat\/insponts\/wp-content\/uploads\/usu850\/2024\/10\/Screenshot_20241029_095639_Instagram.jpg\" alt=\"Screenshot_20241029_095639_Instagram\" width=\"1080\" height=\"684\" \/>\r\n\t\t\t\t\t\t\t\t\t\t<div class=\"slideshow_description_box slideshow_transparent\">\r\n\t\t\t\t\t\t<div class=\"slideshow_title\">Screenshot_20241029_095639_Instagram<\/div>\t\t\t\t\t\t\t\t\t\t\t<\/div>\r\n\t\t\t\t<\/div>\r\n\r\n\t\t\t\t\t\t<div style=\"clear: both;\"><\/div><\/div><div class=\"slideshow_view\">\r\n\t\t\t\t<div class=\"slideshow_slide slideshow_slide_image\">\r\n\t\t\t\t\t\t\t\t\t\t\t<img src=\"https:\/\/agora.xtec.cat\/insponts\/wp-content\/uploads\/usu850\/2024\/10\/Screenshot_20241029_095525_Instagram.jpg\" alt=\"Screenshot_20241029_095525_Instagram\" width=\"1080\" height=\"1018\" \/>\r\n\t\t\t\t\t\t\t\t\t\t<div class=\"slideshow_description_box slideshow_transparent\">\r\n\t\t\t\t\t\t<div class=\"slideshow_title\">Screenshot_20241029_095525_Instagram<\/div>\t\t\t\t\t\t\t\t\t\t\t<\/div>\r\n\t\t\t\t<\/div>\r\n\r\n\t\t\t\t\t\t<div style=\"clear: both;\"><\/div><\/div><div class=\"slideshow_view\">\r\n\t\t\t\t<div class=\"slideshow_slide slideshow_slide_image\">\r\n\t\t\t\t\t\t\t\t\t\t\t<img src=\"https:\/\/agora.xtec.cat\/insponts\/wp-content\/uploads\/usu850\/2024\/10\/Screenshot_20241029_095329_Instagram.jpg\" alt=\"Screenshot_20241029_095329_Instagram\" width=\"1080\" height=\"864\" \/>\r\n\t\t\t\t\t\t\t\t\t\t<div class=\"slideshow_description_box slideshow_transparent\">\r\n\t\t\t\t\t\t<div class=\"slideshow_title\">Screenshot_20241029_095329_Instagram<\/div>\t\t\t\t\t\t\t\t\t\t\t<\/div>\r\n\t\t\t\t<\/div>\r\n\r\n\t\t\t\t\t\t<div style=\"clear: both;\"><\/div><\/div><div class=\"slideshow_view\">\r\n\t\t\t\t<div class=\"slideshow_slide slideshow_slide_image\">\r\n\t\t\t\t\t\t\t\t\t\t\t<img src=\"https:\/\/agora.xtec.cat\/insponts\/wp-content\/uploads\/usu850\/2024\/10\/Screenshot_20241029_094821_Instagram.jpg\" alt=\"Screenshot_20241029_094821_Instagram\" width=\"1075\" height=\"1056\" \/>\r\n\t\t\t\t\t\t\t\t\t\t<div class=\"slideshow_description_box slideshow_transparent\">\r\n\t\t\t\t\t\t<div class=\"slideshow_title\">Screenshot_20241029_094821_Instagram<\/div>\t\t\t\t\t\t\t\t\t\t\t<\/div>\r\n\t\t\t\t<\/div>\r\n\r\n\t\t\t\t\t\t<div style=\"clear: both;\"><\/div><\/div><div class=\"slideshow_view\">\r\n\t\t\t\t<div class=\"slideshow_slide slideshow_slide_image\">\r\n\t\t\t\t\t\t\t\t\t\t\t<img src=\"https:\/\/agora.xtec.cat\/insponts\/wp-content\/uploads\/usu850\/2024\/10\/IMG-20240427-WA0028.jpg\" alt=\"IMG-20240427-WA0028\" width=\"1600\" height=\"1200\" \/>\r\n\t\t\t\t\t\t\t\t\t\t<div class=\"slideshow_description_box slideshow_transparent\">\r\n\t\t\t\t\t\t<div class=\"slideshow_title\">IMG-20240427-WA0028<\/div>\t\t\t\t\t\t\t\t\t\t\t<\/div>\r\n\t\t\t\t<\/div>\r\n\r\n\t\t\t\t\t\t<div style=\"clear: both;\"><\/div><\/div><div class=\"slideshow_view\">\r\n\t\t\t\t<div class=\"slideshow_slide slideshow_slide_image\">\r\n\t\t\t\t\t\t\t\t\t\t\t<img src=\"https:\/\/agora.xtec.cat\/insponts\/wp-content\/uploads\/usu850\/2024\/10\/IMG-20240410-WA0009.jpg\" alt=\"IMG-20240410-WA0009\" width=\"1600\" height=\"1200\" \/>\r\n\t\t\t\t\t\t\t\t\t\t<div class=\"slideshow_description_box slideshow_transparent\">\r\n\t\t\t\t\t\t<div class=\"slideshow_title\">IMG-20240410-WA0009<\/div>\t\t\t\t\t\t\t\t\t\t\t<\/div>\r\n\t\t\t\t<\/div>\r\n\r\n\t\t\t\t\t\t<div style=\"clear: both;\"><\/div><\/div>\r\n\t\t<\/div>\r\n\r\n\t\t<div class=\"slideshow_controlPanel slideshow_transparent\" style=\"display: none;\"><ul><li class=\"slideshow_togglePlay\" data-play-text=\"Visualitza\" data-pause-text=\"Pausa\"><\/li><\/ul><\/div>\r\n\r\n\t\t<div class=\"slideshow_button slideshow_previous slideshow_transparent\" role=\"button\" data-previous-text=\"Anterior\" style=\"display: none;\"><\/div>\r\n\t\t<div class=\"slideshow_button slideshow_next slideshow_transparent\" role=\"button\" data-next-text=\"Seg\u00fcent\" style=\"display: none;\"><\/div>\r\n\r\n\t\t<div class=\"slideshow_pagination\" style=\"display: none;\" data-go-to-text=\"V\u00e9s a la diapositiva\"><div class=\"slideshow_pagination_center\"><\/div><\/div>\r\n\r\n\t\t<!-- WordPress Slideshow Version 2.3.1 -->\r\n\r\n\t\t\t<\/div>\r\n\r\n\n<h4><strong>Productes:<\/strong><\/h4>\n<ul>\n<li style=\"font-weight: 400;\" aria-level=\"1\"><span style=\"font-weight: 400;\">C\u00d2MIC EN CATAL\u00c0:<\/span><\/li>\n<\/ul>\n<p><span style=\"font-weight: 400;\">\u00a0\u00a0\u00a0\u00a0\u00a0\u00a0<\/span><a href=\"https:\/\/drive.google.com\/file\/d\/1IE65q_I_wvMuJ0Ez0j9_J5N9tukxdT1g\/view?usp=sharing\"><span style=\"font-weight: 400;\">https:\/\/drive.google.com\/file\/d\/1IE65q_I_wvMuJ0Ez0j9_J5N9tukxdT1g\/view?usp=sharing<\/span><\/a><\/p>\n<ul>\n<li style=\"font-weight: 400;\" aria-level=\"1\"><span style=\"font-weight: 400;\">C\u00d2MIC EN ANGL\u00c8S:<\/span><\/li>\n<\/ul>\n<p><a href=\"https:\/\/drive.google.com\/file\/d\/1tSJLaEQeDa6GwkV7a9XZFLN4fQATWOrq\/view?usp=sharing\"><span style=\"font-weight: 400;\">https:\/\/drive.google.com\/file\/d\/1tSJLaEQeDa6GwkV7a9XZFLN4fQATWOrq\/view?usp=sharing<\/span><\/a><\/p>\n<ul>\n<li style=\"font-weight: 400;\" aria-level=\"1\"><span style=\"font-weight: 400;\">LEAFLET:<\/span><\/li>\n<\/ul>\n<p><a href=\"https:\/\/drive.google.com\/file\/d\/1tTRDjTsi8ktUv1wMVgLC3FRGHXfdxVM2\/view?usp=sharing\"><span style=\"font-weight: 400;\">https:\/\/drive.google.com\/file\/d\/1tTRDjTsi8ktUv1wMVgLC3FRGHXfdxVM2\/view?usp=sharing<\/span><\/a><\/p>\n<ul>\n<li style=\"font-weight: 400;\" aria-level=\"1\"><span style=\"font-weight: 400;\">HERBARI DIGITAL:<\/span><\/li>\n<\/ul>\n<p><a href=\"https:\/\/docs.google.com\/presentation\/d\/1lR9ghDxy4Bya7Ou5zxYEVmvYkP-Ke261LSUYLY39GaY\/edit?usp=sharing\"><span style=\"font-weight: 400;\">https:\/\/docs.google.com\/presentation\/d\/1lR9ghDxy4Bya7Ou5zxYEVmvYkP-Ke261LSUYLY39GaY\/edit?usp=sharing<\/span><\/a><\/p>\n<ul>\n<li style=\"font-weight: 400;\" aria-level=\"1\"><span style=\"font-weight: 400;\">V\u00cdDEOS TOOLKIT:<\/span><\/li>\n<\/ul>\n<p><a href=\"https:\/\/drive.google.com\/file\/d\/1ryN1ZYOZmxqkFFYrtUbxoe5sjDViRShp\/view?usp=sharing\"><span style=\"font-weight: 400;\">https:\/\/drive.google.com\/file\/d\/1ryN1ZYOZmxqkFFYrtUbxoe5sjDViRShp\/view?usp=sharing<\/span><\/a><\/p>\n<p><a href=\"https:\/\/drive.google.com\/file\/d\/1u2PavxjhsQCmwzQgrQ2-YWDjrnI4V7YN\/view?usp=sharing\"><span style=\"font-weight: 400;\">https:\/\/drive.google.com\/file\/d\/1u2PavxjhsQCmwzQgrQ2-YWDjrnI4V7YN\/view?usp=sharing<\/span><\/a><\/p>\n<ul>\n<li style=\"font-weight: 400;\" aria-level=\"1\"><span style=\"font-weight: 400;\">V\u00cdDEO SUMMARY MOBILITIES:<\/span><\/li>\n<\/ul>\n<p><a href=\"https:\/\/drive.google.com\/file\/d\/1Rdzc0Fzq89vdb2HNQ1lBfiv6AVUb5AFy\/view?usp=sharing\"><span style=\"font-weight: 400;\">https:\/\/drive.google.com\/file\/d\/1Rdzc0Fzq89vdb2HNQ1lBfiv6AVUb5AFy\/view?usp=sharing<\/span><\/a><span style=\"font-weight: 400;\">\u00a0<\/span><\/p>\n<p>&nbsp;<\/p>\n<p><span style=\"font-weight: 400;\">Enlla\u00e7os a publicacions Instagram:<\/span><\/p>\n<ul>\n<li style=\"font-weight: 400;\" aria-level=\"1\"><a href=\"https:\/\/www.instagram.com\/p\/C5l1oyxNYv1\/?utm_source=ig_web_copy_link&amp;igsh=MzRlODBiNWFlZA==\"><span style=\"font-weight: 400;\">https:\/\/www.instagram.com\/p\/C5l1oyxNYv1\/?utm_source=ig_web_copy_link&amp;igsh=MzRlODBiNWFlZA==<\/span><\/a><\/li>\n<li style=\"font-weight: 400;\" aria-level=\"1\"><a href=\"https:\/\/www.instagram.com\/p\/C51PkeMN86c\/?utm_source=ig_web_copy_link&amp;igsh=MzRlODBiNWFlZA==\"><span style=\"font-weight: 400;\">https:\/\/www.instagram.com\/p\/C51PkeMN86c\/?utm_source=ig_web_copy_link&amp;igsh=MzRlODBiNWFlZA==<\/span><\/a><\/li>\n<li style=\"font-weight: 400;\" aria-level=\"1\"><a href=\"https:\/\/www.instagram.com\/p\/CyrAEgRNf7F\/?utm_source=ig_web_copy_link&amp;igsh=MzRlODBiNWFlZA==\"><span style=\"font-weight: 400;\">https:\/\/www.instagram.com\/p\/CyrAEgRNf7F\/?utm_source=ig_web_copy_link&amp;igsh=MzRlODBiNWFlZA==<\/span><\/a><\/li>\n<li style=\"font-weight: 400;\" aria-level=\"1\"><a href=\"https:\/\/www.instagram.com\/p\/Cyl_fPUtSAs\/?utm_source=ig_web_copy_link&amp;igsh=MzRlODBiNWFlZA==\"><span style=\"font-weight: 400;\">https:\/\/www.instagram.com\/p\/Cyl_fPUtSAs\/?utm_source=ig_web_copy_link&amp;igsh=MzRlODBiNWFlZA==<\/span><\/a><\/li>\n<li style=\"font-weight: 400;\" aria-level=\"1\"><a href=\"https:\/\/www.instagram.com\/reel\/CyjbpZ_txsF\/?utm_source=ig_web_copy_link&amp;igsh=MzRlODBiNWFlZA==\"><span style=\"font-weight: 400;\">https:\/\/www.instagram.com\/reel\/CyjbpZ_txsF\/?utm_source=ig_web_copy_link&amp;igsh=MzRlODBiNWFlZA==<\/span><\/a><\/li>\n<li style=\"font-weight: 400;\" aria-level=\"1\"><a href=\"https:\/\/www.instagram.com\/p\/Cyg7LJJtFFo\/?utm_source=ig_web_copy_link&amp;igsh=MzRlODBiNWFlZA==\"><span style=\"font-weight: 400;\">https:\/\/www.instagram.com\/p\/Cyg7LJJtFFo\/?utm_source=ig_web_copy_link&amp;igsh=MzRlODBiNWFlZA==<\/span><\/a><\/li>\n<li style=\"font-weight: 400;\" aria-level=\"1\"><a href=\"https:\/\/www.instagram.com\/p\/CsJmOOGNwmA\/?utm_source=ig_web_copy_link&amp;igsh=MzRlODBiNWFlZA==\"><span style=\"font-weight: 400;\">https:\/\/www.instagram.com\/p\/CsJmOOGNwmA\/?utm_source=ig_web_copy_link&amp;igsh=MzRlODBiNWFlZA==<\/span><\/a><\/li>\n<li style=\"font-weight: 400;\" aria-level=\"1\"><a href=\"https:\/\/www.instagram.com\/p\/CsHebEutCgK\/?utm_source=ig_web_copy_link&amp;igsh=MzRlODBiNWFlZA==\"><span style=\"font-weight: 400;\">https:\/\/www.instagram.com\/p\/CsHebEutCgK\/?utm_source=ig_web_copy_link&amp;igsh=MzRlODBiNWFlZA==<\/span><\/a><\/li>\n<li style=\"font-weight: 400;\" aria-level=\"1\"><a href=\"https:\/\/www.instagram.com\/p\/CsEk8b5tHtb\/?utm_source=ig_web_copy_link&amp;igsh=MzRlODBiNWFlZA==\"><span style=\"font-weight: 400;\">https:\/\/www.instagram.com\/p\/CsEk8b5tHtb\/?utm_source=ig_web_copy_link&amp;igsh=MzRlODBiNWFlZA==<\/span><\/a><\/li>\n<li style=\"font-weight: 400;\" aria-level=\"1\"><a href=\"https:\/\/www.instagram.com\/p\/CsCNwVLNB1_\/?utm_source=ig_web_copy_link&amp;igsh=MzRlODBiNWFlZA==\"><span style=\"font-weight: 400;\">https:\/\/www.instagram.com\/p\/CsCNwVLNB1_\/?utm_source=ig_web_copy_link&amp;igsh=MzRlODBiNWFlZA==<\/span><\/a><\/li>\n<li style=\"font-weight: 400;\" aria-level=\"1\"><a href=\"https:\/\/www.instagram.com\/p\/Ck1NyHTNoHT\/?utm_source=ig_web_copy_link&amp;igsh=MzRlODBiNWFlZA==\"><span style=\"font-weight: 400;\">https:\/\/www.instagram.com\/p\/Ck1NyHTNoHT\/?utm_source=ig_web_copy_link&amp;igsh=MzRlODBiNWFlZA==<\/span><\/a><\/li>\n<li style=\"font-weight: 400;\" aria-level=\"1\"><a href=\"https:\/\/www.instagram.com\/p\/CkzBXK6NDtd\/?utm_source=ig_web_copy_link&amp;igsh=MzRlODBiNWFlZA==\"><span style=\"font-weight: 400;\">https:\/\/www.instagram.com\/p\/CkzBXK6NDtd\/?utm_source=ig_web_copy_link&amp;igsh=MzRlODBiNWFlZA==<\/span><\/a><\/li>\n<li style=\"font-weight: 400;\" aria-level=\"1\"><a href=\"https:\/\/www.instagram.com\/p\/Ckwep0utDWu\/?utm_source=ig_web_copy_link&amp;igsh=MzRlODBiNWFlZA==\"><span style=\"font-weight: 400;\">https:\/\/www.instagram.com\/p\/Ckwep0utDWu\/?utm_source=ig_web_copy_link&amp;igsh=MzRlODBiNWFlZA==<\/span><\/a><\/li>\n<li style=\"font-weight: 400;\" aria-level=\"1\"><a href=\"https:\/\/www.instagram.com\/p\/CktzbqeNjjh\/?utm_source=ig_web_copy_link&amp;igsh=MzRlODBiNWFlZA==\"><span style=\"font-weight: 400;\">https:\/\/www.instagram.com\/p\/CktzbqeNjjh\/?utm_source=ig_web_copy_link&amp;igsh=MzRlODBiNWFlZA==<\/span><\/a><\/li>\n<li style=\"font-weight: 400;\" aria-level=\"1\"><a href=\"https:\/\/www.instagram.com\/p\/CkrR9vgtz18\/?utm_source=ig_web_copy_link&amp;igsh=MzRlODBiNWFlZA==\"><span style=\"font-weight: 400;\">https:\/\/www.instagram.com\/p\/CkrR9vgtz18\/?utm_source=ig_web_copy_link&amp;igsh=MzRlODBiNWFlZA==<\/span><\/a><\/li>\n<li style=\"font-weight: 400;\" aria-level=\"1\"><a href=\"https:\/\/www.instagram.com\/p\/Ckn4LeGNtID\/?utm_source=ig_web_copy_link&amp;igsh=MzRlODBiNWFlZA==\"><span style=\"font-weight: 400;\">https:\/\/www.instagram.com\/p\/Ckn4LeGNtID\/?utm_source=ig_web_copy_link&amp;igsh=MzRlODBiNWFlZA==<\/span><\/a><\/li>\n<li style=\"font-weight: 400;\" aria-level=\"1\"><a href=\"https:\/\/www.instagram.com\/p\/CidDi7eNq3-\/?utm_source=ig_web_copy_link&amp;igsh=MzRlODBiNWFlZA==\"><span style=\"font-weight: 400;\">https:\/\/www.instagram.com\/p\/CidDi7eNq3-\/?utm_source=ig_web_copy_link&amp;igsh=MzRlODBiNWFlZA==<\/span><\/a><\/li>\n<\/ul>\n","protected":false},"excerpt":{"rendered":"<p>\t\t\t\t\t\tleaflet 1\t\t\t\t\t\t\t\t\t\t\t<\/p>\n<p>\t\t\t\t\t\tleaflet 2\t\t\t\t\t\t\t\t\t\t\t<\/p>\n<ul>\n<li class=\"slideshow_togglePlay\" data-play-text=\"Visualitza\" data-pause-text=\"Pausa\"><\/li>\n<\/ul>\n<p>ERASMUS+ PROJECT<br \/>\nL.A.N.D.L.A.B<br \/>\n2022-1-IT02-KA210-SCH-000082763<\/p>\n<p>Learning About Nature Discloses Landscapes And Biodiversity<\/p>\n<p>Projecte Erasmus+ L.A.N.D.L.A.B. : Una Experi\u00e8ncia d&#8217;Aprenentatge, Sostenibilitat i Multiling\u00fcisme<br \/>\nEls cursos 2022-23 i 2023-24, el nostre institut ha participat en un projecte Erasmus+ centrat en la sostenibilitat, col\u00b7laborant amb estudiants i professors&hellip;  <a href=\"https:\/\/agora.xtec.cat\/insponts\/projecte-educatiu\/\" title=\"Read Erasmus +\">Llegeix m\u00e9s\u00bb<\/a><\/p>\n","protected":false},"author":1,"featured_media":0,"parent":0,"menu_order":0,"comment_status":"closed","ping_status":"closed","template":"page-templates\/side-menu.php","meta":{"_bbp_topic_count":0,"_bbp_reply_count":0,"_bbp_total_topic_count":0,"_bbp_total_reply_count":0,"_bbp_voice_count":0,"_bbp_anonymous_reply_count":0,"_bbp_topic_count_hidden":0,"_bbp_reply_count_hidden":0,"_bbp_forum_subforum_count":0,"footnotes":""},"class_list":["post-57","page","type-page","status-publish","hentry"],"post_mailing_queue_ids":[],"_links":{"self":[{"href":"https:\/\/agora.xtec.cat\/insponts\/wp-json\/wp\/v2\/pages\/57","targetHints":{"allow":["GET"]}}],"collection":[{"href":"https:\/\/agora.xtec.cat\/insponts\/wp-json\/wp\/v2\/pages"}],"about":[{"href":"https:\/\/agora.xtec.cat\/insponts\/wp-json\/wp\/v2\/types\/page"}],"author":[{"embeddable":true,"href":"https:\/\/agora.xtec.cat\/insponts\/wp-json\/wp\/v2\/users\/1"}],"replies":[{"embeddable":true,"href":"https:\/\/agora.xtec.cat\/insponts\/wp-json\/wp\/v2\/comments?post=57"}],"version-history":[{"count":6,"href":"https:\/\/agora.xtec.cat\/insponts\/wp-json\/wp\/v2\/pages\/57\/revisions"}],"predecessor-version":[{"id":4059,"href":"https:\/\/agora.xtec.cat\/insponts\/wp-json\/wp\/v2\/pages\/57\/revisions\/4059"}],"wp:attachment":[{"href":"https:\/\/agora.xtec.cat\/insponts\/wp-json\/wp\/v2\/media?parent=57"}],"curies":[{"name":"wp","href":"https:\/\/api.w.org\/{rel}","templated":true}]}}